{"id":2371,"date":"2025-03-09T12:55:07","date_gmt":"2025-03-09T12:55:07","guid":{"rendered":"https:\/\/artstella-elixirs-floraux.com\/product\/full-moon-reflexion\/"},"modified":"2025-09-15T15:23:53","modified_gmt":"2025-09-15T15:23:53","slug":"full-moon-reflexion","status":"publish","type":"product","link":"https:\/\/artstella-elixirs-floraux.com\/fr_fr\/produit\/full-moon-reflexion\/","title":{"rendered":"FULL MOON REFLEXION &#8211; R\u00e9flexion de pleine lune"},"content":{"rendered":"<p><span style=\"color: #008000;\"> <strong><em>FULL MOON REFLEXION<\/em><\/strong> <\/span><\/p>\n<p>Il p\u00e9n\u00e8tre profond\u00e9ment le subconscient pour faire ressortir, ce qui est irr\u00e9solu, sous la surface. Permet que notre ombre soit \u00e9clair\u00e9e par la lumi\u00e8re de la conscience \u00e9veill\u00e9e.<\/p>\n","protected":false},"excerpt":{"rendered":"<p><strong><span style=\"color: #008080;\">\u00a0FULL MONN REFLEXION. REFLEXION DE PLEIN LUNE<\/span><\/strong><\/p>\n<p>Cet \u00e9lixir fut r\u00e9alis\u00e9 lors d&rsquo;une nuit de pleine lune, froide et claire, dans un canyon dominant la Baie de Kachemak. C&rsquo;est l&rsquo;\u00e9lixir de la lumi\u00e8re refl\u00e9t\u00e9e &#8211; la lumi\u00e8re du soleil refl\u00e9t\u00e9e par la lune sur les eaux de la baie du Kachemak dans le canyon enneig\u00e9.<\/p>\n","protected":false},"featured_media":11515,"template":"","meta":[],"product_brand":[],"product_cat":[120],"product_tag":[],"class_list":{"0":"post-2371","1":"product","2":"type-product","3":"status-publish","4":"has-post-thumbnail","6":"product_cat-les-elixirs-nouveaux-environnementaux","8":"first","9":"instock","10":"taxable","11":"shipping-taxable","12":"purchasable","13":"product-type-variable"},"etheme_brands":{"errors":{"invalid_taxonomy":["Taxonomie non valide."]},"error_data":[]},"jetpack_sharing_enabled":true,"jetpack-related-posts":[{"id":3623,"url":"https:\/\/artstella-elixirs-floraux.com\/fr_fr\/produit\/enfant-de-la-lune-ltoe-15-ml\/","url_meta":{"origin":2371,"position":0},"title":"Enfant de la Lune LTOE 15 ml","author":"eveapprill","date":"9 mars 2025","format":false,"excerpt":"Moon Child \/ Enfant de la Lune Poss\u00e8de une affinit\u00e9 avec l\u2019\u00e9nergie de la r\u00e9gion pelvienne et aide \u00e0 lib\u00e9rer les blocages entravant l\u2019\u00e9volution \u00e9motionnelle. Durant la gestation, nous recevons toutes sortes d\u2019empreintes plus ou moins subtiles.","rel":"","context":"Article similaire","block_context":{"text":"Article similaire","link":""},"img":{"alt_text":"Enfant de la Lune LTOE 15 ml","src":"https:\/\/i0.wp.com\/artstella-elixirs-floraux.com\/wp-content\/uploads\/2025\/03\/ef27ae0b-ec83-4986-8926-fba89587d513.jpg?resize=350%2C200&ssl=1","width":350,"height":200,"srcset":"https:\/\/i0.wp.com\/artstella-elixirs-floraux.com\/wp-content\/uploads\/2025\/03\/ef27ae0b-ec83-4986-8926-fba89587d513.jpg?resize=350%2C200&ssl=1 1x, https:\/\/i0.wp.com\/artstella-elixirs-floraux.com\/wp-content\/uploads\/2025\/03\/ef27ae0b-ec83-4986-8926-fba89587d513.jpg?resize=525%2C300&ssl=1 1.5x, https:\/\/i0.wp.com\/artstella-elixirs-floraux.com\/wp-content\/uploads\/2025\/03\/ef27ae0b-ec83-4986-8926-fba89587d513.jpg?resize=700%2C400&ssl=1 2x"},"classes":[]},{"id":3560,"url":"https:\/\/artstella-elixirs-floraux.com\/fr_fr\/produit\/10-clear-mind-ltoe-15-ml\/","url_meta":{"origin":2371,"position":1},"title":"10. CLEAR MIND LTOE 15 ML","author":"eveapprill","date":"9 mars 2025","format":false,"excerpt":"Esprit serein\/Clear Mind (Aeranthes grandiflora - Madagascar) aigue-marineCet \u00e9lixir apaise le mental et \u00e9claircit l\u2019esprit afin d\u2019aider la r\u00e9flexion et d\u2019amener de nouvelles perspectives.","rel":"","context":"Article similaire","block_context":{"text":"Article similaire","link":""},"img":{"alt_text":"","src":"https:\/\/i0.wp.com\/artstella-elixirs-floraux.com\/wp-content\/uploads\/2025\/03\/ae08dff2-4160-4921-bb08-c5043b1ae455.jpg?resize=350%2C200&ssl=1","width":350,"height":200,"srcset":"https:\/\/i0.wp.com\/artstella-elixirs-floraux.com\/wp-content\/uploads\/2025\/03\/ae08dff2-4160-4921-bb08-c5043b1ae455.jpg?resize=350%2C200&ssl=1 1x, https:\/\/i0.wp.com\/artstella-elixirs-floraux.com\/wp-content\/uploads\/2025\/03\/ae08dff2-4160-4921-bb08-c5043b1ae455.jpg?resize=525%2C300&ssl=1 1.5x, https:\/\/i0.wp.com\/artstella-elixirs-floraux.com\/wp-content\/uploads\/2025\/03\/ae08dff2-4160-4921-bb08-c5043b1ae455.jpg?resize=700%2C400&ssl=1 2x"},"classes":[]},{"id":3697,"url":"https:\/\/artstella-elixirs-floraux.com\/fr_fr\/produit\/75-wisdom-of-compassion-ltoe-15-ml\/","url_meta":{"origin":2371,"position":2},"title":"75. WISDOM OF COMPASSION LTOE 15 ML","author":"eveapprill","date":"9 mars 2025","format":false,"excerpt":"Wisdom of Compassion\/ Sagesse et compassion il fut cr\u00e9\u00e9 un soir de pleine lune, je jour anniversaire de l\u2019illumination du Bouddha. L\u2019orchid\u00e9e a demand\u00e9 doucement, mais clairement, qu\u2019on en fasse un \u00e9lixir afin de partager son message de compassion envers tous.","rel":"","context":"Article similaire","block_context":{"text":"Article similaire","link":""},"img":{"alt_text":"","src":"https:\/\/i0.wp.com\/artstella-elixirs-floraux.com\/wp-content\/uploads\/2025\/03\/cb85053d-2957-46e4-aff2-8c69846c56ad.jpg?resize=350%2C200&ssl=1","width":350,"height":200,"srcset":"https:\/\/i0.wp.com\/artstella-elixirs-floraux.com\/wp-content\/uploads\/2025\/03\/cb85053d-2957-46e4-aff2-8c69846c56ad.jpg?resize=350%2C200&ssl=1 1x, https:\/\/i0.wp.com\/artstella-elixirs-floraux.com\/wp-content\/uploads\/2025\/03\/cb85053d-2957-46e4-aff2-8c69846c56ad.jpg?resize=525%2C300&ssl=1 1.5x, https:\/\/i0.wp.com\/artstella-elixirs-floraux.com\/wp-content\/uploads\/2025\/03\/cb85053d-2957-46e4-aff2-8c69846c56ad.jpg?resize=700%2C400&ssl=1 2x"},"classes":[]},{"id":5520,"url":"https:\/\/artstella-elixirs-floraux.com\/fr_fr\/produit\/meduse-lune\/","url_meta":{"origin":2371,"position":3},"title":"MEDUSE LUNE","author":"eveapprill","date":"9 mars 2025","format":false,"excerpt":"MEDUSE LUNE-\u00a0Qualle (Aurelia aurita) Cet \u00e9lixir poss\u00e8de une action \u00e9quilibrante sur la teneur en eau du corps. Il nous aide \u00e0 trouver un \u00e9quilibre int\u00e9rieur fluide...","rel":"","context":"Article similaire","block_context":{"text":"Article similaire","link":""},"img":{"alt_text":"","src":"https:\/\/i0.wp.com\/artstella-elixirs-floraux.com\/wp-content\/uploads\/2025\/03\/wp-image1755.png?resize=350%2C200&ssl=1","width":350,"height":200},"classes":[]},{"id":5984,"url":"https:\/\/artstella-elixirs-floraux.com\/fr_fr\/produit\/vesta-creciente-papillon-lune-15ml\/","url_meta":{"origin":2371,"position":4},"title":"VESTA CRECIENTE &#8211; PAPILLON LUNE 15ml","author":"eveapprill","date":"9 mars 2025","format":false,"excerpt":"39. VESTA CRECIENTE\/ PAPILLON LUNE \u00a0Phyciodes vesta\u00a0\u00a0\u00a0 Retrouver son centre\u00a0 \u2013 Auto-valorisation \u00a0Cet \u00e9lixir est l\u00e0 pour nous aider \u00e0 nous centrer sur ce qui est r\u00e9ellement n\u00e9cessaire et nous permet de simplifier notre fa\u00e7on d\u2019agir, nous \u00e9loignant du brouhaha quotidien que nous avons fait n\u00f4tre.","rel":"","context":"Article similaire","block_context":{"text":"Article similaire","link":""},"img":{"alt_text":"","src":"","width":0,"height":0},"classes":[]},{"id":2941,"url":"https:\/\/artstella-elixirs-floraux.com\/fr_fr\/produit\/pierre-de-lune-15-ml-phi\/","url_meta":{"origin":2371,"position":5},"title":"PIERRE DE LUNE 15 ML PHI","author":"eveapprill","date":"9 mars 2025","format":false,"excerpt":"Pierre de lune (Mondstein) Stimule et favorise l'inspiration ainsi que le contact avec notre part f\u00e9minine. Il favorise la d\u00e9sintoxication sur tous les plans.","rel":"","context":"Article similaire","block_context":{"text":"Article similaire","link":""},"img":{"alt_text":"","src":"https:\/\/i0.wp.com\/artstella-elixirs-floraux.com\/wp-content\/uploads\/2025\/03\/wp-image300.png?resize=350%2C200&ssl=1","width":350,"height":200},"classes":[]}],"_links":{"self":[{"href":"https:\/\/artstella-elixirs-floraux.com\/fr_fr\/wp-json\/wp\/v2\/product\/2371","targetHints":{"allow":["GET"]}}],"collection":[{"href":"https:\/\/artstella-elixirs-floraux.com\/fr_fr\/wp-json\/wp\/v2\/product"}],"about":[{"href":"https:\/\/artstella-elixirs-floraux.com\/fr_fr\/wp-json\/wp\/v2\/types\/product"}],"version-history":[{"count":3,"href":"https:\/\/artstella-elixirs-floraux.com\/fr_fr\/wp-json\/wp\/v2\/product\/2371\/revisions"}],"predecessor-version":[{"id":11517,"href":"https:\/\/artstella-elixirs-floraux.com\/fr_fr\/wp-json\/wp\/v2\/product\/2371\/revisions\/11517"}],"wp:featuredmedia":[{"embeddable":true,"href":"https:\/\/artstella-elixirs-floraux.com\/fr_fr\/wp-json\/wp\/v2\/media\/11515"}],"wp:attachment":[{"href":"https:\/\/artstella-elixirs-floraux.com\/fr_fr\/wp-json\/wp\/v2\/media?parent=2371"}],"wp:term":[{"taxonomy":"product_brand","embeddable":true,"href":"https:\/\/artstella-elixirs-floraux.com\/fr_fr\/wp-json\/wp\/v2\/product_brand?post=2371"},{"taxonomy":"product_cat","embeddable":true,"href":"https:\/\/artstella-elixirs-floraux.com\/fr_fr\/wp-json\/wp\/v2\/product_cat?post=2371"},{"taxonomy":"product_tag","embeddable":true,"href":"https:\/\/artstella-elixirs-floraux.com\/fr_fr\/wp-json\/wp\/v2\/product_tag?post=2371"}],"curies":[{"name":"wp","href":"https:\/\/api.w.org\/{rel}","templated":true}]}}