{"id":2426,"date":"2025-03-09T12:56:06","date_gmt":"2025-03-09T12:56:06","guid":{"rendered":"https:\/\/artstella-elixirs-floraux.com\/product\/gigha-quarz\/"},"modified":"2025-09-15T15:03:59","modified_gmt":"2025-09-15T15:03:59","slug":"gigha-quarz","status":"publish","type":"product","link":"https:\/\/artstella-elixirs-floraux.com\/fr_fr\/produit\/gigha-quarz\/","title":{"rendered":"GIGHA QUARZ &#8211; Quartz de l&rsquo;Ile de Gigha"},"content":{"rendered":"<p><span style=\"color: #008000;\"> <strong>GIGHA QUARZ &#8211; Quartz de l&rsquo;Ile de Gigha<\/strong><\/span><\/p>\n<p>Cet \u00e9lixir incarne le parfait mariage des \u00e9l\u00e9ments. Ainsi, nous pouvons vivre notre vie de fa\u00e7on plus droite et authentique ce qui nous m\u00e8ne \u00e0 une meilleure expression de notre pouvoir et de notre cr\u00e9ativit\u00e9.<\/p>\n","protected":false},"excerpt":{"rendered":"<p><span style=\"color: #008080;\"> <strong>GIGHA QUARZ<\/strong><\/span><br \/>\nCette formation incarne une \u00e9nergie ancienne et sacr\u00e9e qui a le pouvoir d\u2019ancrer tr\u00e8s profond\u00e9ment notre enracinement et notre alignement. C\u2019est une cristallisation de lumi\u00e8re, d\u2019\u00e9nergie, de sagesse profonde, de connaissance des secrets ancestraux de la Terre.<\/p>\n","protected":false},"featured_media":11508,"template":"","meta":[],"product_brand":[],"product_cat":[120],"product_tag":[],"class_list":{"0":"post-2426","1":"product","2":"type-product","3":"status-publish","4":"has-post-thumbnail","6":"product_cat-les-elixirs-nouveaux-environnementaux","8":"first","9":"instock","10":"taxable","11":"shipping-taxable","12":"purchasable","13":"product-type-variable"},"etheme_brands":{"errors":{"invalid_taxonomy":["Taxonomie non valide."]},"error_data":[]},"jetpack_sharing_enabled":true,"jetpack-related-posts":[{"id":5093,"url":"https:\/\/artstella-elixirs-floraux.com\/fr_fr\/produit\/pink-quartz-rose-7-5-ml-alas-g-sup\/","url_meta":{"origin":2426,"position":0},"title":"PINK QUARTZ ROSE 7.5 ML ALAS G SUP","author":"eveapprill","date":"9 mars 2025","format":false,"excerpt":"Pink Quartz \u2013 Quartz Rose Indication : grande douleur \u00e9motionnelle\u00a0; angoisse et souffrance\u00a0; attachement \u00e0 la souffrance\u00a0; manque de compassion pour soi-m\u00eame et les autres\u00a0; comportement de victime\u00a0; se lamente par rapport \u00e0 des actions ou des \u00e9v\u00e9nements pass\u00e9s.","rel":"","context":"Article similaire","block_context":{"text":"Article similaire","link":""},"img":{"alt_text":"","src":"","width":0,"height":0},"classes":[]},{"id":5049,"url":"https:\/\/artstella-elixirs-floraux.com\/fr_fr\/produit\/black-tourmaline-master-q-7-5-ml\/","url_meta":{"origin":2426,"position":1},"title":"BLACK TOURMALINE MASTER Q 7.5 ML","author":"eveapprill","date":"9 mars 2025","format":false,"excerpt":"Black Tourmaline\/Master Quartz \u2013 Tourmaline noire \/quartz ma\u00eetre Indication flux d\u2019\u00e9nergie restreint dans certaines parties du corps\u00a0; haut niveau d\u2019\u00e9nergies toxiques dans les chakras\u00a0; incapacit\u00e9 \u00e0 int\u00e9grer l\u2019\u00e9nergie spirituelle avec la programmation de la survie.","rel":"","context":"Article similaire","block_context":{"text":"Article similaire","link":""},"img":{"alt_text":"","src":"https:\/\/i0.wp.com\/artstella-elixirs-floraux.com\/wp-content\/uploads\/2025\/03\/wp-image1400.png?resize=350%2C200&ssl=1","width":350,"height":200},"classes":[]},{"id":2572,"url":"https:\/\/artstella-elixirs-floraux.com\/fr_fr\/produit\/quartz-rose\/","url_meta":{"origin":2426,"position":2},"title":"QUARTZ ROSE","author":"eveapprill","date":"9 mars 2025","format":false,"excerpt":"Quartz rose Ouvre, adoucit et tranquillise le c\u0153ur ; nous aide \u00e0 nous connecter \u00e0 et \u00e0 nourrir notre enfant int\u00e9rieur ; harmonise les forces du c\u0153ur de fa\u00e7on \u00e0 pouvoir rester intime avec soi-m\u00eame et les autres.","rel":"","context":"Article similaire","block_context":{"text":"Article similaire","link":""},"img":{"alt_text":"","src":"","width":0,"height":0},"classes":[]},{"id":5100,"url":"https:\/\/artstella-elixirs-floraux.com\/fr_fr\/produit\/rose-smoky-quartz-gems-rech-7-5ml\/","url_meta":{"origin":2426,"position":3},"title":"ROSE SMOKY QUARTZ GEMS RECH 7.5ML","author":"eveapprill","date":"9 mars 2025","format":false,"excerpt":"Rose\/Smoky Quartz \u2013 Quartz rose-quartz fume Indication\u00a0: honte\u00a0; sentiments de culpabilit\u00e9\u00a0; difficult\u00e9s \u00e0 accepter des actions pass\u00e9es et leurs cons\u00e9quences\u00a0; connexion faible entre le chakra du c\u0153ur et la Terre.","rel":"","context":"Article similaire","block_context":{"text":"Article similaire","link":""},"img":{"alt_text":"","src":"https:\/\/i0.wp.com\/artstella-elixirs-floraux.com\/wp-content\/uploads\/2025\/03\/wp-image1416.png?resize=350%2C200&ssl=1","width":350,"height":200},"classes":[]},{"id":5108,"url":"https:\/\/artstella-elixirs-floraux.com\/fr_fr\/produit\/tourmalated-quartz-30-ml-gem-sup\/","url_meta":{"origin":2426,"position":4},"title":"TOURMALATED QUARTZ 30 ML GEM SUP","author":"eveapprill","date":"9 avril 2025","format":false,"excerpt":"Tourmalated Quartz \u2013 Quartz tourmaline Indications\u00a0: flux d\u2019\u00e9nergie congestionn\u00e9 ou d\u00e9s\u00e9quilibr\u00e9 entre les chakras et les corps subtils\u00a0; \u00e9nergie toxique dans l\u2019aura\u00a0; manque de circulation dans les chakras inf\u00e9rieurs d\u2019\u00e9nergies spirituelles","rel":"","context":"Article similaire","block_context":{"text":"Article similaire","link":""},"img":{"alt_text":"","src":"https:\/\/i0.wp.com\/artstella-elixirs-floraux.com\/wp-content\/uploads\/2025\/03\/wp-image1420.png?resize=350%2C200&ssl=1","width":350,"height":200},"classes":[]},{"id":5077,"url":"https:\/\/artstella-elixirs-floraux.com\/fr_fr\/produit\/green-tour-smoky-quartz-7-5m-g-sup\/","url_meta":{"origin":2426,"position":5},"title":"GREEN TOUR\/SMOKY QUARTZ 7.5M G SUP","author":"eveapprill","date":"9 mars 2025","format":false,"excerpt":"Green Tourmaline\/Smoky Quartz \u2013 Tourmaline verte\/quartz fum\u00e9 : Indication\u00a0: anxi\u00e9t\u00e9, tensions dans le corps, manque de synchronisation entre les diff\u00e9rentes parties du champ \u00e9nerg\u00e9tique et de la Terre\u00a0; difficult\u00e9 \u00e0 mener des activit\u00e9s coordonn\u00e9es apr\u00e8s un choc ou un bouleversement.","rel":"","context":"Article similaire","block_context":{"text":"Article similaire","link":""},"img":{"alt_text":"Les Elixirs de Gemmes en recherche","src":"https:\/\/i0.wp.com\/artstella-elixirs-floraux.com\/wp-content\/uploads\/2025\/03\/wp-image1410.png?resize=350%2C200&ssl=1","width":350,"height":200},"classes":[]}],"_links":{"self":[{"href":"https:\/\/artstella-elixirs-floraux.com\/fr_fr\/wp-json\/wp\/v2\/product\/2426","targetHints":{"allow":["GET"]}}],"collection":[{"href":"https:\/\/artstella-elixirs-floraux.com\/fr_fr\/wp-json\/wp\/v2\/product"}],"about":[{"href":"https:\/\/artstella-elixirs-floraux.com\/fr_fr\/wp-json\/wp\/v2\/types\/product"}],"version-history":[{"count":1,"href":"https:\/\/artstella-elixirs-floraux.com\/fr_fr\/wp-json\/wp\/v2\/product\/2426\/revisions"}],"predecessor-version":[{"id":11507,"href":"https:\/\/artstella-elixirs-floraux.com\/fr_fr\/wp-json\/wp\/v2\/product\/2426\/revisions\/11507"}],"wp:featuredmedia":[{"embeddable":true,"href":"https:\/\/artstella-elixirs-floraux.com\/fr_fr\/wp-json\/wp\/v2\/media\/11508"}],"wp:attachment":[{"href":"https:\/\/artstella-elixirs-floraux.com\/fr_fr\/wp-json\/wp\/v2\/media?parent=2426"}],"wp:term":[{"taxonomy":"product_brand","embeddable":true,"href":"https:\/\/artstella-elixirs-floraux.com\/fr_fr\/wp-json\/wp\/v2\/product_brand?post=2426"},{"taxonomy":"product_cat","embeddable":true,"href":"https:\/\/artstella-elixirs-floraux.com\/fr_fr\/wp-json\/wp\/v2\/product_cat?post=2426"},{"taxonomy":"product_tag","embeddable":true,"href":"https:\/\/artstella-elixirs-floraux.com\/fr_fr\/wp-json\/wp\/v2\/product_tag?post=2426"}],"curies":[{"name":"wp","href":"https:\/\/api.w.org\/{rel}","templated":true}]}}