{"id":2452,"date":"2025-03-09T12:56:31","date_gmt":"2025-03-09T12:56:31","guid":{"rendered":"https:\/\/artstella-elixirs-floraux.com\/product\/chrysoprase\/"},"modified":"2025-04-09T15:36:43","modified_gmt":"2025-04-09T15:36:43","slug":"chrysoprase","status":"publish","type":"product","link":"https:\/\/artstella-elixirs-floraux.com\/fr_fr\/produit\/chrysoprase\/","title":{"rendered":"CHRYSOPRASE"},"content":{"rendered":"","protected":false},"excerpt":{"rendered":"<p><strong><span style=\"color: #008000;\"><em>CHRYSOPRASE<\/em><\/span><\/strong><\/p>\n<p>Am\u00e8ne le c\u0153ur \u00e0 s\u2019unir harmonieusement avec la fr\u00e9quence de l\u2019\u00e9nergie verte de la plan\u00e8te ; synchronise les corps subtils avec l\u2019\u00e9nergie du c\u0153ur de la Terre ; nous aide \u00e0 accepter la Terre comme notre maison<\/p>\n","protected":false},"featured_media":2453,"template":"","meta":[],"product_brand":[],"product_cat":[116],"product_tag":[],"class_list":{"0":"post-2452","1":"product","2":"type-product","3":"status-publish","4":"has-post-thumbnail","6":"product_cat-les-elixirs-de-gemmes","8":"first","9":"instock","10":"taxable","11":"shipping-taxable","12":"purchasable","13":"product-type-variable"},"etheme_brands":{"errors":{"invalid_taxonomy":["Taxonomie non valide."]},"error_data":[]},"jetpack_sharing_enabled":true,"jetpack-related-posts":[{"id":5100,"url":"https:\/\/artstella-elixirs-floraux.com\/fr_fr\/produit\/rose-smoky-quartz-gems-rech-7-5ml\/","url_meta":{"origin":2452,"position":0},"title":"ROSE SMOKY QUARTZ GEMS RECH 7.5ML","author":"eveapprill","date":"9 mars 2025","format":false,"excerpt":"Rose\/Smoky Quartz \u2013 Quartz rose-quartz fume Indication\u00a0: honte\u00a0; sentiments de culpabilit\u00e9\u00a0; difficult\u00e9s \u00e0 accepter des actions pass\u00e9es et leurs cons\u00e9quences\u00a0; connexion faible entre le chakra du c\u0153ur et la Terre.","rel":"","context":"Article similaire","block_context":{"text":"Article similaire","link":""},"img":{"alt_text":"","src":"https:\/\/i0.wp.com\/artstella-elixirs-floraux.com\/wp-content\/uploads\/2025\/03\/wp-image1416.png?resize=350%2C200&ssl=1","width":350,"height":200},"classes":[]},{"id":2568,"url":"https:\/\/artstella-elixirs-floraux.com\/fr_fr\/produit\/rhodochrosite\/","url_meta":{"origin":2452,"position":1},"title":"RHODOCHROSITE","author":"eveapprill","date":"9 mars 2025","format":false,"excerpt":"Rhodochrosite Accro\u00eet l\u2019\u00e9nergie, \u00e9quilibre et stabilise le chakra du c\u0153ur et le corps physique ; apporte une \u00e9nergie terre nourrissante au niveau du c\u0153ur apr\u00e8s une exp\u00e9rience de gu\u00e9rison ou de transformation.","rel":"","context":"Article similaire","block_context":{"text":"Article similaire","link":""},"img":{"alt_text":"","src":"","width":0,"height":0},"classes":[]},{"id":5077,"url":"https:\/\/artstella-elixirs-floraux.com\/fr_fr\/produit\/green-tour-smoky-quartz-7-5m-g-sup\/","url_meta":{"origin":2452,"position":2},"title":"GREEN TOUR\/SMOKY QUARTZ 7.5M G SUP","author":"eveapprill","date":"9 mars 2025","format":false,"excerpt":"Green Tourmaline\/Smoky Quartz \u2013 Tourmaline verte\/quartz fum\u00e9 : Indication\u00a0: anxi\u00e9t\u00e9, tensions dans le corps, manque de synchronisation entre les diff\u00e9rentes parties du champ \u00e9nerg\u00e9tique et de la Terre\u00a0; difficult\u00e9 \u00e0 mener des activit\u00e9s coordonn\u00e9es apr\u00e8s un choc ou un bouleversement.","rel":"","context":"Article similaire","block_context":{"text":"Article similaire","link":""},"img":{"alt_text":"Les Elixirs de Gemmes en recherche","src":"https:\/\/i0.wp.com\/artstella-elixirs-floraux.com\/wp-content\/uploads\/2025\/03\/wp-image1410.png?resize=350%2C200&ssl=1","width":350,"height":200},"classes":[]},{"id":5073,"url":"https:\/\/artstella-elixirs-floraux.com\/fr_fr\/produit\/green-garnet-7-5ml-alas-gem-sup\/","url_meta":{"origin":2452,"position":3},"title":"GREEN GARNET 7.5ML ALAS GEM SUP","author":"eveapprill","date":"9 mars 2025","format":false,"excerpt":"Green Garnet \u2013 Grenat vert Indication : manque d\u2019enracinement\u00a0; d\u00e9connect\u00e9 de la Terre\u00a0; d\u00e9sorientation\u00a0; facilement d\u00e9pass\u00e9\u00a0; tendance \u00e0 \u00eatre trop en expansion et \u00e0 la dispersion\u00a0; difficult\u00e9 \u00e0 \u00eatre concentr\u00e9 sur l\u2019instant pr\u00e9sent","rel":"","context":"Article similaire","block_context":{"text":"Article similaire","link":""},"img":{"alt_text":"","src":"https:\/\/i0.wp.com\/artstella-elixirs-floraux.com\/wp-content\/uploads\/2025\/03\/wp-image1406.png?resize=350%2C200&ssl=1","width":350,"height":200},"classes":[]},{"id":5464,"url":"https:\/\/artstella-elixirs-floraux.com\/fr_fr\/produit\/escholzia-california-poppy-10ml\/","url_meta":{"origin":2452,"position":4},"title":"Escholzia &#8211; California poppy 10ML","author":"eveapprill","date":"9 mars 2025","format":false,"excerpt":"Escholzia \/ Eschscholzia california (california poppy) SLAAPMUTSJE Pour faire confiance \u00e0 notre ressenti et \u00e0 notre c\u0153ur.\u00a0 Apporte chaleur, confiance et paix au niveau du c\u0153ur. Pour d\u00e9passer les aspects superficiels et rechercher la sagesse int\u00e9rieure.","rel":"","context":"Article similaire","block_context":{"text":"Article similaire","link":""},"img":{"alt_text":"","src":"","width":0,"height":0},"classes":[]},{"id":3433,"url":"https:\/\/artstella-elixirs-floraux.com\/fr_fr\/produit\/trompette-de-la-m-champ-15ml-phi\/","url_meta":{"origin":2452,"position":5},"title":"TROMPETTE DE LA M. CHAMP 15ML PHI","author":"eveapprill","date":"9 mars 2025","format":false,"excerpt":"Trompette de la mort (Craterellus cornucopioides) Herbsttrompete \u00ab\u00a0La respiration d\u2019Had\u00e8s\u00a0\u00bb L\u2019\u00e9lixir permet d'int\u00e9grer les ombres, de se relier \u00e0 la terre et de se lib\u00e9rer des blocages. En reliant fortement \u00e0 la terre, il met en contact avec l'aspect physique, profond, sombre.","rel":"","context":"Article similaire","block_context":{"text":"Article similaire","link":""},"img":{"alt_text":"","src":"https:\/\/i0.wp.com\/artstella-elixirs-floraux.com\/wp-content\/uploads\/2025\/03\/wp-image318.png?resize=350%2C200&ssl=1","width":350,"height":200},"classes":[]}],"_links":{"self":[{"href":"https:\/\/artstella-elixirs-floraux.com\/fr_fr\/wp-json\/wp\/v2\/product\/2452","targetHints":{"allow":["GET"]}}],"collection":[{"href":"https:\/\/artstella-elixirs-floraux.com\/fr_fr\/wp-json\/wp\/v2\/product"}],"about":[{"href":"https:\/\/artstella-elixirs-floraux.com\/fr_fr\/wp-json\/wp\/v2\/types\/product"}],"version-history":[{"count":0,"href":"https:\/\/artstella-elixirs-floraux.com\/fr_fr\/wp-json\/wp\/v2\/product\/2452\/revisions"}],"wp:featuredmedia":[{"embeddable":true,"href":"https:\/\/artstella-elixirs-floraux.com\/fr_fr\/wp-json\/wp\/v2\/media\/2453"}],"wp:attachment":[{"href":"https:\/\/artstella-elixirs-floraux.com\/fr_fr\/wp-json\/wp\/v2\/media?parent=2452"}],"wp:term":[{"taxonomy":"product_brand","embeddable":true,"href":"https:\/\/artstella-elixirs-floraux.com\/fr_fr\/wp-json\/wp\/v2\/product_brand?post=2452"},{"taxonomy":"product_cat","embeddable":true,"href":"https:\/\/artstella-elixirs-floraux.com\/fr_fr\/wp-json\/wp\/v2\/product_cat?post=2452"},{"taxonomy":"product_tag","embeddable":true,"href":"https:\/\/artstella-elixirs-floraux.com\/fr_fr\/wp-json\/wp\/v2\/product_tag?post=2452"}],"curies":[{"name":"wp","href":"https:\/\/api.w.org\/{rel}","templated":true}]}}