{"id":2508,"date":"2025-03-09T12:57:25","date_gmt":"2025-03-09T12:57:25","guid":{"rendered":"https:\/\/artstella-elixirs-floraux.com\/product\/chrysocolle\/"},"modified":"2025-04-09T15:34:51","modified_gmt":"2025-04-09T15:34:51","slug":"chrysocolle","status":"publish","type":"product","link":"https:\/\/artstella-elixirs-floraux.com\/fr_fr\/produit\/chrysocolle\/","title":{"rendered":"CHRYSOCOLLE"},"content":{"rendered":"","protected":false},"excerpt":{"rendered":"<p><strong><em><span style=\"color: #008000;\">CHRYSOCOLLA. Chrysocolle<\/span> <\/em><\/strong><\/p>\n<p>Ouvre, adoucit et \u00e9largit la dimension int\u00e9rieure du chakra du c\u0153ur ; aide \u00e0 l\u00e2cher les tensions et les d\u00e9fenses dans le don et l\u2019accueil de l\u2019amour ; accro\u00eet la flexibilit\u00e9 du corps et de l\u2019esprit permettant \u00e0 la vibration d\u2019amour de circuler.<\/p>\n","protected":false},"featured_media":2509,"template":"","meta":[],"product_brand":[],"product_cat":[116],"product_tag":[],"class_list":{"0":"post-2508","1":"product","2":"type-product","3":"status-publish","4":"has-post-thumbnail","6":"product_cat-les-elixirs-de-gemmes","8":"first","9":"instock","10":"taxable","11":"shipping-taxable","12":"purchasable","13":"product-type-variable"},"etheme_brands":{"errors":{"invalid_taxonomy":["Taxonomie non valide."]},"error_data":[]},"jetpack_sharing_enabled":true,"jetpack-related-posts":[{"id":4412,"url":"https:\/\/artstella-elixirs-floraux.com\/fr_fr\/produit\/loving-child-lamour-enfantin\/","url_meta":{"origin":2508,"position":0},"title":"Loving Child &#8211; L&rsquo;amour enfantin WEAE 30ml","author":"eveapprill","date":"9 mars 2025","format":false,"excerpt":"Loving Child (l'amour enfantin) L'amour Enfantin est une ressource unique con\u00e7ue pour aider les enfants \u00e0 ressentir et \u00e0 exprimer l'amour dans tous les aspects de leur vie.","rel":"","context":"Article similaire","block_context":{"text":"Article similaire","link":""},"img":{"alt_text":"","src":"https:\/\/i0.wp.com\/artstella-elixirs-floraux.com\/wp-content\/uploads\/2025\/03\/092b058c-0517-4bc8-8049-d757b3d14f3e.webp?resize=350%2C200&ssl=1","width":350,"height":200,"srcset":"https:\/\/i0.wp.com\/artstella-elixirs-floraux.com\/wp-content\/uploads\/2025\/03\/092b058c-0517-4bc8-8049-d757b3d14f3e.webp?resize=350%2C200&ssl=1 1x, https:\/\/i0.wp.com\/artstella-elixirs-floraux.com\/wp-content\/uploads\/2025\/03\/092b058c-0517-4bc8-8049-d757b3d14f3e.webp?resize=525%2C300&ssl=1 1.5x, https:\/\/i0.wp.com\/artstella-elixirs-floraux.com\/wp-content\/uploads\/2025\/03\/092b058c-0517-4bc8-8049-d757b3d14f3e.webp?resize=700%2C400&ssl=1 2x"},"classes":[]},{"id":5578,"url":"https:\/\/artstella-elixirs-floraux.com\/fr_fr\/produit\/mutt-corniaud-amour-inconditionnel-30ml\/","url_meta":{"origin":2508,"position":1},"title":"Mutt (Corniaud) \/ amour inconditionnel 30ml","author":"eveapprill","date":"9 mars 2025","format":false,"excerpt":"Mutt (Corniaud) \/ amour inconditionnel Pour ouvrir le c\u0153ur et sentir et exprimer l\u2019amour inconditionnel. Encourage notre capacit\u00e9 d\u2019avoir plus d\u2019amour pour nous-m\u00eames et les autres. Nous aide \u00e0 exprimer l\u2019affection. Cultive notre capacit\u00e9 de vivre de notre c\u0153ur doux et tendre et de partager notre amour avec le monde\u2026","rel":"","context":"Article similaire","block_context":{"text":"Article similaire","link":""},"img":{"alt_text":"","src":"https:\/\/i0.wp.com\/artstella-elixirs-floraux.com\/wp-content\/uploads\/2025\/03\/a70f0032-e7e7-458b-8de5-e37cddbe602d.jpg?resize=350%2C200&ssl=1","width":350,"height":200,"srcset":"https:\/\/i0.wp.com\/artstella-elixirs-floraux.com\/wp-content\/uploads\/2025\/03\/a70f0032-e7e7-458b-8de5-e37cddbe602d.jpg?resize=350%2C200&ssl=1 1x, https:\/\/i0.wp.com\/artstella-elixirs-floraux.com\/wp-content\/uploads\/2025\/03\/a70f0032-e7e7-458b-8de5-e37cddbe602d.jpg?resize=525%2C300&ssl=1 1.5x, https:\/\/i0.wp.com\/artstella-elixirs-floraux.com\/wp-content\/uploads\/2025\/03\/a70f0032-e7e7-458b-8de5-e37cddbe602d.jpg?resize=700%2C400&ssl=1 2x"},"classes":[]},{"id":2186,"url":"https:\/\/artstella-elixirs-floraux.com\/fr_fr\/produit\/harebell-alaskan\/","url_meta":{"origin":2508,"position":2},"title":"Harebell Alaskan","author":"eveapprill","date":"9 mars 2025","format":false,"excerpt":"Harebell. Campanula lasiocarpa. Campanule Ne se sent pas aim\u00e9 et coup\u00e9 de la Source ; \u00e0 la recherche de l\u2019amour \u00e0 l'ext\u00e9rieur.","rel":"","context":"Article similaire","block_context":{"text":"Article similaire","link":""},"img":{"alt_text":"","src":"https:\/\/i0.wp.com\/artstella-elixirs-floraux.com\/wp-content\/uploads\/2025\/03\/wp-image542.png?resize=350%2C200&ssl=1","width":350,"height":200},"classes":[]},{"id":4146,"url":"https:\/\/artstella-elixirs-floraux.com\/fr_fr\/produit\/papilio-de-las-especias-sylfos-15ml\/","url_meta":{"origin":2508,"position":3},"title":"PAPILIO DE LAS ESPECIAS SYLFOS 15ML","author":"eveapprill","date":"9 mars 2025","format":false,"excerpt":"PAPILIO DE LAS ESPECIAS Papilio troilus Renouveau \u2013 Amour \u2013 Sexualit\u00e9 Amour \u00e9rotique et passion pour trouver votre partenaire. Renouveau de la vie amoureuse lorsque les choses se trouvent bloqu\u00e9es. Cet \u00e9lixir r\u00e9active le feu au sein d\u2019une relation amoureuse et cr\u00e9ative et efface l\u2019\u00e9loignement qu\u2019impose le temps. R\u00e9novation de\u2026","rel":"","context":"Article similaire","block_context":{"text":"Article similaire","link":""},"img":{"alt_text":"","src":"https:\/\/i0.wp.com\/artstella-elixirs-floraux.com\/wp-content\/uploads\/2025\/03\/1cdcbbd7-1b9c-4b5e-8f40-4daeedac09c5.jpg?resize=350%2C200&ssl=1","width":350,"height":200,"srcset":"https:\/\/i0.wp.com\/artstella-elixirs-floraux.com\/wp-content\/uploads\/2025\/03\/1cdcbbd7-1b9c-4b5e-8f40-4daeedac09c5.jpg?resize=350%2C200&ssl=1 1x, https:\/\/i0.wp.com\/artstella-elixirs-floraux.com\/wp-content\/uploads\/2025\/03\/1cdcbbd7-1b9c-4b5e-8f40-4daeedac09c5.jpg?resize=525%2C300&ssl=1 1.5x, https:\/\/i0.wp.com\/artstella-elixirs-floraux.com\/wp-content\/uploads\/2025\/03\/1cdcbbd7-1b9c-4b5e-8f40-4daeedac09c5.jpg?resize=700%2C400&ssl=1 2x"},"classes":[]},{"id":5978,"url":"https:\/\/artstella-elixirs-floraux.com\/fr_fr\/produit\/isis-10-ml-bush\/","url_meta":{"origin":2508,"position":4},"title":"ISIS 10 ML BUSH","author":"eveapprill","date":"9 mars 2025","format":false,"excerpt":"ISIS \u2022 Permet de ressentir la pr\u00e9sence, la protection et l\u2019amour du Divin F\u00e9minin. \u2022 Illumine nos zones d\u2019ombre o\u00f9 nous gardons nos douleurs et nos souffrances \u00e9motionnelles.","rel":"","context":"Article similaire","block_context":{"text":"Article similaire","link":""},"img":{"alt_text":"Les \u00e9lixirs \"Divine Presence\" du Bush australien","src":"https:\/\/i0.wp.com\/artstella-elixirs-floraux.com\/wp-content\/uploads\/2025\/03\/9f27a3de-c812-4d8c-b286-c7b3bc580552.jpg?resize=350%2C200&ssl=1","width":350,"height":200,"srcset":"https:\/\/i0.wp.com\/artstella-elixirs-floraux.com\/wp-content\/uploads\/2025\/03\/9f27a3de-c812-4d8c-b286-c7b3bc580552.jpg?resize=350%2C200&ssl=1 1x, https:\/\/i0.wp.com\/artstella-elixirs-floraux.com\/wp-content\/uploads\/2025\/03\/9f27a3de-c812-4d8c-b286-c7b3bc580552.jpg?resize=525%2C300&ssl=1 1.5x, https:\/\/i0.wp.com\/artstella-elixirs-floraux.com\/wp-content\/uploads\/2025\/03\/9f27a3de-c812-4d8c-b286-c7b3bc580552.jpg?resize=700%2C400&ssl=1 2x"},"classes":[]},{"id":3503,"url":"https:\/\/artstella-elixirs-floraux.com\/fr_fr\/produit\/love-beyond-love-15-ml-ltoe\/","url_meta":{"origin":2508,"position":5},"title":"LOVE BEYOND LOVE 15 ML LTOE","author":"eveapprill","date":"9 mars 2025","format":false,"excerpt":"Love beyond love\u00a0 \/ L'amour au-del\u00e0 de l'amour (Just me, Love\u2019s secret, Moon Child, Unconditional snuggles et White Beauty) Pour les enfants ou les adultes qui n\u2019ont pas \u00e9t\u00e9 aim\u00e9s pendant la grossesse et qui en souffrent.","rel":"","context":"Article similaire","block_context":{"text":"Article similaire","link":""},"img":{"alt_text":"","src":"https:\/\/i0.wp.com\/artstella-elixirs-floraux.com\/wp-content\/uploads\/2025\/03\/9261c17a-706e-4a8c-97df-eeda6dec5405.jpg?resize=350%2C200&ssl=1","width":350,"height":200,"srcset":"https:\/\/i0.wp.com\/artstella-elixirs-floraux.com\/wp-content\/uploads\/2025\/03\/9261c17a-706e-4a8c-97df-eeda6dec5405.jpg?resize=350%2C200&ssl=1 1x, https:\/\/i0.wp.com\/artstella-elixirs-floraux.com\/wp-content\/uploads\/2025\/03\/9261c17a-706e-4a8c-97df-eeda6dec5405.jpg?resize=525%2C300&ssl=1 1.5x, https:\/\/i0.wp.com\/artstella-elixirs-floraux.com\/wp-content\/uploads\/2025\/03\/9261c17a-706e-4a8c-97df-eeda6dec5405.jpg?resize=700%2C400&ssl=1 2x"},"classes":[]}],"_links":{"self":[{"href":"https:\/\/artstella-elixirs-floraux.com\/fr_fr\/wp-json\/wp\/v2\/product\/2508","targetHints":{"allow":["GET"]}}],"collection":[{"href":"https:\/\/artstella-elixirs-floraux.com\/fr_fr\/wp-json\/wp\/v2\/product"}],"about":[{"href":"https:\/\/artstella-elixirs-floraux.com\/fr_fr\/wp-json\/wp\/v2\/types\/product"}],"version-history":[{"count":0,"href":"https:\/\/artstella-elixirs-floraux.com\/fr_fr\/wp-json\/wp\/v2\/product\/2508\/revisions"}],"wp:featuredmedia":[{"embeddable":true,"href":"https:\/\/artstella-elixirs-floraux.com\/fr_fr\/wp-json\/wp\/v2\/media\/2509"}],"wp:attachment":[{"href":"https:\/\/artstella-elixirs-floraux.com\/fr_fr\/wp-json\/wp\/v2\/media?parent=2508"}],"wp:term":[{"taxonomy":"product_brand","embeddable":true,"href":"https:\/\/artstella-elixirs-floraux.com\/fr_fr\/wp-json\/wp\/v2\/product_brand?post=2508"},{"taxonomy":"product_cat","embeddable":true,"href":"https:\/\/artstella-elixirs-floraux.com\/fr_fr\/wp-json\/wp\/v2\/product_cat?post=2508"},{"taxonomy":"product_tag","embeddable":true,"href":"https:\/\/artstella-elixirs-floraux.com\/fr_fr\/wp-json\/wp\/v2\/product_tag?post=2508"}],"curies":[{"name":"wp","href":"https:\/\/api.w.org\/{rel}","templated":true}]}}