{"id":2560,"date":"2025-03-09T12:58:17","date_gmt":"2025-03-09T12:58:17","guid":{"rendered":"https:\/\/artstella-elixirs-floraux.com\/product\/peridot-alaska\/"},"modified":"2025-04-09T15:45:45","modified_gmt":"2025-04-09T15:45:45","slug":"peridot-alaska","status":"publish","type":"product","link":"https:\/\/artstella-elixirs-floraux.com\/fr_fr\/produit\/peridot-alaska\/","title":{"rendered":"PERIDOT ALASKA"},"content":{"rendered":"","protected":false},"excerpt":{"rendered":"<p><strong><em><span style=\"color: #008000;\">PERIDOT<\/span> <\/em><\/strong><\/p>\n<p>La pierre des nouveaux d\u00e9buts ; \u00e9quilibre les corps subtils pendant une p\u00e9riode de gestation de nouvelles id\u00e9es et projets cr\u00e9atifs ; permet d\u2019initier de nouveaux cycles d\u2019apprentissage et d\u2019exp\u00e9rimentation.<\/p>\n","protected":false},"featured_media":2561,"template":"","meta":[],"product_brand":[],"product_cat":[116],"product_tag":[],"class_list":{"0":"post-2560","1":"product","2":"type-product","3":"status-publish","4":"has-post-thumbnail","6":"product_cat-les-elixirs-de-gemmes","8":"first","9":"instock","10":"taxable","11":"shipping-taxable","12":"purchasable","13":"product-type-variable"},"etheme_brands":{"errors":{"invalid_taxonomy":["Taxonomie non valide."]},"error_data":[]},"jetpack_sharing_enabled":true,"jetpack-related-posts":[{"id":2625,"url":"https:\/\/artstella-elixirs-floraux.com\/fr_fr\/produit\/bauhinia-bush-15ml\/","url_meta":{"origin":2560,"position":0},"title":"BAUHINIA BUSH 15ml","author":"eveapprill","date":"9 mars 2025","format":false,"excerpt":"\u00a0BAUHINIA\u00a0 R\u00e9sistance face aux changements, rigidit\u00e9, m\u00e9contentement.\u00a0 Ouverture d\u2019esprit, accepter de nouveaux concepts et id\u00e9es. \u00a0","rel":"","context":"Article similaire","block_context":{"text":"Article similaire","link":""},"img":{"alt_text":"","src":"https:\/\/i0.wp.com\/artstella-elixirs-floraux.com\/wp-content\/uploads\/2025\/03\/wp-image242.png?resize=350%2C200&ssl=1","width":350,"height":200},"classes":[]},{"id":3448,"url":"https:\/\/artstella-elixirs-floraux.com\/fr_fr\/produit\/collybie-a-pied-vel-phi-15-ml\/","url_meta":{"origin":2560,"position":1},"title":"COLLYBIE A PIED VEL PHI 15 ML","author":"eveapprill","date":"9 mars 2025","format":false,"excerpt":"Collybie \u00e0 pied velout\u00e9 (Flammulina velutipes) (Samtfusstr\u00fcbling) L'\u00e9lixir procure la l\u00e9g\u00e8ret\u00e9 et fra\u00eecheur pour de nouveaux sch\u00e9mas de pens\u00e9e. Il aide \u00e0 l\u00e2cher des sch\u00e9mas anciens en amenant un vent nouveau, vivifiant, p\u00e9tillant.","rel":"","context":"Article similaire","block_context":{"text":"Article similaire","link":""},"img":{"alt_text":"","src":"https:\/\/i0.wp.com\/artstella-elixirs-floraux.com\/wp-content\/uploads\/2025\/03\/wp-image324.png?resize=350%2C200&ssl=1","width":350,"height":200},"classes":[]},{"id":5167,"url":"https:\/\/artstella-elixirs-floraux.com\/fr_fr\/produit\/sarcophyton-15-ml-phi\/","url_meta":{"origin":2560,"position":2},"title":"SARCOPHYTON 15 ML PHI","author":"eveapprill","date":"9 mars 2025","format":false,"excerpt":"Sarcophyton (Sarcophyton) Pilzf\u00f6rmige Lederkoralle Ce corail pousse sur un style et forme une colonie de cnidaires (famille des coraux, an\u00e9mones de mer...)\u00a0","rel":"","context":"Article similaire","block_context":{"text":"Article similaire","link":""},"img":{"alt_text":"","src":"","width":0,"height":0},"classes":[]},{"id":5241,"url":"https:\/\/artstella-elixirs-floraux.com\/fr_fr\/produit\/les-nouveaux-elixirs-floraux-par-a-korte\/","url_meta":{"origin":2560,"position":3},"title":"Les nouveaux \u00e9lixirs floraux par A. Korte","author":"eveapprill","date":"9 mars 2025","format":false,"excerpt":"Ce guide d\u2019utilisation est une mine d\u2019informations pour ceux qui veulent aller plus loin et mieux conna\u00eetre le travail d\u2019Andr\u00e9as Korte, mais aussi pour tous ceux qui connaissent d\u00e9j\u00e0 les \u00e9lixirs et souhaitent en savoir plus, notamment \u00e0 propos des fleurs classiques (fleurs de Bach) ou des fleurs sauvages que\u2026","rel":"","context":"Article similaire","block_context":{"text":"Article similaire","link":""},"img":{"alt_text":"","src":"https:\/\/i0.wp.com\/artstella-elixirs-floraux.com\/wp-content\/uploads\/2025\/03\/wp-image2372.png?resize=350%2C200&ssl=1","width":350,"height":200,"srcset":"https:\/\/i0.wp.com\/artstella-elixirs-floraux.com\/wp-content\/uploads\/2025\/03\/wp-image2372.png?resize=350%2C200&ssl=1 1x, https:\/\/i0.wp.com\/artstella-elixirs-floraux.com\/wp-content\/uploads\/2025\/03\/wp-image2372.png?resize=525%2C300&ssl=1 1.5x, https:\/\/i0.wp.com\/artstella-elixirs-floraux.com\/wp-content\/uploads\/2025\/03\/wp-image2372.png?resize=700%2C400&ssl=1 2x"},"classes":[]},{"id":6072,"url":"https:\/\/artstella-elixirs-floraux.com\/fr_fr\/produit\/coffret-elixirs-ocean-20-fl-15ml\/","url_meta":{"origin":2560,"position":4},"title":"COFFRET ELIXIRS OCEAN 20 FL 15ML","author":"eveapprill","date":"9 mars 2025","format":false,"excerpt":"COFFRET ELIXIRS OCEAN contient les 21 flacons de 15ML des nouveaux \u00e9lixirs \"Oc\u00e9an\" Ces nouveaux \u00e9lixirs proviennent des \u00eatres vivants des profondeurs. Ils cherchent les blocages dans les profondeurs de l\u2019inconscient cellulaire pour les mettre \u00e0 la lumi\u00e8re et en favoriser la transformation.","rel":"","context":"Article similaire","block_context":{"text":"Article similaire","link":""},"img":{"alt_text":"","src":"https:\/\/i0.wp.com\/artstella-elixirs-floraux.com\/wp-content\/uploads\/2025\/03\/wp-image2060.png?resize=350%2C200&ssl=1","width":350,"height":200,"srcset":"https:\/\/i0.wp.com\/artstella-elixirs-floraux.com\/wp-content\/uploads\/2025\/03\/wp-image2060.png?resize=350%2C200&ssl=1 1x, https:\/\/i0.wp.com\/artstella-elixirs-floraux.com\/wp-content\/uploads\/2025\/03\/wp-image2060.png?resize=525%2C300&ssl=1 1.5x, https:\/\/i0.wp.com\/artstella-elixirs-floraux.com\/wp-content\/uploads\/2025\/03\/wp-image2060.png?resize=700%2C400&ssl=1 2x"},"classes":[]},{"id":4101,"url":"https:\/\/artstella-elixirs-floraux.com\/fr_fr\/produit\/serpiente-serpent-transmutation-15ml\/","url_meta":{"origin":2560,"position":5},"title":"SERPIENTE \/ SERPENT Transmutation 15ML","author":"eveapprill","date":"9 mars 2025","format":false,"excerpt":"SERPIENTE \/ SERPENT Transmutation \u2013 Force de Vie \u2013 R\u00e9g\u00e9n\u00e9ration. Le Serpent accompagne les mues r\u00e9guli\u00e8res n\u00e9cessaires, mais aussi les grandes transformations qui impliquent de laisser le \u00ab\u00a0vieux\u00a0\u00bb pour acc\u00e9der au \u00ab\u00a0nouveau\u00a0\u00bb.","rel":"","context":"Article similaire","block_context":{"text":"Article similaire","link":""},"img":{"alt_text":"","src":"","width":0,"height":0},"classes":[]}],"_links":{"self":[{"href":"https:\/\/artstella-elixirs-floraux.com\/fr_fr\/wp-json\/wp\/v2\/product\/2560","targetHints":{"allow":["GET"]}}],"collection":[{"href":"https:\/\/artstella-elixirs-floraux.com\/fr_fr\/wp-json\/wp\/v2\/product"}],"about":[{"href":"https:\/\/artstella-elixirs-floraux.com\/fr_fr\/wp-json\/wp\/v2\/types\/product"}],"version-history":[{"count":0,"href":"https:\/\/artstella-elixirs-floraux.com\/fr_fr\/wp-json\/wp\/v2\/product\/2560\/revisions"}],"wp:featuredmedia":[{"embeddable":true,"href":"https:\/\/artstella-elixirs-floraux.com\/fr_fr\/wp-json\/wp\/v2\/media\/2561"}],"wp:attachment":[{"href":"https:\/\/artstella-elixirs-floraux.com\/fr_fr\/wp-json\/wp\/v2\/media?parent=2560"}],"wp:term":[{"taxonomy":"product_brand","embeddable":true,"href":"https:\/\/artstella-elixirs-floraux.com\/fr_fr\/wp-json\/wp\/v2\/product_brand?post=2560"},{"taxonomy":"product_cat","embeddable":true,"href":"https:\/\/artstella-elixirs-floraux.com\/fr_fr\/wp-json\/wp\/v2\/product_cat?post=2560"},{"taxonomy":"product_tag","embeddable":true,"href":"https:\/\/artstella-elixirs-floraux.com\/fr_fr\/wp-json\/wp\/v2\/product_tag?post=2560"}],"curies":[{"name":"wp","href":"https:\/\/api.w.org\/{rel}","templated":true}]}}