{"id":2605,"date":"2025-03-09T12:59:08","date_gmt":"2025-03-09T12:59:08","guid":{"rendered":"https:\/\/artstella-elixirs-floraux.com\/product\/topaz-alaska\/"},"modified":"2025-04-09T15:52:23","modified_gmt":"2025-04-09T15:52:23","slug":"topaz-alaska","status":"publish","type":"product","link":"https:\/\/artstella-elixirs-floraux.com\/fr_fr\/produit\/topaz-alaska\/","title":{"rendered":"TOPAZ ALASKA"},"content":{"rendered":"","protected":false},"excerpt":{"rendered":"<p><strong><em><span style=\"color: #008000;\">Topaze<\/span> <\/em><\/strong><\/p>\n<p>D\u00e9gage les blocages au niveau du plexus solaire ; nous aide \u00e0 puiser dans les sources appropri\u00e9es d\u2019\u00e9nergie universelle ; renforce la capacit\u00e9 \u00e0 agir de mani\u00e8re d\u00e9cisive \u00e0 partir d\u2019une perception claire de notre identit\u00e9.<\/p>\n","protected":false},"featured_media":2606,"template":"","meta":[],"product_brand":[],"product_cat":[116],"product_tag":[],"class_list":{"0":"post-2605","1":"product","2":"type-product","3":"status-publish","4":"has-post-thumbnail","6":"product_cat-les-elixirs-de-gemmes","8":"first","9":"instock","10":"taxable","11":"shipping-taxable","12":"purchasable","13":"product-type-variable"},"etheme_brands":{"errors":{"invalid_taxonomy":["Taxonomie non valide."]},"error_data":[]},"jetpack_sharing_enabled":true,"jetpack-related-posts":[{"id":3058,"url":"https:\/\/artstella-elixirs-floraux.com\/fr_fr\/produit\/topaze-bleue-phi-15-ml\/","url_meta":{"origin":2605,"position":0},"title":"TOPAZE BLEUE PHI 15 ML","author":"eveapprill","date":"9 mars 2025","format":false,"excerpt":"Topaze bleue (Topas) Favorise la cr\u00e9ativit\u00e9 et l'inspiration. Il apaise le mental et le clarifie, favorise l'effort spirituel et la tol\u00e9rance.","rel":"","context":"Article similaire","block_context":{"text":"Article similaire","link":""},"img":{"alt_text":"","src":"https:\/\/i0.wp.com\/artstella-elixirs-floraux.com\/wp-content\/uploads\/2025\/03\/wp-image651.png?resize=350%2C200&ssl=1","width":350,"height":200},"classes":[]},{"id":2961,"url":"https:\/\/artstella-elixirs-floraux.com\/fr_fr\/produit\/topaze-jaune-15-ml-phi\/","url_meta":{"origin":2605,"position":1},"title":"TOPAZE JAUNE 15 ML PHI","author":"eveapprill","date":"9 mars 2025","format":false,"excerpt":"Topaze jaune (Topas) Remplace la n\u00e9gativit\u00e9 par la joie et l'amour. Fait monter les sentiments du plexus solaire au troisi\u00e8me \u0153il. Facilite le contact avec notre sagesse int\u00e9rieure.","rel":"","context":"Article similaire","block_context":{"text":"Article similaire","link":""},"img":{"alt_text":"","src":"https:\/\/i0.wp.com\/artstella-elixirs-floraux.com\/wp-content\/uploads\/2025\/03\/wp-image307.png?resize=350%2C200&ssl=1","width":350,"height":200},"classes":[]},{"id":2689,"url":"https:\/\/artstella-elixirs-floraux.com\/fr_fr\/produit\/easy-learning-alaska\/","url_meta":{"origin":2605,"position":2},"title":"EASY LEARNING ALASKA","author":"eveapprill","date":"9 mars 2025","format":false,"excerpt":"Easy Learning\u00a0 (Apprendre facilement) existe en gouttes et en\u00a0 spray Contient : Blue Topaz. Bunchberry . Lapis Lazuli . Star Ruby . Stinging Nettle\u00a0. White Spruce. Facilite tous les aspects des processus d'apprentissage, autant pour les enfants que pour les adultes. Et ceci sur trois axes :","rel":"","context":"Article similaire","block_context":{"text":"Article similaire","link":""},"img":{"alt_text":"","src":"https:\/\/i0.wp.com\/artstella-elixirs-floraux.com\/wp-content\/uploads\/2025\/03\/95bf250c-1f74-4836-b456-57fd1dc1b7a8.jpg?resize=350%2C200&ssl=1","width":350,"height":200,"srcset":"https:\/\/i0.wp.com\/artstella-elixirs-floraux.com\/wp-content\/uploads\/2025\/03\/95bf250c-1f74-4836-b456-57fd1dc1b7a8.jpg?resize=350%2C200&ssl=1 1x, https:\/\/i0.wp.com\/artstella-elixirs-floraux.com\/wp-content\/uploads\/2025\/03\/95bf250c-1f74-4836-b456-57fd1dc1b7a8.jpg?resize=525%2C300&ssl=1 1.5x, https:\/\/i0.wp.com\/artstella-elixirs-floraux.com\/wp-content\/uploads\/2025\/03\/95bf250c-1f74-4836-b456-57fd1dc1b7a8.jpg?resize=700%2C400&ssl=1 2x"},"classes":[]},{"id":11338,"url":"https:\/\/artstella-elixirs-floraux.com\/fr_fr\/produit\/easy-learning-apprendre-facilement-spray-alaska\/","url_meta":{"origin":2605,"position":3},"title":"EASY LEARNING &#8211; Apprendre Facilement SPRAY ALASKA","author":"eveapprill","date":"31 ao\u00fbt 2025","format":false,"excerpt":"Easy Learning (Apprendre facilement) - \u00a0 Blue Topaz\u009f Bunchberry \u009f Lapis Lazuli \u009f Star Ruby Stinging Nettle \u009f White Spruce Easy Learning est un spray destin\u00e9 \u00e0 faciliter tous les aspects du processus d'apprentissage, tant pour les enfants que les adultes. Il am\u00e9liore la concentration, la capacit\u00e9 \u00e0 ne pas\u2026","rel":"","context":"Article similaire","block_context":{"text":"Article similaire","link":""},"img":{"alt_text":"","src":"https:\/\/i0.wp.com\/artstella-elixirs-floraux.com\/wp-content\/uploads\/2025\/08\/easy-learning.jpg?resize=350%2C200&ssl=1","width":350,"height":200},"classes":[]},{"id":4559,"url":"https:\/\/artstella-elixirs-floraux.com\/fr_fr\/produit\/coffret-pierres-sup-26fl15-ml-phi\/","url_meta":{"origin":2605,"position":4},"title":"COFFRET PIERRES SUP (26FL)15 ML PHI","author":"eveapprill","date":"9 mars 2025","format":false,"excerpt":"Contient 26 \u00e9lixirs de pierres pr\u00e9cieuses et de m\u00e9tal suppl\u00e9mentaires : Agathe, apatite, chrysob\u00e9ryl, opale de feu, fluorine, or, grenat, diamant de Herkimer, jaspe rouge, corail, cuivre, lapis-lazuli, magn\u00e9tite, malachite, moldavite, obsidienne, perle, platine, saphir bleu, argent, pierre de soleil, sugilite bleue, sugilite violette, oeil de tigre, topaze bleue, zircon.","rel":"","context":"Article similaire","block_context":{"text":"Article similaire","link":""},"img":{"alt_text":"","src":"","width":0,"height":0},"classes":[]},{"id":4542,"url":"https:\/\/artstella-elixirs-floraux.com\/fr_fr\/produit\/coffret-pierres-precieuses-15-ml\/","url_meta":{"origin":2605,"position":5},"title":"COFFRET PIERRES PRECIEUSES 15 ML","author":"eveapprill","date":"9 mars 2025","format":false,"excerpt":"\u00a0Les 20 \u00e9lixirs de pierres pr\u00e9cieuses Les pierres pr\u00e9cieuses sont un cadeau de la terre. Durant des millions d\u2019ann\u00e9es, elles se sont form\u00e9es en son sein jusqu\u2019\u00e0 ce que les hommes les d\u00e9couvrent et les mettent \u00e0 la lumi\u00e8re.","rel":"","context":"Article similaire","block_context":{"text":"Article similaire","link":""},"img":{"alt_text":"","src":"https:\/\/i0.wp.com\/artstella-elixirs-floraux.com\/wp-content\/uploads\/2025\/03\/wp-image1169.png?resize=350%2C200&ssl=1","width":350,"height":200,"srcset":"https:\/\/i0.wp.com\/artstella-elixirs-floraux.com\/wp-content\/uploads\/2025\/03\/wp-image1169.png?resize=350%2C200&ssl=1 1x, https:\/\/i0.wp.com\/artstella-elixirs-floraux.com\/wp-content\/uploads\/2025\/03\/wp-image1169.png?resize=525%2C300&ssl=1 1.5x, https:\/\/i0.wp.com\/artstella-elixirs-floraux.com\/wp-content\/uploads\/2025\/03\/wp-image1169.png?resize=700%2C400&ssl=1 2x"},"classes":[]}],"_links":{"self":[{"href":"https:\/\/artstella-elixirs-floraux.com\/fr_fr\/wp-json\/wp\/v2\/product\/2605","targetHints":{"allow":["GET"]}}],"collection":[{"href":"https:\/\/artstella-elixirs-floraux.com\/fr_fr\/wp-json\/wp\/v2\/product"}],"about":[{"href":"https:\/\/artstella-elixirs-floraux.com\/fr_fr\/wp-json\/wp\/v2\/types\/product"}],"version-history":[{"count":0,"href":"https:\/\/artstella-elixirs-floraux.com\/fr_fr\/wp-json\/wp\/v2\/product\/2605\/revisions"}],"wp:featuredmedia":[{"embeddable":true,"href":"https:\/\/artstella-elixirs-floraux.com\/fr_fr\/wp-json\/wp\/v2\/media\/2606"}],"wp:attachment":[{"href":"https:\/\/artstella-elixirs-floraux.com\/fr_fr\/wp-json\/wp\/v2\/media?parent=2605"}],"wp:term":[{"taxonomy":"product_brand","embeddable":true,"href":"https:\/\/artstella-elixirs-floraux.com\/fr_fr\/wp-json\/wp\/v2\/product_brand?post=2605"},{"taxonomy":"product_cat","embeddable":true,"href":"https:\/\/artstella-elixirs-floraux.com\/fr_fr\/wp-json\/wp\/v2\/product_cat?post=2605"},{"taxonomy":"product_tag","embeddable":true,"href":"https:\/\/artstella-elixirs-floraux.com\/fr_fr\/wp-json\/wp\/v2\/product_tag?post=2605"}],"curies":[{"name":"wp","href":"https:\/\/api.w.org\/{rel}","templated":true}]}}