{"id":2625,"date":"2025-03-09T12:59:24","date_gmt":"2025-03-09T12:59:24","guid":{"rendered":"https:\/\/artstella-elixirs-floraux.com\/product\/bauhinia-bush-15ml\/"},"modified":"2025-05-27T17:07:45","modified_gmt":"2025-05-27T17:07:45","slug":"bauhinia-bush-15ml","status":"publish","type":"product","link":"https:\/\/artstella-elixirs-floraux.com\/fr_fr\/produit\/bauhinia-bush-15ml\/","title":{"rendered":"BAUHINIA BUSH 15ml"},"content":{"rendered":"<p><strong><em>Bauhinia <\/em><\/strong><\/p>\n<p>R\u00e9sistance face aux changements, rigidit\u00e9, m\u00e9contentement.\u00a0 Ouverture d\u2019esprit, accepter de nouveaux concepts et id\u00e9es.<\/p>\n","protected":false},"excerpt":{"rendered":"<p><strong><em><span style=\"color: #008000;\">\u00a0BAUHINIA\u00a0<\/span> <\/em><\/strong><\/p>\n<p>R\u00e9sistance face aux changements, rigidit\u00e9, m\u00e9contentement.\u00a0 Ouverture d\u2019esprit, accepter de nouveaux concepts et id\u00e9es.<\/p>\n<p><strong><em>\u00a0<\/em><\/strong><\/p>\n","protected":false},"featured_media":2626,"template":"","meta":[],"product_brand":[],"product_cat":[107,83],"product_tag":[],"class_list":{"0":"post-2625","1":"product","2":"type-product","3":"status-publish","4":"has-post-thumbnail","6":"product_cat-les-elixirs-de-fleurs-du-bush-australien","7":"product_cat-bush-australien","9":"first","10":"instock","11":"taxable","12":"shipping-taxable","13":"purchasable","14":"product-type-simple"},"etheme_brands":{"errors":{"invalid_taxonomy":["Taxonomie non valide."]},"error_data":[]},"jetpack_sharing_enabled":true,"jetpack-related-posts":[{"id":5657,"url":"https:\/\/artstella-elixirs-floraux.com\/fr_fr\/produit\/camomille-15-ml-deva\/","url_meta":{"origin":2625,"position":0},"title":"Camomille 15 ml Deva","author":"eveapprill","date":"9 mars 2025","format":false,"excerpt":"Camomille Rel\u00e2chement, s\u00e9r\u00e9nit\u00e9, tranquillit\u00e9. Pour apaiser les temp\u00e9raments agit\u00e9s ou insatisfaits qui ont des difficult\u00e9s \u00e0 rel\u00e2cher leurs \u00e9motions. Elixir recommand\u00e9 aux enfants \u00e0 l\u2019humeur changeante, qui sont facilement m\u00e9contents, qui pleurent ou qui se vexent facilement. Favorise la d\u00e9tente au moment du coucher.","rel":"","context":"Article similaire","block_context":{"text":"Article similaire","link":""},"img":{"alt_text":"","src":"https:\/\/i0.wp.com\/artstella-elixirs-floraux.com\/wp-content\/uploads\/2025\/03\/wp-image2383.png?resize=350%2C200&ssl=1","width":350,"height":200},"classes":[]},{"id":4970,"url":"https:\/\/artstella-elixirs-floraux.com\/fr_fr\/produit\/potatoe-alaska-f-sup\/","url_meta":{"origin":2625,"position":1},"title":"POTATOE ALASKA F SUP","author":"eveapprill","date":"9 mars 2025","format":false,"excerpt":"Potato Solanum tuberosum Pomme de Terre Indications\u00a0: r\u00e9tention\u00a0; rigidit\u00e9\u00a0; manque de mobilit\u00e9\u00a0; personnalit\u00e9 dure et inflexible\u00a0; r\u00e9sistance \u00e0 l\u00e2cher le pass\u00e9.","rel":"","context":"Article similaire","block_context":{"text":"Article similaire","link":""},"img":{"alt_text":"","src":"","width":0,"height":0},"classes":[]},{"id":2414,"url":"https:\/\/artstella-elixirs-floraux.com\/fr_fr\/produit\/tidal-forces\/","url_meta":{"origin":2625,"position":2},"title":"TIDAL FORCES","author":"eveapprill","date":"9 mars 2025","format":false,"excerpt":"TIDAL FORCES. LA FORCE DE LA MAREE Un \u00e9lixir de rythme et d'\u00e9quilibre, de perte et de gain, permet notre adaptation aux flots rapides changeants de la vie. Nous aide \u00e0 l\u00e2cher l'ancien et \u00e0 recevoir le nouveau avec fluidit\u00e9.","rel":"","context":"Article similaire","block_context":{"text":"Article similaire","link":""},"img":{"alt_text":"","src":"https:\/\/i0.wp.com\/artstella-elixirs-floraux.com\/wp-content\/uploads\/2025\/03\/Tidal_Forces_1024x1024.jpg?resize=350%2C200&ssl=1","width":350,"height":200},"classes":[]},{"id":4088,"url":"https:\/\/artstella-elixirs-floraux.com\/fr_fr\/produit\/arbol-de-mariposa-fleur-sylfos-15ml\/","url_meta":{"origin":2625,"position":3},"title":"ARBOL DE MARIPOSA FLEUR SYLFOS 15ML","author":"eveapprill","date":"9 mars 2025","format":false,"excerpt":"ARBRE\u00a0 AUX PAPILLONS \/ ARBOL DE MARIPOSAS Butterfly-Bush\u00a0\u00a0\u00a0\u00a0Buddleja davidii Pour ceux qui ont besoin de faire un changement dans leur vie et qui reconnaissent avoir besoin d\u2019une aide spirituelle. Recommand\u00e9 pour les personnes qui n\u2019arrivent pas \u00e0 avancer \u00e0 cause de l\u2019orgueil ou qui r\u00e9agissent de fa\u00e7on n\u00e9gative face aux\u2026","rel":"","context":"Article similaire","block_context":{"text":"Article similaire","link":""},"img":{"alt_text":"","src":"","width":0,"height":0},"classes":[]},{"id":3993,"url":"https:\/\/artstella-elixirs-floraux.com\/fr_fr\/produit\/arbol-del-peru-poivre-15-ml-sylfos\/","url_meta":{"origin":2625,"position":4},"title":"ARBOL DEL PERU\/POIVRE D&rsquo;AMERIQUE SYLFOS","author":"eveapprill","date":"9 mars 2025","format":false,"excerpt":"ARBOL DEL PER\u00da Schinus molle Flexibilit\u00e9, communication. Favorise la communication sans pr\u00e9jug\u00e9s, \u00e0 partir de l\u2019ouverture du coeur.","rel":"","context":"Article similaire","block_context":{"text":"Article similaire","link":""},"img":{"alt_text":"","src":"https:\/\/i0.wp.com\/artstella-elixirs-floraux.com\/wp-content\/uploads\/2025\/03\/wp-image741.png?resize=350%2C200&ssl=1","width":350,"height":200},"classes":[]},{"id":4064,"url":"https:\/\/artstella-elixirs-floraux.com\/fr_fr\/produit\/quinoa-15-ml-sylfos\/","url_meta":{"origin":2625,"position":5},"title":"QUINOA SYLFOS","author":"eveapprill","date":"9 mars 2025","format":false,"excerpt":"QUINOA Chenopodium quinoa Ouverture du coeur, compassion. Favorise une ouverture du coeur profonde et sinc\u00e8re en d\u00e9veloppant l\u2019acceptation de soi et la compassion envers autrui.","rel":"","context":"Article similaire","block_context":{"text":"Article similaire","link":""},"img":{"alt_text":"","src":"","width":0,"height":0},"classes":[]}],"_links":{"self":[{"href":"https:\/\/artstella-elixirs-floraux.com\/fr_fr\/wp-json\/wp\/v2\/product\/2625","targetHints":{"allow":["GET"]}}],"collection":[{"href":"https:\/\/artstella-elixirs-floraux.com\/fr_fr\/wp-json\/wp\/v2\/product"}],"about":[{"href":"https:\/\/artstella-elixirs-floraux.com\/fr_fr\/wp-json\/wp\/v2\/types\/product"}],"version-history":[{"count":0,"href":"https:\/\/artstella-elixirs-floraux.com\/fr_fr\/wp-json\/wp\/v2\/product\/2625\/revisions"}],"wp:featuredmedia":[{"embeddable":true,"href":"https:\/\/artstella-elixirs-floraux.com\/fr_fr\/wp-json\/wp\/v2\/media\/2626"}],"wp:attachment":[{"href":"https:\/\/artstella-elixirs-floraux.com\/fr_fr\/wp-json\/wp\/v2\/media?parent=2625"}],"wp:term":[{"taxonomy":"product_brand","embeddable":true,"href":"https:\/\/artstella-elixirs-floraux.com\/fr_fr\/wp-json\/wp\/v2\/product_brand?post=2625"},{"taxonomy":"product_cat","embeddable":true,"href":"https:\/\/artstella-elixirs-floraux.com\/fr_fr\/wp-json\/wp\/v2\/product_cat?post=2625"},{"taxonomy":"product_tag","embeddable":true,"href":"https:\/\/artstella-elixirs-floraux.com\/fr_fr\/wp-json\/wp\/v2\/product_tag?post=2625"}],"curies":[{"name":"wp","href":"https:\/\/api.w.org\/{rel}","templated":true}]}}