{"id":2635,"date":"2025-03-09T12:59:35","date_gmt":"2025-03-09T12:59:35","guid":{"rendered":"https:\/\/artstella-elixirs-floraux.com\/product\/boronia-bush-15ml\/"},"modified":"2025-05-15T11:50:22","modified_gmt":"2025-05-15T11:50:22","slug":"boronia-bush-15ml","status":"publish","type":"product","link":"https:\/\/artstella-elixirs-floraux.com\/fr_fr\/produit\/boronia-bush-15ml\/","title":{"rendered":"BORONIA BUSH 15ml"},"content":{"rendered":"","protected":false},"excerpt":{"rendered":"<p><strong><em><span style=\"color:#008000\">BORONIA<\/span> <\/em><\/strong><\/p>\n<p>Pens\u00e9es obsessionnelles, se languir apr\u00e8s une rupture, chagrin d\u2019amour. Clart\u00e9 d\u2019esprit et de pens\u00e9e, s\u00e9r\u00e9nit\u00e9, visualisation cr\u00e9ative<\/p>\n","protected":false},"featured_media":2636,"template":"","meta":[],"product_brand":[],"product_cat":[107,83],"product_tag":[],"class_list":{"0":"post-2635","1":"product","2":"type-product","3":"status-publish","4":"has-post-thumbnail","6":"product_cat-les-elixirs-de-fleurs-du-bush-australien","7":"product_cat-bush-australien","9":"first","10":"instock","11":"taxable","12":"shipping-taxable","13":"purchasable","14":"product-type-simple"},"etheme_brands":{"errors":{"invalid_taxonomy":["Taxonomie non valide."]},"error_data":[]},"jetpack_sharing_enabled":true,"jetpack-related-posts":[{"id":5778,"url":"https:\/\/artstella-elixirs-floraux.com\/fr_fr\/produit\/pensee-10-ml-deva\/","url_meta":{"origin":2635,"position":0},"title":"Pens\u00e9e 10 ml DEVA","author":"eveapprill","date":"9 mars 2025","format":false,"excerpt":"Pens\u00e9e Force int\u00e9rieure, r\u00e9sistance. Pour ceux qui se sentent vuln\u00e9rables, qui manquent de force et qui sont sujets aux infections r\u00e9p\u00e9t\u00e9es.","rel":"","context":"Article similaire","block_context":{"text":"Article similaire","link":""},"img":{"alt_text":"","src":"https:\/\/i0.wp.com\/artstella-elixirs-floraux.com\/wp-content\/uploads\/2025\/03\/wp-image2441.png?resize=350%2C200&ssl=1","width":350,"height":200},"classes":[]},{"id":6064,"url":"https:\/\/artstella-elixirs-floraux.com\/fr_fr\/produit\/elixir-ocean-n18-phi-15ml\/","url_meta":{"origin":2635,"position":1},"title":"ELIXIR OCEAN N\u00b018 PHI 15ML","author":"eveapprill","date":"9 mars 2025","format":false,"excerpt":"L\u2019\u00e9lixir aide \u00e0 nettoyer le corps mental. Son action commence dans la zone de la t\u00eate, les pens\u00e9es peuvent s\u2019\u00e9claircir et \u00eatre trait\u00e9es avec plus de facilit\u00e9. La t\u00eate est libre, les pens\u00e9es claires et conscientes. Ensuite, cette lumi\u00e8re coule dans le corps.","rel":"","context":"Article similaire","block_context":{"text":"Article similaire","link":""},"img":{"alt_text":"","src":"","width":0,"height":0},"classes":[]},{"id":5176,"url":"https:\/\/artstella-elixirs-floraux.com\/fr_fr\/produit\/corail-arbuscule-15-ml-phi\/","url_meta":{"origin":2635,"position":2},"title":"CORAIL ARBUSCULE 15 ML PHI","author":"eveapprill","date":"9 mars 2025","format":false,"excerpt":"Corail arbuscule (Dendrophyllia sp.) Z\u00e4pfchenkoralle\u00a0 L\u2019\u00e9lixir agit sur des zones sombres du corps et des organes, en les transformant et soutenant les processus de nettoyage.\u00a0","rel":"","context":"Article similaire","block_context":{"text":"Article similaire","link":""},"img":{"alt_text":"","src":"","width":0,"height":0},"classes":[]},{"id":3260,"url":"https:\/\/artstella-elixirs-floraux.com\/fr_fr\/produit\/mais-15-ml-phi\/","url_meta":{"origin":2635,"position":3},"title":"MAIS 15 ML PHI","author":"eveapprill","date":"9 mars 2025","format":false,"excerpt":"Ma\u00efs (Zea Mays) (Mais) Il favorise notre lien au vivant et nous aide \u00e0 \u00eatre en harmonie avec les rythmes de la nature. Il relie la pens\u00e9e verticale \u00e0 la pens\u00e9e horizontale. Id\u00e9al pour les citadins qui ont besoin du contact avec la terre pour se recentrer.","rel":"","context":"Article similaire","block_context":{"text":"Article similaire","link":""},"img":{"alt_text":"","src":"https:\/\/i0.wp.com\/artstella-elixirs-floraux.com\/wp-content\/uploads\/2025\/03\/wp-image671.png?resize=350%2C200&ssl=1","width":350,"height":200},"classes":[]},{"id":4138,"url":"https:\/\/artstella-elixirs-floraux.com\/fr_fr\/produit\/duende-de-hielo-sylfos-15ml-pap\/","url_meta":{"origin":2635,"position":4},"title":"DUENDE DE HIELO SYLFOS 15ML PAP","author":"eveapprill","date":"9 mars 2025","format":false,"excerpt":"DUENDE DE HIELO Callophrys irus Protection Il s\u2019agit l\u00e0 d\u2019un \u00e9lixir majeur de protection, qui repousse les \u00e9nergies et les pens\u00e9es n\u00e9gatives que d\u2019autres personnes dirigent vers nous. Il r\u00e9unit ces pens\u00e9es comme le ferait un filet et les renvoie dans la lumi\u00e8re pour les transformer.","rel":"","context":"Article similaire","block_context":{"text":"Article similaire","link":""},"img":{"alt_text":"","src":"","width":0,"height":0},"classes":[]},{"id":5438,"url":"https:\/\/artstella-elixirs-floraux.com\/fr_fr\/produit\/knautie-champs-field-scabious-10ml\/","url_meta":{"origin":2635,"position":5},"title":"Knautie champs &#8211; Field Scabious 10ml","author":"eveapprill","date":"9 mars 2025","format":false,"excerpt":"Knautie \/ Knautia arvensis Field scabious Calme le mental et purifie les pens\u00e9es. Apporte transformation et sagesse, favorise la pens\u00e9e positive et aide \u00e0 mieux agir. Apporte une connexion avec les sph\u00e8res sup\u00e9rieurs et permet qu\u2019elles se refl\u00e8tent dans le milieu ambiant afin de recevoir chaleur et soutien des autres","rel":"","context":"Article similaire","block_context":{"text":"Article similaire","link":""},"img":{"alt_text":"","src":"","width":0,"height":0},"classes":[]}],"_links":{"self":[{"href":"https:\/\/artstella-elixirs-floraux.com\/fr_fr\/wp-json\/wp\/v2\/product\/2635","targetHints":{"allow":["GET"]}}],"collection":[{"href":"https:\/\/artstella-elixirs-floraux.com\/fr_fr\/wp-json\/wp\/v2\/product"}],"about":[{"href":"https:\/\/artstella-elixirs-floraux.com\/fr_fr\/wp-json\/wp\/v2\/types\/product"}],"version-history":[{"count":0,"href":"https:\/\/artstella-elixirs-floraux.com\/fr_fr\/wp-json\/wp\/v2\/product\/2635\/revisions"}],"wp:featuredmedia":[{"embeddable":true,"href":"https:\/\/artstella-elixirs-floraux.com\/fr_fr\/wp-json\/wp\/v2\/media\/2636"}],"wp:attachment":[{"href":"https:\/\/artstella-elixirs-floraux.com\/fr_fr\/wp-json\/wp\/v2\/media?parent=2635"}],"wp:term":[{"taxonomy":"product_brand","embeddable":true,"href":"https:\/\/artstella-elixirs-floraux.com\/fr_fr\/wp-json\/wp\/v2\/product_brand?post=2635"},{"taxonomy":"product_cat","embeddable":true,"href":"https:\/\/artstella-elixirs-floraux.com\/fr_fr\/wp-json\/wp\/v2\/product_cat?post=2635"},{"taxonomy":"product_tag","embeddable":true,"href":"https:\/\/artstella-elixirs-floraux.com\/fr_fr\/wp-json\/wp\/v2\/product_tag?post=2635"}],"curies":[{"name":"wp","href":"https:\/\/api.w.org\/{rel}","templated":true}]}}