{"id":2639,"date":"2025-03-09T12:59:38","date_gmt":"2025-03-09T12:59:38","guid":{"rendered":"https:\/\/artstella-elixirs-floraux.com\/product\/bush-iris-15ml\/"},"modified":"2025-05-15T11:50:21","modified_gmt":"2025-05-15T11:50:21","slug":"bush-iris-15ml","status":"publish","type":"product","link":"https:\/\/artstella-elixirs-floraux.com\/fr_fr\/produit\/bush-iris-15ml\/","title":{"rendered":"BUSH IRIS 15ml"},"content":{"rendered":"","protected":false},"excerpt":{"rendered":"<p><strong><em><span style=\"color:#008000\">BUSH IRIS<\/span><\/em><em><strong>\u00a0<\/strong> <\/em><\/strong><\/p>\n<p>Peur de la mort, mat\u00e9rialisme, ath\u00e9isme. Discernement spirituel, compr\u00e9hension au-del\u00e0 des choses mat\u00e9rielles et physiques.<\/p>\n","protected":false},"featured_media":2640,"template":"","meta":[],"product_brand":[],"product_cat":[107,83],"product_tag":[],"class_list":{"0":"post-2639","1":"product","2":"type-product","3":"status-publish","4":"has-post-thumbnail","6":"product_cat-les-elixirs-de-fleurs-du-bush-australien","7":"product_cat-bush-australien","9":"first","10":"instock","11":"taxable","12":"shipping-taxable","13":"purchasable","14":"product-type-simple"},"etheme_brands":{"errors":{"invalid_taxonomy":["Taxonomie non valide."]},"error_data":[]},"jetpack_sharing_enabled":true,"jetpack-related-posts":[{"id":2737,"url":"https:\/\/artstella-elixirs-floraux.com\/fr_fr\/produit\/purifying-purification-bush-30ml\/","url_meta":{"origin":2639,"position":0},"title":"PURIFYING Purification BUSH 30ml","author":"eveapprill","date":"9 mars 2025","format":false,"excerpt":"Purifying -\u00a0Purification Pour clarifier les r\u00e9sidus \u00e9motionnels accumul\u00e9s au fil du temps et se d\u00e9faire de ces ''bagages'' psychiques encombrants. Compos\u00e9 de Bauhinia Bush Iris, Bottlebrush, Dagger Hakea, Dog Rose, Wild Potato Bush.","rel":"","context":"Article similaire","block_context":{"text":"Article similaire","link":""},"img":{"alt_text":"","src":"https:\/\/i0.wp.com\/artstella-elixirs-floraux.com\/wp-content\/uploads\/2025\/03\/98f26060-c4ae-440e-839e-9e9fc7f90583.jpg?resize=350%2C200&ssl=1","width":350,"height":200,"srcset":"https:\/\/i0.wp.com\/artstella-elixirs-floraux.com\/wp-content\/uploads\/2025\/03\/98f26060-c4ae-440e-839e-9e9fc7f90583.jpg?resize=350%2C200&ssl=1 1x, https:\/\/i0.wp.com\/artstella-elixirs-floraux.com\/wp-content\/uploads\/2025\/03\/98f26060-c4ae-440e-839e-9e9fc7f90583.jpg?resize=525%2C300&ssl=1 1.5x, https:\/\/i0.wp.com\/artstella-elixirs-floraux.com\/wp-content\/uploads\/2025\/03\/98f26060-c4ae-440e-839e-9e9fc7f90583.jpg?resize=700%2C400&ssl=1 2x"},"classes":[]},{"id":2745,"url":"https:\/\/artstella-elixirs-floraux.com\/fr_fr\/produit\/transition-bush-30ml\/","url_meta":{"origin":2639,"position":1},"title":"TRANSITION BUSH 30ml","author":"eveapprill","date":"9 mars 2025","format":false,"excerpt":"Transition Att\u00e9nue la peur de la mort tout en aidant \u00e0 l'affronter. Permet de faire ce passage avec douceur, calme, dignit\u00e9, s\u00e9r\u00e9nit\u00e9. Sert \u00e0 toutes les transitions importantes de la vie. Compos\u00e9 de Bottlebrush, Bush Iris, Autumn leaves, Lichen, Mint Bush et de Bauhinia.","rel":"","context":"Article similaire","block_context":{"text":"Article similaire","link":""},"img":{"alt_text":"","src":"https:\/\/i0.wp.com\/artstella-elixirs-floraux.com\/wp-content\/uploads\/2025\/03\/6d9cbf5c-0d20-404c-805c-951ad9a102b1.jpg?resize=350%2C200&ssl=1","width":350,"height":200,"srcset":"https:\/\/i0.wp.com\/artstella-elixirs-floraux.com\/wp-content\/uploads\/2025\/03\/6d9cbf5c-0d20-404c-805c-951ad9a102b1.jpg?resize=350%2C200&ssl=1 1x, https:\/\/i0.wp.com\/artstella-elixirs-floraux.com\/wp-content\/uploads\/2025\/03\/6d9cbf5c-0d20-404c-805c-951ad9a102b1.jpg?resize=525%2C300&ssl=1 1.5x, https:\/\/i0.wp.com\/artstella-elixirs-floraux.com\/wp-content\/uploads\/2025\/03\/6d9cbf5c-0d20-404c-805c-951ad9a102b1.jpg?resize=700%2C400&ssl=1 2x"},"classes":[]},{"id":2735,"url":"https:\/\/artstella-elixirs-floraux.com\/fr_fr\/produit\/meditation-bush-30-ml\/","url_meta":{"origin":2639,"position":2},"title":"MEDITATION BUSH 30 ml","author":"eveapprill","date":"9 mars 2025","format":false,"excerpt":"Meditation Eveille la spiritualit\u00e9. Aide approfondir toute pratique spirituelle ou religieuse et favorise l'acc\u00e8s \u00e0 un autre niveau de conscience, tout en assurant une plus grande protection du Moi et la sauvegarde de l'aura. Fortement recommand\u00e9 \u00e0 tous ceux qui pratiquent la m\u00e9ditation.","rel":"","context":"Article similaire","block_context":{"text":"Article similaire","link":""},"img":{"alt_text":"","src":"https:\/\/i0.wp.com\/artstella-elixirs-floraux.com\/wp-content\/uploads\/2025\/03\/8213eb41-48ef-461b-ada2-bbd45136e611.jpg?resize=350%2C200&ssl=1","width":350,"height":200,"srcset":"https:\/\/i0.wp.com\/artstella-elixirs-floraux.com\/wp-content\/uploads\/2025\/03\/8213eb41-48ef-461b-ada2-bbd45136e611.jpg?resize=350%2C200&ssl=1 1x, https:\/\/i0.wp.com\/artstella-elixirs-floraux.com\/wp-content\/uploads\/2025\/03\/8213eb41-48ef-461b-ada2-bbd45136e611.jpg?resize=525%2C300&ssl=1 1.5x, https:\/\/i0.wp.com\/artstella-elixirs-floraux.com\/wp-content\/uploads\/2025\/03\/8213eb41-48ef-461b-ada2-bbd45136e611.jpg?resize=700%2C400&ssl=1 2x"},"classes":[]},{"id":2747,"url":"https:\/\/artstella-elixirs-floraux.com\/fr_fr\/produit\/travel-voyage-bush-30-ml\/","url_meta":{"origin":2639,"position":3},"title":"TRAVEL Voyage BUSH 30 ml","author":"eveapprill","date":"9 mars 2025","format":false,"excerpt":"Travel -\u00a0Voyage Recommand\u00e9 \u00e0 tous ceux qui partent en voyage et tout particuli\u00e8rement \u00e0 ceux qui voyagent en avion. Limite les effets du mal des transports (mer, air, fer, route).","rel":"","context":"Article similaire","block_context":{"text":"Article similaire","link":""},"img":{"alt_text":"","src":"https:\/\/i0.wp.com\/artstella-elixirs-floraux.com\/wp-content\/uploads\/2025\/03\/797b8093-234c-413f-994e-c16f863422b6.jpg?resize=350%2C200&ssl=1","width":350,"height":200,"srcset":"https:\/\/i0.wp.com\/artstella-elixirs-floraux.com\/wp-content\/uploads\/2025\/03\/797b8093-234c-413f-994e-c16f863422b6.jpg?resize=350%2C200&ssl=1 1x, https:\/\/i0.wp.com\/artstella-elixirs-floraux.com\/wp-content\/uploads\/2025\/03\/797b8093-234c-413f-994e-c16f863422b6.jpg?resize=525%2C300&ssl=1 1.5x, https:\/\/i0.wp.com\/artstella-elixirs-floraux.com\/wp-content\/uploads\/2025\/03\/797b8093-234c-413f-994e-c16f863422b6.jpg?resize=700%2C400&ssl=1 2x"},"classes":[]},{"id":6367,"url":"https:\/\/artstella-elixirs-floraux.com\/fr_fr\/produit\/2024-essence-bush-30ml\/","url_meta":{"origin":2639,"position":4},"title":"2024 Essence Bush 30ml","author":"eveapprill","date":"9 mars 2025","format":false,"excerpt":"Un compos\u00e9 sp\u00e9cialement \u00e9labor\u00e9 par Ian White pour faire face aux d\u00e9fis actuels! Normal 0 21 false false false FR X-NONE X-NONE \/* Style Definitions *\/ table.MsoNormalTable {mso-style-name:\"Tableau Normal\"; mso-tstyle-rowband-size:0; mso-tstyle-colband-size:0; mso-style-noshow:yes; mso-style-priority:99; mso-style-parent:\"\"; mso-padding-alt:0cm 5.4pt 0cm 5.4pt; mso-para-margin-top:0cm; mso-para-margin-right:0cm; mso-para-margin-bottom:8.0pt; mso-para-margin-left:0cm; line-height:107%; mso-pagination:widow-orphan; font-size:11.0pt; font-family:\"Calibri\",sans-serif; mso-ascii-font-family:Calibri; mso-ascii-theme-font:minor-latin; mso-hansi-font-family:Calibri; mso-hansi-theme-font:minor-latin;\u2026","rel":"","context":"Article similaire","block_context":{"text":"Article similaire","link":""},"img":{"alt_text":"","src":"https:\/\/i0.wp.com\/artstella-elixirs-floraux.com\/wp-content\/uploads\/2025\/03\/wp-image2373.png?resize=350%2C200&ssl=1","width":350,"height":200,"srcset":"https:\/\/i0.wp.com\/artstella-elixirs-floraux.com\/wp-content\/uploads\/2025\/03\/wp-image2373.png?resize=350%2C200&ssl=1 1x, https:\/\/i0.wp.com\/artstella-elixirs-floraux.com\/wp-content\/uploads\/2025\/03\/wp-image2373.png?resize=525%2C300&ssl=1 1.5x, https:\/\/i0.wp.com\/artstella-elixirs-floraux.com\/wp-content\/uploads\/2025\/03\/wp-image2373.png?resize=700%2C400&ssl=1 2x"},"classes":[]},{"id":2347,"url":"https:\/\/artstella-elixirs-floraux.com\/fr_fr\/produit\/wild-iris-alaskan\/","url_meta":{"origin":2639,"position":5},"title":"Wild iris Alaskan","author":"eveapprill","date":"9 mars 2025","format":false,"excerpt":"Wild iris. Iris setosa. Iris sauvage Ne croit pas en sa cr\u00e9ativit\u00e9 ; bloque l'expression cr\u00e9ative car ne veut pas la partager avec les autres, sensation d'\u00eatre d\u00e9connect\u00e9 de la source de cr\u00e9ativit\u00e9.","rel":"","context":"Article similaire","block_context":{"text":"Article similaire","link":""},"img":{"alt_text":"","src":"https:\/\/i0.wp.com\/artstella-elixirs-floraux.com\/wp-content\/uploads\/2025\/03\/wp-image600.png?resize=350%2C200&ssl=1","width":350,"height":200},"classes":[]}],"_links":{"self":[{"href":"https:\/\/artstella-elixirs-floraux.com\/fr_fr\/wp-json\/wp\/v2\/product\/2639","targetHints":{"allow":["GET"]}}],"collection":[{"href":"https:\/\/artstella-elixirs-floraux.com\/fr_fr\/wp-json\/wp\/v2\/product"}],"about":[{"href":"https:\/\/artstella-elixirs-floraux.com\/fr_fr\/wp-json\/wp\/v2\/types\/product"}],"version-history":[{"count":0,"href":"https:\/\/artstella-elixirs-floraux.com\/fr_fr\/wp-json\/wp\/v2\/product\/2639\/revisions"}],"wp:featuredmedia":[{"embeddable":true,"href":"https:\/\/artstella-elixirs-floraux.com\/fr_fr\/wp-json\/wp\/v2\/media\/2640"}],"wp:attachment":[{"href":"https:\/\/artstella-elixirs-floraux.com\/fr_fr\/wp-json\/wp\/v2\/media?parent=2639"}],"wp:term":[{"taxonomy":"product_brand","embeddable":true,"href":"https:\/\/artstella-elixirs-floraux.com\/fr_fr\/wp-json\/wp\/v2\/product_brand?post=2639"},{"taxonomy":"product_cat","embeddable":true,"href":"https:\/\/artstella-elixirs-floraux.com\/fr_fr\/wp-json\/wp\/v2\/product_cat?post=2639"},{"taxonomy":"product_tag","embeddable":true,"href":"https:\/\/artstella-elixirs-floraux.com\/fr_fr\/wp-json\/wp\/v2\/product_tag?post=2639"}],"curies":[{"name":"wp","href":"https:\/\/api.w.org\/{rel}","templated":true}]}}