{"id":2641,"date":"2025-03-09T12:59:40","date_gmt":"2025-03-09T12:59:40","guid":{"rendered":"https:\/\/artstella-elixirs-floraux.com\/product\/christmas-bell-bush-15ml\/"},"modified":"2025-05-15T11:50:21","modified_gmt":"2025-05-15T11:50:21","slug":"christmas-bell-bush-15ml","status":"publish","type":"product","link":"https:\/\/artstella-elixirs-floraux.com\/fr_fr\/produit\/christmas-bell-bush-15ml\/","title":{"rendered":"CHRISTMAS BELL BUSH 15ml"},"content":{"rendered":"","protected":false},"excerpt":{"rendered":"<p><strong><em><span style=\"color:#008000\">CHRISMAS BELL <\/span><br \/><\/em><\/strong><\/p>\n<p>Sentiment de manque. Manifestation de ses d\u00e9sirs.<\/p>\n","protected":false},"featured_media":2642,"template":"","meta":[],"product_brand":[],"product_cat":[107,83],"product_tag":[],"class_list":{"0":"post-2641","1":"product","2":"type-product","3":"status-publish","4":"has-post-thumbnail","6":"product_cat-les-elixirs-de-fleurs-du-bush-australien","7":"product_cat-bush-australien","9":"first","10":"instock","11":"taxable","12":"shipping-taxable","13":"purchasable","14":"product-type-simple"},"etheme_brands":{"errors":{"invalid_taxonomy":["Taxonomie non valide."]},"error_data":[]},"jetpack_sharing_enabled":true,"jetpack-related-posts":[{"id":2663,"url":"https:\/\/artstella-elixirs-floraux.com\/fr_fr\/produit\/abund-abondance-30-ml-bush\/","url_meta":{"origin":2641,"position":0},"title":"ABUND Abondance 30 ML BUSH","author":"eveapprill","date":"9 mars 2025","format":false,"excerpt":"Abund - Abondance Permet d'abandonner les croyances n\u00e9gatives, les mod\u00e8les et sch\u00e9mas familiaux. Lib\u00e8re de la tendance \u00e0 l'autodestruction et de la peur de manquer. Permet l'ouverture donnant acc\u00e8s aux richesses de tous les niveaux et pas seulement p\u00e9cuniaire. Compos\u00e9 de Bluebell, Boab, Five Corners, Philoteca, Southern Cross, Sunshine Wattle\u2026","rel":"","context":"Article similaire","block_context":{"text":"Article similaire","link":""},"img":{"alt_text":"","src":"https:\/\/i0.wp.com\/artstella-elixirs-floraux.com\/wp-content\/uploads\/2025\/03\/0c1366aa-b1b9-4d6f-88cd-f28788a5c7e3.jpg?resize=350%2C200&ssl=1","width":350,"height":200,"srcset":"https:\/\/i0.wp.com\/artstella-elixirs-floraux.com\/wp-content\/uploads\/2025\/03\/0c1366aa-b1b9-4d6f-88cd-f28788a5c7e3.jpg?resize=350%2C200&ssl=1 1x, https:\/\/i0.wp.com\/artstella-elixirs-floraux.com\/wp-content\/uploads\/2025\/03\/0c1366aa-b1b9-4d6f-88cd-f28788a5c7e3.jpg?resize=525%2C300&ssl=1 1.5x, https:\/\/i0.wp.com\/artstella-elixirs-floraux.com\/wp-content\/uploads\/2025\/03\/0c1366aa-b1b9-4d6f-88cd-f28788a5c7e3.jpg?resize=700%2C400&ssl=1 2x"},"classes":[]},{"id":2631,"url":"https:\/\/artstella-elixirs-floraux.com\/fr_fr\/produit\/bluebell-bush-15ml\/","url_meta":{"origin":2641,"position":1},"title":"BLUEBELL BUSH 15ml","author":"eveapprill","date":"9 mars 2025","format":false,"excerpt":"BLUEBELL\u00a0 Attitude ferm\u00e9e, peur de manquer, avarice. Ouverture de c\u0153ur, \u00eatre g\u00e9n\u00e9reux.","rel":"","context":"Article similaire","block_context":{"text":"Article similaire","link":""},"img":{"alt_text":"","src":"https:\/\/i0.wp.com\/artstella-elixirs-floraux.com\/wp-content\/uploads\/2025\/03\/wp-image245.png?resize=350%2C200&ssl=1","width":350,"height":200},"classes":[]},{"id":2623,"url":"https:\/\/artstella-elixirs-floraux.com\/fr_fr\/produit\/banksia-robur-bush-15ml\/","url_meta":{"origin":2641,"position":2},"title":"BANKSIA ROBUR BUSH 15ml","author":"eveapprill","date":"9 mars 2025","format":false,"excerpt":"\u00a0BANKSIA ROBUR\u00a0 Perte de motivation et d\u2019enthousiasme, frustration et manque d\u2019\u00e9nergie. Joie de vivre, enthousiasme et \u00e9nergie.","rel":"","context":"Article similaire","block_context":{"text":"Article similaire","link":""},"img":{"alt_text":"","src":"https:\/\/i0.wp.com\/artstella-elixirs-floraux.com\/wp-content\/uploads\/2025\/03\/wp-image241.png?resize=350%2C200&ssl=1","width":350,"height":200},"classes":[]},{"id":2617,"url":"https:\/\/artstella-elixirs-floraux.com\/fr_fr\/produit\/alpine-mint-bush-15ml\/","url_meta":{"origin":2641,"position":3},"title":"ALPINE MINT BUSH 15ml","author":"eveapprill","date":"9 mars 2025","format":false,"excerpt":"Alpine Mint Bush Epuisement mental et \u00e9motionnel, manque de joie de vivre, poids des responsabilit\u00e9s. Vitalit\u00e9, joie, reprise des forces.","rel":"","context":"Article similaire","block_context":{"text":"Article similaire","link":""},"img":{"alt_text":"","src":"https:\/\/i0.wp.com\/artstella-elixirs-floraux.com\/wp-content\/uploads\/2025\/03\/wp-image239.png?resize=350%2C200&ssl=1","width":350,"height":200},"classes":[]},{"id":2643,"url":"https:\/\/artstella-elixirs-floraux.com\/fr_fr\/produit\/crowea-bush-15ml\/","url_meta":{"origin":2641,"position":4},"title":"CROWEA BUSH 15ml","author":"eveapprill","date":"9 mars 2025","format":false,"excerpt":"CROWEA Se faire du souci continuellement, se sentir mal dans sa peau. Etre \u00e9quilibr\u00e9 et centr\u00e9, \u00eatre en contact avec ses \u00e9motions.","rel":"","context":"Article similaire","block_context":{"text":"Article similaire","link":""},"img":{"alt_text":"","src":"https:\/\/i0.wp.com\/artstella-elixirs-floraux.com\/wp-content\/uploads\/2025\/03\/wp-image252.png?resize=350%2C200&ssl=1","width":350,"height":200},"classes":[]},{"id":2674,"url":"https:\/\/artstella-elixirs-floraux.com\/fr_fr\/produit\/five-corners-bush-15ml\/","url_meta":{"origin":2641,"position":5},"title":"FIVE CORNERS BUSH 15ml","author":"eveapprill","date":"9 mars 2025","format":false,"excerpt":"\u00a0FIVE CORNERS Peu d\u2019estime de soi, manque de confiance en soi, se d\u00e9tester, personnalit\u00e9 r\u00e9prim\u00e9e. Amour et acceptation de soi, reconna\u00eetre la beaut\u00e9 en soi, exprimer sa vraie nature.","rel":"","context":"Article similaire","block_context":{"text":"Article similaire","link":""},"img":{"alt_text":"","src":"https:\/\/i0.wp.com\/artstella-elixirs-floraux.com\/wp-content\/uploads\/2025\/03\/wp-image257.png?resize=350%2C200&ssl=1","width":350,"height":200},"classes":[]}],"_links":{"self":[{"href":"https:\/\/artstella-elixirs-floraux.com\/fr_fr\/wp-json\/wp\/v2\/product\/2641","targetHints":{"allow":["GET"]}}],"collection":[{"href":"https:\/\/artstella-elixirs-floraux.com\/fr_fr\/wp-json\/wp\/v2\/product"}],"about":[{"href":"https:\/\/artstella-elixirs-floraux.com\/fr_fr\/wp-json\/wp\/v2\/types\/product"}],"version-history":[{"count":0,"href":"https:\/\/artstella-elixirs-floraux.com\/fr_fr\/wp-json\/wp\/v2\/product\/2641\/revisions"}],"wp:featuredmedia":[{"embeddable":true,"href":"https:\/\/artstella-elixirs-floraux.com\/fr_fr\/wp-json\/wp\/v2\/media\/2642"}],"wp:attachment":[{"href":"https:\/\/artstella-elixirs-floraux.com\/fr_fr\/wp-json\/wp\/v2\/media?parent=2641"}],"wp:term":[{"taxonomy":"product_brand","embeddable":true,"href":"https:\/\/artstella-elixirs-floraux.com\/fr_fr\/wp-json\/wp\/v2\/product_brand?post=2641"},{"taxonomy":"product_cat","embeddable":true,"href":"https:\/\/artstella-elixirs-floraux.com\/fr_fr\/wp-json\/wp\/v2\/product_cat?post=2641"},{"taxonomy":"product_tag","embeddable":true,"href":"https:\/\/artstella-elixirs-floraux.com\/fr_fr\/wp-json\/wp\/v2\/product_tag?post=2641"}],"curies":[{"name":"wp","href":"https:\/\/api.w.org\/{rel}","templated":true}]}}