{"id":2643,"date":"2025-03-09T12:59:42","date_gmt":"2025-03-09T12:59:42","guid":{"rendered":"https:\/\/artstella-elixirs-floraux.com\/product\/crowea-bush-15ml\/"},"modified":"2025-05-15T11:50:20","modified_gmt":"2025-05-15T11:50:20","slug":"crowea-bush-15ml","status":"publish","type":"product","link":"https:\/\/artstella-elixirs-floraux.com\/fr_fr\/produit\/crowea-bush-15ml\/","title":{"rendered":"CROWEA BUSH 15ml"},"content":{"rendered":"","protected":false},"excerpt":{"rendered":"<p><strong><em><span style=\"color:#008000\">CROWEA<\/span> <br \/><\/em><\/strong><\/p>\n<p>Se faire du souci continuellement, se sentir mal dans sa peau. Etre \u00e9quilibr\u00e9 et centr\u00e9, \u00eatre en contact avec ses \u00e9motions.<\/p>\n","protected":false},"featured_media":2644,"template":"","meta":[],"product_brand":[],"product_cat":[107,83],"product_tag":[],"class_list":{"0":"post-2643","1":"product","2":"type-product","3":"status-publish","4":"has-post-thumbnail","6":"product_cat-les-elixirs-de-fleurs-du-bush-australien","7":"product_cat-bush-australien","9":"first","10":"instock","11":"taxable","12":"shipping-taxable","13":"purchasable","14":"product-type-simple"},"etheme_brands":{"errors":{"invalid_taxonomy":["Taxonomie non valide."]},"error_data":[]},"jetpack_sharing_enabled":true,"jetpack-related-posts":[{"id":4215,"url":"https:\/\/artstella-elixirs-floraux.com\/fr_fr\/produit\/crow-corbeau-wea-30-ml\/","url_meta":{"origin":2643,"position":0},"title":"CROW\/CORBEAU WEA 30 ML","author":"eveapprill","date":"9 mars 2025","format":false,"excerpt":"Crow (corbeau\/corneille) Favorise le d\u00e9veloppement des capacit\u00e9s intuitives et du pouvoir chamanique. Pour se d\u00e9placer entre les diff\u00e9rents royaumes, pour transpercer l\u2019illusion. \u00ab\u00a0Ouvrez vos yeux, ouvrez vos oreilles, car tout n\u2019est pas comme il para\u00eet\u00a0\u00bb.","rel":"","context":"Article similaire","block_context":{"text":"Article similaire","link":""},"img":{"alt_text":"","src":"https:\/\/i0.wp.com\/artstella-elixirs-floraux.com\/wp-content\/uploads\/2025\/03\/wp-image2252.png?resize=350%2C200&ssl=1","width":350,"height":200,"srcset":"https:\/\/i0.wp.com\/artstella-elixirs-floraux.com\/wp-content\/uploads\/2025\/03\/wp-image2252.png?resize=350%2C200&ssl=1 1x, https:\/\/i0.wp.com\/artstella-elixirs-floraux.com\/wp-content\/uploads\/2025\/03\/wp-image2252.png?resize=525%2C300&ssl=1 1.5x"},"classes":[]},{"id":2731,"url":"https:\/\/artstella-elixirs-floraux.com\/fr_fr\/produit\/electro-bush-australien-30ml\/","url_meta":{"origin":2643,"position":1},"title":"ELECTRO BUSH AUSTRALIEN 30ml","author":"eveapprill","date":"9 mars 2025","format":false,"excerpt":"Electro Peut \u00eatre utilis\u00e9 pour r\u00e9duire les effets n\u00e9fastes des radiations solaires et \u00e9lectromagn\u00e9tiques, ainsi que ceux induits par les radioth\u00e9rapies, les appareils \u00e9lectriques... Compos\u00e9 de Bush Fuschia, Crowea, Paw Paw, Fringed Violet, Mulla Mulla et Waratah.","rel":"","context":"Article similaire","block_context":{"text":"Article similaire","link":""},"img":{"alt_text":"","src":"https:\/\/i0.wp.com\/artstella-elixirs-floraux.com\/wp-content\/uploads\/2025\/03\/f82f91ab-588d-435b-af47-a9b6f992264f.jpg?resize=350%2C200&ssl=1","width":350,"height":200,"srcset":"https:\/\/i0.wp.com\/artstella-elixirs-floraux.com\/wp-content\/uploads\/2025\/03\/f82f91ab-588d-435b-af47-a9b6f992264f.jpg?resize=350%2C200&ssl=1 1x, https:\/\/i0.wp.com\/artstella-elixirs-floraux.com\/wp-content\/uploads\/2025\/03\/f82f91ab-588d-435b-af47-a9b6f992264f.jpg?resize=525%2C300&ssl=1 1.5x, https:\/\/i0.wp.com\/artstella-elixirs-floraux.com\/wp-content\/uploads\/2025\/03\/f82f91ab-588d-435b-af47-a9b6f992264f.jpg?resize=700%2C400&ssl=1 2x"},"classes":[]},{"id":2733,"url":"https:\/\/artstella-elixirs-floraux.com\/fr_fr\/produit\/emergency-urgence-bush-30ml\/","url_meta":{"origin":2643,"position":2},"title":"EMERGENCY \u00ab\u00a0Urgence\u00a0\u00bb BUSH 30ml","author":"eveapprill","date":"9 mars 2025","format":false,"excerpt":"Emergency -\u00a0Urgence Ce compos\u00e9 a une action calmante et rassurante.","rel":"","context":"Article similaire","block_context":{"text":"Article similaire","link":""},"img":{"alt_text":"","src":"https:\/\/i0.wp.com\/artstella-elixirs-floraux.com\/wp-content\/uploads\/2025\/03\/e2a8e2ab-de62-4b3d-ab75-01b6f4b749db.jpg?resize=350%2C200&ssl=1","width":350,"height":200,"srcset":"https:\/\/i0.wp.com\/artstella-elixirs-floraux.com\/wp-content\/uploads\/2025\/03\/e2a8e2ab-de62-4b3d-ab75-01b6f4b749db.jpg?resize=350%2C200&ssl=1 1x, https:\/\/i0.wp.com\/artstella-elixirs-floraux.com\/wp-content\/uploads\/2025\/03\/e2a8e2ab-de62-4b3d-ab75-01b6f4b749db.jpg?resize=525%2C300&ssl=1 1.5x, https:\/\/i0.wp.com\/artstella-elixirs-floraux.com\/wp-content\/uploads\/2025\/03\/e2a8e2ab-de62-4b3d-ab75-01b6f4b749db.jpg?resize=700%2C400&ssl=1 2x"},"classes":[]},{"id":2727,"url":"https:\/\/artstella-elixirs-floraux.com\/fr_fr\/produit\/creative-creativite-bush-30ml\/","url_meta":{"origin":2643,"position":3},"title":"CREATIVE Cr\u00e9ativit\u00e9 BUSH 30ml","author":"eveapprill","date":"9 mars 2025","format":false,"excerpt":"Creative - Cr\u00e9ativit\u00e9 Lib\u00e8re la voix et ouvre le c\u0153ur Favorise la cr\u00e9ativit\u00e9. Compos\u00e9 de Bush Fuchsia, Turkey Bush, Red Grevillea Crowea, Flannel Flower, Five Corner et de Tall Mulla Mulla.","rel":"","context":"Article similaire","block_context":{"text":"Article similaire","link":""},"img":{"alt_text":"","src":"https:\/\/i0.wp.com\/artstella-elixirs-floraux.com\/wp-content\/uploads\/2025\/03\/12e053db-1152-4625-9c20-5208c780ac39.jpg?resize=350%2C200&ssl=1","width":350,"height":200,"srcset":"https:\/\/i0.wp.com\/artstella-elixirs-floraux.com\/wp-content\/uploads\/2025\/03\/12e053db-1152-4625-9c20-5208c780ac39.jpg?resize=350%2C200&ssl=1 1x, https:\/\/i0.wp.com\/artstella-elixirs-floraux.com\/wp-content\/uploads\/2025\/03\/12e053db-1152-4625-9c20-5208c780ac39.jpg?resize=525%2C300&ssl=1 1.5x, https:\/\/i0.wp.com\/artstella-elixirs-floraux.com\/wp-content\/uploads\/2025\/03\/12e053db-1152-4625-9c20-5208c780ac39.jpg?resize=700%2C400&ssl=1 2x"},"classes":[]},{"id":6323,"url":"https:\/\/artstella-elixirs-floraux.com\/fr_fr\/produit\/sixieme-chakra-weae-30ml\/","url_meta":{"origin":2643,"position":4},"title":"SIXIEME CHAKRA WEAE 30ML","author":"eveapprill","date":"9 mars 2025","format":false,"excerpt":"Sixth Chakra Essence fournit un soutien pour recevoir les dons du sixi\u00e8me chakra, y compris: la vision spirituelle, l\u2019intuition, l\u2019imagination, la sagesse du troisi\u00e8me \u0153il, la perspective spirituelle au-del\u00e0 du monde 3D. \u00a0 \u00a0","rel":"","context":"Article similaire","block_context":{"text":"Article similaire","link":""},"img":{"alt_text":"","src":"https:\/\/i0.wp.com\/artstella-elixirs-floraux.com\/wp-content\/uploads\/2025\/03\/7a3ca3fb-056a-43c8-879b-aedd4bd1e7be.jpg?resize=350%2C200&ssl=1","width":350,"height":200,"srcset":"https:\/\/i0.wp.com\/artstella-elixirs-floraux.com\/wp-content\/uploads\/2025\/03\/7a3ca3fb-056a-43c8-879b-aedd4bd1e7be.jpg?resize=350%2C200&ssl=1 1x, https:\/\/i0.wp.com\/artstella-elixirs-floraux.com\/wp-content\/uploads\/2025\/03\/7a3ca3fb-056a-43c8-879b-aedd4bd1e7be.jpg?resize=525%2C300&ssl=1 1.5x, https:\/\/i0.wp.com\/artstella-elixirs-floraux.com\/wp-content\/uploads\/2025\/03\/7a3ca3fb-056a-43c8-879b-aedd4bd1e7be.jpg?resize=700%2C400&ssl=1 2x"},"classes":[]},{"id":5156,"url":"https:\/\/artstella-elixirs-floraux.com\/fr_fr\/produit\/creme-woman-femme\/","url_meta":{"origin":2643,"position":5},"title":"CREME WOMAN &#8211; Femme","author":"eveapprill","date":"9 mars 2025","format":false,"excerpt":"Cr\u00e8me Woman - Femme soutient l'\u00e9quilibre du f\u00e9minin","rel":"","context":"Article similaire","block_context":{"text":"Article similaire","link":""},"img":{"alt_text":"","src":"https:\/\/i0.wp.com\/artstella-elixirs-floraux.com\/wp-content\/uploads\/2025\/03\/b78bd427-f8e9-40e9-9843-590ac990b48a.jpg?resize=350%2C200&ssl=1","width":350,"height":200,"srcset":"https:\/\/i0.wp.com\/artstella-elixirs-floraux.com\/wp-content\/uploads\/2025\/03\/b78bd427-f8e9-40e9-9843-590ac990b48a.jpg?resize=350%2C200&ssl=1 1x, https:\/\/i0.wp.com\/artstella-elixirs-floraux.com\/wp-content\/uploads\/2025\/03\/b78bd427-f8e9-40e9-9843-590ac990b48a.jpg?resize=525%2C300&ssl=1 1.5x, https:\/\/i0.wp.com\/artstella-elixirs-floraux.com\/wp-content\/uploads\/2025\/03\/b78bd427-f8e9-40e9-9843-590ac990b48a.jpg?resize=700%2C400&ssl=1 2x"},"classes":[]}],"_links":{"self":[{"href":"https:\/\/artstella-elixirs-floraux.com\/fr_fr\/wp-json\/wp\/v2\/product\/2643","targetHints":{"allow":["GET"]}}],"collection":[{"href":"https:\/\/artstella-elixirs-floraux.com\/fr_fr\/wp-json\/wp\/v2\/product"}],"about":[{"href":"https:\/\/artstella-elixirs-floraux.com\/fr_fr\/wp-json\/wp\/v2\/types\/product"}],"version-history":[{"count":0,"href":"https:\/\/artstella-elixirs-floraux.com\/fr_fr\/wp-json\/wp\/v2\/product\/2643\/revisions"}],"wp:featuredmedia":[{"embeddable":true,"href":"https:\/\/artstella-elixirs-floraux.com\/fr_fr\/wp-json\/wp\/v2\/media\/2644"}],"wp:attachment":[{"href":"https:\/\/artstella-elixirs-floraux.com\/fr_fr\/wp-json\/wp\/v2\/media?parent=2643"}],"wp:term":[{"taxonomy":"product_brand","embeddable":true,"href":"https:\/\/artstella-elixirs-floraux.com\/fr_fr\/wp-json\/wp\/v2\/product_brand?post=2643"},{"taxonomy":"product_cat","embeddable":true,"href":"https:\/\/artstella-elixirs-floraux.com\/fr_fr\/wp-json\/wp\/v2\/product_cat?post=2643"},{"taxonomy":"product_tag","embeddable":true,"href":"https:\/\/artstella-elixirs-floraux.com\/fr_fr\/wp-json\/wp\/v2\/product_tag?post=2643"}],"curies":[{"name":"wp","href":"https:\/\/api.w.org\/{rel}","templated":true}]}}