{"id":2653,"date":"2025-03-09T12:59:53","date_gmt":"2025-03-09T12:59:53","guid":{"rendered":"https:\/\/artstella-elixirs-floraux.com\/product\/fresh-water-mangrove-bush-15ml\/"},"modified":"2025-05-15T11:50:18","modified_gmt":"2025-05-15T11:50:18","slug":"fresh-water-mangrove-bush-15ml","status":"publish","type":"product","link":"https:\/\/artstella-elixirs-floraux.com\/fr_fr\/produit\/fresh-water-mangrove-bush-15ml\/","title":{"rendered":"FRESH WATER MANGROVE BUSH 15ml"},"content":{"rendered":"","protected":false},"excerpt":{"rendered":"<p><span style=\"color:#008000\"><strong><em>Fresh Water Mangrove<\/em><\/strong><\/span><\/p>\n<p>Pr\u00e9judices appris par d\u2019autres et non par sa propre exp\u00e9rience. Etre ouvert aux nouvelles exp\u00e9riences, personnes et perceptions, remettre en question des coutumes et croyances traditionnelles.<\/p>\n","protected":false},"featured_media":2654,"template":"","meta":[],"product_brand":[],"product_cat":[107,83],"product_tag":[],"class_list":{"0":"post-2653","1":"product","2":"type-product","3":"status-publish","4":"has-post-thumbnail","6":"product_cat-les-elixirs-de-fleurs-du-bush-australien","7":"product_cat-bush-australien","9":"first","10":"instock","11":"taxable","12":"shipping-taxable","13":"purchasable","14":"product-type-simple"},"etheme_brands":{"errors":{"invalid_taxonomy":["Taxonomie non valide."]},"error_data":[]},"jetpack_sharing_enabled":true,"jetpack-related-posts":[{"id":2751,"url":"https:\/\/artstella-elixirs-floraux.com\/fr_fr\/produit\/water-eau-bush-white-light\/","url_meta":{"origin":2653,"position":0},"title":"WATER (Eau) BUSH WHITE LIGHT","author":"eveapprill","date":"9 mars 2025","format":false,"excerpt":"L'\u00c9LIXIR EAU (WATER ESSENCE) a \u00e9t\u00e9 r\u00e9alis\u00e9 \u00e0 partir d\u2019un m\u00e9lange alchimique de deux \u00e9lixirs qui ont \u00e9t\u00e9 pr\u00e9par\u00e9s dans l\u2019h\u00e9misph\u00e8re Nord sur l\u2019\u00eele d\u2019Iona \u00e0 l\u2019ouest au large de l\u2019Ecosse, et dans l\u2019h\u00e9misph\u00e8re Sud sur l\u2019\u00eele Heron sur la grande barri\u00e8re de corail australienne. \u00a0","rel":"","context":"Article similaire","block_context":{"text":"Article similaire","link":""},"img":{"alt_text":"","src":"https:\/\/i0.wp.com\/artstella-elixirs-floraux.com\/wp-content\/uploads\/2025\/03\/b043b8f5-107e-4ab0-a70c-df54db5f2015.jpg?resize=350%2C200&ssl=1","width":350,"height":200,"srcset":"https:\/\/i0.wp.com\/artstella-elixirs-floraux.com\/wp-content\/uploads\/2025\/03\/b043b8f5-107e-4ab0-a70c-df54db5f2015.jpg?resize=350%2C200&ssl=1 1x, https:\/\/i0.wp.com\/artstella-elixirs-floraux.com\/wp-content\/uploads\/2025\/03\/b043b8f5-107e-4ab0-a70c-df54db5f2015.jpg?resize=525%2C300&ssl=1 1.5x, https:\/\/i0.wp.com\/artstella-elixirs-floraux.com\/wp-content\/uploads\/2025\/03\/b043b8f5-107e-4ab0-a70c-df54db5f2015.jpg?resize=700%2C400&ssl=1 2x"},"classes":[]},{"id":2874,"url":"https:\/\/artstella-elixirs-floraux.com\/fr_fr\/produit\/rock-water-15ml-phi\/","url_meta":{"origin":2653,"position":1},"title":"ROCK WATER 15ML PHI","author":"eveapprill","date":"9 mars 2025","format":false,"excerpt":"Rock water (Aqua petra) (Eau de roche)\u00a0 Pour nous lib\u00e9rer de comportements rigides et d\u00e9pass\u00e9s. Pour retrouver le courant du fleuve de la vie.","rel":"","context":"Article similaire","block_context":{"text":"Article similaire","link":""},"img":{"alt_text":"","src":"https:\/\/i0.wp.com\/artstella-elixirs-floraux.com\/wp-content\/uploads\/2025\/03\/wp-image1094.png?resize=350%2C200&ssl=1","width":350,"height":200},"classes":[]},{"id":2895,"url":"https:\/\/artstella-elixirs-floraux.com\/fr_fr\/produit\/water-violet-15-ml-phi\/","url_meta":{"origin":2653,"position":2},"title":"WATER VIOLET 15 ML PHI","author":"eveapprill","date":"9 mars 2025","format":false,"excerpt":"Water Violet (Hottonia palustris) (Hottonie des marais ou violette d\u2019eau) Nous aide \u00e0 sortir d'un isolement volontaire et \u00e0 accepter la proximit\u00e9 et l'aide des autres.","rel":"","context":"Article similaire","block_context":{"text":"Article similaire","link":""},"img":{"alt_text":"","src":"https:\/\/i0.wp.com\/artstella-elixirs-floraux.com\/wp-content\/uploads\/2025\/03\/wp-image1101.png?resize=350%2C200&ssl=1","width":350,"height":200},"classes":[]},{"id":5964,"url":"https:\/\/artstella-elixirs-floraux.com\/fr_fr\/produit\/violette-deau-10ml-deva\/","url_meta":{"origin":2653,"position":3},"title":"Violette d&rsquo;eau 10ml DEVA","author":"eveapprill","date":"9 mars 2025","format":false,"excerpt":"Violette d'eau - Water violet Hottonia palustris Calme, sagesse, humilit\u00e9 Pour les personnes r\u00e9serv\u00e9es, ind\u00e9pendantes, distantes, tranquilles et fi\u00e8res. Pour ceux qui aiment \u00eatre seuls et qui ont un sentiment de sup\u00e9riorit\u00e9.","rel":"","context":"Article similaire","block_context":{"text":"Article similaire","link":""},"img":{"alt_text":"","src":"https:\/\/i0.wp.com\/artstella-elixirs-floraux.com\/wp-content\/uploads\/2025\/03\/wp-image2454.png?resize=350%2C200&ssl=1","width":350,"height":200},"classes":[]},{"id":5914,"url":"https:\/\/artstella-elixirs-floraux.com\/fr_fr\/produit\/eau-de-roche-10ml-deva\/","url_meta":{"origin":2653,"position":4},"title":"Eau de roche 10ml DEVA","author":"eveapprill","date":"9 mars 2025","format":false,"excerpt":"Eau de roche - Rock water Compr\u00e9hension, largesse d\u2019esprit Pour les personnes tr\u00e8s strictes, au caract\u00e8re rigide et rigoureux, qui se privent et se r\u00e9priment. Avides de perfection, souvent d'une strict moralit\u00e9, elles ont tendance \u00e0 \u00eatre id\u00e9alistes et peuvent souffrir d'une discipline trop rigoureuse.","rel":"","context":"Article similaire","block_context":{"text":"Article similaire","link":""},"img":{"alt_text":"","src":"","width":0,"height":0},"classes":[]},{"id":4581,"url":"https:\/\/artstella-elixirs-floraux.com\/fr_fr\/produit\/coffret-pyramide-white-light\/","url_meta":{"origin":2653,"position":5},"title":"COFFRET PYRAMIDE WHITE LIGHT","author":"eveapprill","date":"9 mars 2025","format":false,"excerpt":"Le COFFRET PYRAMIDE WHITE LIGHT contient les 7 \u00e9lixirs White Light, Lumi\u00e8re Blanche, soit Water \/ Eau, Earth \/ Terre, Fire \/ feu, Air, Devic, Higher self \/ moi sup\u00e9rieur et Angelic \/ Ang\u00e9lique, un livret en anglais et 1 CD Le livret en fran\u00e7ais est offert dans la mesure\u2026","rel":"","context":"Article similaire","block_context":{"text":"Article similaire","link":""},"img":{"alt_text":"","src":"","width":0,"height":0},"classes":[]}],"_links":{"self":[{"href":"https:\/\/artstella-elixirs-floraux.com\/fr_fr\/wp-json\/wp\/v2\/product\/2653","targetHints":{"allow":["GET"]}}],"collection":[{"href":"https:\/\/artstella-elixirs-floraux.com\/fr_fr\/wp-json\/wp\/v2\/product"}],"about":[{"href":"https:\/\/artstella-elixirs-floraux.com\/fr_fr\/wp-json\/wp\/v2\/types\/product"}],"version-history":[{"count":0,"href":"https:\/\/artstella-elixirs-floraux.com\/fr_fr\/wp-json\/wp\/v2\/product\/2653\/revisions"}],"wp:featuredmedia":[{"embeddable":true,"href":"https:\/\/artstella-elixirs-floraux.com\/fr_fr\/wp-json\/wp\/v2\/media\/2654"}],"wp:attachment":[{"href":"https:\/\/artstella-elixirs-floraux.com\/fr_fr\/wp-json\/wp\/v2\/media?parent=2653"}],"wp:term":[{"taxonomy":"product_brand","embeddable":true,"href":"https:\/\/artstella-elixirs-floraux.com\/fr_fr\/wp-json\/wp\/v2\/product_brand?post=2653"},{"taxonomy":"product_cat","embeddable":true,"href":"https:\/\/artstella-elixirs-floraux.com\/fr_fr\/wp-json\/wp\/v2\/product_cat?post=2653"},{"taxonomy":"product_tag","embeddable":true,"href":"https:\/\/artstella-elixirs-floraux.com\/fr_fr\/wp-json\/wp\/v2\/product_tag?post=2653"}],"curies":[{"name":"wp","href":"https:\/\/api.w.org\/{rel}","templated":true}]}}