{"id":2670,"date":"2025-03-09T13:00:07","date_gmt":"2025-03-09T13:00:07","guid":{"rendered":"https:\/\/artstella-elixirs-floraux.com\/product\/bush-fuchsia-15ml\/"},"modified":"2025-05-15T11:50:17","modified_gmt":"2025-05-15T11:50:17","slug":"bush-fuchsia-15ml","status":"publish","type":"product","link":"https:\/\/artstella-elixirs-floraux.com\/fr_fr\/produit\/bush-fuchsia-15ml\/","title":{"rendered":"BUSH FUCHSIA 15ml"},"content":{"rendered":"","protected":false},"excerpt":{"rendered":"<p><strong><em><span style=\"color:#008000\">BUSH FUSHIA\u00a0<\/span> <\/em><\/strong><\/p>\n<p>Incapacit\u00e9 \u00e0 \u00e9quilibrer la logique et la rationalit\u00e9 avec l\u2019intuition et la cr\u00e9ativit\u00e9, ne pas \u00e9couter son intuition.<\/p>\n<p>Pour l\u2019int\u00e9gration des connaissances, pour \u00e9couter et suivre son intuition.<\/p>\n","protected":false},"featured_media":2671,"template":"","meta":[],"product_brand":[],"product_cat":[107,83],"product_tag":[],"class_list":{"0":"post-2670","1":"product","2":"type-product","3":"status-publish","4":"has-post-thumbnail","6":"product_cat-les-elixirs-de-fleurs-du-bush-australien","7":"product_cat-bush-australien","9":"first","10":"instock","11":"taxable","12":"shipping-taxable","13":"purchasable","14":"product-type-simple"},"etheme_brands":{"errors":{"invalid_taxonomy":["Taxonomie non valide."]},"error_data":[]},"jetpack_sharing_enabled":true,"jetpack-related-posts":[{"id":2777,"url":"https:\/\/artstella-elixirs-floraux.com\/fr_fr\/produit\/mt-pinatubo-10ml-bush-lf\/","url_meta":{"origin":2670,"position":0},"title":"MT PINATUBO 10ML BUSH LF","author":"eveapprill","date":"9 mars 2025","format":false,"excerpt":"Mont Pinatubo Essence\u00a0 - Elixir du Mt Pinatubo\u00a0 Renforce l\u2019intuition pour avoir conscience de la pulsation profonde de la Terre et des \u00e9v\u00e9nements futurs qui se pr\u00e9parent, pour savoir o\u00f9 se trouver pour \u00eatre en s\u00e9curit\u00e9. Nous permet d\u2019\u00eatre ancr\u00e9 et centr\u00e9 dans notre pouvoir.","rel":"","context":"Article similaire","block_context":{"text":"Article similaire","link":""},"img":{"alt_text":"","src":"https:\/\/i0.wp.com\/artstella-elixirs-floraux.com\/wp-content\/uploads\/2025\/03\/fa9b96e1-bbc9-4978-a4f5-37c8f01b6d10.jpg?resize=350%2C200&ssl=1","width":350,"height":200,"srcset":"https:\/\/i0.wp.com\/artstella-elixirs-floraux.com\/wp-content\/uploads\/2025\/03\/fa9b96e1-bbc9-4978-a4f5-37c8f01b6d10.jpg?resize=350%2C200&ssl=1 1x, https:\/\/i0.wp.com\/artstella-elixirs-floraux.com\/wp-content\/uploads\/2025\/03\/fa9b96e1-bbc9-4978-a4f5-37c8f01b6d10.jpg?resize=525%2C300&ssl=1 1.5x, https:\/\/i0.wp.com\/artstella-elixirs-floraux.com\/wp-content\/uploads\/2025\/03\/fa9b96e1-bbc9-4978-a4f5-37c8f01b6d10.jpg?resize=700%2C400&ssl=1 2x"},"classes":[]},{"id":6390,"url":"https:\/\/artstella-elixirs-floraux.com\/fr_fr\/produit\/mumma-mojo-30ml\/","url_meta":{"origin":2670,"position":1},"title":"Mumma Mojo 30ml","author":"eveapprill","date":"9 mars 2025","format":false,"excerpt":"Un rem\u00e8de cr\u00e9\u00e9 pour soutenir une maternit\u00e9 plus l\u00e9g\u00e8re et joyeuse ! Un \u00e9lixir pour donner plus d'\u00e9lan, de r\u00e9silience, de calme et de renouveau.\u00a0 Il renforce le lien entre une m\u00e8re et son ou ses enfants, am\u00e9liore son intuition et all\u00e8ge le fardeau de responsabilit\u00e9 et l'accablement qui peut\u2026","rel":"","context":"Article similaire","block_context":{"text":"Article similaire","link":""},"img":{"alt_text":"","src":"https:\/\/i0.wp.com\/artstella-elixirs-floraux.com\/wp-content\/uploads\/2025\/03\/wp-image2484.png?resize=350%2C200&ssl=1","width":350,"height":200,"srcset":"https:\/\/i0.wp.com\/artstella-elixirs-floraux.com\/wp-content\/uploads\/2025\/03\/wp-image2484.png?resize=350%2C200&ssl=1 1x, https:\/\/i0.wp.com\/artstella-elixirs-floraux.com\/wp-content\/uploads\/2025\/03\/wp-image2484.png?resize=525%2C300&ssl=1 1.5x"},"classes":[]},{"id":2627,"url":"https:\/\/artstella-elixirs-floraux.com\/fr_fr\/produit\/billy-goat-plum-bush-15ml\/","url_meta":{"origin":2670,"position":2},"title":"BILLY GOAT PLUM BUSH 15ml","author":"eveapprill","date":"9 mars 2025","format":false,"excerpt":"\u00a0BILLY GOAT PLUM\u00a0 D\u00e9go\u00fbt sexuel, r\u00e9pugnance envers son corps. Plaisir sexuel, accepter son propre corps.","rel":"","context":"Article similaire","block_context":{"text":"Article similaire","link":""},"img":{"alt_text":"","src":"https:\/\/i0.wp.com\/artstella-elixirs-floraux.com\/wp-content\/uploads\/2025\/03\/wp-image243.png?resize=350%2C200&ssl=1","width":350,"height":200},"classes":[]},{"id":2645,"url":"https:\/\/artstella-elixirs-floraux.com\/fr_fr\/produit\/dagger-hakea-bush-15ml\/","url_meta":{"origin":2670,"position":3},"title":"DAGGER HAKEA BUSH 15ml","author":"eveapprill","date":"9 mars 2025","format":false,"excerpt":"DAGGER HAKEA\u00a0 Ressentiment, en vouloir \u00e0 des membre de sa famille, ses amis, son conjoint ou proches. Pardon, expression ouverte des sentiments.","rel":"","context":"Article similaire","block_context":{"text":"Article similaire","link":""},"img":{"alt_text":"","src":"https:\/\/i0.wp.com\/artstella-elixirs-floraux.com\/wp-content\/uploads\/2025\/03\/wp-image253.png?resize=350%2C200&ssl=1","width":350,"height":200},"classes":[]},{"id":4420,"url":"https:\/\/artstella-elixirs-floraux.com\/fr_fr\/produit\/hibbertia-15-ml-bush\/","url_meta":{"origin":2670,"position":4},"title":"HIBBERTIA 15 ML BUSH","author":"eveapprill","date":"9 mars 2025","format":false,"excerpt":"Hibbertia Personnalit\u00e9 rigide, fanatique pour le progr\u00e8s personnel, autodiscipline excessive. Acceptation de soi et de son savoir inn\u00e9, int\u00e9gration des connaissances et des philosophies.","rel":"","context":"Article similaire","block_context":{"text":"Article similaire","link":""},"img":{"alt_text":"","src":"https:\/\/i0.wp.com\/artstella-elixirs-floraux.com\/wp-content\/uploads\/2025\/03\/wp-image1032.png?resize=350%2C200&ssl=1","width":350,"height":200},"classes":[]},{"id":4501,"url":"https:\/\/artstella-elixirs-floraux.com\/fr_fr\/produit\/wisteria-15-ml-bush\/","url_meta":{"origin":2670,"position":5},"title":"WISTERIA 15 ML BUSH","author":"eveapprill","date":"9 mars 2025","format":false,"excerpt":"Wisteria Pour les femmes qui ne se sentent pas \u00e0 l\u2019aise avec leur sexualit\u00e9, peur qui a son origine dans l\u2019abus sexuel. Confiance, am\u00e9lioration de la vie sexuelle.","rel":"","context":"Article similaire","block_context":{"text":"Article similaire","link":""},"img":{"alt_text":"","src":"https:\/\/i0.wp.com\/artstella-elixirs-floraux.com\/wp-content\/uploads\/2025\/03\/wp-image1085.png?resize=350%2C200&ssl=1","width":350,"height":200},"classes":[]}],"_links":{"self":[{"href":"https:\/\/artstella-elixirs-floraux.com\/fr_fr\/wp-json\/wp\/v2\/product\/2670","targetHints":{"allow":["GET"]}}],"collection":[{"href":"https:\/\/artstella-elixirs-floraux.com\/fr_fr\/wp-json\/wp\/v2\/product"}],"about":[{"href":"https:\/\/artstella-elixirs-floraux.com\/fr_fr\/wp-json\/wp\/v2\/types\/product"}],"version-history":[{"count":0,"href":"https:\/\/artstella-elixirs-floraux.com\/fr_fr\/wp-json\/wp\/v2\/product\/2670\/revisions"}],"wp:featuredmedia":[{"embeddable":true,"href":"https:\/\/artstella-elixirs-floraux.com\/fr_fr\/wp-json\/wp\/v2\/media\/2671"}],"wp:attachment":[{"href":"https:\/\/artstella-elixirs-floraux.com\/fr_fr\/wp-json\/wp\/v2\/media?parent=2670"}],"wp:term":[{"taxonomy":"product_brand","embeddable":true,"href":"https:\/\/artstella-elixirs-floraux.com\/fr_fr\/wp-json\/wp\/v2\/product_brand?post=2670"},{"taxonomy":"product_cat","embeddable":true,"href":"https:\/\/artstella-elixirs-floraux.com\/fr_fr\/wp-json\/wp\/v2\/product_cat?post=2670"},{"taxonomy":"product_tag","embeddable":true,"href":"https:\/\/artstella-elixirs-floraux.com\/fr_fr\/wp-json\/wp\/v2\/product_tag?post=2670"}],"curies":[{"name":"wp","href":"https:\/\/api.w.org\/{rel}","templated":true}]}}