{"id":2672,"date":"2025-03-09T13:00:09","date_gmt":"2025-03-09T13:00:09","guid":{"rendered":"https:\/\/artstella-elixirs-floraux.com\/product\/bush-gardenia-15ml\/"},"modified":"2025-05-15T11:50:16","modified_gmt":"2025-05-15T11:50:16","slug":"bush-gardenia-15ml","status":"publish","type":"product","link":"https:\/\/artstella-elixirs-floraux.com\/fr_fr\/produit\/bush-gardenia-15ml\/","title":{"rendered":"BUSH GARDENIA 15ml"},"content":{"rendered":"","protected":false},"excerpt":{"rendered":"<p><span style=\"color:#008000\"><strong><em>BUSH GARDENIA\u00a0 <\/em><\/strong><\/span><\/p>\n<p>Se croire tout permis, \u00eatre indiff\u00e9rent envers les autres, \u00e9go\u00efsme. Reprendre de l\u2019int\u00e9r\u00eat pour les autres, am\u00e9lioration de la communication, passion<\/p>\n","protected":false},"featured_media":2673,"template":"","meta":[],"product_brand":[],"product_cat":[107],"product_tag":[],"class_list":{"0":"post-2672","1":"product","2":"type-product","3":"status-publish","4":"has-post-thumbnail","6":"product_cat-les-elixirs-de-fleurs-du-bush-australien","8":"first","9":"instock","10":"taxable","11":"shipping-taxable","12":"purchasable","13":"product-type-simple"},"etheme_brands":{"errors":{"invalid_taxonomy":["Taxonomie non valide."]},"error_data":[]},"jetpack_sharing_enabled":true,"jetpack-related-posts":[{"id":4852,"url":"https:\/\/artstella-elixirs-floraux.com\/fr_fr\/produit\/pendentif-passionate-heart\/","url_meta":{"origin":2672,"position":0},"title":"Pendentif \u00ab\u00a0Passionate heart\u00a0\u00bb","author":"eveapprill","date":"9 mars 2025","format":false,"excerpt":"Pendentif \u00ab Passionate Heart\u00bb Pendentif de verre souffl\u00e9 en forme de coeur couleur rouge, rempli avec les \u00e9lixirs bush gardenia, flannel flower, little flannel flower, wedding bush et wisteria.","rel":"","context":"Article similaire","block_context":{"text":"Article similaire","link":""},"img":{"alt_text":"","src":"","width":0,"height":0},"classes":[]},{"id":2741,"url":"https:\/\/artstella-elixirs-floraux.com\/fr_fr\/produit\/sexuality-bush-30-ml\/","url_meta":{"origin":2672,"position":1},"title":"SEXUALITY BUSH 30 ml","author":"eveapprill","date":"9 mars 2025","format":false,"excerpt":"Sexuality Aide \u00e0 combattre la honte et les effets d'abus sexuels. Permet de se sentir \u00e0 l'aise dans son corps en l'acceptant pleinement.","rel":"","context":"Article similaire","block_context":{"text":"Article similaire","link":""},"img":{"alt_text":"","src":"https:\/\/i0.wp.com\/artstella-elixirs-floraux.com\/wp-content\/uploads\/2025\/03\/7c97458c-aad1-4c91-bbba-533f0a37ab5a.jpg?resize=350%2C200&ssl=1","width":350,"height":200,"srcset":"https:\/\/i0.wp.com\/artstella-elixirs-floraux.com\/wp-content\/uploads\/2025\/03\/7c97458c-aad1-4c91-bbba-533f0a37ab5a.jpg?resize=350%2C200&ssl=1 1x, https:\/\/i0.wp.com\/artstella-elixirs-floraux.com\/wp-content\/uploads\/2025\/03\/7c97458c-aad1-4c91-bbba-533f0a37ab5a.jpg?resize=525%2C300&ssl=1 1.5x, https:\/\/i0.wp.com\/artstella-elixirs-floraux.com\/wp-content\/uploads\/2025\/03\/7c97458c-aad1-4c91-bbba-533f0a37ab5a.jpg?resize=700%2C400&ssl=1 2x"},"classes":[]},{"id":2739,"url":"https:\/\/artstella-elixirs-floraux.com\/fr_fr\/produit\/relationship-relationnel-bush-30ml\/","url_meta":{"origin":2672,"position":2},"title":"RELATIONSHIP Relationnel BUSH 30ml","author":"eveapprill","date":"9 mars 2025","format":false,"excerpt":"Relationship -\u00a0Relationnel Aide \u00e0 am\u00e9liorer toutes les relations surtout les plus intimes. Il abolit le ressentiment et permet de donner libre cours \u00e0 ses \u00e9motions. Il supprime la confusion, la douleur et l'agitation caus\u00e9es par des relations tumultueuses.","rel":"","context":"Article similaire","block_context":{"text":"Article similaire","link":""},"img":{"alt_text":"","src":"https:\/\/i0.wp.com\/artstella-elixirs-floraux.com\/wp-content\/uploads\/2025\/03\/b36d3ca3-6343-487b-82d9-c5955e421302.jpg?resize=350%2C200&ssl=1","width":350,"height":200,"srcset":"https:\/\/i0.wp.com\/artstella-elixirs-floraux.com\/wp-content\/uploads\/2025\/03\/b36d3ca3-6343-487b-82d9-c5955e421302.jpg?resize=350%2C200&ssl=1 1x, https:\/\/i0.wp.com\/artstella-elixirs-floraux.com\/wp-content\/uploads\/2025\/03\/b36d3ca3-6343-487b-82d9-c5955e421302.jpg?resize=525%2C300&ssl=1 1.5x, https:\/\/i0.wp.com\/artstella-elixirs-floraux.com\/wp-content\/uploads\/2025\/03\/b36d3ca3-6343-487b-82d9-c5955e421302.jpg?resize=700%2C400&ssl=1 2x"},"classes":[]},{"id":2661,"url":"https:\/\/artstella-elixirs-floraux.com\/fr_fr\/produit\/kangaroo-paw-bush-15-ml\/","url_meta":{"origin":2672,"position":3},"title":"KANGAROO PAW BUSH 15 ML","author":"eveapprill","date":"9 mars 2025","format":false,"excerpt":"Kangaroo Paw Manquer de savoir-faire, maladroit, insensible par rapport aux besoins des autres. Etre d\u00e9contract\u00e9, sensibilit\u00e9 envers les autres, savoir-faire, appr\u00e9cier d\u2019\u00eatre avec les autres.","rel":"","context":"Article similaire","block_context":{"text":"Article similaire","link":""},"img":{"alt_text":"","src":"https:\/\/i0.wp.com\/artstella-elixirs-floraux.com\/wp-content\/uploads\/2025\/03\/wp-image612.png?resize=350%2C200&ssl=1","width":350,"height":200},"classes":[]},{"id":4454,"url":"https:\/\/artstella-elixirs-floraux.com\/fr_fr\/produit\/red-grevillea-15-ml-bush\/","url_meta":{"origin":2672,"position":4},"title":"RED GREVILLEA 15 ML BUSH","author":"eveapprill","date":"9 mars 2025","format":false,"excerpt":"Red Grevillea Stagnation, susceptible aux critiques, \u00eatre trop d\u00e9pendants des autres. Force pour quitter des situations difficiles, audace, indiff\u00e9rence devant les jugements des autres.","rel":"","context":"Article similaire","block_context":{"text":"Article similaire","link":""},"img":{"alt_text":"","src":"https:\/\/i0.wp.com\/artstella-elixirs-floraux.com\/wp-content\/uploads\/2025\/03\/wp-image1057.png?resize=350%2C200&ssl=1","width":350,"height":200},"classes":[]},{"id":4466,"url":"https:\/\/artstella-elixirs-floraux.com\/fr_fr\/produit\/slender-rice-flower-15-ml-bush\/","url_meta":{"origin":2672,"position":5},"title":"SLENDER RICE FLOWER 15 ML BUSH","author":"eveapprill","date":"9 mars 2025","format":false,"excerpt":"Slender Rice Flower Duret\u00e9, refus de la diff\u00e9rence, se compare aux autres. Coop\u00e9ration et harmonie au sein d\u2019un groupe, humilit\u00e9, appr\u00e9cier et accepter la beaut\u00e9 des autres.","rel":"","context":"Article similaire","block_context":{"text":"Article similaire","link":""},"img":{"alt_text":"","src":"https:\/\/i0.wp.com\/artstella-elixirs-floraux.com\/wp-content\/uploads\/2025\/03\/wp-image1063.png?resize=350%2C200&ssl=1","width":350,"height":200},"classes":[]}],"_links":{"self":[{"href":"https:\/\/artstella-elixirs-floraux.com\/fr_fr\/wp-json\/wp\/v2\/product\/2672","targetHints":{"allow":["GET"]}}],"collection":[{"href":"https:\/\/artstella-elixirs-floraux.com\/fr_fr\/wp-json\/wp\/v2\/product"}],"about":[{"href":"https:\/\/artstella-elixirs-floraux.com\/fr_fr\/wp-json\/wp\/v2\/types\/product"}],"version-history":[{"count":0,"href":"https:\/\/artstella-elixirs-floraux.com\/fr_fr\/wp-json\/wp\/v2\/product\/2672\/revisions"}],"wp:featuredmedia":[{"embeddable":true,"href":"https:\/\/artstella-elixirs-floraux.com\/fr_fr\/wp-json\/wp\/v2\/media\/2673"}],"wp:attachment":[{"href":"https:\/\/artstella-elixirs-floraux.com\/fr_fr\/wp-json\/wp\/v2\/media?parent=2672"}],"wp:term":[{"taxonomy":"product_brand","embeddable":true,"href":"https:\/\/artstella-elixirs-floraux.com\/fr_fr\/wp-json\/wp\/v2\/product_brand?post=2672"},{"taxonomy":"product_cat","embeddable":true,"href":"https:\/\/artstella-elixirs-floraux.com\/fr_fr\/wp-json\/wp\/v2\/product_cat?post=2672"},{"taxonomy":"product_tag","embeddable":true,"href":"https:\/\/artstella-elixirs-floraux.com\/fr_fr\/wp-json\/wp\/v2\/product_tag?post=2672"}],"curies":[{"name":"wp","href":"https:\/\/api.w.org\/{rel}","templated":true}]}}