{"id":2676,"date":"2025-03-09T13:00:12","date_gmt":"2025-03-09T13:00:12","guid":{"rendered":"https:\/\/artstella-elixirs-floraux.com\/product\/lichen-bush-15ml\/"},"modified":"2025-04-09T12:04:27","modified_gmt":"2025-04-09T12:04:27","slug":"lichen-bush-15ml","status":"publish","type":"product","link":"https:\/\/artstella-elixirs-floraux.com\/fr_fr\/produit\/lichen-bush-15ml\/","title":{"rendered":"LICHEN BUSH 15ML"},"content":{"rendered":"","protected":false},"excerpt":{"rendered":"<p><span style=\"color:#008000\"><strong><em>LICHEN<\/em><\/strong><\/span><\/p>\n<p>Ne pas savoir chercher et entrer dans la lumi\u00e8re lors de la mort, \u00eatre encore li\u00e9 \u00e0 la terre depuis le plan astral. Facilite la transition dans la lumi\u00e8re, aide \u00e0 la s\u00e9paration entre le corps physique et \u00e9th\u00e9rique, lib\u00e8re du lien \u00e0 la terre.<\/p>\n","protected":false},"featured_media":2677,"template":"","meta":[],"product_brand":[],"product_cat":[121,83],"product_tag":[],"class_list":{"0":"post-2676","1":"product","2":"type-product","3":"status-publish","4":"has-post-thumbnail","6":"product_cat-les-elixirs-complementaires","7":"product_cat-bush-australien","9":"first","10":"instock","11":"taxable","12":"shipping-taxable","13":"purchasable","14":"product-type-simple"},"etheme_brands":{"errors":{"invalid_taxonomy":["Taxonomie non valide."]},"error_data":[]},"jetpack_sharing_enabled":true,"jetpack-related-posts":[{"id":3900,"url":"https:\/\/artstella-elixirs-floraux.com\/fr_fr\/produit\/lichen-phi-n15-15-ml\/","url_meta":{"origin":2676,"position":0},"title":"LICHEN PHI n\u00b015 15 ML","author":"eveapprill","date":"9 mars 2025","format":false,"excerpt":"Lichen (Caloplaca flavescens Stralige Sch\u00f6nflechte) L\u2019\u00e9lixir poss\u00e8de une action \u00e9nerg\u00e9tique favorable \u00e0 la peau. Il facilite le contact avec le monde \u00ab\u00a0ext\u00e9rieur\u00a0\u00bb, en permettant d\u2019\u00e9tablir de nouveaux contacts.","rel":"","context":"Article similaire","block_context":{"text":"Article similaire","link":""},"img":{"alt_text":"","src":"https:\/\/i0.wp.com\/artstella-elixirs-floraux.com\/wp-content\/uploads\/2025\/03\/wp-image655.png?resize=350%2C200&ssl=1","width":350,"height":200},"classes":[]},{"id":3902,"url":"https:\/\/artstella-elixirs-floraux.com\/fr_fr\/produit\/lichen-phi-n16-15-ml\/","url_meta":{"origin":2676,"position":1},"title":"LICHEN PHI n\u00b016 15 ML","author":"eveapprill","date":"9 mars 2025","format":false,"excerpt":"Lichen (Stereocaulon vesuvianum Strauchf\u00f6rmige Flechte)Pour recommencer une vie nouvelle, apr\u00e8s des difficult\u00e9s. L\u2019\u00e9lixir renforce la volont\u00e9 (m\u00eame les petits pas).","rel":"","context":"Article similaire","block_context":{"text":"Article similaire","link":""},"img":{"alt_text":"","src":"https:\/\/i0.wp.com\/artstella-elixirs-floraux.com\/wp-content\/uploads\/2025\/03\/wp-image657.png?resize=350%2C200&ssl=1","width":350,"height":200},"classes":[]},{"id":4424,"url":"https:\/\/artstella-elixirs-floraux.com\/fr_fr\/produit\/lichen-15-ml-bush\/","url_meta":{"origin":2676,"position":2},"title":"LICHEN 15 ML BUSH","author":"eveapprill","date":"27 mai 2025","format":false,"excerpt":"","rel":"","context":"Article similaire","block_context":{"text":"Article similaire","link":""},"img":{"alt_text":"","src":"https:\/\/i0.wp.com\/artstella-elixirs-floraux.com\/wp-content\/uploads\/2025\/03\/wp-image1038.png?resize=350%2C200&ssl=1","width":350,"height":200},"classes":[]},{"id":2745,"url":"https:\/\/artstella-elixirs-floraux.com\/fr_fr\/produit\/transition-bush-30ml\/","url_meta":{"origin":2676,"position":3},"title":"TRANSITION BUSH 30ml","author":"eveapprill","date":"9 mars 2025","format":false,"excerpt":"Transition Att\u00e9nue la peur de la mort tout en aidant \u00e0 l'affronter. Permet de faire ce passage avec douceur, calme, dignit\u00e9, s\u00e9r\u00e9nit\u00e9. Sert \u00e0 toutes les transitions importantes de la vie. Compos\u00e9 de Bottlebrush, Bush Iris, Autumn leaves, Lichen, Mint Bush et de Bauhinia.","rel":"","context":"Article similaire","block_context":{"text":"Article similaire","link":""},"img":{"alt_text":"","src":"https:\/\/i0.wp.com\/artstella-elixirs-floraux.com\/wp-content\/uploads\/2025\/03\/6d9cbf5c-0d20-404c-805c-951ad9a102b1.jpg?resize=350%2C200&ssl=1","width":350,"height":200,"srcset":"https:\/\/i0.wp.com\/artstella-elixirs-floraux.com\/wp-content\/uploads\/2025\/03\/6d9cbf5c-0d20-404c-805c-951ad9a102b1.jpg?resize=350%2C200&ssl=1 1x, https:\/\/i0.wp.com\/artstella-elixirs-floraux.com\/wp-content\/uploads\/2025\/03\/6d9cbf5c-0d20-404c-805c-951ad9a102b1.jpg?resize=525%2C300&ssl=1 1.5x, https:\/\/i0.wp.com\/artstella-elixirs-floraux.com\/wp-content\/uploads\/2025\/03\/6d9cbf5c-0d20-404c-805c-951ad9a102b1.jpg?resize=700%2C400&ssl=1 2x"},"classes":[]},{"id":4987,"url":"https:\/\/artstella-elixirs-floraux.com\/fr_fr\/produit\/reindeer-moss-alaska-f-sup\/","url_meta":{"origin":2676,"position":4},"title":"REINDEER MOSS ALASKA F SUP","author":"eveapprill","date":"9 mars 2025","format":false,"excerpt":"Reindeer Moss Cladina rangiferina Lichen des caribous Indications\u00a0: d\u00e9racinement\u00a0; d\u00e9connexion\u00a0; d\u00e9plac\u00e9\u00a0; tristesse\u00a0; d\u00e9couragement, d\u00e9sespoir\u00a0; changements importants et soudains dans la vie hors de notre contr\u00f4le tel que perdre sa maison, son travail.","rel":"","context":"Article similaire","block_context":{"text":"Article similaire","link":""},"img":{"alt_text":"","src":"","width":0,"height":0},"classes":[]},{"id":4080,"url":"https:\/\/artstella-elixirs-floraux.com\/fr_fr\/produit\/luz-lumiere-15-ml-sylfos\/","url_meta":{"origin":2676,"position":5},"title":"LUZ \/ LUMIERE 15 ML SYLFOS","author":"eveapprill","date":"9 mars 2025","format":false,"excerpt":"Aide \u00e0 maintenir les pieds sur terre, et apaise les \u00e9motions. Apporte de la \u00ab\u00a0 lumi\u00e8re\u00a0\u00bb dans une phase de sombre, voire\u00a0 \u00e0 tendance d\u00e9pressive. Permet de retrouver clart\u00e9 et objectivit\u00e9, notamment face au trop plein d\u2019information n\u00e9gatives, voire manipulatrices.","rel":"","context":"Article similaire","block_context":{"text":"Article similaire","link":""},"img":{"alt_text":"","src":"https:\/\/i0.wp.com\/artstella-elixirs-floraux.com\/wp-content\/uploads\/2025\/03\/63b05c56-ed71-4a24-a717-2bec00eb45d9.jpg?resize=350%2C200&ssl=1","width":350,"height":200,"srcset":"https:\/\/i0.wp.com\/artstella-elixirs-floraux.com\/wp-content\/uploads\/2025\/03\/63b05c56-ed71-4a24-a717-2bec00eb45d9.jpg?resize=350%2C200&ssl=1 1x, https:\/\/i0.wp.com\/artstella-elixirs-floraux.com\/wp-content\/uploads\/2025\/03\/63b05c56-ed71-4a24-a717-2bec00eb45d9.jpg?resize=525%2C300&ssl=1 1.5x, https:\/\/i0.wp.com\/artstella-elixirs-floraux.com\/wp-content\/uploads\/2025\/03\/63b05c56-ed71-4a24-a717-2bec00eb45d9.jpg?resize=700%2C400&ssl=1 2x"},"classes":[]}],"_links":{"self":[{"href":"https:\/\/artstella-elixirs-floraux.com\/fr_fr\/wp-json\/wp\/v2\/product\/2676","targetHints":{"allow":["GET"]}}],"collection":[{"href":"https:\/\/artstella-elixirs-floraux.com\/fr_fr\/wp-json\/wp\/v2\/product"}],"about":[{"href":"https:\/\/artstella-elixirs-floraux.com\/fr_fr\/wp-json\/wp\/v2\/types\/product"}],"version-history":[{"count":0,"href":"https:\/\/artstella-elixirs-floraux.com\/fr_fr\/wp-json\/wp\/v2\/product\/2676\/revisions"}],"wp:featuredmedia":[{"embeddable":true,"href":"https:\/\/artstella-elixirs-floraux.com\/fr_fr\/wp-json\/wp\/v2\/media\/2677"}],"wp:attachment":[{"href":"https:\/\/artstella-elixirs-floraux.com\/fr_fr\/wp-json\/wp\/v2\/media?parent=2676"}],"wp:term":[{"taxonomy":"product_brand","embeddable":true,"href":"https:\/\/artstella-elixirs-floraux.com\/fr_fr\/wp-json\/wp\/v2\/product_brand?post=2676"},{"taxonomy":"product_cat","embeddable":true,"href":"https:\/\/artstella-elixirs-floraux.com\/fr_fr\/wp-json\/wp\/v2\/product_cat?post=2676"},{"taxonomy":"product_tag","embeddable":true,"href":"https:\/\/artstella-elixirs-floraux.com\/fr_fr\/wp-json\/wp\/v2\/product_tag?post=2676"}],"curies":[{"name":"wp","href":"https:\/\/api.w.org\/{rel}","templated":true}]}}