{"id":2678,"date":"2025-03-09T13:00:14","date_gmt":"2025-03-09T13:00:14","guid":{"rendered":"https:\/\/artstella-elixirs-floraux.com\/product\/green-essence-bush-15ml\/"},"modified":"2025-04-09T12:04:27","modified_gmt":"2025-04-09T12:04:27","slug":"green-essence-bush-15ml","status":"publish","type":"product","link":"https:\/\/artstella-elixirs-floraux.com\/fr_fr\/produit\/green-essence-bush-15ml\/","title":{"rendered":"GREEN ESSENCE BUSH 15ML"},"content":{"rendered":"","protected":false},"excerpt":{"rendered":"<p><strong><em><span style=\"color:#008000\">GREEN ESSENCE<\/span> <br \/><\/em><\/strong><\/p>\n<p>D\u00e9tresse \u00e9motionnelle associ\u00e9e \u00e0 des probl\u00e8mes intestinaux et dermatologiques. Harmonise la vibration de tout champignon ou parasite avec sa propre vibration, purification.<\/p>\n","protected":false},"featured_media":2679,"template":"","meta":[],"product_brand":[],"product_cat":[121,83],"product_tag":[],"class_list":{"0":"post-2678","1":"product","2":"type-product","3":"status-publish","4":"has-post-thumbnail","6":"product_cat-les-elixirs-complementaires","7":"product_cat-bush-australien","9":"first","10":"instock","11":"taxable","12":"shipping-taxable","13":"purchasable","14":"product-type-simple"},"etheme_brands":{"errors":{"invalid_taxonomy":["Taxonomie non valide."]},"error_data":[]},"jetpack_sharing_enabled":true,"jetpack-related-posts":[{"id":4414,"url":"https:\/\/artstella-elixirs-floraux.com\/fr_fr\/produit\/green-essence-15-ml-bush\/","url_meta":{"origin":2678,"position":0},"title":"GREEN ESSENCE 15 ML BUSH","author":"eveapprill","date":"27 mai 2025","format":false,"excerpt":"Green Spider Flower Cauchemars et phobies dus aux vies ant\u00e9rieures, ne pas supporter la vie du sang. Apprendre \u00e0 ne pas divulguer certaines informations, communication t\u00e9l\u00e9pathique, \u00eatre en harmonie.","rel":"","context":"Article similaire","block_context":{"text":"Article similaire","link":""},"img":{"alt_text":"","src":"","width":0,"height":0},"classes":[]},{"id":2468,"url":"https:\/\/artstella-elixirs-floraux.com\/fr_fr\/produit\/jadeite\/","url_meta":{"origin":2678,"position":1},"title":"JADEITE","author":"eveapprill","date":"9 mars 2025","format":false,"excerpt":"JADEITE. JADE Une vibration de simplicit\u00e9 paisible, \u00e9quilibr\u00e9e, hors du temps, permet de rester centrer dans le moment avec une conscience et une acceptation de notre v\u00e9ritable essence.","rel":"","context":"Article similaire","block_context":{"text":"Article similaire","link":""},"img":{"alt_text":"","src":"https:\/\/i0.wp.com\/artstella-elixirs-floraux.com\/wp-content\/uploads\/2025\/03\/wp-image191.png?resize=350%2C200&ssl=1","width":350,"height":200},"classes":[]},{"id":2763,"url":"https:\/\/artstella-elixirs-floraux.com\/fr_fr\/produit\/angelic-angelique-bush-white-light\/","url_meta":{"origin":2678,"position":2},"title":"ANGELIC (Ang\u00e9lique) BUSH WHITE LIGHT","author":"eveapprill","date":"9 mars 2025","format":false,"excerpt":"L'\u00c9LIXIR ANG\u00c9LIQUE (ANGELIC ESSENCE) a \u00e9t\u00e9 cr\u00e9\u00e9 au P\u00e9rou, au sommet de la montagne sacr\u00e9e Putucusi, directement en face du Machu Picchu. Il aide \u00e0 s'ouvrir pour recevoir d'en haut les vibrations ang\u00e9liques d'inspiration, d\u2019amour, d'\u00e9veil, de communication, de guidanc...","rel":"","context":"Article similaire","block_context":{"text":"Article similaire","link":""},"img":{"alt_text":"","src":"https:\/\/i0.wp.com\/artstella-elixirs-floraux.com\/wp-content\/uploads\/2025\/03\/1cc5f192-dd2a-4e65-b324-54165c532471.jpg?resize=350%2C200&ssl=1","width":350,"height":200,"srcset":"https:\/\/i0.wp.com\/artstella-elixirs-floraux.com\/wp-content\/uploads\/2025\/03\/1cc5f192-dd2a-4e65-b324-54165c532471.jpg?resize=350%2C200&ssl=1 1x, https:\/\/i0.wp.com\/artstella-elixirs-floraux.com\/wp-content\/uploads\/2025\/03\/1cc5f192-dd2a-4e65-b324-54165c532471.jpg?resize=525%2C300&ssl=1 1.5x, https:\/\/i0.wp.com\/artstella-elixirs-floraux.com\/wp-content\/uploads\/2025\/03\/1cc5f192-dd2a-4e65-b324-54165c532471.jpg?resize=700%2C400&ssl=1 2x"},"classes":[]},{"id":4598,"url":"https:\/\/artstella-elixirs-floraux.com\/fr_fr\/produit\/animal-healing-bush-essences\/","url_meta":{"origin":2678,"position":3},"title":"ANIMAL HEALING BUSH ESSENCES","author":"eveapprill","date":"9 mars 2025","format":false,"excerpt":"ANIMAL HEALING BUSH ESSENCES","rel":"","context":"Article similaire","block_context":{"text":"Article similaire","link":""},"img":{"alt_text":"","src":"","width":0,"height":0},"classes":[]},{"id":4596,"url":"https:\/\/artstella-elixirs-floraux.com\/fr_fr\/produit\/happy-healthy-kids-bush-essences\/","url_meta":{"origin":2678,"position":4},"title":"HAPPY HEALTHY KIDS BUSH ESSENCES","author":"eveapprill","date":"9 mars 2025","format":false,"excerpt":"HAPPY HEALTHY KIDS BUSH ESSENCES","rel":"","context":"Article similaire","block_context":{"text":"Article similaire","link":""},"img":{"alt_text":"","src":"","width":0,"height":0},"classes":[]},{"id":5500,"url":"https:\/\/artstella-elixirs-floraux.com\/fr_fr\/produit\/les-essences-de-fleurs-de-bach-la-memoire-de-leau\/","url_meta":{"origin":2678,"position":5},"title":"les essences de fleurs de bach &amp; la m\u00e9moire de l&rsquo;eau","author":"eveapprill","date":"9 mars 2025","format":false,"excerpt":"Nouveau : Les Essences de Fleurs de Bach et la M\u00e9moire de l\u2019Eau, de Julian Barnard,\u00a0 parution\u00a0 Ulmus Ltd Traduction par G\u00e9rard Wolf","rel":"","context":"Article similaire","block_context":{"text":"Article similaire","link":""},"img":{"alt_text":"","src":"https:\/\/i0.wp.com\/artstella-elixirs-floraux.com\/wp-content\/uploads\/2025\/03\/wp-image1746.png?resize=350%2C200&ssl=1","width":350,"height":200},"classes":[]}],"_links":{"self":[{"href":"https:\/\/artstella-elixirs-floraux.com\/fr_fr\/wp-json\/wp\/v2\/product\/2678","targetHints":{"allow":["GET"]}}],"collection":[{"href":"https:\/\/artstella-elixirs-floraux.com\/fr_fr\/wp-json\/wp\/v2\/product"}],"about":[{"href":"https:\/\/artstella-elixirs-floraux.com\/fr_fr\/wp-json\/wp\/v2\/types\/product"}],"version-history":[{"count":0,"href":"https:\/\/artstella-elixirs-floraux.com\/fr_fr\/wp-json\/wp\/v2\/product\/2678\/revisions"}],"wp:featuredmedia":[{"embeddable":true,"href":"https:\/\/artstella-elixirs-floraux.com\/fr_fr\/wp-json\/wp\/v2\/media\/2679"}],"wp:attachment":[{"href":"https:\/\/artstella-elixirs-floraux.com\/fr_fr\/wp-json\/wp\/v2\/media?parent=2678"}],"wp:term":[{"taxonomy":"product_brand","embeddable":true,"href":"https:\/\/artstella-elixirs-floraux.com\/fr_fr\/wp-json\/wp\/v2\/product_brand?post=2678"},{"taxonomy":"product_cat","embeddable":true,"href":"https:\/\/artstella-elixirs-floraux.com\/fr_fr\/wp-json\/wp\/v2\/product_cat?post=2678"},{"taxonomy":"product_tag","embeddable":true,"href":"https:\/\/artstella-elixirs-floraux.com\/fr_fr\/wp-json\/wp\/v2\/product_tag?post=2678"}],"curies":[{"name":"wp","href":"https:\/\/api.w.org\/{rel}","templated":true}]}}