{"id":2714,"date":"2025-03-09T13:00:54","date_gmt":"2025-03-09T13:00:54","guid":{"rendered":"https:\/\/artstella-elixirs-floraux.com\/product\/travel-ease-alaska\/"},"modified":"2025-04-07T13:31:22","modified_gmt":"2025-04-07T13:31:22","slug":"travel-ease-alaska","status":"publish","type":"product","link":"https:\/\/artstella-elixirs-floraux.com\/fr_fr\/produit\/travel-ease-alaska\/","title":{"rendered":"TRAVEL EASE ALASKA"},"content":{"rendered":"<p><span style=\"color: #008000;\"><strong><em>Travel ease<\/em> : <\/strong><\/span><\/p>\n<p>Existe en gouttes et en spray Contient : black tourmaline- covellite &#8211; smocky quartz &#8211; white violet &#8211; yarrow<\/p>\n<p>La combinaison Travel Ease est sp\u00e9cifiquement pr\u00e9vue pour apaiser les effets n\u00e9gatifs des voyages en avion, particuli\u00e8rement pour le d\u00e9calage horaire. Cette formule est utile en cas de difficult\u00e9 \u00e0 rester enferm\u00e9 dans des espaces clos pendant une longue p\u00e9riode, elle vous aidera \u00e0 retrouver la sensation d\u2019avoir tout l\u2019espace personnel dont vous avez besoin.<\/p>\n","protected":false},"excerpt":{"rendered":"<p><span style=\"color: #008000;\"><strong><em>Travel ease<\/em><\/strong><strong> :<\/strong><\/span><\/p>\n<p>Existe en gouttes et en spray Contient : black tourmaline- covellite &#8211; smocky quartz &#8211; white violet &#8211; yarrow<\/p>\n<p>La combinaison Travel Ease est sp\u00e9cifiquement pr\u00e9vue pour apaiser les effets n\u00e9gatifs des voyages en avion, particuli\u00e8rement pour le d\u00e9calage horaire.<\/p>\n","protected":false},"featured_media":7691,"template":"","meta":[],"product_brand":[],"product_cat":[123],"product_tag":[],"class_list":{"0":"post-2714","1":"product","2":"type-product","3":"status-publish","4":"has-post-thumbnail","6":"product_cat-combinaisons-d-elixir-de-les-spays","8":"first","9":"instock","10":"taxable","11":"shipping-taxable","12":"purchasable","13":"product-type-variable"},"etheme_brands":{"errors":{"invalid_taxonomy":["Taxonomie non valide."]},"error_data":[]},"jetpack_sharing_enabled":true,"jetpack-related-posts":[{"id":11331,"url":"https:\/\/artstella-elixirs-floraux.com\/fr_fr\/produit\/travel-ease-voyage-facile-spray\/","url_meta":{"origin":2714,"position":0},"title":"Travel Ease (Voyage facile) &#8211; Spray","author":"eveapprill","date":"31 ao\u00fbt 2025","format":false,"excerpt":"La combinaison Travel Ease est sp\u00e9cialement con\u00e7ue pour att\u00e9nuer les effets n\u00e9gatifs du transport a\u00e9rien, y compris ce qui est commun\u00e9ment appel\u00e9 le d\u00e9calage horaire. Cette formule renforce et maintien des limites \u00e9nerg\u00e9tiques fonctionnelles. Si vous \u00eates sensible \u00e0 l'environnement et avez de la difficult\u00e9 \u00e0 rester confin\u00e9 dans de\u2026","rel":"","context":"Article similaire","block_context":{"text":"Article similaire","link":""},"img":{"alt_text":"","src":"https:\/\/i0.wp.com\/artstella-elixirs-floraux.com\/wp-content\/uploads\/2025\/08\/travel-ease.jpg?resize=350%2C200&ssl=1","width":350,"height":200},"classes":[]},{"id":2694,"url":"https:\/\/artstella-elixirs-floraux.com\/fr_fr\/produit\/guardian-alaska\/","url_meta":{"origin":2714,"position":1},"title":"GUARDIAN ALASKA","author":"eveapprill","date":"9 mars 2025","format":false,"excerpt":"Guardian (Guardien) existe en gouttes et en\u00a0 spray. Contient : Covellite . Devil\u2019s club. Round leave orchid . Stone circle. White Violet . Yarrow. Apporte un puissant champ de protection au niveau de l\u2019aura. Elle invoque une \u00e9nergie harmonieuse qui vous permet d\u2019avoir votre espace, de maintenir votre ancrage et\u2026","rel":"","context":"Article similaire","block_context":{"text":"Article similaire","link":""},"img":{"alt_text":"","src":"https:\/\/i0.wp.com\/artstella-elixirs-floraux.com\/wp-content\/uploads\/2025\/03\/1cb3fc0a-98e4-4c12-85cf-fdb300461280.jpg?resize=350%2C200&ssl=1","width":350,"height":200,"srcset":"https:\/\/i0.wp.com\/artstella-elixirs-floraux.com\/wp-content\/uploads\/2025\/03\/1cb3fc0a-98e4-4c12-85cf-fdb300461280.jpg?resize=350%2C200&ssl=1 1x, https:\/\/i0.wp.com\/artstella-elixirs-floraux.com\/wp-content\/uploads\/2025\/03\/1cb3fc0a-98e4-4c12-85cf-fdb300461280.jpg?resize=525%2C300&ssl=1 1.5x, https:\/\/i0.wp.com\/artstella-elixirs-floraux.com\/wp-content\/uploads\/2025\/03\/1cb3fc0a-98e4-4c12-85cf-fdb300461280.jpg?resize=700%2C400&ssl=1 2x"},"classes":[]},{"id":2704,"url":"https:\/\/artstella-elixirs-floraux.com\/fr_fr\/produit\/purification-gouttes-alaska\/","url_meta":{"origin":2714,"position":2},"title":"PURIFICATION \u00ab\u00a0gouttes\u00a0\u00bb ALASKA","author":"eveapprill","date":"9 mars 2025","format":false,"excerpt":"Purification Existe en gouttes et en spray. Contient : Black Tourmaline Firerweed . Portage Glacier.\u00a0 Sweetgrass .Permet de nettoyer et purifier votre maison, l\u2019environnement de votre travail, ou votre champ \u00e9nerg\u00e9tique.","rel":"","context":"Article similaire","block_context":{"text":"Article similaire","link":""},"img":{"alt_text":"","src":"https:\/\/i0.wp.com\/artstella-elixirs-floraux.com\/wp-content\/uploads\/2025\/03\/fe2d0dd4-a7e2-464c-a38d-e2ff91c0394a.jpg?resize=350%2C200&ssl=1","width":350,"height":200,"srcset":"https:\/\/i0.wp.com\/artstella-elixirs-floraux.com\/wp-content\/uploads\/2025\/03\/fe2d0dd4-a7e2-464c-a38d-e2ff91c0394a.jpg?resize=350%2C200&ssl=1 1x, https:\/\/i0.wp.com\/artstella-elixirs-floraux.com\/wp-content\/uploads\/2025\/03\/fe2d0dd4-a7e2-464c-a38d-e2ff91c0394a.jpg?resize=525%2C300&ssl=1 1.5x, https:\/\/i0.wp.com\/artstella-elixirs-floraux.com\/wp-content\/uploads\/2025\/03\/fe2d0dd4-a7e2-464c-a38d-e2ff91c0394a.jpg?resize=700%2C400&ssl=1 2x"},"classes":[]},{"id":2747,"url":"https:\/\/artstella-elixirs-floraux.com\/fr_fr\/produit\/travel-voyage-bush-30-ml\/","url_meta":{"origin":2714,"position":3},"title":"TRAVEL Voyage BUSH 30 ml","author":"eveapprill","date":"9 mars 2025","format":false,"excerpt":"Travel -\u00a0Voyage Recommand\u00e9 \u00e0 tous ceux qui partent en voyage et tout particuli\u00e8rement \u00e0 ceux qui voyagent en avion. Limite les effets du mal des transports (mer, air, fer, route).","rel":"","context":"Article similaire","block_context":{"text":"Article similaire","link":""},"img":{"alt_text":"","src":"https:\/\/i0.wp.com\/artstella-elixirs-floraux.com\/wp-content\/uploads\/2025\/03\/797b8093-234c-413f-994e-c16f863422b6.jpg?resize=350%2C200&ssl=1","width":350,"height":200,"srcset":"https:\/\/i0.wp.com\/artstella-elixirs-floraux.com\/wp-content\/uploads\/2025\/03\/797b8093-234c-413f-994e-c16f863422b6.jpg?resize=350%2C200&ssl=1 1x, https:\/\/i0.wp.com\/artstella-elixirs-floraux.com\/wp-content\/uploads\/2025\/03\/797b8093-234c-413f-994e-c16f863422b6.jpg?resize=525%2C300&ssl=1 1.5x, https:\/\/i0.wp.com\/artstella-elixirs-floraux.com\/wp-content\/uploads\/2025\/03\/797b8093-234c-413f-994e-c16f863422b6.jpg?resize=700%2C400&ssl=1 2x"},"classes":[]},{"id":4574,"url":"https:\/\/artstella-elixirs-floraux.com\/fr_fr\/produit\/purification-alaska\/","url_meta":{"origin":2714,"position":4},"title":"PURIFICATION SPRAY ALASKA","author":"eveapprill","date":"9 mars 2025","format":false,"excerpt":"Purification Existe en gouttes et en spray. Contient : Black Tourmaline Firerweed . Portage Glacier.\u00a0 Sweetgrass .Permet de nettoyer et purifier votre maison, l\u2019environnement de votre travail, ou votre champ \u00e9nerg\u00e9tique.","rel":"","context":"Article similaire","block_context":{"text":"Article similaire","link":""},"img":{"alt_text":"","src":"https:\/\/i0.wp.com\/artstella-elixirs-floraux.com\/wp-content\/uploads\/2025\/03\/purification-pt-1.jpg?resize=350%2C200&ssl=1","width":350,"height":200},"classes":[]},{"id":4569,"url":"https:\/\/artstella-elixirs-floraux.com\/fr_fr\/produit\/animal-care\/","url_meta":{"origin":2714,"position":5},"title":"Animal care","author":"eveapprill","date":"9 mars 2025","format":false,"excerpt":"ANIMAL CARE SPRAYS Combinaison sp\u00e9ciale d\u2019\u00e9lixirs de fleurs et de gemmes d\u2019Alaska pr\u00e9par\u00e9 comme un rem\u00e8de d\u2019urgence. Pour traiter les animaux. Il sera d'autant plus efficace s\u2019il est donn\u00e9 d\u00e8s les premiers soins apport\u00e9s aux animaux arrivant chez le v\u00e9t\u00e9rinaire, au refuge, \u00e0 la clinique, etc.","rel":"","context":"Article similaire","block_context":{"text":"Article similaire","link":""},"img":{"alt_text":"","src":"https:\/\/i0.wp.com\/artstella-elixirs-floraux.com\/wp-content\/uploads\/2025\/03\/f106a38d-47a3-45a8-b95d-77f509ef85e5.jpg?resize=350%2C200&ssl=1","width":350,"height":200,"srcset":"https:\/\/i0.wp.com\/artstella-elixirs-floraux.com\/wp-content\/uploads\/2025\/03\/f106a38d-47a3-45a8-b95d-77f509ef85e5.jpg?resize=350%2C200&ssl=1 1x, https:\/\/i0.wp.com\/artstella-elixirs-floraux.com\/wp-content\/uploads\/2025\/03\/f106a38d-47a3-45a8-b95d-77f509ef85e5.jpg?resize=525%2C300&ssl=1 1.5x, https:\/\/i0.wp.com\/artstella-elixirs-floraux.com\/wp-content\/uploads\/2025\/03\/f106a38d-47a3-45a8-b95d-77f509ef85e5.jpg?resize=700%2C400&ssl=1 2x"},"classes":[]}],"_links":{"self":[{"href":"https:\/\/artstella-elixirs-floraux.com\/fr_fr\/wp-json\/wp\/v2\/product\/2714","targetHints":{"allow":["GET"]}}],"collection":[{"href":"https:\/\/artstella-elixirs-floraux.com\/fr_fr\/wp-json\/wp\/v2\/product"}],"about":[{"href":"https:\/\/artstella-elixirs-floraux.com\/fr_fr\/wp-json\/wp\/v2\/types\/product"}],"version-history":[{"count":0,"href":"https:\/\/artstella-elixirs-floraux.com\/fr_fr\/wp-json\/wp\/v2\/product\/2714\/revisions"}],"wp:featuredmedia":[{"embeddable":true,"href":"https:\/\/artstella-elixirs-floraux.com\/fr_fr\/wp-json\/wp\/v2\/media\/7691"}],"wp:attachment":[{"href":"https:\/\/artstella-elixirs-floraux.com\/fr_fr\/wp-json\/wp\/v2\/media?parent=2714"}],"wp:term":[{"taxonomy":"product_brand","embeddable":true,"href":"https:\/\/artstella-elixirs-floraux.com\/fr_fr\/wp-json\/wp\/v2\/product_brand?post=2714"},{"taxonomy":"product_cat","embeddable":true,"href":"https:\/\/artstella-elixirs-floraux.com\/fr_fr\/wp-json\/wp\/v2\/product_cat?post=2714"},{"taxonomy":"product_tag","embeddable":true,"href":"https:\/\/artstella-elixirs-floraux.com\/fr_fr\/wp-json\/wp\/v2\/product_tag?post=2714"}],"curies":[{"name":"wp","href":"https:\/\/api.w.org\/{rel}","templated":true}]}}