{"id":2721,"date":"2025-03-09T13:01:00","date_gmt":"2025-03-09T13:01:00","guid":{"rendered":"https:\/\/artstella-elixirs-floraux.com\/product\/calm-and-clear-serenite-bush-30ml\/"},"modified":"2025-06-03T20:46:05","modified_gmt":"2025-06-03T20:46:05","slug":"calm-and-clear-serenite-bush-30ml","status":"publish","type":"product","link":"https:\/\/artstella-elixirs-floraux.com\/fr_fr\/produit\/calm-and-clear-serenite-bush-30ml\/","title":{"rendered":"CALM AND CLEAR S\u00e9r\u00e9nit\u00e9 BUSH 30ml"},"content":{"rendered":"<p><strong><em>Calm and Clear &#8211;\u00a0S\u00e9r\u00e9nit\u00e9 <\/em><\/strong><\/p>\n<p>Destin\u00e9 \u00e0 ceux qui en font trop, s&rsquo;oubliant volontiers dans l&rsquo;agitation quotidienne. Pour favoriser l&rsquo;acceptation du l\u00e2cher-prise, trouver du temps pour soi, d\u00e9compresser et prendre plaisir \u00e0 se d\u00e9tendre.<\/p>\n<p><em>Compos\u00e9 de Black-eyed Susan, Boronia, Crowea, Bush Fuschia, Jacaranda, Little Flannel flower, Paw Paw, Bottlebrush.<\/em><\/p>\n","protected":false},"excerpt":{"rendered":"<p><span style=\"color: #008000;\"><strong><em>Calm and Clear &#8211;\u00a0S\u00e9r\u00e9nit\u00e9 <\/em><\/strong><\/span><\/p>\n<p>Destin\u00e9 \u00e0 ceux qui en font trop, s&rsquo;oubliant volontiers dans l&rsquo;agitation quotidienne. Pour favoriser l&rsquo;acceptation du l\u00e2cher-prise, trouver du temps pour soi, d\u00e9compresser et prendre plaisir \u00e0 se d\u00e9tendre.<\/p>\n","protected":false},"featured_media":9991,"template":"","meta":[],"product_brand":[],"product_cat":[122],"product_tag":[],"class_list":{"0":"post-2721","1":"product","2":"type-product","3":"status-publish","4":"has-post-thumbnail","6":"product_cat-les-composes-du-bush-australien","8":"first","9":"instock","10":"taxable","11":"shipping-taxable","12":"purchasable","13":"product-type-simple"},"etheme_brands":{"errors":{"invalid_taxonomy":["Taxonomie non valide."]},"error_data":[]},"jetpack_sharing_enabled":true,"jetpack-related-posts":[{"id":2779,"url":"https:\/\/artstella-elixirs-floraux.com\/fr_fr\/produit\/creme-calm-and-clear-serenite\/","url_meta":{"origin":2721,"position":0},"title":"CREME CALM AND CLEAR &#8211; S\u00e9r\u00e9nit\u00e9","author":"eveapprill","date":"9 mars 2025","format":false,"excerpt":"La cr\u00e8me Calm and Clear - S\u00e9r\u00e9nit\u00e9 Permet de prendre son temps et de trouver son espace. Pour envisager les choses sainement et calmement. Peut \u00eatre utilis\u00e9e pour favoriser l\u2019endormissement. Egalement disponible en gouttes et en spray.","rel":"","context":"Article similaire","block_context":{"text":"Article similaire","link":""},"img":{"alt_text":"","src":"https:\/\/i0.wp.com\/artstella-elixirs-floraux.com\/wp-content\/uploads\/2025\/03\/7ebf751f-b284-4e55-acbd-908ac845db09.jpg?resize=350%2C200&ssl=1","width":350,"height":200,"srcset":"https:\/\/i0.wp.com\/artstella-elixirs-floraux.com\/wp-content\/uploads\/2025\/03\/7ebf751f-b284-4e55-acbd-908ac845db09.jpg?resize=350%2C200&ssl=1 1x, https:\/\/i0.wp.com\/artstella-elixirs-floraux.com\/wp-content\/uploads\/2025\/03\/7ebf751f-b284-4e55-acbd-908ac845db09.jpg?resize=525%2C300&ssl=1 1.5x, https:\/\/i0.wp.com\/artstella-elixirs-floraux.com\/wp-content\/uploads\/2025\/03\/7ebf751f-b284-4e55-acbd-908ac845db09.jpg?resize=700%2C400&ssl=1 2x"},"classes":[]},{"id":5273,"url":"https:\/\/artstella-elixirs-floraux.com\/fr_fr\/produit\/spray-calm-and-clear-serenite\/","url_meta":{"origin":2721,"position":1},"title":"Spray CALM AND CLEAR &#8211; S\u00e9r\u00e9nit\u00e9","author":"eveapprill","date":"9 mars 2025","format":false,"excerpt":"Le spray Calm and Clear - S\u00e9r\u00e9nit\u00e9 Permet de prendre son temps et de trouver son espace. Pour envisager les choses sainement et calmement. Peut \u00eatre utilis\u00e9 pour favoriser l\u2019endormissement. Egalement disponible en gouttes 30ml et en cr\u00e8me.","rel":"","context":"Article similaire","block_context":{"text":"Article similaire","link":""},"img":{"alt_text":"","src":"","width":0,"height":0},"classes":[]},{"id":2771,"url":"https:\/\/artstella-elixirs-floraux.com\/fr_fr\/produit\/china-bush-lf\/","url_meta":{"origin":2721,"position":2},"title":"CHINA BUSH LF","author":"eveapprill","date":"9 mars 2025","format":false,"excerpt":"China Essence \u2013 Elixir de Chine R\u00e9tablit l\u2019\u00e9quilibre dans notre vie entre l\u2019agitation du monde et le calme profond de la contemplation int\u00e9rieure. Favorise le l\u00e2cher-prise de la culpabilit\u00e9 et du karma.","rel":"","context":"Article similaire","block_context":{"text":"Article similaire","link":""},"img":{"alt_text":"","src":"https:\/\/i0.wp.com\/artstella-elixirs-floraux.com\/wp-content\/uploads\/2025\/03\/49a4350f-3675-4a17-a831-3b1e59f2f615.jpg?resize=350%2C200&ssl=1","width":350,"height":200,"srcset":"https:\/\/i0.wp.com\/artstella-elixirs-floraux.com\/wp-content\/uploads\/2025\/03\/49a4350f-3675-4a17-a831-3b1e59f2f615.jpg?resize=350%2C200&ssl=1 1x, https:\/\/i0.wp.com\/artstella-elixirs-floraux.com\/wp-content\/uploads\/2025\/03\/49a4350f-3675-4a17-a831-3b1e59f2f615.jpg?resize=525%2C300&ssl=1 1.5x, https:\/\/i0.wp.com\/artstella-elixirs-floraux.com\/wp-content\/uploads\/2025\/03\/49a4350f-3675-4a17-a831-3b1e59f2f615.jpg?resize=700%2C400&ssl=1 2x"},"classes":[]},{"id":2747,"url":"https:\/\/artstella-elixirs-floraux.com\/fr_fr\/produit\/travel-voyage-bush-30-ml\/","url_meta":{"origin":2721,"position":3},"title":"TRAVEL Voyage BUSH 30 ml","author":"eveapprill","date":"9 mars 2025","format":false,"excerpt":"Travel -\u00a0Voyage Recommand\u00e9 \u00e0 tous ceux qui partent en voyage et tout particuli\u00e8rement \u00e0 ceux qui voyagent en avion. Limite les effets du mal des transports (mer, air, fer, route).","rel":"","context":"Article similaire","block_context":{"text":"Article similaire","link":""},"img":{"alt_text":"","src":"https:\/\/i0.wp.com\/artstella-elixirs-floraux.com\/wp-content\/uploads\/2025\/03\/797b8093-234c-413f-994e-c16f863422b6.jpg?resize=350%2C200&ssl=1","width":350,"height":200,"srcset":"https:\/\/i0.wp.com\/artstella-elixirs-floraux.com\/wp-content\/uploads\/2025\/03\/797b8093-234c-413f-994e-c16f863422b6.jpg?resize=350%2C200&ssl=1 1x, https:\/\/i0.wp.com\/artstella-elixirs-floraux.com\/wp-content\/uploads\/2025\/03\/797b8093-234c-413f-994e-c16f863422b6.jpg?resize=525%2C300&ssl=1 1.5x, https:\/\/i0.wp.com\/artstella-elixirs-floraux.com\/wp-content\/uploads\/2025\/03\/797b8093-234c-413f-994e-c16f863422b6.jpg?resize=700%2C400&ssl=1 2x"},"classes":[]},{"id":6396,"url":"https:\/\/artstella-elixirs-floraux.com\/fr_fr\/produit\/sleep-sommeil-spay-50ml-bush-australien\/","url_meta":{"origin":2721,"position":4},"title":"Sleep &#8211; Sommeil Spray 50ml Bush Australien","author":"eveapprill","date":"9 mars 2025","format":false,"excerpt":"Un nouveau spray du Bush australien pour favoriser le sommeil.","rel":"","context":"Article similaire","block_context":{"text":"Article similaire","link":""},"img":{"alt_text":"Sommeil Spray 50ml Bush Australien","src":"https:\/\/i0.wp.com\/artstella-elixirs-floraux.com\/wp-content\/uploads\/2025\/03\/7efb9cc8-f479-4a0f-be39-aca972b654d6.webp?resize=350%2C200&ssl=1","width":350,"height":200,"srcset":"https:\/\/i0.wp.com\/artstella-elixirs-floraux.com\/wp-content\/uploads\/2025\/03\/7efb9cc8-f479-4a0f-be39-aca972b654d6.webp?resize=350%2C200&ssl=1 1x, https:\/\/i0.wp.com\/artstella-elixirs-floraux.com\/wp-content\/uploads\/2025\/03\/7efb9cc8-f479-4a0f-be39-aca972b654d6.webp?resize=525%2C300&ssl=1 1.5x, https:\/\/i0.wp.com\/artstella-elixirs-floraux.com\/wp-content\/uploads\/2025\/03\/7efb9cc8-f479-4a0f-be39-aca972b654d6.webp?resize=700%2C400&ssl=1 2x"},"classes":[]},{"id":2719,"url":"https:\/\/artstella-elixirs-floraux.com\/fr_fr\/produit\/adol-adolescence-bush-australien\/","url_meta":{"origin":2721,"position":5},"title":"ADOL Adolescence BUSH-AUSTRALIEN","author":"eveapprill","date":"9 mars 2025","format":false,"excerpt":"Adol -\u00a0Adolescence Pour les probl\u00e8mes des adolescents. Facilite l'acceptation, la communication, l'aptitude \u00e0 la sociabilit\u00e9, l'harmonie des relations sociales, favorise la maturit\u00e9 et la stabilit\u00e9 \u00e9motionnelle ainsi que l'optimisme.","rel":"","context":"Article similaire","block_context":{"text":"Article similaire","link":""},"img":{"alt_text":"","src":"https:\/\/i0.wp.com\/artstella-elixirs-floraux.com\/wp-content\/uploads\/2025\/03\/928eb091-7d41-45ea-8553-4f02498aae78.jpg?resize=350%2C200&ssl=1","width":350,"height":200,"srcset":"https:\/\/i0.wp.com\/artstella-elixirs-floraux.com\/wp-content\/uploads\/2025\/03\/928eb091-7d41-45ea-8553-4f02498aae78.jpg?resize=350%2C200&ssl=1 1x, https:\/\/i0.wp.com\/artstella-elixirs-floraux.com\/wp-content\/uploads\/2025\/03\/928eb091-7d41-45ea-8553-4f02498aae78.jpg?resize=525%2C300&ssl=1 1.5x, https:\/\/i0.wp.com\/artstella-elixirs-floraux.com\/wp-content\/uploads\/2025\/03\/928eb091-7d41-45ea-8553-4f02498aae78.jpg?resize=700%2C400&ssl=1 2x"},"classes":[]}],"_links":{"self":[{"href":"https:\/\/artstella-elixirs-floraux.com\/fr_fr\/wp-json\/wp\/v2\/product\/2721","targetHints":{"allow":["GET"]}}],"collection":[{"href":"https:\/\/artstella-elixirs-floraux.com\/fr_fr\/wp-json\/wp\/v2\/product"}],"about":[{"href":"https:\/\/artstella-elixirs-floraux.com\/fr_fr\/wp-json\/wp\/v2\/types\/product"}],"version-history":[{"count":0,"href":"https:\/\/artstella-elixirs-floraux.com\/fr_fr\/wp-json\/wp\/v2\/product\/2721\/revisions"}],"wp:featuredmedia":[{"embeddable":true,"href":"https:\/\/artstella-elixirs-floraux.com\/fr_fr\/wp-json\/wp\/v2\/media\/9991"}],"wp:attachment":[{"href":"https:\/\/artstella-elixirs-floraux.com\/fr_fr\/wp-json\/wp\/v2\/media?parent=2721"}],"wp:term":[{"taxonomy":"product_brand","embeddable":true,"href":"https:\/\/artstella-elixirs-floraux.com\/fr_fr\/wp-json\/wp\/v2\/product_brand?post=2721"},{"taxonomy":"product_cat","embeddable":true,"href":"https:\/\/artstella-elixirs-floraux.com\/fr_fr\/wp-json\/wp\/v2\/product_cat?post=2721"},{"taxonomy":"product_tag","embeddable":true,"href":"https:\/\/artstella-elixirs-floraux.com\/fr_fr\/wp-json\/wp\/v2\/product_tag?post=2721"}],"curies":[{"name":"wp","href":"https:\/\/api.w.org\/{rel}","templated":true}]}}