{"id":2749,"date":"2025-03-09T13:01:22","date_gmt":"2025-03-09T13:01:22","guid":{"rendered":"https:\/\/artstella-elixirs-floraux.com\/product\/woman-femme-bush-30ml\/"},"modified":"2025-06-03T20:44:20","modified_gmt":"2025-06-03T20:44:20","slug":"woman-femme-bush-30ml","status":"publish","type":"product","link":"https:\/\/artstella-elixirs-floraux.com\/fr_fr\/produit\/woman-femme-bush-30ml\/","title":{"rendered":"WOMAN Femme BUSH 30ml"},"content":{"rendered":"<p><span style=\"color: #008000;\"><strong><em>Woman &#8211;\u00a0Femme <\/em><\/strong><\/span><\/p>\n<p>Harmonise tous les d\u00e9s\u00e9quilibres durant les p\u00e9riodes de menstruations et de m\u00e9nopause. Permet \u00e0 la femme de d\u00e9couvrir son propre corps et sa beaut\u00e9, et de se trouver bien avec.<\/p>\n<p><em>Compos\u00e9 de Billy Goat Plum, Bottlebrush, Crowea, Mulla Mulla, Old Man Banksia, Peach flowered tea-tree, She Oak, Bush Fuchsia et de Five Corners.<\/em><\/p>\n","protected":false},"excerpt":{"rendered":"<p><span style=\"color: #008000;\"><strong><em>Woman &#8211;\u00a0Femme <\/em><\/strong><\/span><\/p>\n<p>Harmonise tous les d\u00e9s\u00e9quilibres durant les p\u00e9riodes de menstruations et de m\u00e9nopause. Permet \u00e0 la femme de d\u00e9couvrir son propre corps et sa beaut\u00e9, et de se trouver bien avec.<\/p>\n","protected":false},"featured_media":9989,"template":"","meta":[],"product_brand":[],"product_cat":[122],"product_tag":[],"class_list":{"0":"post-2749","1":"product","2":"type-product","3":"status-publish","4":"has-post-thumbnail","6":"product_cat-les-composes-du-bush-australien","8":"first","9":"instock","10":"taxable","11":"shipping-taxable","12":"purchasable","13":"product-type-simple"},"etheme_brands":{"errors":{"invalid_taxonomy":["Taxonomie non valide."]},"error_data":[]},"jetpack_sharing_enabled":true,"jetpack-related-posts":[{"id":6343,"url":"https:\/\/artstella-elixirs-floraux.com\/fr_fr\/produit\/agrimony-15ml-phi\/","url_meta":{"origin":2749,"position":0},"title":"AGRIMONY 15ML PHI","author":"eveapprill","date":"9 mars 2025","format":false,"excerpt":"800x600 Normal 0 21 false false false FR X-NONE X-NONE MicrosoftInternetExplorer4 \/* Style Definitions *\/ table.MsoNormalTable {mso-style-name:\"Tableau Normal\"; mso-tstyle-rowband-size:0; mso-tstyle-colband-size:0; mso-style-noshow:yes; mso-style-priority:99; mso-style-parent:\"\"; mso-padding-alt:0cm 5.4pt 0cm 5.4pt; mso-para-margin:0cm; mso-para-margin-bottom:.0001pt; mso-pagination:widow-orphan; font-size:10.0pt; font-family:\"Times New Roman\",serif;} AGRIMONY AIGREMOINE (AGRIMONIA EUPATORIA)\u00a0\u00a0\u00a0\u00a0\u00a0\u00a0\u00a0\u00a0\u00a0\u00a0\u00a0\u00a0\u00a0\u00a0\u00a0\u00a0\u00a0 Permet l'expression des sentiments et la communication avec autrui.","rel":"","context":"Article similaire","block_context":{"text":"Article similaire","link":""},"img":{"alt_text":"","src":"https:\/\/i0.wp.com\/artstella-elixirs-floraux.com\/wp-content\/uploads\/2025\/03\/wp-image2346.png?resize=350%2C200&ssl=1","width":350,"height":200},"classes":[]},{"id":6377,"url":"https:\/\/artstella-elixirs-floraux.com\/fr_fr\/produit\/sedum-caeruleum-15-ml-bush-australien\/","url_meta":{"origin":2749,"position":1},"title":"Sedum Caeruleum 15 ml Bush Australien","author":"eveapprill","date":"9 mars 2025","format":false,"excerpt":"Normal 0 21 false false false FR X-NONE X-NONE \/* Style Definitions *\/ table.MsoNormalTable {mso-style-name:\"Tableau Normal\"; mso-tstyle-rowband-size:0; mso-tstyle-colband-size:0; mso-style-noshow:yes; mso-style-priority:99; mso-style-parent:\"\"; mso-padding-alt:0cm 5.4pt 0cm 5.4pt; mso-para-margin-top:0cm; mso-para-margin-right:0cm; mso-para-margin-bottom:8.0pt; mso-para-margin-left:0cm; line-height:107%; mso-pagination:widow-orphan; font-size:11.0pt; font-family:\"Calibri\",sans-serif; mso-ascii-font-family:Calibri; mso-ascii-theme-font:minor-latin; mso-hansi-font-family:Calibri; mso-hansi-theme-font:minor-latin; mso-bidi-font-family:\"Times New Roman\"; mso-bidi-theme-font:minor-bidi; mso-fareast-language:EN-US;} Sedum apporte la plus haute source d\u2019\u00e9nergie spirituelle\u2026","rel":"","context":"Article similaire","block_context":{"text":"Article similaire","link":""},"img":{"alt_text":"","src":"https:\/\/i0.wp.com\/artstella-elixirs-floraux.com\/wp-content\/uploads\/2025\/03\/wp-image2459.png?resize=350%2C200&ssl=1","width":350,"height":200,"srcset":"https:\/\/i0.wp.com\/artstella-elixirs-floraux.com\/wp-content\/uploads\/2025\/03\/wp-image2459.png?resize=350%2C200&ssl=1 1x, https:\/\/i0.wp.com\/artstella-elixirs-floraux.com\/wp-content\/uploads\/2025\/03\/wp-image2459.png?resize=525%2C300&ssl=1 1.5x, https:\/\/i0.wp.com\/artstella-elixirs-floraux.com\/wp-content\/uploads\/2025\/03\/wp-image2459.png?resize=700%2C400&ssl=1 2x, https:\/\/i0.wp.com\/artstella-elixirs-floraux.com\/wp-content\/uploads\/2025\/03\/wp-image2459.png?resize=1050%2C600&ssl=1 3x, https:\/\/i0.wp.com\/artstella-elixirs-floraux.com\/wp-content\/uploads\/2025\/03\/wp-image2459.png?resize=1400%2C800&ssl=1 4x"},"classes":[]},{"id":6237,"url":"https:\/\/artstella-elixirs-floraux.com\/fr_fr\/produit\/purete-zuivering-compose-bloesem-remedies\/","url_meta":{"origin":2749,"position":2},"title":"PURET\u00c9 &#8211; ZUIVERING COMPOSE BLOESEM REMEDIES","author":"eveapprill","date":"9 mars 2025","format":false,"excerpt":"Il purifie l\u2019\u00e2me et le corps et nous met en contact avec la terre. Il agit en nous faisant sentir vraiment bien dans notre peau et nous met en contact avec la puret\u00e9 originelle de notre \u00e2me. 12.00 Normal 0 21 false false false FR X-NONE X-NONE MicrosoftInternetExplorer4 \/* Style\u2026","rel":"","context":"Article similaire","block_context":{"text":"Article similaire","link":""},"img":{"alt_text":"","src":"","width":0,"height":0},"classes":[]}],"_links":{"self":[{"href":"https:\/\/artstella-elixirs-floraux.com\/fr_fr\/wp-json\/wp\/v2\/product\/2749","targetHints":{"allow":["GET"]}}],"collection":[{"href":"https:\/\/artstella-elixirs-floraux.com\/fr_fr\/wp-json\/wp\/v2\/product"}],"about":[{"href":"https:\/\/artstella-elixirs-floraux.com\/fr_fr\/wp-json\/wp\/v2\/types\/product"}],"version-history":[{"count":0,"href":"https:\/\/artstella-elixirs-floraux.com\/fr_fr\/wp-json\/wp\/v2\/product\/2749\/revisions"}],"wp:featuredmedia":[{"embeddable":true,"href":"https:\/\/artstella-elixirs-floraux.com\/fr_fr\/wp-json\/wp\/v2\/media\/9989"}],"wp:attachment":[{"href":"https:\/\/artstella-elixirs-floraux.com\/fr_fr\/wp-json\/wp\/v2\/media?parent=2749"}],"wp:term":[{"taxonomy":"product_brand","embeddable":true,"href":"https:\/\/artstella-elixirs-floraux.com\/fr_fr\/wp-json\/wp\/v2\/product_brand?post=2749"},{"taxonomy":"product_cat","embeddable":true,"href":"https:\/\/artstella-elixirs-floraux.com\/fr_fr\/wp-json\/wp\/v2\/product_cat?post=2749"},{"taxonomy":"product_tag","embeddable":true,"href":"https:\/\/artstella-elixirs-floraux.com\/fr_fr\/wp-json\/wp\/v2\/product_tag?post=2749"}],"curies":[{"name":"wp","href":"https:\/\/api.w.org\/{rel}","templated":true}]}}