{"id":2779,"date":"2025-03-09T13:01:42","date_gmt":"2025-03-09T13:01:42","guid":{"rendered":"https:\/\/artstella-elixirs-floraux.com\/product\/creme-calm-and-clear-serenite\/"},"modified":"2025-06-08T12:53:18","modified_gmt":"2025-06-08T12:53:18","slug":"creme-calm-and-clear-serenite","status":"publish","type":"product","link":"https:\/\/artstella-elixirs-floraux.com\/fr_fr\/produit\/creme-calm-and-clear-serenite\/","title":{"rendered":"CREME CALM AND CLEAR &#8211; S\u00e9r\u00e9nit\u00e9"},"content":{"rendered":"","protected":false},"excerpt":{"rendered":"<p><span style=\"color: #008000;\"><strong>La cr\u00e8me <\/strong><strong>Calm and Clear &#8211; S\u00e9r\u00e9nit\u00e9<br \/>\n<\/strong><\/span><\/p>\n<p>Permet de prendre son temps et de trouver son espace. Pour envisager les choses sainement et calmement. Peut \u00eatre utilis\u00e9e pour favoriser l\u2019endormissement.<\/p>\n<p><em>Egalement disponible en gouttes et en spray.<\/em><\/p>\n","protected":false},"featured_media":7670,"template":"","meta":[],"product_brand":[],"product_cat":[126],"product_tag":[],"class_list":{"0":"post-2779","1":"product","2":"type-product","3":"status-publish","4":"has-post-thumbnail","6":"product_cat-cremes-sprays","8":"first","9":"instock","10":"taxable","11":"shipping-taxable","12":"purchasable","13":"product-type-simple"},"etheme_brands":{"errors":{"invalid_taxonomy":["Taxonomie non valide."]},"error_data":[]},"jetpack_sharing_enabled":true,"jetpack-related-posts":[{"id":5273,"url":"https:\/\/artstella-elixirs-floraux.com\/fr_fr\/produit\/spray-calm-and-clear-serenite\/","url_meta":{"origin":2779,"position":0},"title":"Spray CALM AND CLEAR &#8211; S\u00e9r\u00e9nit\u00e9","author":"eveapprill","date":"9 mars 2025","format":false,"excerpt":"Le spray Calm and Clear - S\u00e9r\u00e9nit\u00e9 Permet de prendre son temps et de trouver son espace. Pour envisager les choses sainement et calmement. Peut \u00eatre utilis\u00e9 pour favoriser l\u2019endormissement. Egalement disponible en gouttes 30ml et en cr\u00e8me.","rel":"","context":"Article similaire","block_context":{"text":"Article similaire","link":""},"img":{"alt_text":"","src":"","width":0,"height":0},"classes":[]},{"id":2721,"url":"https:\/\/artstella-elixirs-floraux.com\/fr_fr\/produit\/calm-and-clear-serenite-bush-30ml\/","url_meta":{"origin":2779,"position":1},"title":"CALM AND CLEAR S\u00e9r\u00e9nit\u00e9 BUSH 30ml","author":"eveapprill","date":"9 mars 2025","format":false,"excerpt":"Calm and Clear -\u00a0S\u00e9r\u00e9nit\u00e9 Destin\u00e9 \u00e0 ceux qui en font trop, s'oubliant volontiers dans l'agitation quotidienne. Pour favoriser l'acceptation du l\u00e2cher-prise, trouver du temps pour soi, d\u00e9compresser et prendre plaisir \u00e0 se d\u00e9tendre.","rel":"","context":"Article similaire","block_context":{"text":"Article similaire","link":""},"img":{"alt_text":"","src":"https:\/\/i0.wp.com\/artstella-elixirs-floraux.com\/wp-content\/uploads\/2025\/03\/d750407b-2703-4a0a-b346-dcf0fc4d3072.jpg?resize=350%2C200&ssl=1","width":350,"height":200,"srcset":"https:\/\/i0.wp.com\/artstella-elixirs-floraux.com\/wp-content\/uploads\/2025\/03\/d750407b-2703-4a0a-b346-dcf0fc4d3072.jpg?resize=350%2C200&ssl=1 1x, https:\/\/i0.wp.com\/artstella-elixirs-floraux.com\/wp-content\/uploads\/2025\/03\/d750407b-2703-4a0a-b346-dcf0fc4d3072.jpg?resize=525%2C300&ssl=1 1.5x, https:\/\/i0.wp.com\/artstella-elixirs-floraux.com\/wp-content\/uploads\/2025\/03\/d750407b-2703-4a0a-b346-dcf0fc4d3072.jpg?resize=700%2C400&ssl=1 2x"},"classes":[]},{"id":3560,"url":"https:\/\/artstella-elixirs-floraux.com\/fr_fr\/produit\/10-clear-mind-ltoe-15-ml\/","url_meta":{"origin":2779,"position":2},"title":"10. CLEAR MIND LTOE 15 ML","author":"eveapprill","date":"9 mars 2025","format":false,"excerpt":"Esprit serein\/Clear Mind (Aeranthes grandiflora - Madagascar) aigue-marineCet \u00e9lixir apaise le mental et \u00e9claircit l\u2019esprit afin d\u2019aider la r\u00e9flexion et d\u2019amener de nouvelles perspectives.","rel":"","context":"Article similaire","block_context":{"text":"Article similaire","link":""},"img":{"alt_text":"","src":"https:\/\/i0.wp.com\/artstella-elixirs-floraux.com\/wp-content\/uploads\/2025\/03\/ae08dff2-4160-4921-bb08-c5043b1ae455.jpg?resize=350%2C200&ssl=1","width":350,"height":200,"srcset":"https:\/\/i0.wp.com\/artstella-elixirs-floraux.com\/wp-content\/uploads\/2025\/03\/ae08dff2-4160-4921-bb08-c5043b1ae455.jpg?resize=350%2C200&ssl=1 1x, https:\/\/i0.wp.com\/artstella-elixirs-floraux.com\/wp-content\/uploads\/2025\/03\/ae08dff2-4160-4921-bb08-c5043b1ae455.jpg?resize=525%2C300&ssl=1 1.5x, https:\/\/i0.wp.com\/artstella-elixirs-floraux.com\/wp-content\/uploads\/2025\/03\/ae08dff2-4160-4921-bb08-c5043b1ae455.jpg?resize=700%2C400&ssl=1 2x"},"classes":[]},{"id":5772,"url":"https:\/\/artstella-elixirs-floraux.com\/fr_fr\/produit\/passiflore-15-ml-deva\/","url_meta":{"origin":2779,"position":3},"title":"Passiflore 15 ml DEVA","author":"eveapprill","date":"9 mars 2025","format":false,"excerpt":"Passiflore L\u00e2cher-prise, s\u00e9r\u00e9nit\u00e9. Permet de consid\u00e9rer les \u00e9v\u00e9nements de la vie avec calme et s\u00e9r\u00e9nit\u00e9. Apporte stabilit\u00e9 et \u00e9limine la confusion \u00e9motionnelle.","rel":"","context":"Article similaire","block_context":{"text":"Article similaire","link":""},"img":{"alt_text":"","src":"https:\/\/i0.wp.com\/artstella-elixirs-floraux.com\/wp-content\/uploads\/2025\/03\/wp-image2436.png?resize=350%2C200&ssl=1","width":350,"height":200},"classes":[]},{"id":3477,"url":"https:\/\/artstella-elixirs-floraux.com\/fr_fr\/produit\/serenite-active-ltoe-15-ml\/","url_meta":{"origin":2779,"position":4},"title":"S\u00e9r\u00e9nit\u00e9 active LTOE 15 ml","author":"eveapprill","date":"9 mars 2025","format":false,"excerpt":"S\u00e9r\u00e9nit\u00e9 active\/Active Serenity Un excellent rem\u00e8de contre la fatigue et la d\u00e9tresse, ce complexe agit essentiellement sur les centres du corps mental.","rel":"","context":"Article similaire","block_context":{"text":"Article similaire","link":""},"img":{"alt_text":"S\u00e9r\u00e9nit\u00e9 active LTOE 15 ml","src":"https:\/\/i0.wp.com\/artstella-elixirs-floraux.com\/wp-content\/uploads\/2025\/03\/2606d8f5-f8c1-469c-9783-404409240b50.jpg?resize=350%2C200&ssl=1","width":350,"height":200,"srcset":"https:\/\/i0.wp.com\/artstella-elixirs-floraux.com\/wp-content\/uploads\/2025\/03\/2606d8f5-f8c1-469c-9783-404409240b50.jpg?resize=350%2C200&ssl=1 1x, https:\/\/i0.wp.com\/artstella-elixirs-floraux.com\/wp-content\/uploads\/2025\/03\/2606d8f5-f8c1-469c-9783-404409240b50.jpg?resize=525%2C300&ssl=1 1.5x, https:\/\/i0.wp.com\/artstella-elixirs-floraux.com\/wp-content\/uploads\/2025\/03\/2606d8f5-f8c1-469c-9783-404409240b50.jpg?resize=700%2C400&ssl=1 2x"},"classes":[]},{"id":3483,"url":"https:\/\/artstella-elixirs-floraux.com\/fr_fr\/produit\/clear-and-relaeasing-lto-15-ml\/","url_meta":{"origin":2779,"position":5},"title":"CLEAR AND RELAEASING LTO 15 ML","author":"eveapprill","date":"9 mars 2025","format":false,"excerpt":"Clearing and releasing \/ Nettoyer et lib\u00e9rer : Pour faire face \u00e0 des \u00e9nergies profond\u00e9ment ancr\u00e9es et probl\u00e9matiques, au niveau de l'espace dans l'aura. Sert de \"space-clearing","rel":"","context":"Article similaire","block_context":{"text":"Article similaire","link":""},"img":{"alt_text":"","src":"https:\/\/i0.wp.com\/artstella-elixirs-floraux.com\/wp-content\/uploads\/2025\/03\/2243bc9c-8811-4848-bcd6-9067815e9eb4.jpg?resize=350%2C200&ssl=1","width":350,"height":200,"srcset":"https:\/\/i0.wp.com\/artstella-elixirs-floraux.com\/wp-content\/uploads\/2025\/03\/2243bc9c-8811-4848-bcd6-9067815e9eb4.jpg?resize=350%2C200&ssl=1 1x, https:\/\/i0.wp.com\/artstella-elixirs-floraux.com\/wp-content\/uploads\/2025\/03\/2243bc9c-8811-4848-bcd6-9067815e9eb4.jpg?resize=525%2C300&ssl=1 1.5x, https:\/\/i0.wp.com\/artstella-elixirs-floraux.com\/wp-content\/uploads\/2025\/03\/2243bc9c-8811-4848-bcd6-9067815e9eb4.jpg?resize=700%2C400&ssl=1 2x"},"classes":[]}],"_links":{"self":[{"href":"https:\/\/artstella-elixirs-floraux.com\/fr_fr\/wp-json\/wp\/v2\/product\/2779","targetHints":{"allow":["GET"]}}],"collection":[{"href":"https:\/\/artstella-elixirs-floraux.com\/fr_fr\/wp-json\/wp\/v2\/product"}],"about":[{"href":"https:\/\/artstella-elixirs-floraux.com\/fr_fr\/wp-json\/wp\/v2\/types\/product"}],"version-history":[{"count":0,"href":"https:\/\/artstella-elixirs-floraux.com\/fr_fr\/wp-json\/wp\/v2\/product\/2779\/revisions"}],"wp:featuredmedia":[{"embeddable":true,"href":"https:\/\/artstella-elixirs-floraux.com\/fr_fr\/wp-json\/wp\/v2\/media\/7670"}],"wp:attachment":[{"href":"https:\/\/artstella-elixirs-floraux.com\/fr_fr\/wp-json\/wp\/v2\/media?parent=2779"}],"wp:term":[{"taxonomy":"product_brand","embeddable":true,"href":"https:\/\/artstella-elixirs-floraux.com\/fr_fr\/wp-json\/wp\/v2\/product_brand?post=2779"},{"taxonomy":"product_cat","embeddable":true,"href":"https:\/\/artstella-elixirs-floraux.com\/fr_fr\/wp-json\/wp\/v2\/product_cat?post=2779"},{"taxonomy":"product_tag","embeddable":true,"href":"https:\/\/artstella-elixirs-floraux.com\/fr_fr\/wp-json\/wp\/v2\/product_tag?post=2779"}],"curies":[{"name":"wp","href":"https:\/\/api.w.org\/{rel}","templated":true}]}}