{"id":2796,"date":"2025-03-09T13:01:53","date_gmt":"2025-03-09T13:01:53","guid":{"rendered":"https:\/\/artstella-elixirs-floraux.com\/product\/spray-space-clearing-nettoyage-de-lespace\/"},"modified":"2025-08-09T17:10:19","modified_gmt":"2025-08-09T17:10:19","slug":"spray-space-clearing-nettoyage-de-lespace","status":"publish","type":"product","link":"https:\/\/artstella-elixirs-floraux.com\/fr_fr\/produit\/spray-space-clearing-nettoyage-de-lespace\/","title":{"rendered":"Spray SPACE CLEARING &#8211; Nettoyage de l&rsquo;espace"},"content":{"rendered":"","protected":false},"excerpt":{"rendered":"<p><strong><span style=\"color: #008000;\">Le Spray \u00ab\u00a0Space Clearing\u00a0\u00bb &#8211; Nettoyage de l&rsquo;Espace<\/span><br \/>\n<\/strong><\/p>\n<p>Combat les \u00e9nergies n\u00e9gatives, mentales, \u00e9motionnelles et physiques. n\u00e9ttoie un environenement n\u00e9gatif et le remplace par un environnement harmonieux.<\/p>\n","protected":false},"featured_media":7675,"template":"","meta":[],"product_brand":[],"product_cat":[126],"product_tag":[],"class_list":{"0":"post-2796","1":"product","2":"type-product","3":"status-publish","4":"has-post-thumbnail","6":"product_cat-cremes-sprays","8":"first","9":"instock","10":"taxable","11":"shipping-taxable","12":"purchasable","13":"product-type-variable"},"etheme_brands":{"errors":{"invalid_taxonomy":["Taxonomie non valide."]},"error_data":[]},"jetpack_sharing_enabled":true,"jetpack-related-posts":[{"id":3706,"url":"https:\/\/artstella-elixirs-floraux.com\/fr_fr\/produit\/clear-and-relaesing-spray-blue\/","url_meta":{"origin":2796,"position":0},"title":"CLEAR AND RELEASING SPRAY BLUE","author":"eveapprill","date":"9 mars 2025","format":false,"excerpt":"Clearing and releasing (Nettoyer et lib\u00e9rer) Pour faire face \u00e0 des \u00e9nergies profond\u00e9ment ancr\u00e9es et tr\u00e8s probl\u00e9matiques, soit au niveau de l'espace soit dans l'aura. Sert de \"space-clearing\", \"bleu\" Encens, Pamplemousse et Bois de Santal","rel":"","context":"Article similaire","block_context":{"text":"Article similaire","link":""},"img":{"alt_text":"","src":"","width":0,"height":0},"classes":[]},{"id":3483,"url":"https:\/\/artstella-elixirs-floraux.com\/fr_fr\/produit\/clear-and-relaeasing-lto-15-ml\/","url_meta":{"origin":2796,"position":1},"title":"CLEAR AND RELAEASING LTO 15 ML","author":"eveapprill","date":"9 mars 2025","format":false,"excerpt":"Clearing and releasing \/ Nettoyer et lib\u00e9rer : Pour faire face \u00e0 des \u00e9nergies profond\u00e9ment ancr\u00e9es et probl\u00e9matiques, au niveau de l'espace dans l'aura. Sert de \"space-clearing","rel":"","context":"Article similaire","block_context":{"text":"Article similaire","link":""},"img":{"alt_text":"","src":"https:\/\/i0.wp.com\/artstella-elixirs-floraux.com\/wp-content\/uploads\/2025\/03\/2243bc9c-8811-4848-bcd6-9067815e9eb4.jpg?resize=350%2C200&ssl=1","width":350,"height":200,"srcset":"https:\/\/i0.wp.com\/artstella-elixirs-floraux.com\/wp-content\/uploads\/2025\/03\/2243bc9c-8811-4848-bcd6-9067815e9eb4.jpg?resize=350%2C200&ssl=1 1x, https:\/\/i0.wp.com\/artstella-elixirs-floraux.com\/wp-content\/uploads\/2025\/03\/2243bc9c-8811-4848-bcd6-9067815e9eb4.jpg?resize=525%2C300&ssl=1 1.5x, https:\/\/i0.wp.com\/artstella-elixirs-floraux.com\/wp-content\/uploads\/2025\/03\/2243bc9c-8811-4848-bcd6-9067815e9eb4.jpg?resize=700%2C400&ssl=1 2x"},"classes":[]},{"id":4603,"url":"https:\/\/artstella-elixirs-floraux.com\/fr_fr\/produit\/coffret-4sprays-espace-sacre-120-ml\/","url_meta":{"origin":2796,"position":2},"title":"COFFRET 4 SPRAYS ESPACE SACRE 120 ML","author":"eveapprill","date":"9 mars 2025","format":false,"excerpt":"COFFRET 4SPRAYS ESPACE SACRE 120 ML Purification pour \"nettoyer\" \u00e9nerg\u00e9tiquement une pi\u00e8ce. Guardian pour invoquer une \u00e9nergie de protection dans l\u2019espace. Calling All Angels pour les pi\u00e8ces de m\u00e9ditation ou de consultation... Ligthen Up Excellent pour les pi\u00e8ces manquant de lumi\u00e8re naturelle","rel":"","context":"Article similaire","block_context":{"text":"Article similaire","link":""},"img":{"alt_text":"","src":"","width":0,"height":0},"classes":[]},{"id":6153,"url":"https:\/\/artstella-elixirs-floraux.com\/fr_fr\/produit\/frankincense-eau-florale-dencens-120ml\/","url_meta":{"origin":2796,"position":3},"title":"Frankincense Eau florale d&rsquo;Encens 120ml","author":"eveapprill","date":"9 mars 2025","format":false,"excerpt":"FRANKINCENSE HYDROSOL 120ML SPRAY Eau Florale d'Encens en spray 120ml A vaporiser dans les endroits charg\u00e9s ou autour de soi","rel":"","context":"Article similaire","block_context":{"text":"Article similaire","link":""},"img":{"alt_text":"Sp\u00e9cial nettoyage de l'espace","src":"https:\/\/i0.wp.com\/artstella-elixirs-floraux.com\/wp-content\/uploads\/2025\/03\/2d057d3d-f190-4cc9-a09e-afc3ebcad103.jpg?resize=350%2C200&ssl=1","width":350,"height":200,"srcset":"https:\/\/i0.wp.com\/artstella-elixirs-floraux.com\/wp-content\/uploads\/2025\/03\/2d057d3d-f190-4cc9-a09e-afc3ebcad103.jpg?resize=350%2C200&ssl=1 1x, https:\/\/i0.wp.com\/artstella-elixirs-floraux.com\/wp-content\/uploads\/2025\/03\/2d057d3d-f190-4cc9-a09e-afc3ebcad103.jpg?resize=525%2C300&ssl=1 1.5x, https:\/\/i0.wp.com\/artstella-elixirs-floraux.com\/wp-content\/uploads\/2025\/03\/2d057d3d-f190-4cc9-a09e-afc3ebcad103.jpg?resize=700%2C400&ssl=1 2x"},"classes":[]},{"id":5322,"url":"https:\/\/artstella-elixirs-floraux.com\/fr_fr\/produit\/true-beauty-spray\/","url_meta":{"origin":2796,"position":4},"title":"TRUE BEAUTY SPRAY","author":"eveapprill","date":"9 mars 2025","format":false,"excerpt":"True Beauty Aura Spray \u2013 \u201cVraie Beaut\u00e9\u201d \u00a0aide \u00e0 voir la beaut\u00e9 de l\u2019Esprit et de l\u2019Etre qui se trouve en chacun de nous et \u00e0 pouvoir incarner cette gr\u00e2ce c\u00e9leste. \"Bleu\" avec Rose Otto","rel":"","context":"Article similaire","block_context":{"text":"Article similaire","link":""},"img":{"alt_text":"","src":"","width":0,"height":0},"classes":[]},{"id":3699,"url":"https:\/\/artstella-elixirs-floraux.com\/fr_fr\/produit\/angelic-canopy-blue-spray\/","url_meta":{"origin":2796,"position":5},"title":"ANGELIC CANOPY BLUE SPRAY","author":"eveapprill","date":"5 septembre 2025","format":false,"excerpt":"Angelic canopy (La canop\u00e9e des Anges) Un spray tr\u00e8s puissant pour nettoyer l\u2019aura, mais aussi les espaces de vie et de travail. Profond\u00e9ment rassurant, il agit comme un baume pour l\u2019\u00e2me troubl\u00e9e. Nourrit ceux qui sont en grande peine, ont perdu l\u2019espoir. Peut \u00eatre donn\u00e9 aux animaux. Permet de mieux\u2026","rel":"","context":"Article similaire","block_context":{"text":"Article similaire","link":""},"img":{"alt_text":"","src":"https:\/\/i0.wp.com\/artstella-elixirs-floraux.com\/wp-content\/uploads\/2025\/03\/Angelic-Canopy-Blue-500.jpg?resize=350%2C200&ssl=1","width":350,"height":200},"classes":[]}],"_links":{"self":[{"href":"https:\/\/artstella-elixirs-floraux.com\/fr_fr\/wp-json\/wp\/v2\/product\/2796","targetHints":{"allow":["GET"]}}],"collection":[{"href":"https:\/\/artstella-elixirs-floraux.com\/fr_fr\/wp-json\/wp\/v2\/product"}],"about":[{"href":"https:\/\/artstella-elixirs-floraux.com\/fr_fr\/wp-json\/wp\/v2\/types\/product"}],"version-history":[{"count":1,"href":"https:\/\/artstella-elixirs-floraux.com\/fr_fr\/wp-json\/wp\/v2\/product\/2796\/revisions"}],"predecessor-version":[{"id":11177,"href":"https:\/\/artstella-elixirs-floraux.com\/fr_fr\/wp-json\/wp\/v2\/product\/2796\/revisions\/11177"}],"wp:featuredmedia":[{"embeddable":true,"href":"https:\/\/artstella-elixirs-floraux.com\/fr_fr\/wp-json\/wp\/v2\/media\/7675"}],"wp:attachment":[{"href":"https:\/\/artstella-elixirs-floraux.com\/fr_fr\/wp-json\/wp\/v2\/media?parent=2796"}],"wp:term":[{"taxonomy":"product_brand","embeddable":true,"href":"https:\/\/artstella-elixirs-floraux.com\/fr_fr\/wp-json\/wp\/v2\/product_brand?post=2796"},{"taxonomy":"product_cat","embeddable":true,"href":"https:\/\/artstella-elixirs-floraux.com\/fr_fr\/wp-json\/wp\/v2\/product_cat?post=2796"},{"taxonomy":"product_tag","embeddable":true,"href":"https:\/\/artstella-elixirs-floraux.com\/fr_fr\/wp-json\/wp\/v2\/product_tag?post=2796"}],"curies":[{"name":"wp","href":"https:\/\/api.w.org\/{rel}","templated":true}]}}