{"id":2806,"date":"2025-03-09T13:02:00","date_gmt":"2025-03-09T13:02:00","guid":{"rendered":"https:\/\/artstella-elixirs-floraux.com\/product\/beech-phi-15-ml\/"},"modified":"2025-06-08T12:53:17","modified_gmt":"2025-06-08T12:53:17","slug":"beech-phi-15-ml","status":"publish","type":"product","link":"https:\/\/artstella-elixirs-floraux.com\/fr_fr\/produit\/beech-phi-15-ml\/","title":{"rendered":"BEECH PHI 15 ML"},"content":{"rendered":"","protected":false},"excerpt":{"rendered":"<p><span style=\"color: #008000\"><strong><em>Beech (Fagus sylvatica) (H\u00eatre)<\/em><\/strong><\/span><\/p>\n<p><strong><em><\/em><\/strong>Pour \u00eatre plus tol\u00e9rant et compr\u00e9hensif, envers soi-m\u00eame et les autres.<\/p>\n","protected":false},"featured_media":2807,"template":"","meta":[],"product_brand":[],"product_cat":[127],"product_tag":[],"class_list":{"0":"post-2806","1":"product","2":"type-product","3":"status-publish","4":"has-post-thumbnail","6":"product_cat-les-fleurs-de-bach-phi","8":"first","9":"instock","10":"taxable","11":"shipping-taxable","12":"purchasable","13":"product-type-simple"},"etheme_brands":{"errors":{"invalid_taxonomy":["Taxonomie non valide."]},"error_data":[]},"jetpack_sharing_enabled":true,"jetpack-related-posts":[{"id":5926,"url":"https:\/\/artstella-elixirs-floraux.com\/fr_fr\/produit\/hetre-10ml-deva\/","url_meta":{"origin":2806,"position":0},"title":"H\u00eatre 15ml DEVA","author":"eveapprill","date":"9 mars 2025","format":false,"excerpt":"H\u00eatre - Beech Fagus silvatica Tol\u00e9rance, acceptation des autres Pour ceux qui sont critiques, tatillons, arrogants, intol\u00e9rants. Trop sensibles \u00e0 leur environnement, ils ne voient que le c\u00f4t\u00e9 n\u00e9gatif des choses. Souvent cyniques et stricts avec les autres, ils recherchent la perfection.","rel":"","context":"Article similaire","block_context":{"text":"Article similaire","link":""},"img":{"alt_text":"","src":"","width":0,"height":0},"classes":[]},{"id":5820,"url":"https:\/\/artstella-elixirs-floraux.com\/fr_fr\/produit\/flamant-des-caraibes-ou-flamant-rouge15-ml-phi\/","url_meta":{"origin":2806,"position":1},"title":"Flamant des Cara\u00efbes ou flamant rouge15 ml PHI","author":"eveapprill","date":"9 mars 2025","format":false,"excerpt":"Flamant des Cara\u00efbes ou flamant rouge - Flamingo (Phoenicopterus ruber)\u00a0 Cet \u00e9lixir peut nous aider \u00e0 trouver une meilleure posture. Il nous aide \u00e0 nous redresser int\u00e9rieurement et \u00e0 \u00eatre plus honn\u00eate aussi bien envers nous-m\u00eames que les autres. Ainsi nous pouvons d\u00e9velopper une meilleure vie sociale, en nous respectant\u2026","rel":"","context":"Article similaire","block_context":{"text":"Article similaire","link":""},"img":{"alt_text":"","src":"https:\/\/i0.wp.com\/artstella-elixirs-floraux.com\/wp-content\/uploads\/2025\/03\/wp-image1921.png?resize=350%2C200&ssl=1","width":350,"height":200},"classes":[]},{"id":3922,"url":"https:\/\/artstella-elixirs-floraux.com\/fr_fr\/produit\/mouton-a-e-15-ml-phi\/","url_meta":{"origin":2806,"position":2},"title":"MOUTON A.E 15 ML PHI","author":"eveapprill","date":"9 mars 2025","format":false,"excerpt":"Mouton Schaf L\u2019\u00e9lixir convient aux personnes qui doivent d\u00e9velopper plus de compassion envers les autres, \u00e0 celles qui sont trop fix\u00e9es sur leur but. Il correspond aux gens qui veulent \u00ab\u00a0traverser les murs\u00a0\u00bb avec la t\u00eate, sans grande consid\u00e9ration pour leur entourage. \u00a0","rel":"","context":"Article similaire","block_context":{"text":"Article similaire","link":""},"img":{"alt_text":"","src":"","width":0,"height":0},"classes":[]},{"id":2820,"url":"https:\/\/artstella-elixirs-floraux.com\/fr_fr\/produit\/chicory-phi-15-ml\/","url_meta":{"origin":2806,"position":3},"title":"CHICORY PHI 15 ML","author":"eveapprill","date":"9 mars 2025","format":false,"excerpt":"Chicory (Cichorium intybus) (Chicor\u00e9e) Nous lib\u00e8re des attentes envers les autres. Pour l'amour vrai qui sait donner et recevoir.","rel":"","context":"Article similaire","block_context":{"text":"Article similaire","link":""},"img":{"alt_text":"","src":"https:\/\/i0.wp.com\/artstella-elixirs-floraux.com\/wp-content\/uploads\/2025\/03\/wp-image340.png?resize=350%2C200&ssl=1","width":350,"height":200},"classes":[]},{"id":3231,"url":"https:\/\/artstella-elixirs-floraux.com\/fr_fr\/produit\/myosotis-15-ml-phi\/","url_meta":{"origin":2806,"position":4},"title":"MYOSOTIS 15 ML PHI","author":"eveapprill","date":"9 mars 2025","format":false,"excerpt":"Myosotis (Myosotis Sylvatica) (Vergissmeinnicht) Stimule notre inconscient et les r\u00eaves positifs. Nous ouvre \u00e0 la communication subtile avec ceux qui nous sont proches. Il nous aide \u00e0 nous souvenir et \u00e0 mieux int\u00e9grer le pass\u00e9.","rel":"","context":"Article similaire","block_context":{"text":"Article similaire","link":""},"img":{"alt_text":"","src":"https:\/\/i0.wp.com\/artstella-elixirs-floraux.com\/wp-content\/uploads\/2025\/03\/wp-image396.png?resize=350%2C200&ssl=1","width":350,"height":200},"classes":[]},{"id":3974,"url":"https:\/\/artstella-elixirs-floraux.com\/fr_fr\/produit\/phoque-a-e-15-ml-phi\/","url_meta":{"origin":2806,"position":5},"title":"PHOQUE A.E 15 ML PHI","author":"eveapprill","date":"9 mars 2025","format":false,"excerpt":"Phoque (Phoca vitulina) Seehund Am\u00e9liore la compr\u00e9hension pour le jeu.","rel":"","context":"Article similaire","block_context":{"text":"Article similaire","link":""},"img":{"alt_text":"","src":"","width":0,"height":0},"classes":[]}],"_links":{"self":[{"href":"https:\/\/artstella-elixirs-floraux.com\/fr_fr\/wp-json\/wp\/v2\/product\/2806","targetHints":{"allow":["GET"]}}],"collection":[{"href":"https:\/\/artstella-elixirs-floraux.com\/fr_fr\/wp-json\/wp\/v2\/product"}],"about":[{"href":"https:\/\/artstella-elixirs-floraux.com\/fr_fr\/wp-json\/wp\/v2\/types\/product"}],"version-history":[{"count":0,"href":"https:\/\/artstella-elixirs-floraux.com\/fr_fr\/wp-json\/wp\/v2\/product\/2806\/revisions"}],"wp:featuredmedia":[{"embeddable":true,"href":"https:\/\/artstella-elixirs-floraux.com\/fr_fr\/wp-json\/wp\/v2\/media\/2807"}],"wp:attachment":[{"href":"https:\/\/artstella-elixirs-floraux.com\/fr_fr\/wp-json\/wp\/v2\/media?parent=2806"}],"wp:term":[{"taxonomy":"product_brand","embeddable":true,"href":"https:\/\/artstella-elixirs-floraux.com\/fr_fr\/wp-json\/wp\/v2\/product_brand?post=2806"},{"taxonomy":"product_cat","embeddable":true,"href":"https:\/\/artstella-elixirs-floraux.com\/fr_fr\/wp-json\/wp\/v2\/product_cat?post=2806"},{"taxonomy":"product_tag","embeddable":true,"href":"https:\/\/artstella-elixirs-floraux.com\/fr_fr\/wp-json\/wp\/v2\/product_tag?post=2806"}],"curies":[{"name":"wp","href":"https:\/\/api.w.org\/{rel}","templated":true}]}}