{"id":2820,"date":"2025-03-09T13:02:12","date_gmt":"2025-03-09T13:02:12","guid":{"rendered":"https:\/\/artstella-elixirs-floraux.com\/product\/chicory-phi-15-ml\/"},"modified":"2025-07-12T15:40:02","modified_gmt":"2025-07-12T15:40:02","slug":"chicory-phi-15-ml","status":"publish","type":"product","link":"https:\/\/artstella-elixirs-floraux.com\/fr_fr\/produit\/chicory-phi-15-ml\/","title":{"rendered":"CHICORY PHI 15 ML"},"content":{"rendered":"","protected":false},"excerpt":{"rendered":"<p><span style=\"color: #008000;\"> <strong><em>Chicory (Cichorium intybus) (Chicor\u00e9e)<\/em><\/strong><\/span><\/p>\n<p>Nous lib\u00e8re des attentes envers les autres. Pour l&rsquo;amour vrai qui sait donner et recevoir.<\/p>\n","protected":false},"featured_media":2821,"template":"","meta":[],"product_brand":[],"product_cat":[127],"product_tag":[],"class_list":{"0":"post-2820","1":"product","2":"type-product","3":"status-publish","4":"has-post-thumbnail","6":"product_cat-les-fleurs-de-bach-phi","8":"first","9":"instock","10":"taxable","11":"shipping-taxable","12":"purchasable","13":"product-type-simple"},"etheme_brands":{"errors":{"invalid_taxonomy":["Taxonomie non valide."]},"error_data":[]},"jetpack_sharing_enabled":true,"jetpack-related-posts":[{"id":5910,"url":"https:\/\/artstella-elixirs-floraux.com\/fr_fr\/produit\/chicoree-15ml-deva\/","url_meta":{"origin":2820,"position":0},"title":"Chicor\u00e9e 15ml DEVA","author":"eveapprill","date":"9 mars 2025","format":false,"excerpt":"Chicor\u00e9e - Chicory Cichorium intybus Amour d\u00e9sint\u00e9ress\u00e9 Pour ceux qui sont trop possessifs, \u00e9go\u00efstes, qui ont besoin de contr\u00f4ler ou de diriger ceux qui les entourent. Pour les enfants qui ont une demande d'attention permanente.","rel":"","context":"Article similaire","block_context":{"text":"Article similaire","link":""},"img":{"alt_text":"","src":"","width":0,"height":0},"classes":[]},{"id":3201,"url":"https:\/\/artstella-elixirs-floraux.com\/fr_fr\/produit\/bouton-dor-15-ml-phi\/","url_meta":{"origin":2820,"position":1},"title":"BOUTON D&rsquo;OR 15 ML PHI","author":"eveapprill","date":"9 mars 2025","format":false,"excerpt":"Bouton d\u2019or (Ranunculus acris) (Hahnenfuss) Renforce la confiance en soi. Aide \u00e0 trouver notre vraie grandeur et \u00e0 relativiser les attentes des autres comme celles de nos parents ou \u00e9ducateurs.","rel":"","context":"Article similaire","block_context":{"text":"Article similaire","link":""},"img":{"alt_text":"","src":"https:\/\/i0.wp.com\/artstella-elixirs-floraux.com\/wp-content\/uploads\/2025\/03\/wp-image383.png?resize=350%2C200&ssl=1","width":350,"height":200},"classes":[]},{"id":3076,"url":"https:\/\/artstella-elixirs-floraux.com\/fr_fr\/produit\/saturne-planete-phi-15-ml\/","url_meta":{"origin":2820,"position":2},"title":"SATURNE PLANETE PHI 15 ML","author":"eveapprill","date":"9 mars 2025","format":false,"excerpt":"Saturne Exerce une action lib\u00e9ratrice et aide \u00e0 comprendre en profondeur la mani\u00e8re dont agit le Karma. Nous apprenons \u00e0 en devenir conscients et, par la compr\u00e9hension et l'amour, \u00e0 nous en lib\u00e9rer pour pouvoir vivre ici et maintenant consciemment.","rel":"","context":"Article similaire","block_context":{"text":"Article similaire","link":""},"img":{"alt_text":"","src":"","width":0,"height":0},"classes":[]},{"id":3473,"url":"https:\/\/artstella-elixirs-floraux.com\/fr_fr\/produit\/rossolis-filiforme-15-ml-phi\/","url_meta":{"origin":2820,"position":3},"title":"ROSSOLIS FILIFORME 15 ML PHI","author":"eveapprill","date":"9 mars 2025","format":false,"excerpt":"Rossolis filiforme (Drosera filliformis) (Sonnentau) Favorise une compr\u00e9hension profonde pour se lib\u00e9rer du karma. Il permet de prendre conscience de vieilles exp\u00e9riences dont nous pouvons nous lib\u00e9rer par l'amour et la compr\u00e9hension. De cette mani\u00e8re, nous \u00e9levons notre vibration.","rel":"","context":"Article similaire","block_context":{"text":"Article similaire","link":""},"img":{"alt_text":"","src":"https:\/\/i0.wp.com\/artstella-elixirs-floraux.com\/wp-content\/uploads\/2025\/03\/wp-image433.png?resize=350%2C200&ssl=1","width":350,"height":200},"classes":[]},{"id":2806,"url":"https:\/\/artstella-elixirs-floraux.com\/fr_fr\/produit\/beech-phi-15-ml\/","url_meta":{"origin":2820,"position":4},"title":"BEECH PHI 15 ML","author":"eveapprill","date":"9 mars 2025","format":false,"excerpt":"Beech (Fagus sylvatica) (H\u00eatre) Pour \u00eatre plus tol\u00e9rant et compr\u00e9hensif, envers soi-m\u00eame et les autres.","rel":"","context":"Article similaire","block_context":{"text":"Article similaire","link":""},"img":{"alt_text":"","src":"https:\/\/i0.wp.com\/artstella-elixirs-floraux.com\/wp-content\/uploads\/2025\/03\/wp-image335.png?resize=350%2C200&ssl=1","width":350,"height":200},"classes":[]},{"id":5568,"url":"https:\/\/artstella-elixirs-floraux.com\/fr_fr\/produit\/rose-reine-du-danemark-sylfos-15-ml\/","url_meta":{"origin":2820,"position":5},"title":"ROSE REINE DU DANEMARK SYLFOS 15 ML","author":"eveapprill","date":"9 mars 2025","format":false,"excerpt":"ROSE KOENING VAN DAENMARK\u00a0 Rose Reine du Danemark Rosa alaba \u00a0 \u00a0 \u00a0 \u00a0 Permet un l\u00e2cher prise face aux blessures \u00e9motionnelles. Guide vers la possibilit\u00e9 de donner et de recevoir l\u2019Amour, lib\u00e9rant ainsi notre c\u0153ur. Equilibre les activit\u00e9s des h\u00e9misph\u00e8res droit et gauche\u00a0 du cerveau.","rel":"","context":"Article similaire","block_context":{"text":"Article similaire","link":""},"img":{"alt_text":"","src":"","width":0,"height":0},"classes":[]}],"_links":{"self":[{"href":"https:\/\/artstella-elixirs-floraux.com\/fr_fr\/wp-json\/wp\/v2\/product\/2820","targetHints":{"allow":["GET"]}}],"collection":[{"href":"https:\/\/artstella-elixirs-floraux.com\/fr_fr\/wp-json\/wp\/v2\/product"}],"about":[{"href":"https:\/\/artstella-elixirs-floraux.com\/fr_fr\/wp-json\/wp\/v2\/types\/product"}],"version-history":[{"count":1,"href":"https:\/\/artstella-elixirs-floraux.com\/fr_fr\/wp-json\/wp\/v2\/product\/2820\/revisions"}],"predecessor-version":[{"id":11024,"href":"https:\/\/artstella-elixirs-floraux.com\/fr_fr\/wp-json\/wp\/v2\/product\/2820\/revisions\/11024"}],"wp:featuredmedia":[{"embeddable":true,"href":"https:\/\/artstella-elixirs-floraux.com\/fr_fr\/wp-json\/wp\/v2\/media\/2821"}],"wp:attachment":[{"href":"https:\/\/artstella-elixirs-floraux.com\/fr_fr\/wp-json\/wp\/v2\/media?parent=2820"}],"wp:term":[{"taxonomy":"product_brand","embeddable":true,"href":"https:\/\/artstella-elixirs-floraux.com\/fr_fr\/wp-json\/wp\/v2\/product_brand?post=2820"},{"taxonomy":"product_cat","embeddable":true,"href":"https:\/\/artstella-elixirs-floraux.com\/fr_fr\/wp-json\/wp\/v2\/product_cat?post=2820"},{"taxonomy":"product_tag","embeddable":true,"href":"https:\/\/artstella-elixirs-floraux.com\/fr_fr\/wp-json\/wp\/v2\/product_tag?post=2820"}],"curies":[{"name":"wp","href":"https:\/\/api.w.org\/{rel}","templated":true}]}}