{"id":2826,"date":"2025-03-09T13:02:17","date_gmt":"2025-03-09T13:02:17","guid":{"rendered":"https:\/\/artstella-elixirs-floraux.com\/product\/elm-15-ml-phi\/"},"modified":"2025-07-12T15:39:07","modified_gmt":"2025-07-12T15:39:07","slug":"elm-15-ml-phi","status":"publish","type":"product","link":"https:\/\/artstella-elixirs-floraux.com\/fr_fr\/produit\/elm-15-ml-phi\/","title":{"rendered":"ELM 15 ML PHI"},"content":{"rendered":"","protected":false},"excerpt":{"rendered":"<p><strong><em><span style=\"color: #008000;\">Elm (Ulmus scraba) (Orme)<\/span> <\/em><\/strong><\/p>\n<p>Renforce et soutient notre sentiment de responsabilit\u00e9 dans les situations o\u00f9 nous nous sentons trop sollicit\u00e9s.<\/p>\n","protected":false},"featured_media":2827,"template":"","meta":[],"product_brand":[],"product_cat":[127],"product_tag":[],"class_list":{"0":"post-2826","1":"product","2":"type-product","3":"status-publish","4":"has-post-thumbnail","6":"product_cat-les-fleurs-de-bach-phi","8":"first","9":"instock","10":"taxable","11":"shipping-taxable","12":"purchasable","13":"product-type-simple"},"etheme_brands":{"errors":{"invalid_taxonomy":["Taxonomie non valide."]},"error_data":[]},"jetpack_sharing_enabled":true,"jetpack-related-posts":[{"id":5946,"url":"https:\/\/artstella-elixirs-floraux.com\/fr_fr\/produit\/orme-15ml-deva\/","url_meta":{"origin":2826,"position":0},"title":"Orme 15ml DEVA","author":"eveapprill","date":"9 mars 2025","format":false,"excerpt":"Orme - Elm Ulmus procera Force, responsabilit\u00e9 Pour les personnes tr\u00e8s capables, assumant des responsabilit\u00e9s qui se sentent momentan\u00e9ment d\u00e9bord\u00e9es et accabl\u00e9es par leur t\u00e2che.\u00a0 Pour ceux qui id\u00e9alisent et qui cherchent un degr\u00e9 de perfection trop \u00e9lev\u00e9.","rel":"","context":"Article similaire","block_context":{"text":"Article similaire","link":""},"img":{"alt_text":"","src":"","width":0,"height":0},"classes":[]}],"_links":{"self":[{"href":"https:\/\/artstella-elixirs-floraux.com\/fr_fr\/wp-json\/wp\/v2\/product\/2826","targetHints":{"allow":["GET"]}}],"collection":[{"href":"https:\/\/artstella-elixirs-floraux.com\/fr_fr\/wp-json\/wp\/v2\/product"}],"about":[{"href":"https:\/\/artstella-elixirs-floraux.com\/fr_fr\/wp-json\/wp\/v2\/types\/product"}],"version-history":[{"count":1,"href":"https:\/\/artstella-elixirs-floraux.com\/fr_fr\/wp-json\/wp\/v2\/product\/2826\/revisions"}],"predecessor-version":[{"id":11023,"href":"https:\/\/artstella-elixirs-floraux.com\/fr_fr\/wp-json\/wp\/v2\/product\/2826\/revisions\/11023"}],"wp:featuredmedia":[{"embeddable":true,"href":"https:\/\/artstella-elixirs-floraux.com\/fr_fr\/wp-json\/wp\/v2\/media\/2827"}],"wp:attachment":[{"href":"https:\/\/artstella-elixirs-floraux.com\/fr_fr\/wp-json\/wp\/v2\/media?parent=2826"}],"wp:term":[{"taxonomy":"product_brand","embeddable":true,"href":"https:\/\/artstella-elixirs-floraux.com\/fr_fr\/wp-json\/wp\/v2\/product_brand?post=2826"},{"taxonomy":"product_cat","embeddable":true,"href":"https:\/\/artstella-elixirs-floraux.com\/fr_fr\/wp-json\/wp\/v2\/product_cat?post=2826"},{"taxonomy":"product_tag","embeddable":true,"href":"https:\/\/artstella-elixirs-floraux.com\/fr_fr\/wp-json\/wp\/v2\/product_tag?post=2826"}],"curies":[{"name":"wp","href":"https:\/\/api.w.org\/{rel}","templated":true}]}}