{"id":2829,"date":"2025-03-09T13:02:19","date_gmt":"2025-03-09T13:02:19","guid":{"rendered":"https:\/\/artstella-elixirs-floraux.com\/product\/gentian-15-ml-phi\/"},"modified":"2025-07-12T14:37:48","modified_gmt":"2025-07-12T14:37:48","slug":"gentian-15-ml-phi","status":"publish","type":"product","link":"https:\/\/artstella-elixirs-floraux.com\/fr_fr\/produit\/gentian-15-ml-phi\/","title":{"rendered":"GENTIAN 15 ML PHI"},"content":{"rendered":"","protected":false},"excerpt":{"rendered":"<p><strong><em>Gentian (Gentiana amarella) (Gentiane) <\/em><\/strong>Nous soutient dans les phases de profond d\u00e9couragement.<\/p>\n","protected":false},"featured_media":2830,"template":"","meta":[],"product_brand":[],"product_cat":[127],"product_tag":[],"class_list":{"0":"post-2829","1":"product","2":"type-product","3":"status-publish","4":"has-post-thumbnail","6":"product_cat-les-fleurs-de-bach-phi","8":"first","9":"instock","10":"taxable","11":"shipping-taxable","12":"purchasable","13":"product-type-simple"},"etheme_brands":{"errors":{"invalid_taxonomy":["Taxonomie non valide."]},"error_data":[]},"jetpack_sharing_enabled":true,"jetpack-related-posts":[{"id":5922,"url":"https:\/\/artstella-elixirs-floraux.com\/fr_fr\/produit\/gentiane-15-ml-deva\/","url_meta":{"origin":2829,"position":0},"title":"Gentiane 15 ml DEVA","author":"eveapprill","date":"9 mars 2025","format":false,"excerpt":"Gentiane Gentiana amarella D\u00e9termination, courage, pers\u00e9v\u00e9rance Pour surmonter le doute et le manque de foi. Pour les individus enclins \u00e0 la m\u00e9lancolie, \u00e0 la tristesse et au d\u00e9couragement dont les origines sont connues.","rel":"","context":"Article similaire","block_context":{"text":"Article similaire","link":""},"img":{"alt_text":"","src":"","width":0,"height":0},"classes":[]},{"id":5003,"url":"https:\/\/artstella-elixirs-floraux.com\/fr_fr\/produit\/star-gentian-alaskan-f-sup\/","url_meta":{"origin":2829,"position":1},"title":"STAR GENTIAN ALASKAN F SUP","author":"eveapprill","date":"9 mars 2025","format":false,"excerpt":"Star Gentian\u00a0 Swertia perennis Swertie vivace Indications\u00a0: insensibilit\u00e9, manque de d\u00e9votion ou d\u2019engagement \u00e0 des id\u00e9aux \u00e9lev\u00e9s\u00a0; tendance \u00e0 la comp\u00e9tition plut\u00f4t qu\u2019\u00e0 la coop\u00e9ration.","rel":"","context":"Article similaire","block_context":{"text":"Article similaire","link":""},"img":{"alt_text":"","src":"","width":0,"height":0},"classes":[]},{"id":3119,"url":"https:\/\/artstella-elixirs-floraux.com\/fr_fr\/produit\/k9-afrique-15-ml-phi\/","url_meta":{"origin":2829,"position":2},"title":"K9 AFRIQUE 15 ML PHI","author":"eveapprill","date":"9 mars 2025","format":false,"excerpt":"K9\u00a0 Soutient \u00e9nerg\u00e9tiquement le syst\u00e8me immunitaire, dans les moments de profonde transformation. Nous renforce et nous stabilise. Est recommand\u00e9 comme pr\u00e9vention avant un voyage.","rel":"","context":"Article similaire","block_context":{"text":"Article similaire","link":""},"img":{"alt_text":"","src":"https:\/\/i0.wp.com\/artstella-elixirs-floraux.com\/wp-content\/uploads\/2025\/03\/wp-image416.png?resize=350%2C200&ssl=1","width":350,"height":200},"classes":[]},{"id":3464,"url":"https:\/\/artstella-elixirs-floraux.com\/fr_fr\/produit\/champ-amazonie-n1-15-ml-phi\/","url_meta":{"origin":2829,"position":3},"title":"CHAMP AMAZONIE N1 15 ML PHI","author":"eveapprill","date":"9 mars 2025","format":false,"excerpt":"Champignon d\u2019Amazonie n\u00b01 (Cordyceps) (Kernkeulen) L\u2019\u00e9lixir soutient et purifie le 2\u00e8me chakra et sur la zone des reins. Son action est tr\u00e8s profonde et permet d\u2019\u00e9vacuer les poisons \u00e9motionnels qui sont install\u00e9s au niveau corporel","rel":"","context":"Article similaire","block_context":{"text":"Article similaire","link":""},"img":{"alt_text":"","src":"https:\/\/i0.wp.com\/artstella-elixirs-floraux.com\/wp-content\/uploads\/2025\/03\/wp-image330.png?resize=350%2C200&ssl=1","width":350,"height":200},"classes":[]},{"id":3006,"url":"https:\/\/artstella-elixirs-floraux.com\/fr_fr\/produit\/jaspe-rouge-phi-15-ml\/","url_meta":{"origin":2829,"position":4},"title":"JASPE ROUGE PHI 15 ML","author":"eveapprill","date":"9 mars 2025","format":false,"excerpt":"Jaspe rouge (Jaspis rot) Soutient \u00e9nerg\u00e9tiquement le c\u0153ur. Permet de d\u00e9velopper la compr\u00e9hension de l'amour v\u00e9ritable. Il agit par la protection et l'enracinement et soutient en cas de peurs","rel":"","context":"Article similaire","block_context":{"text":"Article similaire","link":""},"img":{"alt_text":"","src":"","width":0,"height":0},"classes":[]},{"id":2849,"url":"https:\/\/artstella-elixirs-floraux.com\/fr_fr\/produit\/larch-15-ml-phi\/","url_meta":{"origin":2829,"position":5},"title":"LARCH 15 ML PHI","author":"eveapprill","date":"9 mars 2025","format":false,"excerpt":"Larch (Larix decidua) (M\u00e9l\u00e8ze) Soutient la confiance en nous. Pour reconna\u00eetre nos qualit\u00e9s et atteindre les buts que nous nous fixons.","rel":"","context":"Article similaire","block_context":{"text":"Article similaire","link":""},"img":{"alt_text":"","src":"https:\/\/i0.wp.com\/artstella-elixirs-floraux.com\/wp-content\/uploads\/2025\/03\/wp-image351.png?resize=350%2C200&ssl=1","width":350,"height":200},"classes":[]}],"_links":{"self":[{"href":"https:\/\/artstella-elixirs-floraux.com\/fr_fr\/wp-json\/wp\/v2\/product\/2829","targetHints":{"allow":["GET"]}}],"collection":[{"href":"https:\/\/artstella-elixirs-floraux.com\/fr_fr\/wp-json\/wp\/v2\/product"}],"about":[{"href":"https:\/\/artstella-elixirs-floraux.com\/fr_fr\/wp-json\/wp\/v2\/types\/product"}],"version-history":[{"count":1,"href":"https:\/\/artstella-elixirs-floraux.com\/fr_fr\/wp-json\/wp\/v2\/product\/2829\/revisions"}],"predecessor-version":[{"id":10998,"href":"https:\/\/artstella-elixirs-floraux.com\/fr_fr\/wp-json\/wp\/v2\/product\/2829\/revisions\/10998"}],"wp:featuredmedia":[{"embeddable":true,"href":"https:\/\/artstella-elixirs-floraux.com\/fr_fr\/wp-json\/wp\/v2\/media\/2830"}],"wp:attachment":[{"href":"https:\/\/artstella-elixirs-floraux.com\/fr_fr\/wp-json\/wp\/v2\/media?parent=2829"}],"wp:term":[{"taxonomy":"product_brand","embeddable":true,"href":"https:\/\/artstella-elixirs-floraux.com\/fr_fr\/wp-json\/wp\/v2\/product_brand?post=2829"},{"taxonomy":"product_cat","embeddable":true,"href":"https:\/\/artstella-elixirs-floraux.com\/fr_fr\/wp-json\/wp\/v2\/product_cat?post=2829"},{"taxonomy":"product_tag","embeddable":true,"href":"https:\/\/artstella-elixirs-floraux.com\/fr_fr\/wp-json\/wp\/v2\/product_tag?post=2829"}],"curies":[{"name":"wp","href":"https:\/\/api.w.org\/{rel}","templated":true}]}}