{"id":2844,"date":"2025-03-09T13:02:43","date_gmt":"2025-03-09T13:02:43","guid":{"rendered":"https:\/\/artstella-elixirs-floraux.com\/product\/hornbeam-15ml-phi\/"},"modified":"2025-04-23T09:50:45","modified_gmt":"2025-04-23T09:50:45","slug":"hornbeam-15ml-phi","status":"publish","type":"product","link":"https:\/\/artstella-elixirs-floraux.com\/fr_fr\/produit\/hornbeam-15ml-phi\/","title":{"rendered":"HORNBEAM 15ML PHI"},"content":{"rendered":"","protected":false},"excerpt":{"rendered":"<p><strong><em><span style=\"color: #008000\">Hornbeam (Carpinus betulus) (Charme)<\/span> <\/em><\/strong><\/p>\n<p>Pour retrouver la motivation et l&rsquo;\u00e9nergie vitale dans la vie quotidienne.<\/p>\n","protected":false},"featured_media":2845,"template":"","meta":[],"product_brand":[],"product_cat":[127],"product_tag":[],"class_list":{"0":"post-2844","1":"product","2":"type-product","3":"status-publish","4":"has-post-thumbnail","6":"product_cat-les-fleurs-de-bach-phi","8":"first","9":"instock","10":"taxable","11":"shipping-taxable","12":"purchasable","13":"product-type-simple"},"etheme_brands":{"errors":{"invalid_taxonomy":["Taxonomie non valide."]},"error_data":[]},"jetpack_sharing_enabled":true,"jetpack-related-posts":[{"id":5902,"url":"https:\/\/artstella-elixirs-floraux.com\/fr_fr\/produit\/charme-10ml-deva\/","url_meta":{"origin":2844,"position":0},"title":"Charme 10ml DEVA","author":"eveapprill","date":"9 mars 2025","format":false,"excerpt":"Charme - Hornbeam Carpinus betulus Vitalit\u00e9, vivacit\u00e9 d\u2019esprit Aide \u00e0 surmonter la fatigue, la lassitude, le manque d'int\u00e9r\u00eat. Pour l'\u00e9puisement sans raison apparente, l'incapacit\u00e9 \u00e0 faire face aux t\u00e2ches quotidiennes.","rel":"","context":"Article similaire","block_context":{"text":"Article similaire","link":""},"img":{"alt_text":"","src":"","width":0,"height":0},"classes":[]},{"id":12375,"url":"https:\/\/artstella-elixirs-floraux.com\/fr_fr\/produit\/rubis-rubi-15ml-sylfos\/","url_meta":{"origin":2844,"position":1},"title":"RUBIS &#8211; RUBI 15ml Sylfos","author":"eveapprill","date":"16 mars 2026","format":false,"excerpt":"Le rubis active la force vitale et \u00e9veille une profonde motivation face \u00e0 la vie. Il est utile en cas d'apathie, de d\u00e9couragement ou de d\u00e9connexion \u00e9motionnelle. Il aide \u00e0 retrouver \u00e9nergie, passion et direction int\u00e9rieure. Son action transforme l'inertie en \u00e9lan vital plein de sens.","rel":"","context":"Article similaire","block_context":{"text":"Article similaire","link":""},"img":{"alt_text":"","src":"https:\/\/i0.wp.com\/artstella-elixirs-floraux.com\/wp-content\/uploads\/2026\/03\/Rubi_1.png?resize=350%2C200&ssl=1","width":350,"height":200},"classes":[]},{"id":3393,"url":"https:\/\/artstella-elixirs-floraux.com\/fr_fr\/produit\/life-force-cactus-15ml-phi\/","url_meta":{"origin":2844,"position":2},"title":"LIFE FORCE CACTUS 15ML PHI","author":"eveapprill","date":"9 mars 2025","format":false,"excerpt":"Life force cactus (Orbea variegate) Permet d'\u00e9tablir un contact avec la terre. Une \u00e9nergie nouvelle se r\u00e9pand en nous et renforce le rayonnement des forces vitales. De cette fa\u00e7on, les \u00e9nergies parasites sont repouss\u00e9es et la protection est renforc\u00e9e.","rel":"","context":"Article similaire","block_context":{"text":"Article similaire","link":""},"img":{"alt_text":"","src":"https:\/\/i0.wp.com\/artstella-elixirs-floraux.com\/wp-content\/uploads\/2025\/03\/wp-image370.png?resize=350%2C200&ssl=1","width":350,"height":200},"classes":[]},{"id":3072,"url":"https:\/\/artstella-elixirs-floraux.com\/fr_fr\/produit\/neptune-planete-phi-15ml\/","url_meta":{"origin":2844,"position":3},"title":"NEPTUNE PLANETE PHI 15ML","author":"eveapprill","date":"9 mars 2025","format":false,"excerpt":"Neptune Cet \u00e9lixir contribue avec douceur et comme dans un r\u00eave \u00e0 notre harmonie int\u00e9rieure et met en mouvement notre \u00e9nergie vitale, ce qui permet d'\u00e9liminer sans heurts nos blocages \u00e9nerg\u00e9tiques.","rel":"","context":"Article similaire","block_context":{"text":"Article similaire","link":""},"img":{"alt_text":"","src":"","width":0,"height":0},"classes":[]},{"id":5590,"url":"https:\/\/artstella-elixirs-floraux.com\/fr_fr\/produit\/pyramide-bosnie-phi-15ml\/","url_meta":{"origin":2844,"position":4},"title":"PYRAMIDE BOSNIE PHI 15ML","author":"eveapprill","date":"9 mars 2025","format":false,"excerpt":"Cet \u00e9lixir nous relie fortement \u00e0 la terre. Il apporte stabilit\u00e9 et force et par le septi\u00e8me chakra nous relie aux chakras sup\u00e9rieurs. Il s\u2019agit d\u2019\u00e9quilibrer le haut et le bas. Les \u00e9nergies corporelles sont stimul\u00e9es et peuvent circuler librement.\u00a0","rel":"","context":"Article similaire","block_context":{"text":"Article similaire","link":""},"img":{"alt_text":"","src":"","width":0,"height":0},"classes":[]},{"id":6060,"url":"https:\/\/artstella-elixirs-floraux.com\/fr_fr\/produit\/elixir-ocean-n16-phi-15ml\/","url_meta":{"origin":2844,"position":5},"title":"ELIXIR OCEAN N\u00b016 PHI 15ML","author":"eveapprill","date":"9 mars 2025","format":false,"excerpt":"L\u2019\u00e9lixir agit \u00e9nerg\u00e9tiquement en lib\u00e9rant des vieux sch\u00e9mas et sentiments. Les limitations int\u00e9rieures peuvent \u00eatre transform\u00e9es et les blocages dissouts. Cela contribue \u00e0 am\u00e9liorer la confiance en soi et il est alors plus ais\u00e9 d\u2019aborder les autres de fa\u00e7on plus cordiale et sans pr\u00e9jug\u00e9s.","rel":"","context":"Article similaire","block_context":{"text":"Article similaire","link":""},"img":{"alt_text":"","src":"https:\/\/i0.wp.com\/artstella-elixirs-floraux.com\/wp-content\/uploads\/2025\/03\/wp-image2054.png?resize=350%2C200&ssl=1","width":350,"height":200},"classes":[]}],"_links":{"self":[{"href":"https:\/\/artstella-elixirs-floraux.com\/fr_fr\/wp-json\/wp\/v2\/product\/2844","targetHints":{"allow":["GET"]}}],"collection":[{"href":"https:\/\/artstella-elixirs-floraux.com\/fr_fr\/wp-json\/wp\/v2\/product"}],"about":[{"href":"https:\/\/artstella-elixirs-floraux.com\/fr_fr\/wp-json\/wp\/v2\/types\/product"}],"version-history":[{"count":0,"href":"https:\/\/artstella-elixirs-floraux.com\/fr_fr\/wp-json\/wp\/v2\/product\/2844\/revisions"}],"wp:featuredmedia":[{"embeddable":true,"href":"https:\/\/artstella-elixirs-floraux.com\/fr_fr\/wp-json\/wp\/v2\/media\/2845"}],"wp:attachment":[{"href":"https:\/\/artstella-elixirs-floraux.com\/fr_fr\/wp-json\/wp\/v2\/media?parent=2844"}],"wp:term":[{"taxonomy":"product_brand","embeddable":true,"href":"https:\/\/artstella-elixirs-floraux.com\/fr_fr\/wp-json\/wp\/v2\/product_brand?post=2844"},{"taxonomy":"product_cat","embeddable":true,"href":"https:\/\/artstella-elixirs-floraux.com\/fr_fr\/wp-json\/wp\/v2\/product_cat?post=2844"},{"taxonomy":"product_tag","embeddable":true,"href":"https:\/\/artstella-elixirs-floraux.com\/fr_fr\/wp-json\/wp\/v2\/product_tag?post=2844"}],"curies":[{"name":"wp","href":"https:\/\/api.w.org\/{rel}","templated":true}]}}