{"id":2853,"date":"2025-03-09T13:02:49","date_gmt":"2025-03-09T13:02:49","guid":{"rendered":"https:\/\/artstella-elixirs-floraux.com\/product\/mimulus-15-ml-phi\/"},"modified":"2025-07-12T15:35:33","modified_gmt":"2025-07-12T15:35:33","slug":"mimulus-15-ml-phi","status":"publish","type":"product","link":"https:\/\/artstella-elixirs-floraux.com\/fr_fr\/produit\/mimulus-15-ml-phi\/","title":{"rendered":"MIMULUS 15 ML PHI"},"content":{"rendered":"","protected":false},"excerpt":{"rendered":"<p><strong><span style=\"color: #008000;\">M<em>imulus (Mimulus guttatus) (Muscade)<\/em><\/span><\/strong><\/p>\n<p>Pour surmonter les peurs concr\u00e8tes et d\u00e9velopper le courage de les regarder en face.<\/p>\n","protected":false},"featured_media":2854,"template":"","meta":[],"product_brand":[],"product_cat":[127],"product_tag":[],"class_list":{"0":"post-2853","1":"product","2":"type-product","3":"status-publish","4":"has-post-thumbnail","6":"product_cat-les-fleurs-de-bach-phi","8":"first","9":"instock","10":"taxable","11":"shipping-taxable","12":"purchasable","13":"product-type-simple"},"etheme_brands":{"errors":{"invalid_taxonomy":["Taxonomie non valide."]},"error_data":[]},"jetpack_sharing_enabled":true,"jetpack-related-posts":[{"id":5938,"url":"https:\/\/artstella-elixirs-floraux.com\/fr_fr\/produit\/mimulus-15-ml-bach-deva\/","url_meta":{"origin":2853,"position":0},"title":"Mimulus 15 ml Bach DEVA","author":"eveapprill","date":"9 mars 2025","format":false,"excerpt":"Mimulus jaune - Mimulus Mimulus guttatus Courage Pour faire face aux \u00e9v\u00e9nements et aux challenges de la vie quotidienne, sans inqui\u00e9tude ni appr\u00e9hension. Pour surmonter toutes les peurs connues de la vie quotidienne\u00a0 : peur des animaux, de la maladie, du noir, des autres personnes.","rel":"","context":"Article similaire","block_context":{"text":"Article similaire","link":""},"img":{"alt_text":"elixirs deva les \u00e9motions","src":"https:\/\/i0.wp.com\/artstella-elixirs-floraux.com\/wp-content\/uploads\/2025\/03\/wp-image2425-e1748372128900.png?resize=350%2C200&ssl=1","width":350,"height":200},"classes":[]},{"id":5734,"url":"https:\/\/artstella-elixirs-floraux.com\/fr_fr\/produit\/mimulus-orange-15-ml-deva\/","url_meta":{"origin":2853,"position":1},"title":"Mimulus orange 15 ml DEVA","author":"eveapprill","date":"9 mars 2025","format":false,"excerpt":"Mimulus orang\u00e9 - Sticky Monkeyflower Lib\u00e9ration des peurs li\u00e9es \u00e0 la sexualit\u00e9. Pour \u00e9liminer la confusion concernant la sexualit\u00e9 et l\u2019intimit\u00e9.","rel":"","context":"Article similaire","block_context":{"text":"Article similaire","link":""},"img":{"alt_text":"","src":"https:\/\/i0.wp.com\/artstella-elixirs-floraux.com\/wp-content\/uploads\/2025\/03\/wp-image2426.png?resize=350%2C200&ssl=1","width":350,"height":200},"classes":[]},{"id":5732,"url":"https:\/\/artstella-elixirs-floraux.com\/fr_fr\/produit\/mimulus-ecarlate-15-ml-deva\/","url_meta":{"origin":2853,"position":2},"title":"Mimulus \u00e9carlate 15 ml DEVA","author":"eveapprill","date":"9 mars 2025","format":false,"excerpt":"Mimulus \u00e9carlate - Scarlet Monkeyflower Lib\u00e9ration des \u00e9motions intenses. Permet de r\u00e9soudre les situations de pouvoir et de col\u00e8re dans les relations interpersonnelles. Lib\u00e8re la vitalit\u00e9 lorsque celle-ci est paralys\u00e9e par la col\u00e8re ou le ressentiment.","rel":"","context":"Article similaire","block_context":{"text":"Article similaire","link":""},"img":{"alt_text":"","src":"https:\/\/i0.wp.com\/artstella-elixirs-floraux.com\/wp-content\/uploads\/2025\/03\/wp-image2424.png?resize=350%2C200&ssl=1","width":350,"height":200},"classes":[]},{"id":4072,"url":"https:\/\/artstella-elixirs-floraux.com\/fr_fr\/produit\/toloache-15-ml-sylfos\/","url_meta":{"origin":2853,"position":3},"title":"TOLOACHE \/ TROMPETTE DU JUGEMENT DERNIER SYLFOS","author":"eveapprill","date":"9 mars 2025","format":false,"excerpt":"TOLOACHE Datura arborea Courage, foi. Aide \u00e0 surmonter la peur de la mort et la peur de l\u2019inconnu. Pour accepter le d\u00e9part d\u2019un \u00eatre cher avec compr\u00e9hension et compassion, en se lib\u00e9rant des attachements \u00e9motionnels...","rel":"","context":"Article similaire","block_context":{"text":"Article similaire","link":""},"img":{"alt_text":"","src":"","width":0,"height":0},"classes":[]},{"id":3948,"url":"https:\/\/artstella-elixirs-floraux.com\/fr_fr\/produit\/gnou-phi-15-ml\/","url_meta":{"origin":2853,"position":4},"title":"GNOU PHI 15 ML","author":"eveapprill","date":"9 mars 2025","format":false,"excerpt":"Gnou (Connochaetes gnou) nous aide \u00e0 trouver nos limites. Il am\u00e9liore notre capacit\u00e9 \u00e0 nous imposer et apporte courage civique. Pour \u00e9prouver notre potentiel v\u00e9ritable et le d\u00e9velopper.","rel":"","context":"Article similaire","block_context":{"text":"Article similaire","link":""},"img":{"alt_text":"","src":"","width":0,"height":0},"classes":[]},{"id":5639,"url":"https:\/\/artstella-elixirs-floraux.com\/fr_fr\/produit\/bourrache-15-ml\/","url_meta":{"origin":2853,"position":5},"title":"Bourrache 15 ml","author":"eveapprill","date":"9 mars 2025","format":false,"excerpt":"Bourrache Courage. Pour surmonter le chagrin, la tristesse, le d\u00e9couragement face aux \u00e9preuves et au danger. Pour ceux qui se sentent accabl\u00e9s par les \u00e9v\u00e9nements de la vie et qui ont le coeur gros.","rel":"","context":"Article similaire","block_context":{"text":"Article similaire","link":""},"img":{"alt_text":"","src":"https:\/\/i0.wp.com\/artstella-elixirs-floraux.com\/wp-content\/uploads\/2025\/03\/wp-image2402.png?resize=350%2C200&ssl=1","width":350,"height":200},"classes":[]}],"_links":{"self":[{"href":"https:\/\/artstella-elixirs-floraux.com\/fr_fr\/wp-json\/wp\/v2\/product\/2853","targetHints":{"allow":["GET"]}}],"collection":[{"href":"https:\/\/artstella-elixirs-floraux.com\/fr_fr\/wp-json\/wp\/v2\/product"}],"about":[{"href":"https:\/\/artstella-elixirs-floraux.com\/fr_fr\/wp-json\/wp\/v2\/types\/product"}],"version-history":[{"count":1,"href":"https:\/\/artstella-elixirs-floraux.com\/fr_fr\/wp-json\/wp\/v2\/product\/2853\/revisions"}],"predecessor-version":[{"id":11019,"href":"https:\/\/artstella-elixirs-floraux.com\/fr_fr\/wp-json\/wp\/v2\/product\/2853\/revisions\/11019"}],"wp:featuredmedia":[{"embeddable":true,"href":"https:\/\/artstella-elixirs-floraux.com\/fr_fr\/wp-json\/wp\/v2\/media\/2854"}],"wp:attachment":[{"href":"https:\/\/artstella-elixirs-floraux.com\/fr_fr\/wp-json\/wp\/v2\/media?parent=2853"}],"wp:term":[{"taxonomy":"product_brand","embeddable":true,"href":"https:\/\/artstella-elixirs-floraux.com\/fr_fr\/wp-json\/wp\/v2\/product_brand?post=2853"},{"taxonomy":"product_cat","embeddable":true,"href":"https:\/\/artstella-elixirs-floraux.com\/fr_fr\/wp-json\/wp\/v2\/product_cat?post=2853"},{"taxonomy":"product_tag","embeddable":true,"href":"https:\/\/artstella-elixirs-floraux.com\/fr_fr\/wp-json\/wp\/v2\/product_tag?post=2853"}],"curies":[{"name":"wp","href":"https:\/\/api.w.org\/{rel}","templated":true}]}}