{"id":2864,"date":"2025-03-09T13:02:57","date_gmt":"2025-03-09T13:02:57","guid":{"rendered":"https:\/\/artstella-elixirs-floraux.com\/product\/pine-phi-15ml\/"},"modified":"2025-07-12T15:31:04","modified_gmt":"2025-07-12T15:31:04","slug":"pine-phi-15ml","status":"publish","type":"product","link":"https:\/\/artstella-elixirs-floraux.com\/fr_fr\/produit\/pine-phi-15ml\/","title":{"rendered":"PINE PHI 15ML"},"content":{"rendered":"","protected":false},"excerpt":{"rendered":"<p><strong><em>Pine (Pinus sylvestris) (Pin sylvestre) <\/em><\/strong>Nous aide \u00e0 d\u00e9passer les sentiments de culpabilit\u00e9 et \u00e0 accepter nos capacit\u00e9s<\/p>\n","protected":false},"featured_media":2865,"template":"","meta":[],"product_brand":[],"product_cat":[127],"product_tag":[],"class_list":{"0":"post-2864","1":"product","2":"type-product","3":"status-publish","4":"has-post-thumbnail","6":"product_cat-les-fleurs-de-bach-phi","8":"first","9":"instock","10":"taxable","11":"shipping-taxable","12":"purchasable","13":"product-type-simple"},"etheme_brands":{"errors":{"invalid_taxonomy":["Taxonomie non valide."]},"error_data":[]},"jetpack_sharing_enabled":true,"jetpack-related-posts":[{"id":5948,"url":"https:\/\/artstella-elixirs-floraux.com\/fr_fr\/produit\/pin-10ml-deva\/","url_meta":{"origin":2864,"position":0},"title":"Pin 10ml DEVA","author":"eveapprill","date":"9 mars 2025","format":false,"excerpt":"Pin sylvestre Pinus sylvestris Acceptation, repentir, compr\u00e9hension Pour ceux qui se sentent coupables, qui s'adressent des reproches et qui pensent qu'ils pourraient mieux faire. Pour ceux qui ont besoin de tout contr\u00f4ler et qui sont accabl\u00e9s par leur sens du devoir et par leurs obligations.","rel":"","context":"Article similaire","block_context":{"text":"Article similaire","link":""},"img":{"alt_text":"","src":"","width":0,"height":0},"classes":[]},{"id":3298,"url":"https:\/\/artstella-elixirs-floraux.com\/fr_fr\/produit\/pin-canarien-15-ml-phi\/","url_meta":{"origin":2864,"position":1},"title":"PIN CANARIEN 15 ML PHI","author":"eveapprill","date":"9 mars 2025","format":false,"excerpt":"Pin canarien (Pinus canariensis) (Kanarische Kiefer) Aide \u00e0 lib\u00e9rer les sentiments de profonde culpabilit\u00e9 et de honte. Nous prot\u00e8ge des projections n\u00e9gatives des autres et nous permet de \u00ab\u00a0respirer\u00a0\u00bb.","rel":"","context":"Article similaire","block_context":{"text":"Article similaire","link":""},"img":{"alt_text":"","src":"","width":0,"height":0},"classes":[]},{"id":5814,"url":"https:\/\/artstella-elixirs-floraux.com\/fr_fr\/produit\/fourmi-ant-formicidae-15ml-phi\/","url_meta":{"origin":2864,"position":2},"title":"Fourmi (Ant) (Formicidae) 15ml PHI","author":"eveapprill","date":"9 mars 2025","format":false,"excerpt":"Fourmi (Ant) (Formicidae)\u00a0 L\u2019\u00e9lixir aide \u00e0 \u00e9quilibrer \u00e9nerg\u00e9tiquement l\u2019acidit\u00e9 dans le corps. Aide \u00e0 dissoudre les d\u00e9p\u00f4ts au niveau des articulations. Nous apprenons \u00e0 d\u00e9passer l\u2019\u00e9nergie de l\u2019\u00e9go au niveau du plexus solaire et \u00e0 d\u00e9velopper la volont\u00e9 et la d\u00e9termination au service du bien commun.","rel":"","context":"Article similaire","block_context":{"text":"Article similaire","link":""},"img":{"alt_text":"","src":"","width":0,"height":0},"classes":[]},{"id":5986,"url":"https:\/\/artstella-elixirs-floraux.com\/fr_fr\/produit\/duende-de-los-pinos-15-ml-sylfos\/","url_meta":{"origin":2864,"position":3},"title":"DUENDE DE LOS PINOS 15 ML SYLFOS","author":"eveapprill","date":"9 mars 2025","format":false,"excerpt":"DUENDE DE LOS PINOS\/ LUTIN DES PINS Callophrys niphon Union \u2013 Courage \u2013 Force Cet \u00e9lixir aide \u00e0 arranger ou rompre des relations destructives, sachant prendre en compte si celles-ci ont quelque chose de bon ou de n\u00e9cessaire\u00a0ou si au contraire, elles sont destructives. Il nous aide \u00e0 d\u00e9passer l\u2019angoisse\u2026","rel":"","context":"Article similaire","block_context":{"text":"Article similaire","link":""},"img":{"alt_text":"","src":"","width":0,"height":0},"classes":[]},{"id":6042,"url":"https:\/\/artstella-elixirs-floraux.com\/fr_fr\/produit\/elixir-ocean-n07-phi-15ml\/","url_meta":{"origin":2864,"position":4},"title":"ELIXIR OCEAN N\u00b007 PHI 15ML","author":"eveapprill","date":"9 mars 2025","format":false,"excerpt":"L\u2018\u00e9lixir soutient les processus d\u2019\u00e9volution. Apporte un soutien \u00e9nerg\u00e9tique au d\u00e9veloppement cellulaire, \u00e0 leur formation et transformation.\u00a0A l\u2019image de la chenille qui forme un cocon et du cocon sort un papillon, il nous aide \u00e0 murir et \u00e0 poursuivre notre d\u00e9veloppement. Pour atteindre nos buts dans la vie.","rel":"","context":"Article similaire","block_context":{"text":"Article similaire","link":""},"img":{"alt_text":"","src":"https:\/\/i0.wp.com\/artstella-elixirs-floraux.com\/wp-content\/uploads\/2025\/03\/wp-image2045.png?resize=350%2C200&ssl=1","width":350,"height":200},"classes":[]},{"id":5868,"url":"https:\/\/artstella-elixirs-floraux.com\/fr_fr\/produit\/giraffe-giraffa-camelopardalis-15ml-phi\/","url_meta":{"origin":2864,"position":5},"title":"Giraffe (Giraffa camelopardalis) 15ml PHI","author":"eveapprill","date":"9 mars 2025","format":false,"excerpt":"Girafe - Giraffe (Giraffa camelopardalis) Cet \u00e9lixir nous aide \u00e0 renforcer \u00e9nerg\u00e9tiquement nos muscles dorsaux, conjointement avec des exercices. Nous apprenons \u00e0 nous relaxer et \u00e0 avoir une vision large sur la vie. Nous pouvons nous sentir plus confiants et plus en s\u00e9curit\u00e9.","rel":"","context":"Article similaire","block_context":{"text":"Article similaire","link":""},"img":{"alt_text":"","src":"","width":0,"height":0},"classes":[]}],"_links":{"self":[{"href":"https:\/\/artstella-elixirs-floraux.com\/fr_fr\/wp-json\/wp\/v2\/product\/2864","targetHints":{"allow":["GET"]}}],"collection":[{"href":"https:\/\/artstella-elixirs-floraux.com\/fr_fr\/wp-json\/wp\/v2\/product"}],"about":[{"href":"https:\/\/artstella-elixirs-floraux.com\/fr_fr\/wp-json\/wp\/v2\/types\/product"}],"version-history":[{"count":1,"href":"https:\/\/artstella-elixirs-floraux.com\/fr_fr\/wp-json\/wp\/v2\/product\/2864\/revisions"}],"predecessor-version":[{"id":11016,"href":"https:\/\/artstella-elixirs-floraux.com\/fr_fr\/wp-json\/wp\/v2\/product\/2864\/revisions\/11016"}],"wp:featuredmedia":[{"embeddable":true,"href":"https:\/\/artstella-elixirs-floraux.com\/fr_fr\/wp-json\/wp\/v2\/media\/2865"}],"wp:attachment":[{"href":"https:\/\/artstella-elixirs-floraux.com\/fr_fr\/wp-json\/wp\/v2\/media?parent=2864"}],"wp:term":[{"taxonomy":"product_brand","embeddable":true,"href":"https:\/\/artstella-elixirs-floraux.com\/fr_fr\/wp-json\/wp\/v2\/product_brand?post=2864"},{"taxonomy":"product_cat","embeddable":true,"href":"https:\/\/artstella-elixirs-floraux.com\/fr_fr\/wp-json\/wp\/v2\/product_cat?post=2864"},{"taxonomy":"product_tag","embeddable":true,"href":"https:\/\/artstella-elixirs-floraux.com\/fr_fr\/wp-json\/wp\/v2\/product_tag?post=2864"}],"curies":[{"name":"wp","href":"https:\/\/api.w.org\/{rel}","templated":true}]}}