{"id":2871,"date":"2025-03-09T13:03:03","date_gmt":"2025-03-09T13:03:03","guid":{"rendered":"https:\/\/artstella-elixirs-floraux.com\/product\/rock-rose-15ml-phi\/"},"modified":"2025-07-12T15:29:27","modified_gmt":"2025-07-12T15:29:27","slug":"rock-rose-15ml-phi","status":"publish","type":"product","link":"https:\/\/artstella-elixirs-floraux.com\/fr_fr\/produit\/rock-rose-15ml-phi\/","title":{"rendered":"ROCK ROSE 15ML PHI"},"content":{"rendered":"","protected":false},"excerpt":{"rendered":"<p><strong><em>Rock rose (Helianthemum nummularium) (H\u00e9lianth\u00e8me)\u00a0 <\/em><\/strong>Pour surmonter de grandes difficult\u00e9s ou des peurs et nous d\u00e9passer.<\/p>\n","protected":false},"featured_media":2872,"template":"","meta":[],"product_brand":[],"product_cat":[127],"product_tag":[],"class_list":{"0":"post-2871","1":"product","2":"type-product","3":"status-publish","4":"has-post-thumbnail","6":"product_cat-les-fleurs-de-bach-phi","8":"first","9":"instock","10":"taxable","11":"shipping-taxable","12":"purchasable","13":"product-type-simple"},"etheme_brands":{"errors":{"invalid_taxonomy":["Taxonomie non valide."]},"error_data":[]},"jetpack_sharing_enabled":true,"jetpack-related-posts":[{"id":5924,"url":"https:\/\/artstella-elixirs-floraux.com\/fr_fr\/produit\/heliantheme-10ml-deva\/","url_meta":{"origin":2871,"position":0},"title":"H\u00e9lianth\u00e8me 10ml DEVA","author":"eveapprill","date":"9 mars 2025","format":false,"excerpt":"H\u00e9lianth\u00e8me - Rock rose Helianthemum nummularium Courage Pour les situations de crise, d'affolement, de panique. Pour surmonter les peurs extr\u00eames (peur de la mort, peur de perdre le contr\u00f4le de soi\u2026)","rel":"","context":"Article similaire","block_context":{"text":"Article similaire","link":""},"img":{"alt_text":"","src":"","width":0,"height":0},"classes":[]},{"id":2874,"url":"https:\/\/artstella-elixirs-floraux.com\/fr_fr\/produit\/rock-water-15ml-phi\/","url_meta":{"origin":2871,"position":1},"title":"ROCK WATER 15ML PHI","author":"eveapprill","date":"9 mars 2025","format":false,"excerpt":"Rock water (Aqua petra) (Eau de roche)\u00a0 Pour nous lib\u00e9rer de comportements rigides et d\u00e9pass\u00e9s. Pour retrouver le courant du fleuve de la vie.","rel":"","context":"Article similaire","block_context":{"text":"Article similaire","link":""},"img":{"alt_text":"","src":"https:\/\/i0.wp.com\/artstella-elixirs-floraux.com\/wp-content\/uploads\/2025\/03\/wp-image1094.png?resize=350%2C200&ssl=1","width":350,"height":200},"classes":[]},{"id":2910,"url":"https:\/\/artstella-elixirs-floraux.com\/fr_fr\/produit\/rq5-phi-15-ml\/","url_meta":{"origin":2871,"position":2},"title":"RQ5 PHI 15 ML","author":"eveapprill","date":"9 mars 2025","format":false,"excerpt":"RQ5 - Rem\u00e8de d\u2019urgence aux cinq fleurs Est compos\u00e9 de Cherry plum, Clematis, Impatiens, Rock Rose, Star of Bethl\u00e9em. Il s'utilise dans tous les cas d'urgence et de stress intense.","rel":"","context":"Article similaire","block_context":{"text":"Article similaire","link":""},"img":{"alt_text":"","src":"https:\/\/i0.wp.com\/artstella-elixirs-floraux.com\/wp-content\/uploads\/2025\/03\/wp-image1106.png?resize=350%2C200&ssl=1","width":350,"height":200},"classes":[]},{"id":3181,"url":"https:\/\/artstella-elixirs-floraux.com\/fr_fr\/produit\/rose-reine-du-danemark-15ml-phi\/","url_meta":{"origin":2871,"position":3},"title":"ROSE REINE DU DANEMARK 15ML PHI","author":"eveapprill","date":"9 mars 2025","format":false,"excerpt":"Reine du Danemark (Rosa alba) (K\u00f6nigin von D\u00e4nemark) Nous soutient en cas de blessures \u00e9motionnelles. Il nous aide \u00e0 sortir les \u00ab\u00a0\u00e9pines\u00a0\u00bb de notre c\u0153ur et \u00e0 nous lib\u00e9rer d'anciennes douleurs. Accompagne les processus de deuils.","rel":"","context":"Article similaire","block_context":{"text":"Article similaire","link":""},"img":{"alt_text":"","src":"https:\/\/i0.wp.com\/artstella-elixirs-floraux.com\/wp-content\/uploads\/2025\/03\/wp-image407.png?resize=350%2C200&ssl=1","width":350,"height":200},"classes":[]},{"id":3165,"url":"https:\/\/artstella-elixirs-floraux.com\/fr_fr\/produit\/rose-sarah-van-fleet-15ml-phi\/","url_meta":{"origin":2871,"position":4},"title":"ROSE &lsquo;SARAH VAN FLEET&rsquo; 15ML PHI","author":"eveapprill","date":"9 mars 2025","format":false,"excerpt":"Rose rugueuse \u00ab\u00a0Sarah von Fleet\u00a0\u00bb (Rosa rugosa ) Agit au niveau du plexus cardiaque et nous ouvre \u00e0 l'exp\u00e9rience profonde de l'amour. Nous apprend \u00e0 donner de l\u2019amour sans attente de retour. Pour une joie du c\u0153ur, pure, innocente et r\u00e9jouie.","rel":"","context":"Article similaire","block_context":{"text":"Article similaire","link":""},"img":{"alt_text":"","src":"https:\/\/i0.wp.com\/artstella-elixirs-floraux.com\/wp-content\/uploads\/2025\/03\/wp-image402.png?resize=350%2C200&ssl=1","width":350,"height":200},"classes":[]},{"id":4549,"url":"https:\/\/artstella-elixirs-floraux.com\/fr_fr\/produit\/coffret-10-elixirs-de-roses-15ml-phi\/","url_meta":{"origin":2871,"position":5},"title":"COFFRET 10 ELIXIRS DE ROSES 15ml PHI","author":"eveapprill","date":"9 mars 2025","format":false,"excerpt":"Contient les 10 \u00e9lixirs de roses\u00a0 une particularit\u00e9 dans le domaine des \u00e9lixirs floraux Rose du Japon, Rose pimprenelle, Rose sauvage, Rose rugueuse Sarah van Fleet, Rose rugueuse Souvenir de Phil\u00e9mon Cochet, Rose tib\u00e9taine, Rose verte, Rose reine du Danmark, Rose Provence.","rel":"","context":"Article similaire","block_context":{"text":"Article similaire","link":""},"img":{"alt_text":"","src":"https:\/\/i0.wp.com\/artstella-elixirs-floraux.com\/wp-content\/uploads\/2025\/03\/wp-image1160.png?resize=350%2C200&ssl=1","width":350,"height":200,"srcset":"https:\/\/i0.wp.com\/artstella-elixirs-floraux.com\/wp-content\/uploads\/2025\/03\/wp-image1160.png?resize=350%2C200&ssl=1 1x, https:\/\/i0.wp.com\/artstella-elixirs-floraux.com\/wp-content\/uploads\/2025\/03\/wp-image1160.png?resize=525%2C300&ssl=1 1.5x, https:\/\/i0.wp.com\/artstella-elixirs-floraux.com\/wp-content\/uploads\/2025\/03\/wp-image1160.png?resize=700%2C400&ssl=1 2x"},"classes":[]}],"_links":{"self":[{"href":"https:\/\/artstella-elixirs-floraux.com\/fr_fr\/wp-json\/wp\/v2\/product\/2871","targetHints":{"allow":["GET"]}}],"collection":[{"href":"https:\/\/artstella-elixirs-floraux.com\/fr_fr\/wp-json\/wp\/v2\/product"}],"about":[{"href":"https:\/\/artstella-elixirs-floraux.com\/fr_fr\/wp-json\/wp\/v2\/types\/product"}],"version-history":[{"count":1,"href":"https:\/\/artstella-elixirs-floraux.com\/fr_fr\/wp-json\/wp\/v2\/product\/2871\/revisions"}],"predecessor-version":[{"id":11014,"href":"https:\/\/artstella-elixirs-floraux.com\/fr_fr\/wp-json\/wp\/v2\/product\/2871\/revisions\/11014"}],"wp:featuredmedia":[{"embeddable":true,"href":"https:\/\/artstella-elixirs-floraux.com\/fr_fr\/wp-json\/wp\/v2\/media\/2872"}],"wp:attachment":[{"href":"https:\/\/artstella-elixirs-floraux.com\/fr_fr\/wp-json\/wp\/v2\/media?parent=2871"}],"wp:term":[{"taxonomy":"product_brand","embeddable":true,"href":"https:\/\/artstella-elixirs-floraux.com\/fr_fr\/wp-json\/wp\/v2\/product_brand?post=2871"},{"taxonomy":"product_cat","embeddable":true,"href":"https:\/\/artstella-elixirs-floraux.com\/fr_fr\/wp-json\/wp\/v2\/product_cat?post=2871"},{"taxonomy":"product_tag","embeddable":true,"href":"https:\/\/artstella-elixirs-floraux.com\/fr_fr\/wp-json\/wp\/v2\/product_tag?post=2871"}],"curies":[{"name":"wp","href":"https:\/\/api.w.org\/{rel}","templated":true}]}}