{"id":2895,"date":"2025-03-09T13:03:23","date_gmt":"2025-03-09T13:03:23","guid":{"rendered":"https:\/\/artstella-elixirs-floraux.com\/product\/water-violet-15-ml-phi\/"},"modified":"2025-07-12T15:22:51","modified_gmt":"2025-07-12T15:22:51","slug":"water-violet-15-ml-phi","status":"publish","type":"product","link":"https:\/\/artstella-elixirs-floraux.com\/fr_fr\/produit\/water-violet-15-ml-phi\/","title":{"rendered":"WATER VIOLET 15 ML PHI"},"content":{"rendered":"","protected":false},"excerpt":{"rendered":"<p><strong><em>Water Violet (Hottonia palustris) (Hottonie des marais ou violette d\u2019eau) <\/em><\/strong>Nous aide \u00e0 sortir d&rsquo;un isolement volontaire et \u00e0 accepter la proximit\u00e9 et l&rsquo;aide des autres.<\/p>\n","protected":false},"featured_media":2896,"template":"","meta":[],"product_brand":[],"product_cat":[127],"product_tag":[],"class_list":{"0":"post-2895","1":"product","2":"type-product","3":"status-publish","4":"has-post-thumbnail","6":"product_cat-les-fleurs-de-bach-phi","8":"first","9":"instock","10":"taxable","11":"shipping-taxable","12":"purchasable","13":"product-type-simple"},"etheme_brands":{"errors":{"invalid_taxonomy":["Taxonomie non valide."]},"error_data":[]},"jetpack_sharing_enabled":true,"jetpack-related-posts":[{"id":5964,"url":"https:\/\/artstella-elixirs-floraux.com\/fr_fr\/produit\/violette-deau-10ml-deva\/","url_meta":{"origin":2895,"position":0},"title":"Violette d&rsquo;eau 10ml DEVA","author":"eveapprill","date":"9 mars 2025","format":false,"excerpt":"Violette d'eau - Water violet Hottonia palustris Calme, sagesse, humilit\u00e9 Pour les personnes r\u00e9serv\u00e9es, ind\u00e9pendantes, distantes, tranquilles et fi\u00e8res. Pour ceux qui aiment \u00eatre seuls et qui ont un sentiment de sup\u00e9riorit\u00e9.","rel":"","context":"Article similaire","block_context":{"text":"Article similaire","link":""},"img":{"alt_text":"","src":"https:\/\/i0.wp.com\/artstella-elixirs-floraux.com\/wp-content\/uploads\/2025\/03\/wp-image2454.png?resize=350%2C200&ssl=1","width":350,"height":200},"classes":[]},{"id":3052,"url":"https:\/\/artstella-elixirs-floraux.com\/fr_fr\/produit\/sugilite-violette-phi-15-ml\/","url_meta":{"origin":2895,"position":1},"title":"SUGILITE VIOLETTE PHI 15 ML","author":"eveapprill","date":"9 mars 2025","format":false,"excerpt":"Sugilite violette (Violetter Sugilit) Aide \u00e0 l'int\u00e9gration de la spiritualit\u00e9 dans la vie quotidienne. Son action harmonise les \u00e9motions et aide \u00e0 dissoudre l'affliction et la m\u00e9lancolie.","rel":"","context":"Article similaire","block_context":{"text":"Article similaire","link":""},"img":{"alt_text":"","src":"https:\/\/i0.wp.com\/artstella-elixirs-floraux.com\/wp-content\/uploads\/2025\/03\/wp-image649.png?resize=350%2C200&ssl=1","width":350,"height":200},"classes":[]},{"id":5808,"url":"https:\/\/artstella-elixirs-floraux.com\/fr_fr\/produit\/violette-des-bois-15-ml-deva\/","url_meta":{"origin":2895,"position":2},"title":"Violette des bois 15 ml DEVA","author":"eveapprill","date":"9 mars 2025","format":false,"excerpt":"Violette des Bois Sensibilit\u00e9 \u00e9panouie. Pour les temp\u00e9raments timides, vuln\u00e9rables, effac\u00e9s qui aiment la solitude. Aide \u00e0 communiquer et \u00e0 sortir d\u2019une trop grande discr\u00e9tion sans renier sa sensibilit\u00e9.","rel":"","context":"Article similaire","block_context":{"text":"Article similaire","link":""},"img":{"alt_text":"","src":"https:\/\/i0.wp.com\/artstella-elixirs-floraux.com\/wp-content\/uploads\/2025\/03\/wp-image2455.png?resize=350%2C200&ssl=1","width":350,"height":200},"classes":[]},{"id":2343,"url":"https:\/\/artstella-elixirs-floraux.com\/fr_fr\/produit\/white-violet-alaskan\/","url_meta":{"origin":2895,"position":3},"title":"White violet Alaskan","author":"eveapprill","date":"9 mars 2025","format":false,"excerpt":"White violet. Viola renifolia Claustrophobie ; peur de perdre son identit\u00e9 au sein d'un groupe ; incapacit\u00e9 \u00e0 exprimer sa sensibilit\u00e9 d'une mani\u00e8re ais\u00e9e.","rel":"","context":"Article similaire","block_context":{"text":"Article similaire","link":""},"img":{"alt_text":"","src":"https:\/\/i0.wp.com\/artstella-elixirs-floraux.com\/wp-content\/uploads\/2025\/03\/wp-image599.png?resize=350%2C200&ssl=1","width":350,"height":200},"classes":[]},{"id":4864,"url":"https:\/\/artstella-elixirs-floraux.com\/fr_fr\/produit\/alaska-violet-alaska-f-sup\/","url_meta":{"origin":2895,"position":4},"title":"ALASKA VIOLET ALASKA F SUP","author":"eveapprill","date":"9 mars 2025","format":false,"excerpt":"Alaska Violet Indications : le manque de mise \u00e0 la terre ; frileuse ; timides ; r\u00e9ticents ; Impossible d'actualiser son but dans la vie d'une mani\u00e8re pratique sur le plan physique.","rel":"","context":"Article similaire","block_context":{"text":"Article similaire","link":""},"img":{"alt_text":"","src":"https:\/\/i0.wp.com\/artstella-elixirs-floraux.com\/wp-content\/uploads\/2025\/03\/wp-image1371.png?resize=350%2C200&ssl=1","width":350,"height":200},"classes":[]},{"id":3229,"url":"https:\/\/artstella-elixirs-floraux.com\/fr_fr\/produit\/violette-15-ml-phi\/","url_meta":{"origin":2895,"position":5},"title":"VIOLETTE 15 ML PHI","author":"eveapprill","date":"9 mars 2025","format":false,"excerpt":"Violette (Viola Hirta) (Veilchen) Pour les personnes qui se sentent isol\u00e9es dans un groupe. Nous apprenons \u00e0 nous ouvrir davantage aux autres et \u00e0 d\u00e9velopper chaleur et confiance dans nos rapports avec autrui. Facilite l'acc\u00e8s \u00e0 nos souvenirs.","rel":"","context":"Article similaire","block_context":{"text":"Article similaire","link":""},"img":{"alt_text":"","src":"https:\/\/i0.wp.com\/artstella-elixirs-floraux.com\/wp-content\/uploads\/2025\/03\/wp-image395.png?resize=350%2C200&ssl=1","width":350,"height":200},"classes":[]}],"_links":{"self":[{"href":"https:\/\/artstella-elixirs-floraux.com\/fr_fr\/wp-json\/wp\/v2\/product\/2895","targetHints":{"allow":["GET"]}}],"collection":[{"href":"https:\/\/artstella-elixirs-floraux.com\/fr_fr\/wp-json\/wp\/v2\/product"}],"about":[{"href":"https:\/\/artstella-elixirs-floraux.com\/fr_fr\/wp-json\/wp\/v2\/types\/product"}],"version-history":[{"count":1,"href":"https:\/\/artstella-elixirs-floraux.com\/fr_fr\/wp-json\/wp\/v2\/product\/2895\/revisions"}],"predecessor-version":[{"id":11006,"href":"https:\/\/artstella-elixirs-floraux.com\/fr_fr\/wp-json\/wp\/v2\/product\/2895\/revisions\/11006"}],"wp:featuredmedia":[{"embeddable":true,"href":"https:\/\/artstella-elixirs-floraux.com\/fr_fr\/wp-json\/wp\/v2\/media\/2896"}],"wp:attachment":[{"href":"https:\/\/artstella-elixirs-floraux.com\/fr_fr\/wp-json\/wp\/v2\/media?parent=2895"}],"wp:term":[{"taxonomy":"product_brand","embeddable":true,"href":"https:\/\/artstella-elixirs-floraux.com\/fr_fr\/wp-json\/wp\/v2\/product_brand?post=2895"},{"taxonomy":"product_cat","embeddable":true,"href":"https:\/\/artstella-elixirs-floraux.com\/fr_fr\/wp-json\/wp\/v2\/product_cat?post=2895"},{"taxonomy":"product_tag","embeddable":true,"href":"https:\/\/artstella-elixirs-floraux.com\/fr_fr\/wp-json\/wp\/v2\/product_tag?post=2895"}],"curies":[{"name":"wp","href":"https:\/\/api.w.org\/{rel}","templated":true}]}}