{"id":2898,"date":"2025-03-09T13:03:25","date_gmt":"2025-03-09T13:03:25","guid":{"rendered":"https:\/\/artstella-elixirs-floraux.com\/product\/white-chestnut-15-ml-phi\/"},"modified":"2025-07-12T15:22:04","modified_gmt":"2025-07-12T15:22:04","slug":"white-chestnut-15-ml-phi","status":"publish","type":"product","link":"https:\/\/artstella-elixirs-floraux.com\/fr_fr\/produit\/white-chestnut-15-ml-phi\/","title":{"rendered":"WHITE CHESTNUT 15 ML PHI"},"content":{"rendered":"","protected":false},"excerpt":{"rendered":"<p><strong><em>White chesnut (Aezsculus hippocastanum) Marronnier blanc) <\/em><\/strong>Apaise les pens\u00e9es et favorise la clart\u00e9 mentale.<\/p>\n","protected":false},"featured_media":2899,"template":"","meta":[],"product_brand":[],"product_cat":[127],"product_tag":[],"class_list":{"0":"post-2898","1":"product","2":"type-product","3":"status-publish","4":"has-post-thumbnail","6":"product_cat-les-fleurs-de-bach-phi","8":"first","9":"instock","10":"taxable","11":"shipping-taxable","12":"purchasable","13":"product-type-simple"},"etheme_brands":{"errors":{"invalid_taxonomy":["Taxonomie non valide."]},"error_data":[]},"jetpack_sharing_enabled":true,"jetpack-related-posts":[{"id":5932,"url":"https:\/\/artstella-elixirs-floraux.com\/fr_fr\/produit\/marronnier-blanc-10-ml-deva\/","url_meta":{"origin":2898,"position":0},"title":"Marronnier blanc 10 ml DEVA","author":"eveapprill","date":"9 mars 2025","format":false,"excerpt":"Marronnier blanc - White chestnut Aesculus hippocastanum Clart\u00e9 mentale, tranquillit\u00e9 d\u2019esprit Calme le mental, favorise la concentration, l'intuition et la cr\u00e9ativit\u00e9. Pour supprimer le bavardage mental, les id\u00e9es fixes et les pens\u00e9es r\u00e9p\u00e9titives.","rel":"","context":"Article similaire","block_context":{"text":"Article similaire","link":""},"img":{"alt_text":"","src":"","width":0,"height":0},"classes":[]},{"id":2817,"url":"https:\/\/artstella-elixirs-floraux.com\/fr_fr\/produit\/chestnut-bud-15ml-phi\/","url_meta":{"origin":2898,"position":1},"title":"CHESTNUT BUD 15ML PHI","author":"eveapprill","date":"9 mars 2025","format":false,"excerpt":"Chesnut bud (Aesculus hippocastanum) (Bourgeons de marronnier) Pour nous ouvrir \u00e0 la nouveaut\u00e9 et d\u00e9velopper notre potentiel. Nous aide \u00e0 reconna\u00eetre et \u00e0 int\u00e9grer les processus d'apprentissage.","rel":"","context":"Article similaire","block_context":{"text":"Article similaire","link":""},"img":{"alt_text":"","src":"https:\/\/i0.wp.com\/artstella-elixirs-floraux.com\/wp-content\/uploads\/2025\/03\/wp-image339.png?resize=350%2C200&ssl=1","width":350,"height":200},"classes":[]},{"id":2867,"url":"https:\/\/artstella-elixirs-floraux.com\/fr_fr\/produit\/red-chestnut-15-ml\/","url_meta":{"origin":2898,"position":2},"title":"RED CHESTNUT 15 ML","author":"eveapprill","date":"9 mars 2025","format":false,"excerpt":"Red chesnut) (Aesculus carnea) (Marronnier rouge Nous lib\u00e8re du souci excessif d'autrui. Pour trouver le calme int\u00e9rieur et penser positivement","rel":"","context":"Article similaire","block_context":{"text":"Article similaire","link":""},"img":{"alt_text":"","src":"https:\/\/i0.wp.com\/artstella-elixirs-floraux.com\/wp-content\/uploads\/2025\/03\/wp-image1092.png?resize=350%2C200&ssl=1","width":350,"height":200},"classes":[]},{"id":3691,"url":"https:\/\/artstella-elixirs-floraux.com\/fr_fr\/produit\/72-white-beauty-ltoe-15-ml\/","url_meta":{"origin":2898,"position":3},"title":"WHITE BEAUTY LTOE 15 ML","author":"eveapprill","date":"9 mars 2025","format":false,"excerpt":"White Beauty\/ Aphrodite Apaisant et rassurant, il favorise la d\u00e9tente. Il enveloppe l\u2019aura d\u2019amour inconditionnel, tel celui d\u2019une m\u00e8re pour son nouveau-n\u00e9. Le spray est utile en situation post-traumatique, aussi bien pour les animaux que pour les humains. \u00a0","rel":"","context":"Article similaire","block_context":{"text":"Article similaire","link":""},"img":{"alt_text":"","src":"https:\/\/i0.wp.com\/artstella-elixirs-floraux.com\/wp-content\/uploads\/2025\/03\/81f4063b-b90d-4256-b433-aefc9f5edc88.jpg?resize=350%2C200&ssl=1","width":350,"height":200,"srcset":"https:\/\/i0.wp.com\/artstella-elixirs-floraux.com\/wp-content\/uploads\/2025\/03\/81f4063b-b90d-4256-b433-aefc9f5edc88.jpg?resize=350%2C200&ssl=1 1x, https:\/\/i0.wp.com\/artstella-elixirs-floraux.com\/wp-content\/uploads\/2025\/03\/81f4063b-b90d-4256-b433-aefc9f5edc88.jpg?resize=525%2C300&ssl=1 1.5x, https:\/\/i0.wp.com\/artstella-elixirs-floraux.com\/wp-content\/uploads\/2025\/03\/81f4063b-b90d-4256-b433-aefc9f5edc88.jpg?resize=700%2C400&ssl=1 2x"},"classes":[]},{"id":2985,"url":"https:\/\/artstella-elixirs-floraux.com\/fr_fr\/produit\/apatite-phi-15-ml\/","url_meta":{"origin":2898,"position":4},"title":"APATITE PHI 15 ML","author":"eveapprill","date":"9 mars 2025","format":false,"excerpt":"Apatite (Apatit) Favorise l'apaisement, la clart\u00e9, la concentration et la m\u00e9ditation. Il soutient le travail de r\u00e9gression.","rel":"","context":"Article similaire","block_context":{"text":"Article similaire","link":""},"img":{"alt_text":"","src":"","width":0,"height":0},"classes":[]},{"id":3058,"url":"https:\/\/artstella-elixirs-floraux.com\/fr_fr\/produit\/topaze-bleue-phi-15-ml\/","url_meta":{"origin":2898,"position":5},"title":"TOPAZE BLEUE PHI 15 ML","author":"eveapprill","date":"9 mars 2025","format":false,"excerpt":"Topaze bleue (Topas) Favorise la cr\u00e9ativit\u00e9 et l'inspiration. Il apaise le mental et le clarifie, favorise l'effort spirituel et la tol\u00e9rance.","rel":"","context":"Article similaire","block_context":{"text":"Article similaire","link":""},"img":{"alt_text":"","src":"https:\/\/i0.wp.com\/artstella-elixirs-floraux.com\/wp-content\/uploads\/2025\/03\/wp-image651.png?resize=350%2C200&ssl=1","width":350,"height":200},"classes":[]}],"_links":{"self":[{"href":"https:\/\/artstella-elixirs-floraux.com\/fr_fr\/wp-json\/wp\/v2\/product\/2898","targetHints":{"allow":["GET"]}}],"collection":[{"href":"https:\/\/artstella-elixirs-floraux.com\/fr_fr\/wp-json\/wp\/v2\/product"}],"about":[{"href":"https:\/\/artstella-elixirs-floraux.com\/fr_fr\/wp-json\/wp\/v2\/types\/product"}],"version-history":[{"count":1,"href":"https:\/\/artstella-elixirs-floraux.com\/fr_fr\/wp-json\/wp\/v2\/product\/2898\/revisions"}],"predecessor-version":[{"id":11005,"href":"https:\/\/artstella-elixirs-floraux.com\/fr_fr\/wp-json\/wp\/v2\/product\/2898\/revisions\/11005"}],"wp:featuredmedia":[{"embeddable":true,"href":"https:\/\/artstella-elixirs-floraux.com\/fr_fr\/wp-json\/wp\/v2\/media\/2899"}],"wp:attachment":[{"href":"https:\/\/artstella-elixirs-floraux.com\/fr_fr\/wp-json\/wp\/v2\/media?parent=2898"}],"wp:term":[{"taxonomy":"product_brand","embeddable":true,"href":"https:\/\/artstella-elixirs-floraux.com\/fr_fr\/wp-json\/wp\/v2\/product_brand?post=2898"},{"taxonomy":"product_cat","embeddable":true,"href":"https:\/\/artstella-elixirs-floraux.com\/fr_fr\/wp-json\/wp\/v2\/product_cat?post=2898"},{"taxonomy":"product_tag","embeddable":true,"href":"https:\/\/artstella-elixirs-floraux.com\/fr_fr\/wp-json\/wp\/v2\/product_tag?post=2898"}],"curies":[{"name":"wp","href":"https:\/\/api.w.org\/{rel}","templated":true}]}}