{"id":2901,"date":"2025-03-09T13:03:27","date_gmt":"2025-03-09T13:03:27","guid":{"rendered":"https:\/\/artstella-elixirs-floraux.com\/product\/wild-oat-15-ml-phi\/"},"modified":"2025-07-12T15:21:10","modified_gmt":"2025-07-12T15:21:10","slug":"wild-oat-15-ml-phi","status":"publish","type":"product","link":"https:\/\/artstella-elixirs-floraux.com\/fr_fr\/produit\/wild-oat-15-ml-phi\/","title":{"rendered":"WILD OAT 15 ML PHI"},"content":{"rendered":"","protected":false},"excerpt":{"rendered":"<p><strong><em>Wild oat (Bromus ramosus) (Folle avoine) <\/em><\/strong>Pour trouver son but et le r\u00e9aliser.<\/p>\n","protected":false},"featured_media":2902,"template":"","meta":[],"product_brand":[],"product_cat":[127],"product_tag":[],"class_list":{"0":"post-2901","1":"product","2":"type-product","3":"status-publish","4":"has-post-thumbnail","6":"product_cat-les-fleurs-de-bach-phi","8":"first","9":"instock","10":"taxable","11":"shipping-taxable","12":"purchasable","13":"product-type-simple"},"etheme_brands":{"errors":{"invalid_taxonomy":["Taxonomie non valide."]},"error_data":[]},"jetpack_sharing_enabled":true,"jetpack-related-posts":[{"id":5920,"url":"https:\/\/artstella-elixirs-floraux.com\/fr_fr\/produit\/folle-avoine-10ml-deva\/","url_meta":{"origin":2901,"position":0},"title":"Folle avoine 10ml DEVA","author":"eveapprill","date":"9 mars 2025","format":false,"excerpt":"Folle avoine - Wild oat Bromus ramosus Discernement des capacit\u00e9s et d\u00e9finition des objectifs \u00e0 suivre. Pour ceux qui sont incertains, insatisfaits sur la direction \u00e0 donner \u00e0 leur vie, qui ont une ambition non d\u00e9finie ou qui n'arrivent pas \u00e0 la r\u00e9aliser.","rel":"","context":"Article similaire","block_context":{"text":"Article similaire","link":""},"img":{"alt_text":"","src":"","width":0,"height":0},"classes":[]},{"id":2904,"url":"https:\/\/artstella-elixirs-floraux.com\/fr_fr\/produit\/wild-rose-phi-15-ml\/","url_meta":{"origin":2901,"position":1},"title":"WILD ROSE PHI 15 ML","author":"eveapprill","date":"9 mars 2025","format":false,"excerpt":"Wild Rose (Rosa canina) (Eglantine) Quand nous avons l'impression que rien ne vaut la peine, l'\u00e9glantier renouvelle la joie de vivre et permet de trouver la force de transformer notre situation.","rel":"","context":"Article similaire","block_context":{"text":"Article similaire","link":""},"img":{"alt_text":"","src":"https:\/\/i0.wp.com\/artstella-elixirs-floraux.com\/wp-content\/uploads\/2025\/03\/wp-image1104.png?resize=350%2C200&ssl=1","width":350,"height":200},"classes":[]},{"id":3276,"url":"https:\/\/artstella-elixirs-floraux.com\/fr_fr\/produit\/ail-sauvage-phi-15-ml\/","url_meta":{"origin":2901,"position":2},"title":"AIL SAUVAGE PHI 15 ML","author":"eveapprill","date":"9 mars 2025","format":false,"excerpt":"Ail sauvage (Allium angulosum) (Wilder Knoblauch) Agit \u00e9nerg\u00e9tiquement sur toutes les formes de peurs. Les \u00e9nergies bloqu\u00e9es sont lib\u00e9r\u00e9es et l'ensemble de notre syst\u00e8me se renforce.","rel":"","context":"Article similaire","block_context":{"text":"Article similaire","link":""},"img":{"alt_text":"","src":"https:\/\/i0.wp.com\/artstella-elixirs-floraux.com\/wp-content\/uploads\/2025\/03\/wp-image678.png?resize=350%2C200&ssl=1","width":350,"height":200},"classes":[]},{"id":4499,"url":"https:\/\/artstella-elixirs-floraux.com\/fr_fr\/produit\/wild-potato-bush-15-ml\/","url_meta":{"origin":2901,"position":3},"title":"WILD POTATO BUSH 15 ML","author":"eveapprill","date":"9 mars 2025","format":false,"excerpt":"Wild Potato Bush Accablement, frustration. Pouvoir avancer dans la vie.","rel":"","context":"Article similaire","block_context":{"text":"Article similaire","link":""},"img":{"alt_text":"","src":"","width":0,"height":0},"classes":[]},{"id":3279,"url":"https:\/\/artstella-elixirs-floraux.com\/fr_fr\/produit\/carotte-sauvage-15-ml-phi\/","url_meta":{"origin":2901,"position":4},"title":"CAROTTE SAUVAGE 15 ML PHI","author":"eveapprill","date":"9 mars 2025","format":false,"excerpt":"Carotte sauvage (Daucus carota) (Wild M\u00f6hre) Am\u00e9liore nos perceptions int\u00e9rieures comme ext\u00e9rieures. Renforce \u00e9nerg\u00e9tiquement la vision et la paix du mental. Id\u00e9al pour l'accompagnement du \u00ab\u00a0r\u00eave \u00e9veill\u00e9\u00a0\u00bb.","rel":"","context":"Article similaire","block_context":{"text":"Article similaire","link":""},"img":{"alt_text":"","src":"https:\/\/i0.wp.com\/artstella-elixirs-floraux.com\/wp-content\/uploads\/2025\/03\/wp-image679.png?resize=350%2C200&ssl=1","width":350,"height":200},"classes":[]},{"id":3133,"url":"https:\/\/artstella-elixirs-floraux.com\/fr_fr\/produit\/strelizia-royale-afrique-15-ml-phi\/","url_meta":{"origin":2901,"position":5},"title":"STRELIZIA ROYALE AFRIQUE 15 ML PHI","author":"eveapprill","date":"9 mars 2025","format":false,"excerpt":"Strelizia royale (Strelizia reginae) (Paradiesvogelblume) Nous aide \u00e0 trouver la beaut\u00e9 int\u00e9rieure et \u00e0 relativiser les apparences. Nous apprenons \u00e0 nous accepter tels que nous sommes et \u00e0 suivre notre but.","rel":"","context":"Article similaire","block_context":{"text":"Article similaire","link":""},"img":{"alt_text":"","src":"https:\/\/i0.wp.com\/artstella-elixirs-floraux.com\/wp-content\/uploads\/2025\/03\/wp-image422.png?resize=350%2C200&ssl=1","width":350,"height":200},"classes":[]}],"_links":{"self":[{"href":"https:\/\/artstella-elixirs-floraux.com\/fr_fr\/wp-json\/wp\/v2\/product\/2901","targetHints":{"allow":["GET"]}}],"collection":[{"href":"https:\/\/artstella-elixirs-floraux.com\/fr_fr\/wp-json\/wp\/v2\/product"}],"about":[{"href":"https:\/\/artstella-elixirs-floraux.com\/fr_fr\/wp-json\/wp\/v2\/types\/product"}],"version-history":[{"count":1,"href":"https:\/\/artstella-elixirs-floraux.com\/fr_fr\/wp-json\/wp\/v2\/product\/2901\/revisions"}],"predecessor-version":[{"id":11004,"href":"https:\/\/artstella-elixirs-floraux.com\/fr_fr\/wp-json\/wp\/v2\/product\/2901\/revisions\/11004"}],"wp:featuredmedia":[{"embeddable":true,"href":"https:\/\/artstella-elixirs-floraux.com\/fr_fr\/wp-json\/wp\/v2\/media\/2902"}],"wp:attachment":[{"href":"https:\/\/artstella-elixirs-floraux.com\/fr_fr\/wp-json\/wp\/v2\/media?parent=2901"}],"wp:term":[{"taxonomy":"product_brand","embeddable":true,"href":"https:\/\/artstella-elixirs-floraux.com\/fr_fr\/wp-json\/wp\/v2\/product_brand?post=2901"},{"taxonomy":"product_cat","embeddable":true,"href":"https:\/\/artstella-elixirs-floraux.com\/fr_fr\/wp-json\/wp\/v2\/product_cat?post=2901"},{"taxonomy":"product_tag","embeddable":true,"href":"https:\/\/artstella-elixirs-floraux.com\/fr_fr\/wp-json\/wp\/v2\/product_tag?post=2901"}],"curies":[{"name":"wp","href":"https:\/\/api.w.org\/{rel}","templated":true}]}}