{"id":2904,"date":"2025-03-09T13:03:30","date_gmt":"2025-03-09T13:03:30","guid":{"rendered":"https:\/\/artstella-elixirs-floraux.com\/product\/wild-rose-phi-15-ml\/"},"modified":"2025-07-12T15:20:15","modified_gmt":"2025-07-12T15:20:15","slug":"wild-rose-phi-15-ml","status":"publish","type":"product","link":"https:\/\/artstella-elixirs-floraux.com\/fr_fr\/produit\/wild-rose-phi-15-ml\/","title":{"rendered":"WILD ROSE PHI 15 ML"},"content":{"rendered":"","protected":false},"excerpt":{"rendered":"<p><strong><em>Wild Rose (Rosa canina) (Eglantine) <\/em><\/strong>Quand nous avons l&rsquo;impression que rien ne vaut la peine, l&rsquo;\u00e9glantier renouvelle la joie de vivre et permet de trouver la force de transformer notre situation.<\/p>\n","protected":false},"featured_media":2905,"template":"","meta":[],"product_brand":[],"product_cat":[127],"product_tag":[],"class_list":{"0":"post-2904","1":"product","2":"type-product","3":"status-publish","4":"has-post-thumbnail","6":"product_cat-les-fleurs-de-bach-phi","8":"first","9":"instock","10":"taxable","11":"shipping-taxable","12":"purchasable","13":"product-type-simple"},"etheme_brands":{"errors":{"invalid_taxonomy":["Taxonomie non valide."]},"error_data":[]},"jetpack_sharing_enabled":true,"jetpack-related-posts":[{"id":2260,"url":"https:\/\/artstella-elixirs-floraux.com\/fr_fr\/produit\/prickly-wild-rose-alaskan\/","url_meta":{"origin":2904,"position":0},"title":"Prickly wild rose Alaskan","author":"eveapprill","date":"9 mars 2025","format":false,"excerpt":"Prickly wild rose. Rosa acicularis Manque de confiance et de foi ; se sent sans espoir ; apathique et sans int\u00e9r\u00eat. Incapacit\u00e9 \u00e0 garder le c\u0153ur ouvert dans les situations hostiles.","rel":"","context":"Article similaire","block_context":{"text":"Article similaire","link":""},"img":{"alt_text":"","src":"https:\/\/i0.wp.com\/artstella-elixirs-floraux.com\/wp-content\/uploads\/2025\/03\/wp-image576.png?resize=350%2C200&ssl=1","width":350,"height":200},"classes":[]},{"id":2649,"url":"https:\/\/artstella-elixirs-floraux.com\/fr_fr\/produit\/dog-rose-of-the-wild-forces-15ml\/","url_meta":{"origin":2904,"position":1},"title":"DOG ROSE OF THE WILD FORCES 15ml","author":"eveapprill","date":"9 mars 2025","format":false,"excerpt":"Dog Rose Of The Wild Forces Peur de perdre le contr\u00f4le de soi-m\u00eame, souffrance sans raison apparente. Equilibre \u00e9motionnel, rester calme et centr\u00e9 face aux bouleversements internes ou externes.","rel":"","context":"Article similaire","block_context":{"text":"Article similaire","link":""},"img":{"alt_text":"","src":"https:\/\/i0.wp.com\/artstella-elixirs-floraux.com\/wp-content\/uploads\/2025\/03\/wp-image255.png?resize=350%2C200&ssl=1","width":350,"height":200},"classes":[]},{"id":5916,"url":"https:\/\/artstella-elixirs-floraux.com\/fr_fr\/produit\/eglantier-10-ml-deva\/","url_meta":{"origin":2904,"position":2},"title":"Eglantier 10 ml DEVA","author":"eveapprill","date":"9 mars 2025","format":false,"excerpt":"\u00c9glantier - Wild rose Rosa canina Motivation, vitalit\u00e9 Pour surmonter l'apathie, le manque d'int\u00e9r\u00eat, la r\u00e9signation ou l'abandon. S'utilise dans les situations de passivit\u00e9 totale, lorsqu'il n'y a pas d'espoir.","rel":"","context":"Article similaire","block_context":{"text":"Article similaire","link":""},"img":{"alt_text":"","src":"","width":0,"height":0},"classes":[]},{"id":2737,"url":"https:\/\/artstella-elixirs-floraux.com\/fr_fr\/produit\/purifying-purification-bush-30ml\/","url_meta":{"origin":2904,"position":3},"title":"PURIFYING Purification BUSH 30ml","author":"eveapprill","date":"9 mars 2025","format":false,"excerpt":"Purifying -\u00a0Purification Pour clarifier les r\u00e9sidus \u00e9motionnels accumul\u00e9s au fil du temps et se d\u00e9faire de ces ''bagages'' psychiques encombrants. Compos\u00e9 de Bauhinia Bush Iris, Bottlebrush, Dagger Hakea, Dog Rose, Wild Potato Bush.","rel":"","context":"Article similaire","block_context":{"text":"Article similaire","link":""},"img":{"alt_text":"","src":"https:\/\/i0.wp.com\/artstella-elixirs-floraux.com\/wp-content\/uploads\/2025\/03\/98f26060-c4ae-440e-839e-9e9fc7f90583.jpg?resize=350%2C200&ssl=1","width":350,"height":200,"srcset":"https:\/\/i0.wp.com\/artstella-elixirs-floraux.com\/wp-content\/uploads\/2025\/03\/98f26060-c4ae-440e-839e-9e9fc7f90583.jpg?resize=350%2C200&ssl=1 1x, https:\/\/i0.wp.com\/artstella-elixirs-floraux.com\/wp-content\/uploads\/2025\/03\/98f26060-c4ae-440e-839e-9e9fc7f90583.jpg?resize=525%2C300&ssl=1 1.5x, https:\/\/i0.wp.com\/artstella-elixirs-floraux.com\/wp-content\/uploads\/2025\/03\/98f26060-c4ae-440e-839e-9e9fc7f90583.jpg?resize=700%2C400&ssl=1 2x"},"classes":[]},{"id":4499,"url":"https:\/\/artstella-elixirs-floraux.com\/fr_fr\/produit\/wild-potato-bush-15-ml\/","url_meta":{"origin":2904,"position":4},"title":"WILD POTATO BUSH 15 ML","author":"eveapprill","date":"9 mars 2025","format":false,"excerpt":"Wild Potato Bush Accablement, frustration. Pouvoir avancer dans la vie.","rel":"","context":"Article similaire","block_context":{"text":"Article similaire","link":""},"img":{"alt_text":"","src":"","width":0,"height":0},"classes":[]},{"id":2901,"url":"https:\/\/artstella-elixirs-floraux.com\/fr_fr\/produit\/wild-oat-15-ml-phi\/","url_meta":{"origin":2904,"position":5},"title":"WILD OAT 15 ML PHI","author":"eveapprill","date":"9 mars 2025","format":false,"excerpt":"Wild oat (Bromus ramosus) (Folle avoine) Pour trouver son but et le r\u00e9aliser.","rel":"","context":"Article similaire","block_context":{"text":"Article similaire","link":""},"img":{"alt_text":"","src":"https:\/\/i0.wp.com\/artstella-elixirs-floraux.com\/wp-content\/uploads\/2025\/03\/wp-image1103.png?resize=350%2C200&ssl=1","width":350,"height":200},"classes":[]}],"_links":{"self":[{"href":"https:\/\/artstella-elixirs-floraux.com\/fr_fr\/wp-json\/wp\/v2\/product\/2904","targetHints":{"allow":["GET"]}}],"collection":[{"href":"https:\/\/artstella-elixirs-floraux.com\/fr_fr\/wp-json\/wp\/v2\/product"}],"about":[{"href":"https:\/\/artstella-elixirs-floraux.com\/fr_fr\/wp-json\/wp\/v2\/types\/product"}],"version-history":[{"count":1,"href":"https:\/\/artstella-elixirs-floraux.com\/fr_fr\/wp-json\/wp\/v2\/product\/2904\/revisions"}],"predecessor-version":[{"id":11003,"href":"https:\/\/artstella-elixirs-floraux.com\/fr_fr\/wp-json\/wp\/v2\/product\/2904\/revisions\/11003"}],"wp:featuredmedia":[{"embeddable":true,"href":"https:\/\/artstella-elixirs-floraux.com\/fr_fr\/wp-json\/wp\/v2\/media\/2905"}],"wp:attachment":[{"href":"https:\/\/artstella-elixirs-floraux.com\/fr_fr\/wp-json\/wp\/v2\/media?parent=2904"}],"wp:term":[{"taxonomy":"product_brand","embeddable":true,"href":"https:\/\/artstella-elixirs-floraux.com\/fr_fr\/wp-json\/wp\/v2\/product_brand?post=2904"},{"taxonomy":"product_cat","embeddable":true,"href":"https:\/\/artstella-elixirs-floraux.com\/fr_fr\/wp-json\/wp\/v2\/product_cat?post=2904"},{"taxonomy":"product_tag","embeddable":true,"href":"https:\/\/artstella-elixirs-floraux.com\/fr_fr\/wp-json\/wp\/v2\/product_tag?post=2904"}],"curies":[{"name":"wp","href":"https:\/\/api.w.org\/{rel}","templated":true}]}}