{"id":2910,"date":"2025-03-09T13:03:34","date_gmt":"2025-03-09T13:03:34","guid":{"rendered":"https:\/\/artstella-elixirs-floraux.com\/product\/rq5-phi-15-ml\/"},"modified":"2025-04-21T17:19:56","modified_gmt":"2025-04-21T17:19:56","slug":"rq5-phi-15-ml","status":"publish","type":"product","link":"https:\/\/artstella-elixirs-floraux.com\/fr_fr\/produit\/rq5-phi-15-ml\/","title":{"rendered":"RQ5 PHI 15 ML"},"content":{"rendered":"","protected":false},"excerpt":{"rendered":"<p><strong><em>RQ5 &#8211; Rem\u00e8de d\u2019urgence aux cinq fleurs<\/em><\/strong><\/p>\n<p style=\"text-align: left;\">Est compos\u00e9 de Cherry plum, Clematis, Impatiens, Rock Rose, Star of Bethl\u00e9em. Il s&rsquo;utilise dans tous les cas d&rsquo;urgence et de stress intense.<\/p>\n","protected":false},"featured_media":2911,"template":"","meta":[],"product_brand":[],"product_cat":[127],"product_tag":[],"class_list":{"0":"post-2910","1":"product","2":"type-product","3":"status-publish","4":"has-post-thumbnail","6":"product_cat-les-fleurs-de-bach-phi","8":"first","9":"instock","10":"taxable","11":"shipping-taxable","12":"purchasable","13":"product-type-variable"},"etheme_brands":{"errors":{"invalid_taxonomy":["Taxonomie non valide."]},"error_data":[]},"jetpack_sharing_enabled":true,"jetpack-related-posts":[{"id":2915,"url":"https:\/\/artstella-elixirs-floraux.com\/fr_fr\/produit\/rq7-phi\/","url_meta":{"origin":2910,"position":0},"title":"RQ7 PHI","author":"eveapprill","date":"9 mars 2025","format":false,"excerpt":"\u00a0RQ7 - Rem\u00e8de d\u2019urgence aux sept fleurs Ce m\u00e9lange comprend les cinq fleurs du RQ5 ainsi que la brunelle qui active les forces d'auto gu\u00e9rison et le lotus, pour son action harmonisante. Il s'utilise dans les cas d'urgence et de stress prolong\u00e9. On peut \u00e9galement l\u2019utiliser sous forme de spray\u2026","rel":"","context":"Article similaire","block_context":{"text":"Article similaire","link":""},"img":{"alt_text":"","src":"https:\/\/i0.wp.com\/artstella-elixirs-floraux.com\/wp-content\/uploads\/2025\/03\/wp-image1108.png?resize=350%2C200&ssl=1","width":350,"height":200},"classes":[]},{"id":4537,"url":"https:\/\/artstella-elixirs-floraux.com\/fr_fr\/produit\/coffret-fleurs-classiques-15-ml\/","url_meta":{"origin":2910,"position":1},"title":"COFFRET FLEURS CLASSIQUES 15 ML","author":"eveapprill","date":"9 mars 2025","format":false,"excerpt":"Elixirs de fleurs classiques : Correspondent aux 38 Fleurs de Bach avec le RQ5 rem\u00e8de d'urgence aux 5 fleurs et le RQ7 rem\u00e8de d'urgence aux 7 fleurs, r\u00e9alis\u00e9s avec la m\u00e9thode de transfert sans couper les fleurs.","rel":"","context":"Article similaire","block_context":{"text":"Article similaire","link":""},"img":{"alt_text":"","src":"https:\/\/i0.wp.com\/artstella-elixirs-floraux.com\/wp-content\/uploads\/2025\/03\/wp-image2354.png?resize=350%2C200&ssl=1","width":350,"height":200,"srcset":"https:\/\/i0.wp.com\/artstella-elixirs-floraux.com\/wp-content\/uploads\/2025\/03\/wp-image2354.png?resize=350%2C200&ssl=1 1x, https:\/\/i0.wp.com\/artstella-elixirs-floraux.com\/wp-content\/uploads\/2025\/03\/wp-image2354.png?resize=525%2C300&ssl=1 1.5x, https:\/\/i0.wp.com\/artstella-elixirs-floraux.com\/wp-content\/uploads\/2025\/03\/wp-image2354.png?resize=700%2C400&ssl=1 2x"},"classes":[]},{"id":2733,"url":"https:\/\/artstella-elixirs-floraux.com\/fr_fr\/produit\/emergency-urgence-bush-30ml\/","url_meta":{"origin":2910,"position":2},"title":"EMERGENCY \u00ab\u00a0Urgence\u00a0\u00bb BUSH 30ml","author":"eveapprill","date":"9 mars 2025","format":false,"excerpt":"Emergency -\u00a0Urgence Ce compos\u00e9 a une action calmante et rassurante.","rel":"","context":"Article similaire","block_context":{"text":"Article similaire","link":""},"img":{"alt_text":"","src":"https:\/\/i0.wp.com\/artstella-elixirs-floraux.com\/wp-content\/uploads\/2025\/03\/e2a8e2ab-de62-4b3d-ab75-01b6f4b749db.jpg?resize=350%2C200&ssl=1","width":350,"height":200,"srcset":"https:\/\/i0.wp.com\/artstella-elixirs-floraux.com\/wp-content\/uploads\/2025\/03\/e2a8e2ab-de62-4b3d-ab75-01b6f4b749db.jpg?resize=350%2C200&ssl=1 1x, https:\/\/i0.wp.com\/artstella-elixirs-floraux.com\/wp-content\/uploads\/2025\/03\/e2a8e2ab-de62-4b3d-ab75-01b6f4b749db.jpg?resize=525%2C300&ssl=1 1.5x, https:\/\/i0.wp.com\/artstella-elixirs-floraux.com\/wp-content\/uploads\/2025\/03\/e2a8e2ab-de62-4b3d-ab75-01b6f4b749db.jpg?resize=700%2C400&ssl=1 2x"},"classes":[]},{"id":2783,"url":"https:\/\/artstella-elixirs-floraux.com\/fr_fr\/produit\/creme-emergency-urgence\/","url_meta":{"origin":2910,"position":3},"title":"CREME EMERGENCY &#8211; Urgence","author":"eveapprill","date":"9 mars 2025","format":false,"excerpt":"La cr\u00e8me Emergency (situation d\u2019urgence) Dans les situations de panique, d\u00e9tresse, peur, cette cr\u00e8me vous aidera \u00e0 trouver de l\u2019apaisement. Egalement disponible en gouttes et en spray.","rel":"","context":"Article similaire","block_context":{"text":"Article similaire","link":""},"img":{"alt_text":"","src":"https:\/\/i0.wp.com\/artstella-elixirs-floraux.com\/wp-content\/uploads\/2025\/03\/wp-image291.webp?resize=350%2C200&ssl=1","width":350,"height":200},"classes":[]},{"id":5348,"url":"https:\/\/artstella-elixirs-floraux.com\/fr_fr\/produit\/emergency-spray-50ml-urgence\/","url_meta":{"origin":2910,"position":4},"title":"EMERGENCY SPRAY 50ML Urgence","author":"eveapprill","date":"9 mars 2025","format":false,"excerpt":"Le spray Emergency (situation d\u2019urgence) Dans les situations de panique, d\u00e9tresse, peur, ce spray vous aidera \u00e0 trouver de l\u2019apaisement.","rel":"","context":"Article similaire","block_context":{"text":"Article similaire","link":""},"img":{"alt_text":"","src":"","width":0,"height":0},"classes":[]},{"id":3885,"url":"https:\/\/artstella-elixirs-floraux.com\/fr_fr\/produit\/rq7-phi-spray-durgence\/","url_meta":{"origin":2910,"position":5},"title":"RQ7 PHI SPRAY D&rsquo;URGENCE","author":"eveapprill","date":"9 mars 2025","format":false,"excerpt":"RQ7 en spray (spray d\u2019urgence) La combinaison d'urgence existe maintenant en spray pour un usage externe. En cas de stress important ou de choc, vous pouvez le vaporiser plusieurs fois autour de vous ou directement sur la peau","rel":"","context":"Article similaire","block_context":{"text":"Article similaire","link":""},"img":{"alt_text":"","src":"https:\/\/i0.wp.com\/artstella-elixirs-floraux.com\/wp-content\/uploads\/2025\/03\/8b37bd36-1578-4bda-bf29-27659c5152c5.jpg?resize=350%2C200&ssl=1","width":350,"height":200,"srcset":"https:\/\/i0.wp.com\/artstella-elixirs-floraux.com\/wp-content\/uploads\/2025\/03\/8b37bd36-1578-4bda-bf29-27659c5152c5.jpg?resize=350%2C200&ssl=1 1x, https:\/\/i0.wp.com\/artstella-elixirs-floraux.com\/wp-content\/uploads\/2025\/03\/8b37bd36-1578-4bda-bf29-27659c5152c5.jpg?resize=525%2C300&ssl=1 1.5x, https:\/\/i0.wp.com\/artstella-elixirs-floraux.com\/wp-content\/uploads\/2025\/03\/8b37bd36-1578-4bda-bf29-27659c5152c5.jpg?resize=700%2C400&ssl=1 2x"},"classes":[]}],"_links":{"self":[{"href":"https:\/\/artstella-elixirs-floraux.com\/fr_fr\/wp-json\/wp\/v2\/product\/2910","targetHints":{"allow":["GET"]}}],"collection":[{"href":"https:\/\/artstella-elixirs-floraux.com\/fr_fr\/wp-json\/wp\/v2\/product"}],"about":[{"href":"https:\/\/artstella-elixirs-floraux.com\/fr_fr\/wp-json\/wp\/v2\/types\/product"}],"version-history":[{"count":0,"href":"https:\/\/artstella-elixirs-floraux.com\/fr_fr\/wp-json\/wp\/v2\/product\/2910\/revisions"}],"wp:featuredmedia":[{"embeddable":true,"href":"https:\/\/artstella-elixirs-floraux.com\/fr_fr\/wp-json\/wp\/v2\/media\/2911"}],"wp:attachment":[{"href":"https:\/\/artstella-elixirs-floraux.com\/fr_fr\/wp-json\/wp\/v2\/media?parent=2910"}],"wp:term":[{"taxonomy":"product_brand","embeddable":true,"href":"https:\/\/artstella-elixirs-floraux.com\/fr_fr\/wp-json\/wp\/v2\/product_brand?post=2910"},{"taxonomy":"product_cat","embeddable":true,"href":"https:\/\/artstella-elixirs-floraux.com\/fr_fr\/wp-json\/wp\/v2\/product_cat?post=2910"},{"taxonomy":"product_tag","embeddable":true,"href":"https:\/\/artstella-elixirs-floraux.com\/fr_fr\/wp-json\/wp\/v2\/product_tag?post=2910"}],"curies":[{"name":"wp","href":"https:\/\/api.w.org\/{rel}","templated":true}]}}