{"id":2919,"date":"2025-03-09T13:03:42","date_gmt":"2025-03-09T13:03:42","guid":{"rendered":"https:\/\/artstella-elixirs-floraux.com\/product\/amazonite-phi\/"},"modified":"2025-04-25T12:46:22","modified_gmt":"2025-04-25T12:46:22","slug":"amazonite-phi","status":"publish","type":"product","link":"https:\/\/artstella-elixirs-floraux.com\/fr_fr\/produit\/amazonite-phi\/","title":{"rendered":"AMAZONITE PHI"},"content":{"rendered":"","protected":false},"excerpt":{"rendered":"<p><span style=\"color: #008000;\"><strong><em>Amazonite <\/em><\/strong><strong><em>(Amazonit)<\/em><\/strong><\/span><\/p>\n<p>Favorise notre unit\u00e9 avec l&rsquo;environnement et facilite notre contact avec les \u00e9l\u00e9mentaux. L&rsquo;\u00e9lixir exerce une action de d\u00e9tente et d&rsquo;\u00e9quilibrage au niveau \u00e9nerg\u00e9tique.<\/p>\n","protected":false},"featured_media":2920,"template":"","meta":[],"product_brand":[],"product_cat":[85],"product_tag":[],"class_list":{"0":"post-2919","1":"product","2":"type-product","3":"status-publish","4":"has-post-thumbnail","6":"product_cat-les-elixirs-de-pierres-precieuses","8":"first","9":"instock","10":"taxable","11":"shipping-taxable","12":"purchasable","13":"product-type-simple"},"etheme_brands":{"errors":{"invalid_taxonomy":["Taxonomie non valide."]},"error_data":[]},"jetpack_sharing_enabled":true,"jetpack-related-posts":[{"id":5032,"url":"https:\/\/artstella-elixirs-floraux.com\/fr_fr\/produit\/amazonite-7-5-ml-alas-gem-sup\/","url_meta":{"origin":2919,"position":0},"title":"AMAZONITE 7.5 ML ALAS GEM SUP","author":"eveapprill","date":"9 mars 2025","format":false,"excerpt":"Amazonite \u00a0 Indications : congestion \u00e9motionnelle ; traitement des difficult\u00e9s et en lib\u00e9rant les \u00e9motions d'un pass\u00e9 lointain ; attitude d\u00e9faitiste ; sentiment accabl\u00e9 par la vie.","rel":"","context":"Article similaire","block_context":{"text":"Article similaire","link":""},"img":{"alt_text":"","src":"https:\/\/i0.wp.com\/artstella-elixirs-floraux.com\/wp-content\/uploads\/2025\/03\/wp-image1370.png?resize=350%2C200&ssl=1","width":350,"height":200},"classes":[]},{"id":4542,"url":"https:\/\/artstella-elixirs-floraux.com\/fr_fr\/produit\/coffret-pierres-precieuses-15-ml\/","url_meta":{"origin":2919,"position":1},"title":"COFFRET PIERRES PRECIEUSES 15 ML","author":"eveapprill","date":"9 mars 2025","format":false,"excerpt":"\u00a0Les 20 \u00e9lixirs de pierres pr\u00e9cieuses Les pierres pr\u00e9cieuses sont un cadeau de la terre. Durant des millions d\u2019ann\u00e9es, elles se sont form\u00e9es en son sein jusqu\u2019\u00e0 ce que les hommes les d\u00e9couvrent et les mettent \u00e0 la lumi\u00e8re.","rel":"","context":"Article similaire","block_context":{"text":"Article similaire","link":""},"img":{"alt_text":"","src":"https:\/\/i0.wp.com\/artstella-elixirs-floraux.com\/wp-content\/uploads\/2025\/03\/wp-image1169.png?resize=350%2C200&ssl=1","width":350,"height":200,"srcset":"https:\/\/i0.wp.com\/artstella-elixirs-floraux.com\/wp-content\/uploads\/2025\/03\/wp-image1169.png?resize=350%2C200&ssl=1 1x, https:\/\/i0.wp.com\/artstella-elixirs-floraux.com\/wp-content\/uploads\/2025\/03\/wp-image1169.png?resize=525%2C300&ssl=1 1.5x, https:\/\/i0.wp.com\/artstella-elixirs-floraux.com\/wp-content\/uploads\/2025\/03\/wp-image1169.png?resize=700%2C400&ssl=1 2x"},"classes":[]}],"_links":{"self":[{"href":"https:\/\/artstella-elixirs-floraux.com\/fr_fr\/wp-json\/wp\/v2\/product\/2919","targetHints":{"allow":["GET"]}}],"collection":[{"href":"https:\/\/artstella-elixirs-floraux.com\/fr_fr\/wp-json\/wp\/v2\/product"}],"about":[{"href":"https:\/\/artstella-elixirs-floraux.com\/fr_fr\/wp-json\/wp\/v2\/types\/product"}],"version-history":[{"count":0,"href":"https:\/\/artstella-elixirs-floraux.com\/fr_fr\/wp-json\/wp\/v2\/product\/2919\/revisions"}],"wp:featuredmedia":[{"embeddable":true,"href":"https:\/\/artstella-elixirs-floraux.com\/fr_fr\/wp-json\/wp\/v2\/media\/2920"}],"wp:attachment":[{"href":"https:\/\/artstella-elixirs-floraux.com\/fr_fr\/wp-json\/wp\/v2\/media?parent=2919"}],"wp:term":[{"taxonomy":"product_brand","embeddable":true,"href":"https:\/\/artstella-elixirs-floraux.com\/fr_fr\/wp-json\/wp\/v2\/product_brand?post=2919"},{"taxonomy":"product_cat","embeddable":true,"href":"https:\/\/artstella-elixirs-floraux.com\/fr_fr\/wp-json\/wp\/v2\/product_cat?post=2919"},{"taxonomy":"product_tag","embeddable":true,"href":"https:\/\/artstella-elixirs-floraux.com\/fr_fr\/wp-json\/wp\/v2\/product_tag?post=2919"}],"curies":[{"name":"wp","href":"https:\/\/api.w.org\/{rel}","templated":true}]}}