{"id":2922,"date":"2025-03-09T13:03:44","date_gmt":"2025-03-09T13:03:44","guid":{"rendered":"https:\/\/artstella-elixirs-floraux.com\/product\/amethyste-15-ml-phi\/"},"modified":"2025-04-25T12:51:51","modified_gmt":"2025-04-25T12:51:51","slug":"amethyste-15-ml-phi","status":"publish","type":"product","link":"https:\/\/artstella-elixirs-floraux.com\/fr_fr\/produit\/amethyste-15-ml-phi\/","title":{"rendered":"AMETHYSTE 15 ML PHI"},"content":{"rendered":"","protected":false},"excerpt":{"rendered":"<p><span style=\"color: #008000;\"><strong><em>Am\u00e9thyste (Amethyst) <\/em><\/strong><\/span><\/p>\n<p>Permet un meilleur acc\u00e8s au domaine du r\u00eave et de l&rsquo;intuition. Il supprime les cons\u00e9quences du stress. Id\u00e9al pour accompagner la m\u00e9ditation.<\/p>\n","protected":false},"featured_media":2923,"template":"","meta":[],"product_brand":[],"product_cat":[85],"product_tag":[],"class_list":{"0":"post-2922","1":"product","2":"type-product","3":"status-publish","4":"has-post-thumbnail","6":"product_cat-les-elixirs-de-pierres-precieuses","8":"first","9":"instock","10":"taxable","11":"shipping-taxable","12":"purchasable","13":"product-type-simple"},"etheme_brands":{"errors":{"invalid_taxonomy":["Taxonomie non valide."]},"error_data":[]},"jetpack_sharing_enabled":true,"jetpack-related-posts":[{"id":3420,"url":"https:\/\/artstella-elixirs-floraux.com\/fr_fr\/produit\/laccaire-amethyste-phi15-ml\/","url_meta":{"origin":2922,"position":0},"title":"LACCAIRE AMETHYSTE PHI15 ML","author":"eveapprill","date":"9 mars 2025","format":false,"excerpt":"Laccaire am\u00e9thyste (Laccaria amethystina) Amethystblauer Lacktrichterling Agit sur le troisi\u00e8me \u0153il, lib\u00e8re les processus internes de transformation. L'\u00e9lixir favoriser la perc\u00e9e, afin d'achever un processus. Les \u00ab\u00a0poisons\u00a0\u00bb \u00e9motionnels sont d'abord remu\u00e9s puis d\u00e9sactiv\u00e9s","rel":"","context":"Article similaire","block_context":{"text":"Article similaire","link":""},"img":{"alt_text":"","src":"https:\/\/i0.wp.com\/artstella-elixirs-floraux.com\/wp-content\/uploads\/2025\/03\/wp-image313.png?resize=350%2C200&ssl=1","width":350,"height":200},"classes":[]},{"id":4542,"url":"https:\/\/artstella-elixirs-floraux.com\/fr_fr\/produit\/coffret-pierres-precieuses-15-ml\/","url_meta":{"origin":2922,"position":1},"title":"COFFRET PIERRES PRECIEUSES 15 ML","author":"eveapprill","date":"9 mars 2025","format":false,"excerpt":"\u00a0Les 20 \u00e9lixirs de pierres pr\u00e9cieuses Les pierres pr\u00e9cieuses sont un cadeau de la terre. Durant des millions d\u2019ann\u00e9es, elles se sont form\u00e9es en son sein jusqu\u2019\u00e0 ce que les hommes les d\u00e9couvrent et les mettent \u00e0 la lumi\u00e8re.","rel":"","context":"Article similaire","block_context":{"text":"Article similaire","link":""},"img":{"alt_text":"","src":"https:\/\/i0.wp.com\/artstella-elixirs-floraux.com\/wp-content\/uploads\/2025\/03\/wp-image1169.png?resize=350%2C200&ssl=1","width":350,"height":200,"srcset":"https:\/\/i0.wp.com\/artstella-elixirs-floraux.com\/wp-content\/uploads\/2025\/03\/wp-image1169.png?resize=350%2C200&ssl=1 1x, https:\/\/i0.wp.com\/artstella-elixirs-floraux.com\/wp-content\/uploads\/2025\/03\/wp-image1169.png?resize=525%2C300&ssl=1 1.5x, https:\/\/i0.wp.com\/artstella-elixirs-floraux.com\/wp-content\/uploads\/2025\/03\/wp-image1169.png?resize=700%2C400&ssl=1 2x"},"classes":[]}],"_links":{"self":[{"href":"https:\/\/artstella-elixirs-floraux.com\/fr_fr\/wp-json\/wp\/v2\/product\/2922","targetHints":{"allow":["GET"]}}],"collection":[{"href":"https:\/\/artstella-elixirs-floraux.com\/fr_fr\/wp-json\/wp\/v2\/product"}],"about":[{"href":"https:\/\/artstella-elixirs-floraux.com\/fr_fr\/wp-json\/wp\/v2\/types\/product"}],"version-history":[{"count":0,"href":"https:\/\/artstella-elixirs-floraux.com\/fr_fr\/wp-json\/wp\/v2\/product\/2922\/revisions"}],"wp:featuredmedia":[{"embeddable":true,"href":"https:\/\/artstella-elixirs-floraux.com\/fr_fr\/wp-json\/wp\/v2\/media\/2923"}],"wp:attachment":[{"href":"https:\/\/artstella-elixirs-floraux.com\/fr_fr\/wp-json\/wp\/v2\/media?parent=2922"}],"wp:term":[{"taxonomy":"product_brand","embeddable":true,"href":"https:\/\/artstella-elixirs-floraux.com\/fr_fr\/wp-json\/wp\/v2\/product_brand?post=2922"},{"taxonomy":"product_cat","embeddable":true,"href":"https:\/\/artstella-elixirs-floraux.com\/fr_fr\/wp-json\/wp\/v2\/product_cat?post=2922"},{"taxonomy":"product_tag","embeddable":true,"href":"https:\/\/artstella-elixirs-floraux.com\/fr_fr\/wp-json\/wp\/v2\/product_tag?post=2922"}],"curies":[{"name":"wp","href":"https:\/\/api.w.org\/{rel}","templated":true}]}}