{"id":2928,"date":"2025-03-09T13:03:50","date_gmt":"2025-03-09T13:03:50","guid":{"rendered":"https:\/\/artstella-elixirs-floraux.com\/product\/cristal-de-roche-15-ml-phi\/"},"modified":"2025-04-25T12:50:34","modified_gmt":"2025-04-25T12:50:34","slug":"cristal-de-roche-15-ml-phi","status":"publish","type":"product","link":"https:\/\/artstella-elixirs-floraux.com\/fr_fr\/produit\/cristal-de-roche-15-ml-phi\/","title":{"rendered":"CRISTAL DE ROCHE 15 ML PHI"},"content":{"rendered":"","protected":false},"excerpt":{"rendered":"<p><strong><em><span style=\"color: #008000;\">Cristal de roche (quartz incolore) (Bergkristal)<\/span> <\/em><\/strong><\/p>\n<p>A une action purifiante, d\u00e9sintoxicante sur le plan psychique. Il renforce la protection de l&rsquo;aura.<\/p>\n","protected":false},"featured_media":2929,"template":"","meta":[],"product_brand":[],"product_cat":[85],"product_tag":[],"class_list":{"0":"post-2928","1":"product","2":"type-product","3":"status-publish","4":"has-post-thumbnail","6":"product_cat-les-elixirs-de-pierres-precieuses","8":"first","9":"instock","10":"taxable","11":"shipping-taxable","12":"purchasable","13":"product-type-simple"},"etheme_brands":{"errors":{"invalid_taxonomy":["Taxonomie non valide."]},"error_data":[]},"jetpack_sharing_enabled":true,"jetpack-related-posts":[{"id":6093,"url":"https:\/\/artstella-elixirs-floraux.com\/fr_fr\/produit\/collier-mammendorf-phi\/","url_meta":{"origin":2928,"position":0},"title":"COLLIER \u00ab\u00a0MAMMENDORF\u00a0\u00bb PHI","author":"eveapprill","date":"9 mars 2025","format":false,"excerpt":"\u00a0 Le cercle de bl\u00e9 \"Mammendorf\"\u00a0 montre la perfection du nombre PHI de la g\u00e9om\u00e9trie sacr\u00e9 : le souvenir du lien de toute vie avec le divin. Cet \u00e9lixir r\u00e9g\u00e9n\u00e8re \u00e9nerg\u00e9tiquement l\u2019information dans son \u00e9tat originel. L\u2019\u00eatre humain peut se recentrer \u00e9nerg\u00e9tiquement. Avec un\u00a0 cristal de roche. plaqu\u00e9 or 24\u2026","rel":"","context":"Article similaire","block_context":{"text":"Article similaire","link":""},"img":{"alt_text":"","src":"https:\/\/i0.wp.com\/artstella-elixirs-floraux.com\/wp-content\/uploads\/2025\/03\/wp-image2128.png?resize=350%2C200&ssl=1","width":350,"height":200,"srcset":"https:\/\/i0.wp.com\/artstella-elixirs-floraux.com\/wp-content\/uploads\/2025\/03\/wp-image2128.png?resize=350%2C200&ssl=1 1x, https:\/\/i0.wp.com\/artstella-elixirs-floraux.com\/wp-content\/uploads\/2025\/03\/wp-image2128.png?resize=525%2C300&ssl=1 1.5x, https:\/\/i0.wp.com\/artstella-elixirs-floraux.com\/wp-content\/uploads\/2025\/03\/wp-image2128.png?resize=700%2C400&ssl=1 2x"},"classes":[]},{"id":4542,"url":"https:\/\/artstella-elixirs-floraux.com\/fr_fr\/produit\/coffret-pierres-precieuses-15-ml\/","url_meta":{"origin":2928,"position":1},"title":"COFFRET PIERRES PRECIEUSES 15 ML","author":"eveapprill","date":"9 mars 2025","format":false,"excerpt":"\u00a0Les 20 \u00e9lixirs de pierres pr\u00e9cieuses Les pierres pr\u00e9cieuses sont un cadeau de la terre. Durant des millions d\u2019ann\u00e9es, elles se sont form\u00e9es en son sein jusqu\u2019\u00e0 ce que les hommes les d\u00e9couvrent et les mettent \u00e0 la lumi\u00e8re.","rel":"","context":"Article similaire","block_context":{"text":"Article similaire","link":""},"img":{"alt_text":"","src":"https:\/\/i0.wp.com\/artstella-elixirs-floraux.com\/wp-content\/uploads\/2025\/03\/wp-image1169.png?resize=350%2C200&ssl=1","width":350,"height":200,"srcset":"https:\/\/i0.wp.com\/artstella-elixirs-floraux.com\/wp-content\/uploads\/2025\/03\/wp-image1169.png?resize=350%2C200&ssl=1 1x, https:\/\/i0.wp.com\/artstella-elixirs-floraux.com\/wp-content\/uploads\/2025\/03\/wp-image1169.png?resize=525%2C300&ssl=1 1.5x, https:\/\/i0.wp.com\/artstella-elixirs-floraux.com\/wp-content\/uploads\/2025\/03\/wp-image1169.png?resize=700%2C400&ssl=1 2x"},"classes":[]},{"id":2934,"url":"https:\/\/artstella-elixirs-floraux.com\/fr_fr\/produit\/cristal-elestial-15-ml-phi\/","url_meta":{"origin":2928,"position":2},"title":"CRISTAL ELESTIAL 15 ML PHI","author":"eveapprill","date":"9 mars 2025","format":false,"excerpt":"Cristal Elestial (Elestialkristall) Il aide \u00e0 voir o\u00f9 notre \u00ab\u00a0v\u00e9rit\u00e9\u00a0\u00bb n'est pas en accord avec l'harmonie universelle. A utiliser avec pr\u00e9caution. Il permet un \u00e9quilibrage \u00e9nerg\u00e9tique et dissous les blocages des chakras.","rel":"","context":"Article similaire","block_context":{"text":"Article similaire","link":""},"img":{"alt_text":"","src":"https:\/\/i0.wp.com\/artstella-elixirs-floraux.com\/wp-content\/uploads\/2025\/03\/wp-image298.png?resize=350%2C200&ssl=1","width":350,"height":200},"classes":[]},{"id":5914,"url":"https:\/\/artstella-elixirs-floraux.com\/fr_fr\/produit\/eau-de-roche-10ml-deva\/","url_meta":{"origin":2928,"position":3},"title":"Eau de roche 10ml DEVA","author":"eveapprill","date":"9 mars 2025","format":false,"excerpt":"Eau de roche - Rock water Compr\u00e9hension, largesse d\u2019esprit Pour les personnes tr\u00e8s strictes, au caract\u00e8re rigide et rigoureux, qui se privent et se r\u00e9priment. Avides de perfection, souvent d'une strict moralit\u00e9, elles ont tendance \u00e0 \u00eatre id\u00e9alistes et peuvent souffrir d'une discipline trop rigoureuse.","rel":"","context":"Article similaire","block_context":{"text":"Article similaire","link":""},"img":{"alt_text":"","src":"","width":0,"height":0},"classes":[]},{"id":2402,"url":"https:\/\/artstella-elixirs-floraux.com\/fr_fr\/produit\/rock-springs\/","url_meta":{"origin":2928,"position":4},"title":"ROCK SPRINGS &#8211; Source d&rsquo;eau de roche","author":"eveapprill","date":"9 mars 2025","format":false,"excerpt":"ROCK SPRING. SOURCE D'EAU DE ROCHE Cet \u00e9lixir a \u00e9t\u00e9 pr\u00e9par\u00e9 \u00e0 partir d\u2019une source jaillissant dans les hauteurs de la montagne Talkeetna, dans le centre-sud de l\u2019Alaska. L\u2019eau de cette source \u00e9merge du centre d\u2019un rocher escarp\u00e9 et plonge en cascade dans un bassin. \u00ab\u00a0Rock spring\u00a0\u00bb est un \u00e9lixir\u2026","rel":"","context":"Article similaire","block_context":{"text":"Article similaire","link":""},"img":{"alt_text":"","src":"https:\/\/i0.wp.com\/artstella-elixirs-floraux.com\/wp-content\/uploads\/2025\/03\/Rock-Spring-1.jpg?resize=350%2C200&ssl=1","width":350,"height":200},"classes":[]},{"id":2874,"url":"https:\/\/artstella-elixirs-floraux.com\/fr_fr\/produit\/rock-water-15ml-phi\/","url_meta":{"origin":2928,"position":5},"title":"ROCK WATER 15ML PHI","author":"eveapprill","date":"9 mars 2025","format":false,"excerpt":"Rock water (Aqua petra) (Eau de roche)\u00a0 Pour nous lib\u00e9rer de comportements rigides et d\u00e9pass\u00e9s. Pour retrouver le courant du fleuve de la vie.","rel":"","context":"Article similaire","block_context":{"text":"Article similaire","link":""},"img":{"alt_text":"","src":"https:\/\/i0.wp.com\/artstella-elixirs-floraux.com\/wp-content\/uploads\/2025\/03\/wp-image1094.png?resize=350%2C200&ssl=1","width":350,"height":200},"classes":[]}],"_links":{"self":[{"href":"https:\/\/artstella-elixirs-floraux.com\/fr_fr\/wp-json\/wp\/v2\/product\/2928","targetHints":{"allow":["GET"]}}],"collection":[{"href":"https:\/\/artstella-elixirs-floraux.com\/fr_fr\/wp-json\/wp\/v2\/product"}],"about":[{"href":"https:\/\/artstella-elixirs-floraux.com\/fr_fr\/wp-json\/wp\/v2\/types\/product"}],"version-history":[{"count":0,"href":"https:\/\/artstella-elixirs-floraux.com\/fr_fr\/wp-json\/wp\/v2\/product\/2928\/revisions"}],"wp:featuredmedia":[{"embeddable":true,"href":"https:\/\/artstella-elixirs-floraux.com\/fr_fr\/wp-json\/wp\/v2\/media\/2929"}],"wp:attachment":[{"href":"https:\/\/artstella-elixirs-floraux.com\/fr_fr\/wp-json\/wp\/v2\/media?parent=2928"}],"wp:term":[{"taxonomy":"product_brand","embeddable":true,"href":"https:\/\/artstella-elixirs-floraux.com\/fr_fr\/wp-json\/wp\/v2\/product_brand?post=2928"},{"taxonomy":"product_cat","embeddable":true,"href":"https:\/\/artstella-elixirs-floraux.com\/fr_fr\/wp-json\/wp\/v2\/product_cat?post=2928"},{"taxonomy":"product_tag","embeddable":true,"href":"https:\/\/artstella-elixirs-floraux.com\/fr_fr\/wp-json\/wp\/v2\/product_tag?post=2928"}],"curies":[{"name":"wp","href":"https:\/\/api.w.org\/{rel}","templated":true}]}}