{"id":2941,"date":"2025-03-09T13:04:00","date_gmt":"2025-03-09T13:04:00","guid":{"rendered":"https:\/\/artstella-elixirs-floraux.com\/product\/pierre-de-lune-15-ml-phi\/"},"modified":"2025-06-08T12:53:17","modified_gmt":"2025-06-08T12:53:17","slug":"pierre-de-lune-15-ml-phi","status":"publish","type":"product","link":"https:\/\/artstella-elixirs-floraux.com\/fr_fr\/produit\/pierre-de-lune-15-ml-phi\/","title":{"rendered":"PIERRE DE LUNE 15 ML PHI"},"content":{"rendered":"","protected":false},"excerpt":{"rendered":"<p><span style=\"color: #008000;\"><strong><em>Pierre de lune (Mondstein) <\/em><\/strong><\/span><\/p>\n<p>Stimule et favorise l&rsquo;inspiration ainsi que le contact avec notre part f\u00e9minine. Il favorise la d\u00e9sintoxication sur tous les plans.<\/p>\n","protected":false},"featured_media":2942,"template":"","meta":[],"product_brand":[],"product_cat":[85],"product_tag":[],"class_list":{"0":"post-2941","1":"product","2":"type-product","3":"status-publish","4":"has-post-thumbnail","6":"product_cat-les-elixirs-de-pierres-precieuses","8":"first","9":"instock","10":"taxable","11":"shipping-taxable","12":"purchasable","13":"product-type-simple"},"etheme_brands":{"errors":{"invalid_taxonomy":["Taxonomie non valide."]},"error_data":[]},"jetpack_sharing_enabled":true,"jetpack-related-posts":[{"id":3066,"url":"https:\/\/artstella-elixirs-floraux.com\/fr_fr\/produit\/lune-planete-phi-15-ml\/","url_meta":{"origin":2941,"position":0},"title":"LUNE PLANETE PHI 15 ML","author":"eveapprill","date":"9 mars 2025","format":false,"excerpt":"LuneCorrespond au principe maternel. Nous relie \u00e0 nouveau \u00e0 l'essence f\u00e9minine divine. Nous aide \u00e0 reconna\u00eetre la gr\u00e2ce divine de la maternit\u00e9. Favorise l'intuition et soutient le sentiment d'appartenance \u00e0 une famille, \u00e0 un groupe.","rel":"","context":"Article similaire","block_context":{"text":"Article similaire","link":""},"img":{"alt_text":"","src":"https:\/\/i0.wp.com\/artstella-elixirs-floraux.com\/wp-content\/uploads\/2025\/03\/wp-image522.png?resize=350%2C200&ssl=1","width":350,"height":200},"classes":[]},{"id":4542,"url":"https:\/\/artstella-elixirs-floraux.com\/fr_fr\/produit\/coffret-pierres-precieuses-15-ml\/","url_meta":{"origin":2941,"position":1},"title":"COFFRET PIERRES PRECIEUSES 15 ML","author":"eveapprill","date":"9 mars 2025","format":false,"excerpt":"\u00a0Les 20 \u00e9lixirs de pierres pr\u00e9cieuses Les pierres pr\u00e9cieuses sont un cadeau de la terre. Durant des millions d\u2019ann\u00e9es, elles se sont form\u00e9es en son sein jusqu\u2019\u00e0 ce que les hommes les d\u00e9couvrent et les mettent \u00e0 la lumi\u00e8re.","rel":"","context":"Article similaire","block_context":{"text":"Article similaire","link":""},"img":{"alt_text":"","src":"https:\/\/i0.wp.com\/artstella-elixirs-floraux.com\/wp-content\/uploads\/2025\/03\/wp-image1169.png?resize=350%2C200&ssl=1","width":350,"height":200,"srcset":"https:\/\/i0.wp.com\/artstella-elixirs-floraux.com\/wp-content\/uploads\/2025\/03\/wp-image1169.png?resize=350%2C200&ssl=1 1x, https:\/\/i0.wp.com\/artstella-elixirs-floraux.com\/wp-content\/uploads\/2025\/03\/wp-image1169.png?resize=525%2C300&ssl=1 1.5x, https:\/\/i0.wp.com\/artstella-elixirs-floraux.com\/wp-content\/uploads\/2025\/03\/wp-image1169.png?resize=700%2C400&ssl=1 2x"},"classes":[]},{"id":5912,"url":"https:\/\/artstella-elixirs-floraux.com\/fr_fr\/produit\/clematite-10ml-deva\/","url_meta":{"origin":2941,"position":2},"title":"Cl\u00e9matite 10ml DEVA","author":"eveapprill","date":"9 mars 2025","format":false,"excerpt":"Cl\u00e9matite - Clematis Clematis vitalba Pr\u00e9sence Pour ceux qui vivent dans le futur, qui manquent de concentration, qui sont dans la lune et qui n'ont pas les pieds sur terre. Favorise la cr\u00e9ativit\u00e9.","rel":"","context":"Article similaire","block_context":{"text":"Article similaire","link":""},"img":{"alt_text":"","src":"","width":0,"height":0},"classes":[]},{"id":5520,"url":"https:\/\/artstella-elixirs-floraux.com\/fr_fr\/produit\/meduse-lune\/","url_meta":{"origin":2941,"position":3},"title":"MEDUSE LUNE","author":"eveapprill","date":"9 mars 2025","format":false,"excerpt":"MEDUSE LUNE-\u00a0Qualle (Aurelia aurita) Cet \u00e9lixir poss\u00e8de une action \u00e9quilibrante sur la teneur en eau du corps. Il nous aide \u00e0 trouver un \u00e9quilibre int\u00e9rieur fluide...","rel":"","context":"Article similaire","block_context":{"text":"Article similaire","link":""},"img":{"alt_text":"","src":"https:\/\/i0.wp.com\/artstella-elixirs-floraux.com\/wp-content\/uploads\/2025\/03\/wp-image1755.png?resize=350%2C200&ssl=1","width":350,"height":200},"classes":[]},{"id":12366,"url":"https:\/\/artstella-elixirs-floraux.com\/fr_fr\/produit\/pierre-de-soleil-piedra-sol-15ml-sylfos\/","url_meta":{"origin":2941,"position":4},"title":"PIERRE DE SOLEIL &#8211; PIEDRA SOL 15ml Sylfos","author":"eveapprill","date":"16 mars 2026","format":false,"excerpt":"Elle nous apporte la joie de vivre, nous rend de bonne humeur, aide \u00e0 combattre les \u00e9tats d\u00e9pressifs et \u00e0 faire dispara\u00eetre le sentiment d'\u00eatre d\u00e9favoris\u00e9. Elle renforce notre estime de soi et notre confiance en nous. Elle favorise l'optimisme et le besoin d'agir. Elle stimule les forces d'auto-gu\u00e9rison et\u2026","rel":"","context":"Article similaire","block_context":{"text":"Article similaire","link":""},"img":{"alt_text":"","src":"https:\/\/i0.wp.com\/artstella-elixirs-floraux.com\/wp-content\/uploads\/2026\/03\/PiedraSol_1.png?resize=350%2C200&ssl=1","width":350,"height":200},"classes":[]},{"id":3623,"url":"https:\/\/artstella-elixirs-floraux.com\/fr_fr\/produit\/enfant-de-la-lune-ltoe-15-ml\/","url_meta":{"origin":2941,"position":5},"title":"Enfant de la Lune LTOE 15 ml","author":"eveapprill","date":"9 mars 2025","format":false,"excerpt":"Moon Child \/ Enfant de la Lune Poss\u00e8de une affinit\u00e9 avec l\u2019\u00e9nergie de la r\u00e9gion pelvienne et aide \u00e0 lib\u00e9rer les blocages entravant l\u2019\u00e9volution \u00e9motionnelle. Durant la gestation, nous recevons toutes sortes d\u2019empreintes plus ou moins subtiles.","rel":"","context":"Article similaire","block_context":{"text":"Article similaire","link":""},"img":{"alt_text":"Enfant de la Lune LTOE 15 ml","src":"https:\/\/i0.wp.com\/artstella-elixirs-floraux.com\/wp-content\/uploads\/2025\/03\/ef27ae0b-ec83-4986-8926-fba89587d513.jpg?resize=350%2C200&ssl=1","width":350,"height":200,"srcset":"https:\/\/i0.wp.com\/artstella-elixirs-floraux.com\/wp-content\/uploads\/2025\/03\/ef27ae0b-ec83-4986-8926-fba89587d513.jpg?resize=350%2C200&ssl=1 1x, https:\/\/i0.wp.com\/artstella-elixirs-floraux.com\/wp-content\/uploads\/2025\/03\/ef27ae0b-ec83-4986-8926-fba89587d513.jpg?resize=525%2C300&ssl=1 1.5x, https:\/\/i0.wp.com\/artstella-elixirs-floraux.com\/wp-content\/uploads\/2025\/03\/ef27ae0b-ec83-4986-8926-fba89587d513.jpg?resize=700%2C400&ssl=1 2x"},"classes":[]}],"_links":{"self":[{"href":"https:\/\/artstella-elixirs-floraux.com\/fr_fr\/wp-json\/wp\/v2\/product\/2941","targetHints":{"allow":["GET"]}}],"collection":[{"href":"https:\/\/artstella-elixirs-floraux.com\/fr_fr\/wp-json\/wp\/v2\/product"}],"about":[{"href":"https:\/\/artstella-elixirs-floraux.com\/fr_fr\/wp-json\/wp\/v2\/types\/product"}],"version-history":[{"count":0,"href":"https:\/\/artstella-elixirs-floraux.com\/fr_fr\/wp-json\/wp\/v2\/product\/2941\/revisions"}],"wp:featuredmedia":[{"embeddable":true,"href":"https:\/\/artstella-elixirs-floraux.com\/fr_fr\/wp-json\/wp\/v2\/media\/2942"}],"wp:attachment":[{"href":"https:\/\/artstella-elixirs-floraux.com\/fr_fr\/wp-json\/wp\/v2\/media?parent=2941"}],"wp:term":[{"taxonomy":"product_brand","embeddable":true,"href":"https:\/\/artstella-elixirs-floraux.com\/fr_fr\/wp-json\/wp\/v2\/product_brand?post=2941"},{"taxonomy":"product_cat","embeddable":true,"href":"https:\/\/artstella-elixirs-floraux.com\/fr_fr\/wp-json\/wp\/v2\/product_cat?post=2941"},{"taxonomy":"product_tag","embeddable":true,"href":"https:\/\/artstella-elixirs-floraux.com\/fr_fr\/wp-json\/wp\/v2\/product_tag?post=2941"}],"curies":[{"name":"wp","href":"https:\/\/api.w.org\/{rel}","templated":true}]}}