{"id":2950,"date":"2025-03-09T13:04:08","date_gmt":"2025-03-09T13:04:08","guid":{"rendered":"https:\/\/artstella-elixirs-floraux.com\/product\/quartz-rose-15-ml-phi\/"},"modified":"2025-04-25T12:43:18","modified_gmt":"2025-04-25T12:43:18","slug":"quartz-rose-15-ml-phi","status":"publish","type":"product","link":"https:\/\/artstella-elixirs-floraux.com\/fr_fr\/produit\/quartz-rose-15-ml-phi\/","title":{"rendered":"QUARTZ ROSE 15 ML PHI"},"content":{"rendered":"","protected":false},"excerpt":{"rendered":"<p><span style=\"color: #008000;\"><strong><em>Quartz rose (Rosenquarz) <\/em><\/strong><\/span><\/p>\n<p>Dissout la n\u00e9gativit\u00e9 par la douceur et l&rsquo;amour. Apporte une vibration douce, calme et pleine d&rsquo;amour, harmonise le corps \u00e9motionnel.<\/p>\n","protected":false},"featured_media":2951,"template":"","meta":[],"product_brand":[],"product_cat":[85],"product_tag":[],"class_list":{"0":"post-2950","1":"product","2":"type-product","3":"status-publish","4":"has-post-thumbnail","6":"product_cat-les-elixirs-de-pierres-precieuses","8":"first","9":"instock","10":"taxable","11":"shipping-taxable","12":"purchasable","13":"product-type-simple"},"etheme_brands":{"errors":{"invalid_taxonomy":["Taxonomie non valide."]},"error_data":[]},"jetpack_sharing_enabled":true,"jetpack-related-posts":[{"id":5100,"url":"https:\/\/artstella-elixirs-floraux.com\/fr_fr\/produit\/rose-smoky-quartz-gems-rech-7-5ml\/","url_meta":{"origin":2950,"position":0},"title":"ROSE SMOKY QUARTZ GEMS RECH 7.5ML","author":"eveapprill","date":"9 mars 2025","format":false,"excerpt":"Rose\/Smoky Quartz \u2013 Quartz rose-quartz fume Indication\u00a0: honte\u00a0; sentiments de culpabilit\u00e9\u00a0; difficult\u00e9s \u00e0 accepter des actions pass\u00e9es et leurs cons\u00e9quences\u00a0; connexion faible entre le chakra du c\u0153ur et la Terre.","rel":"","context":"Article similaire","block_context":{"text":"Article similaire","link":""},"img":{"alt_text":"","src":"https:\/\/i0.wp.com\/artstella-elixirs-floraux.com\/wp-content\/uploads\/2025\/03\/wp-image1416.png?resize=350%2C200&ssl=1","width":350,"height":200},"classes":[]},{"id":2572,"url":"https:\/\/artstella-elixirs-floraux.com\/fr_fr\/produit\/quartz-rose\/","url_meta":{"origin":2950,"position":1},"title":"QUARTZ ROSE","author":"eveapprill","date":"9 mars 2025","format":false,"excerpt":"Quartz rose Ouvre, adoucit et tranquillise le c\u0153ur ; nous aide \u00e0 nous connecter \u00e0 et \u00e0 nourrir notre enfant int\u00e9rieur ; harmonise les forces du c\u0153ur de fa\u00e7on \u00e0 pouvoir rester intime avec soi-m\u00eame et les autres.","rel":"","context":"Article similaire","block_context":{"text":"Article similaire","link":""},"img":{"alt_text":"","src":"","width":0,"height":0},"classes":[]},{"id":12345,"url":"https:\/\/artstella-elixirs-floraux.com\/fr_fr\/produit\/quartz-rose-cuarzo-rosa-15ml-sylfos\/","url_meta":{"origin":2950,"position":2},"title":"QUARTZ ROSE &#8211; CUARZO ROSA 15ml Sylfos","author":"eveapprill","date":"16 mars 2026","format":false,"excerpt":"Le quartz fum\u00e9 apporte stabilit\u00e9, ancrage et protection face \u00e0 la surcharge \u00e9motionnelle. Il aide \u00e0 lib\u00e9rer les tensions et \u00e0 contenir les \u00e9motions sans d\u00e9bordement. Il est utile en cas d'anxi\u00e9t\u00e9, de peur diffuse ou d'hypersensibilit\u00e9. Son \u00e9nergie transforme l'instabilit\u00e9 en s\u00e9curit\u00e9 et en pr\u00e9sence.","rel":"","context":"Article similaire","block_context":{"text":"Article similaire","link":""},"img":{"alt_text":"","src":"https:\/\/i0.wp.com\/artstella-elixirs-floraux.com\/wp-content\/uploads\/2026\/03\/CuarzoRosa_1.png?resize=350%2C200&ssl=1","width":350,"height":200},"classes":[]},{"id":5093,"url":"https:\/\/artstella-elixirs-floraux.com\/fr_fr\/produit\/pink-quartz-rose-7-5-ml-alas-g-sup\/","url_meta":{"origin":2950,"position":3},"title":"PINK QUARTZ ROSE 7.5 ML ALAS G SUP","author":"eveapprill","date":"9 mars 2025","format":false,"excerpt":"Pink Quartz \u2013 Quartz Rose Indication : grande douleur \u00e9motionnelle\u00a0; angoisse et souffrance\u00a0; attachement \u00e0 la souffrance\u00a0; manque de compassion pour soi-m\u00eame et les autres\u00a0; comportement de victime\u00a0; se lamente par rapport \u00e0 des actions ou des \u00e9v\u00e9nements pass\u00e9s.","rel":"","context":"Article similaire","block_context":{"text":"Article similaire","link":""},"img":{"alt_text":"","src":"","width":0,"height":0},"classes":[]},{"id":3875,"url":"https:\/\/artstella-elixirs-floraux.com\/fr_fr\/produit\/baleine-pilote-15ml-phi\/","url_meta":{"origin":2950,"position":4},"title":"BALEINE PILOTE 15ML PHI","author":"eveapprill","date":"9 mars 2025","format":false,"excerpt":"Baleine (Globicephala melas) L\u2019\u00e9lixir agit sur le chakra du c\u0153ur, en l\u2019ouvrant largement. Ouvre notre conscience envers notre plan\u00e8te.","rel":"","context":"Article similaire","block_context":{"text":"Article similaire","link":""},"img":{"alt_text":"","src":"https:\/\/i0.wp.com\/artstella-elixirs-floraux.com\/wp-content\/uploads\/2025\/03\/wp-image2480.png?resize=350%2C200&ssl=1","width":350,"height":200,"srcset":"https:\/\/i0.wp.com\/artstella-elixirs-floraux.com\/wp-content\/uploads\/2025\/03\/wp-image2480.png?resize=350%2C200&ssl=1 1x, https:\/\/i0.wp.com\/artstella-elixirs-floraux.com\/wp-content\/uploads\/2025\/03\/wp-image2480.png?resize=525%2C300&ssl=1 1.5x, https:\/\/i0.wp.com\/artstella-elixirs-floraux.com\/wp-content\/uploads\/2025\/03\/wp-image2480.png?resize=700%2C400&ssl=1 2x, https:\/\/i0.wp.com\/artstella-elixirs-floraux.com\/wp-content\/uploads\/2025\/03\/wp-image2480.png?resize=1050%2C600&ssl=1 3x, https:\/\/i0.wp.com\/artstella-elixirs-floraux.com\/wp-content\/uploads\/2025\/03\/wp-image2480.png?resize=1400%2C800&ssl=1 4x"},"classes":[]},{"id":12348,"url":"https:\/\/artstella-elixirs-floraux.com\/fr_fr\/produit\/labradorite-labradorita-15ml-sylfos\/","url_meta":{"origin":2950,"position":5},"title":"LABRADORITE &#8211; LABRADORITA 15ml Sylfos","author":"eveapprill","date":"16 mars 2026","format":false,"excerpt":"Le Quartz rose apaise la douleur \u00e9motionnelle et aide \u00e0 gu\u00e9rir les blessures du c\u0153ur. Il favorise l'amour de soi, le pardon et l'ouverture affective. Il est utile en cas de deuil, de rupture ou de difficult\u00e9s relationnelles. Son \u00e9nergie transforme la duret\u00e9 en tendresse et la tristesse en r\u00e9conciliation.","rel":"","context":"Article similaire","block_context":{"text":"Article similaire","link":""},"img":{"alt_text":"","src":"https:\/\/i0.wp.com\/artstella-elixirs-floraux.com\/wp-content\/uploads\/2026\/03\/Labradorita_1.png?resize=350%2C200&ssl=1","width":350,"height":200},"classes":[]}],"_links":{"self":[{"href":"https:\/\/artstella-elixirs-floraux.com\/fr_fr\/wp-json\/wp\/v2\/product\/2950","targetHints":{"allow":["GET"]}}],"collection":[{"href":"https:\/\/artstella-elixirs-floraux.com\/fr_fr\/wp-json\/wp\/v2\/product"}],"about":[{"href":"https:\/\/artstella-elixirs-floraux.com\/fr_fr\/wp-json\/wp\/v2\/types\/product"}],"version-history":[{"count":0,"href":"https:\/\/artstella-elixirs-floraux.com\/fr_fr\/wp-json\/wp\/v2\/product\/2950\/revisions"}],"wp:featuredmedia":[{"embeddable":true,"href":"https:\/\/artstella-elixirs-floraux.com\/fr_fr\/wp-json\/wp\/v2\/media\/2951"}],"wp:attachment":[{"href":"https:\/\/artstella-elixirs-floraux.com\/fr_fr\/wp-json\/wp\/v2\/media?parent=2950"}],"wp:term":[{"taxonomy":"product_brand","embeddable":true,"href":"https:\/\/artstella-elixirs-floraux.com\/fr_fr\/wp-json\/wp\/v2\/product_brand?post=2950"},{"taxonomy":"product_cat","embeddable":true,"href":"https:\/\/artstella-elixirs-floraux.com\/fr_fr\/wp-json\/wp\/v2\/product_cat?post=2950"},{"taxonomy":"product_tag","embeddable":true,"href":"https:\/\/artstella-elixirs-floraux.com\/fr_fr\/wp-json\/wp\/v2\/product_tag?post=2950"}],"curies":[{"name":"wp","href":"https:\/\/api.w.org\/{rel}","templated":true}]}}