{"id":2977,"date":"2025-03-09T13:04:29","date_gmt":"2025-03-09T13:04:29","guid":{"rendered":"https:\/\/artstella-elixirs-floraux.com\/product\/citrine-15-ml-phi\/"},"modified":"2025-04-25T12:39:15","modified_gmt":"2025-04-25T12:39:15","slug":"citrine-15-ml-phi","status":"publish","type":"product","link":"https:\/\/artstella-elixirs-floraux.com\/fr_fr\/produit\/citrine-15-ml-phi\/","title":{"rendered":"CITRINE 15 ML PHI"},"content":{"rendered":"","protected":false},"excerpt":{"rendered":"<p><span style=\"color: #008000;\"><strong><em>Citrine (Zitrin) <\/em><\/strong><\/span><\/p>\n<p>\u00c9quilibre les \u00e9motions au niveau du plexus solaire et renforce la confiance en soi, l&rsquo;intuition et le sens de la communaut\u00e9. Stimule le troisi\u00e8me \u0153il et le chakra coronal.<\/p>\n","protected":false},"featured_media":2978,"template":"","meta":[],"product_brand":[],"product_cat":[85],"product_tag":[],"class_list":{"0":"post-2977","1":"product","2":"type-product","3":"status-publish","4":"has-post-thumbnail","6":"product_cat-les-elixirs-de-pierres-precieuses","8":"first","9":"instock","10":"taxable","11":"shipping-taxable","12":"purchasable","13":"product-type-simple"},"etheme_brands":{"errors":{"invalid_taxonomy":["Taxonomie non valide."]},"error_data":[]},"jetpack_sharing_enabled":true,"jetpack-related-posts":[{"id":12332,"url":"https:\/\/artstella-elixirs-floraux.com\/fr_fr\/produit\/citrine-citrino-15ml-sylfos\/","url_meta":{"origin":2977,"position":0},"title":"CITRINE- CITRINO 15ml Sylfos","author":"eveapprill","date":"16 mars 2026","format":false,"excerpt":"La citrine active la confiance, l'optimisme et la clart\u00e9 mentale, aidant \u00e0 surmonter les blocages cr\u00e9atifs et les pens\u00e9es limitantes. Il favorise la prise de d\u00e9cision et le lancement de projets. Il est id\u00e9al en cas de manque de motivation ou d'orientation. Son \u00e9nergie stimule une vision plus expansive et\u2026","rel":"","context":"Article similaire","block_context":{"text":"Article similaire","link":""},"img":{"alt_text":"","src":"https:\/\/i0.wp.com\/artstella-elixirs-floraux.com\/wp-content\/uploads\/2026\/03\/Citrino_1.png?resize=350%2C200&ssl=1","width":350,"height":200},"classes":[]},{"id":6095,"url":"https:\/\/artstella-elixirs-floraux.com\/fr_fr\/produit\/collier-beauty\/","url_meta":{"origin":2977,"position":1},"title":"COLLIER \u00ab\u00a0BEAUTY\u00a0\u00bb","author":"eveapprill","date":"9 mars 2025","format":false,"excerpt":"La \u00ab beaut\u00e9 de la cr\u00e9ation \u00bb Le grand Tout se b\u00e2tit \u00e0 partir de la plus petite structure. Tout advient selon le plan divin. La Formation nous rappelle l\u2019\u00e9tincelle divine en nous et que tout est reli\u00e9. La Lumi\u00e8re rayonne \u00e0 partir du c\u0153ur dans chaque cellule. Avec une\u2026","rel":"","context":"Article similaire","block_context":{"text":"Article similaire","link":""},"img":{"alt_text":"","src":"https:\/\/i0.wp.com\/artstella-elixirs-floraux.com\/wp-content\/uploads\/2025\/03\/wp-image2129.png?resize=350%2C200&ssl=1","width":350,"height":200,"srcset":"https:\/\/i0.wp.com\/artstella-elixirs-floraux.com\/wp-content\/uploads\/2025\/03\/wp-image2129.png?resize=350%2C200&ssl=1 1x, https:\/\/i0.wp.com\/artstella-elixirs-floraux.com\/wp-content\/uploads\/2025\/03\/wp-image2129.png?resize=525%2C300&ssl=1 1.5x, https:\/\/i0.wp.com\/artstella-elixirs-floraux.com\/wp-content\/uploads\/2025\/03\/wp-image2129.png?resize=700%2C400&ssl=1 2x"},"classes":[]},{"id":4542,"url":"https:\/\/artstella-elixirs-floraux.com\/fr_fr\/produit\/coffret-pierres-precieuses-15-ml\/","url_meta":{"origin":2977,"position":2},"title":"COFFRET PIERRES PRECIEUSES 15 ML","author":"eveapprill","date":"9 mars 2025","format":false,"excerpt":"\u00a0Les 20 \u00e9lixirs de pierres pr\u00e9cieuses Les pierres pr\u00e9cieuses sont un cadeau de la terre. Durant des millions d\u2019ann\u00e9es, elles se sont form\u00e9es en son sein jusqu\u2019\u00e0 ce que les hommes les d\u00e9couvrent et les mettent \u00e0 la lumi\u00e8re.","rel":"","context":"Article similaire","block_context":{"text":"Article similaire","link":""},"img":{"alt_text":"","src":"https:\/\/i0.wp.com\/artstella-elixirs-floraux.com\/wp-content\/uploads\/2025\/03\/wp-image1169.png?resize=350%2C200&ssl=1","width":350,"height":200,"srcset":"https:\/\/i0.wp.com\/artstella-elixirs-floraux.com\/wp-content\/uploads\/2025\/03\/wp-image1169.png?resize=350%2C200&ssl=1 1x, https:\/\/i0.wp.com\/artstella-elixirs-floraux.com\/wp-content\/uploads\/2025\/03\/wp-image1169.png?resize=525%2C300&ssl=1 1.5x, https:\/\/i0.wp.com\/artstella-elixirs-floraux.com\/wp-content\/uploads\/2025\/03\/wp-image1169.png?resize=700%2C400&ssl=1 2x"},"classes":[]}],"_links":{"self":[{"href":"https:\/\/artstella-elixirs-floraux.com\/fr_fr\/wp-json\/wp\/v2\/product\/2977","targetHints":{"allow":["GET"]}}],"collection":[{"href":"https:\/\/artstella-elixirs-floraux.com\/fr_fr\/wp-json\/wp\/v2\/product"}],"about":[{"href":"https:\/\/artstella-elixirs-floraux.com\/fr_fr\/wp-json\/wp\/v2\/types\/product"}],"version-history":[{"count":0,"href":"https:\/\/artstella-elixirs-floraux.com\/fr_fr\/wp-json\/wp\/v2\/product\/2977\/revisions"}],"wp:featuredmedia":[{"embeddable":true,"href":"https:\/\/artstella-elixirs-floraux.com\/fr_fr\/wp-json\/wp\/v2\/media\/2978"}],"wp:attachment":[{"href":"https:\/\/artstella-elixirs-floraux.com\/fr_fr\/wp-json\/wp\/v2\/media?parent=2977"}],"wp:term":[{"taxonomy":"product_brand","embeddable":true,"href":"https:\/\/artstella-elixirs-floraux.com\/fr_fr\/wp-json\/wp\/v2\/product_brand?post=2977"},{"taxonomy":"product_cat","embeddable":true,"href":"https:\/\/artstella-elixirs-floraux.com\/fr_fr\/wp-json\/wp\/v2\/product_cat?post=2977"},{"taxonomy":"product_tag","embeddable":true,"href":"https:\/\/artstella-elixirs-floraux.com\/fr_fr\/wp-json\/wp\/v2\/product_tag?post=2977"}],"curies":[{"name":"wp","href":"https:\/\/api.w.org\/{rel}","templated":true}]}}