{"id":3019,"date":"2025-03-09T13:05:17","date_gmt":"2025-03-09T13:05:17","guid":{"rendered":"https:\/\/artstella-elixirs-floraux.com\/product\/magnetite-phi-15-ml\/"},"modified":"2025-04-25T12:18:14","modified_gmt":"2025-04-25T12:18:14","slug":"magnetite-phi-15-ml","status":"publish","type":"product","link":"https:\/\/artstella-elixirs-floraux.com\/fr_fr\/produit\/magnetite-phi-15-ml\/","title":{"rendered":"MAGNETITE PHI 15 ML"},"content":{"rendered":"","protected":false},"excerpt":{"rendered":"<p><span style=\"color: #008000;\"><strong><em>Magn\u00e9tite (Magnetit) <\/em><\/strong><\/span><\/p>\n<p>Son action est \u00e9quilibrante et purifiante. Il favorise notre relation \u00e0 la nature. Il renforce le courage et la force, renforce l\u2019\u00e9nergie yang<\/p>\n","protected":false},"featured_media":3020,"template":"","meta":[],"product_brand":[],"product_cat":[85],"product_tag":[],"class_list":{"0":"post-3019","1":"product","2":"type-product","3":"status-publish","4":"has-post-thumbnail","6":"product_cat-les-elixirs-de-pierres-precieuses","8":"first","9":"instock","10":"taxable","11":"shipping-taxable","12":"purchasable","13":"product-type-simple"},"etheme_brands":{"errors":{"invalid_taxonomy":["Taxonomie non valide."]},"error_data":[]},"jetpack_sharing_enabled":true,"jetpack-related-posts":[{"id":5592,"url":"https:\/\/artstella-elixirs-floraux.com\/fr_fr\/produit\/pyramide-guachimontes-15ml\/","url_meta":{"origin":3019,"position":0},"title":"PYRAMIDE GUACHIMONTES 15ML","author":"eveapprill","date":"9 mars 2025","format":false,"excerpt":"Renforce et soutient l\u2019\u00e9nergie Yin. Il relie \u00e0 la terre M\u00e8re. L\u2019\u00e9nergie monte en spirale renfor\u00e7ant la force vitale dans un vortex d\u2019\u00e9nergie.","rel":"","context":"Article similaire","block_context":{"text":"Article similaire","link":""},"img":{"alt_text":"","src":"","width":0,"height":0},"classes":[]},{"id":5152,"url":"https:\/\/artstella-elixirs-floraux.com\/fr_fr\/produit\/pregnancy-support\/","url_meta":{"origin":3019,"position":1},"title":"PREGNANCY SUPPORT","author":"eveapprill","date":"9 mars 2025","format":false,"excerpt":"A \u00e9t\u00e9 pr\u00e9par\u00e9e pour renforcer, stabiliser et \u00e9quilibrer la femme et l\u2019enfant pendant toute la grossesse.","rel":"","context":"Article similaire","block_context":{"text":"Article similaire","link":""},"img":{"alt_text":"","src":"https:\/\/i0.wp.com\/artstella-elixirs-floraux.com\/wp-content\/uploads\/2025\/03\/68e301b9-e3e5-48d0-bb93-47cb748b1245.jpg?resize=350%2C200&ssl=1","width":350,"height":200,"srcset":"https:\/\/i0.wp.com\/artstella-elixirs-floraux.com\/wp-content\/uploads\/2025\/03\/68e301b9-e3e5-48d0-bb93-47cb748b1245.jpg?resize=350%2C200&ssl=1 1x, https:\/\/i0.wp.com\/artstella-elixirs-floraux.com\/wp-content\/uploads\/2025\/03\/68e301b9-e3e5-48d0-bb93-47cb748b1245.jpg?resize=525%2C300&ssl=1 1.5x, https:\/\/i0.wp.com\/artstella-elixirs-floraux.com\/wp-content\/uploads\/2025\/03\/68e301b9-e3e5-48d0-bb93-47cb748b1245.jpg?resize=700%2C400&ssl=1 2x"},"classes":[]},{"id":3936,"url":"https:\/\/artstella-elixirs-floraux.com\/fr_fr\/produit\/loup-a-e-15-ml-phi\/","url_meta":{"origin":3019,"position":2},"title":"LOUP A.E 15 ML PHI","author":"eveapprill","date":"9 mars 2025","format":false,"excerpt":"Loup (Canis lupus) Wolf\u00a0 renforce les perceptions de nos sens et notre vigilance. Il renforce notre conscience du groupe et de sa dynamique.","rel":"","context":"Article similaire","block_context":{"text":"Article similaire","link":""},"img":{"alt_text":"","src":"","width":0,"height":0},"classes":[]},{"id":5368,"url":"https:\/\/artstella-elixirs-floraux.com\/fr_fr\/produit\/k-9-en-spray-phi\/","url_meta":{"origin":3019,"position":3},"title":"K 9 en spray PHI","author":"eveapprill","date":"9 mars 2025","format":false,"excerpt":"Cet \u00e9lixir sert \u00e0 renforcer \u00e9nerg\u00e9tiquement les barri\u00e8res psychiques et physiques.","rel":"","context":"Article similaire","block_context":{"text":"Article similaire","link":""},"img":{"alt_text":"","src":"https:\/\/i0.wp.com\/artstella-elixirs-floraux.com\/wp-content\/uploads\/2025\/03\/wp-image1651.png?resize=350%2C200&ssl=1","width":350,"height":200},"classes":[]},{"id":5162,"url":"https:\/\/artstella-elixirs-floraux.com\/fr_fr\/produit\/corail-digitiforme-15-ml-phi\/","url_meta":{"origin":3019,"position":4},"title":"CORAIL DIGITIFORME 15 ML PHI","author":"eveapprill","date":"27 mai 2025","format":false,"excerpt":"Corail digitiforme (Stylophora pistillata) Griffelkoralle Son \u00e9lixir agit \u00e9nerg\u00e9tiquement sur la structure et le squelette. Il renforce et permet d\u2019\u00e9tablir des structures. Il permet de se renforcer int\u00e9rieurement.","rel":"","context":"Article similaire","block_context":{"text":"Article similaire","link":""},"img":{"alt_text":"","src":"","width":0,"height":0},"classes":[]},{"id":4511,"url":"https:\/\/artstella-elixirs-floraux.com\/fr_fr\/produit\/cephalanthere-rouge-15ml-phi\/","url_meta":{"origin":3019,"position":5},"title":"CEPHALANTHERE ROUGE 15ML PHI","author":"eveapprill","date":"9 mars 2025","format":false,"excerpt":"Cephalanth\u00e8re rouge (Cephalanthera rubra) (Rotes Waldv\u00f6gelchen) Aide \u00e0 se focaliser sur un but. Contribue \u00e0 la structure de l'esprit et renforce la concentration\u00a0 la structure de l'esprit et renforce la concentration","rel":"","context":"Article similaire","block_context":{"text":"Article similaire","link":""},"img":{"alt_text":"","src":"https:\/\/i0.wp.com\/artstella-elixirs-floraux.com\/wp-content\/uploads\/2025\/03\/wp-image1112.png?resize=350%2C200&ssl=1","width":350,"height":200},"classes":[]}],"_links":{"self":[{"href":"https:\/\/artstella-elixirs-floraux.com\/fr_fr\/wp-json\/wp\/v2\/product\/3019","targetHints":{"allow":["GET"]}}],"collection":[{"href":"https:\/\/artstella-elixirs-floraux.com\/fr_fr\/wp-json\/wp\/v2\/product"}],"about":[{"href":"https:\/\/artstella-elixirs-floraux.com\/fr_fr\/wp-json\/wp\/v2\/types\/product"}],"version-history":[{"count":0,"href":"https:\/\/artstella-elixirs-floraux.com\/fr_fr\/wp-json\/wp\/v2\/product\/3019\/revisions"}],"wp:featuredmedia":[{"embeddable":true,"href":"https:\/\/artstella-elixirs-floraux.com\/fr_fr\/wp-json\/wp\/v2\/media\/3020"}],"wp:attachment":[{"href":"https:\/\/artstella-elixirs-floraux.com\/fr_fr\/wp-json\/wp\/v2\/media?parent=3019"}],"wp:term":[{"taxonomy":"product_brand","embeddable":true,"href":"https:\/\/artstella-elixirs-floraux.com\/fr_fr\/wp-json\/wp\/v2\/product_brand?post=3019"},{"taxonomy":"product_cat","embeddable":true,"href":"https:\/\/artstella-elixirs-floraux.com\/fr_fr\/wp-json\/wp\/v2\/product_cat?post=3019"},{"taxonomy":"product_tag","embeddable":true,"href":"https:\/\/artstella-elixirs-floraux.com\/fr_fr\/wp-json\/wp\/v2\/product_tag?post=3019"}],"curies":[{"name":"wp","href":"https:\/\/api.w.org\/{rel}","templated":true}]}}