{"id":3066,"date":"2025-03-09T13:05:51","date_gmt":"2025-03-09T13:05:51","guid":{"rendered":"https:\/\/artstella-elixirs-floraux.com\/product\/lune-planete-phi-15-ml\/"},"modified":"2025-06-08T12:52:15","modified_gmt":"2025-06-08T12:52:15","slug":"lune-planete-phi-15-ml","status":"publish","type":"product","link":"https:\/\/artstella-elixirs-floraux.com\/fr_fr\/produit\/lune-planete-phi-15-ml\/","title":{"rendered":"LUNE PLANETE PHI 15 ML"},"content":{"rendered":"","protected":false},"excerpt":{"rendered":"<p><strong><em><span style=\"color: #008000\">Lune<\/span><br \/><\/em><\/strong>Correspond au principe maternel. Nous relie \u00e0 nouveau \u00e0 l&rsquo;essence f\u00e9minine divine. Nous aide \u00e0 reconna\u00eetre la gr\u00e2ce divine de la maternit\u00e9. Favorise l&rsquo;intuition et soutient le sentiment d&rsquo;appartenance \u00e0 une famille, \u00e0 un groupe.<strong><em><\/em><\/strong><\/p>\n","protected":false},"featured_media":3067,"template":"","meta":[],"product_brand":[],"product_cat":[128],"product_tag":[],"class_list":{"0":"post-3066","1":"product","2":"type-product","3":"status-publish","4":"has-post-thumbnail","6":"product_cat-les-elixirs-de-planetes","8":"first","9":"instock","10":"taxable","11":"shipping-taxable","12":"purchasable","13":"product-type-simple"},"etheme_brands":{"errors":{"invalid_taxonomy":["Taxonomie non valide."]},"error_data":[]},"jetpack_sharing_enabled":true,"jetpack-related-posts":[{"id":4171,"url":"https:\/\/artstella-elixirs-floraux.com\/fr_fr\/produit\/metatron-messagers-sylfos-15-ml\/","url_meta":{"origin":3066,"position":0},"title":"METATRON (MESSAGERS) SYLFOS 15 ML","author":"eveapprill","date":"9 mars 2025","format":false,"excerpt":"METATRON\u00a0 Cr\u00e9ation divine Aide \u00e0 reprogrammer la vie dans la Grande Lumi\u00e8re, en restructurant l\u2019\u00eatre. Soutient le changement et invite \u00e0 \u00e9voluer...","rel":"","context":"Article similaire","block_context":{"text":"Article similaire","link":""},"img":{"alt_text":"","src":"","width":0,"height":0},"classes":[]},{"id":5978,"url":"https:\/\/artstella-elixirs-floraux.com\/fr_fr\/produit\/isis-10-ml-bush\/","url_meta":{"origin":3066,"position":1},"title":"ISIS 10 ML BUSH","author":"eveapprill","date":"9 mars 2025","format":false,"excerpt":"ISIS \u2022 Permet de ressentir la pr\u00e9sence, la protection et l\u2019amour du Divin F\u00e9minin. \u2022 Illumine nos zones d\u2019ombre o\u00f9 nous gardons nos douleurs et nos souffrances \u00e9motionnelles.","rel":"","context":"Article similaire","block_context":{"text":"Article similaire","link":""},"img":{"alt_text":"Les \u00e9lixirs \"Divine Presence\" du Bush australien","src":"https:\/\/i0.wp.com\/artstella-elixirs-floraux.com\/wp-content\/uploads\/2025\/03\/9f27a3de-c812-4d8c-b286-c7b3bc580552.jpg?resize=350%2C200&ssl=1","width":350,"height":200,"srcset":"https:\/\/i0.wp.com\/artstella-elixirs-floraux.com\/wp-content\/uploads\/2025\/03\/9f27a3de-c812-4d8c-b286-c7b3bc580552.jpg?resize=350%2C200&ssl=1 1x, https:\/\/i0.wp.com\/artstella-elixirs-floraux.com\/wp-content\/uploads\/2025\/03\/9f27a3de-c812-4d8c-b286-c7b3bc580552.jpg?resize=525%2C300&ssl=1 1.5x, https:\/\/i0.wp.com\/artstella-elixirs-floraux.com\/wp-content\/uploads\/2025\/03\/9f27a3de-c812-4d8c-b286-c7b3bc580552.jpg?resize=700%2C400&ssl=1 2x"},"classes":[]},{"id":5980,"url":"https:\/\/artstella-elixirs-floraux.com\/fr_fr\/produit\/solar-logos-10ml-bush\/","url_meta":{"origin":3066,"position":2},"title":"SOLAR LOGOS 10ML BUSH","author":"eveapprill","date":"9 mars 2025","format":false,"excerpt":"SOLAR LOGOS \u2022 Active la lumi\u00e8re de l\u2019Ame en nous, nous permettant alors d\u2019acc\u00e9der au Divin \u00e0 un niveau personnel. \u2022 Ouvre notre c\u0153ur et notre esprit de fa\u00e7on \u00e0 permettre \u00e0 la Conscience christique d\u2019entrer plus facilement.","rel":"","context":"Article similaire","block_context":{"text":"Article similaire","link":""},"img":{"alt_text":"","src":"https:\/\/i0.wp.com\/artstella-elixirs-floraux.com\/wp-content\/uploads\/2025\/03\/9d289a38-ae3f-4b19-a81c-7e4786580f9c.jpg?resize=350%2C200&ssl=1","width":350,"height":200,"srcset":"https:\/\/i0.wp.com\/artstella-elixirs-floraux.com\/wp-content\/uploads\/2025\/03\/9d289a38-ae3f-4b19-a81c-7e4786580f9c.jpg?resize=350%2C200&ssl=1 1x, https:\/\/i0.wp.com\/artstella-elixirs-floraux.com\/wp-content\/uploads\/2025\/03\/9d289a38-ae3f-4b19-a81c-7e4786580f9c.jpg?resize=525%2C300&ssl=1 1.5x, https:\/\/i0.wp.com\/artstella-elixirs-floraux.com\/wp-content\/uploads\/2025\/03\/9d289a38-ae3f-4b19-a81c-7e4786580f9c.jpg?resize=700%2C400&ssl=1 2x"},"classes":[]},{"id":4837,"url":"https:\/\/artstella-elixirs-floraux.com\/fr_fr\/produit\/vivre-le-divin-en-tte-chose\/","url_meta":{"origin":3066,"position":3},"title":"VIVRE LE DIVIN EN TTE CHOSE","author":"eveapprill","date":"9 mars 2025","format":false,"excerpt":"VIVRE LE DIVIN EN TOUTE CHOSE L'exp\u00e9rience du jardin de Perelandra par Machaelle Small Wright Editions Co-Cr\u00e9atives","rel":"","context":"Article similaire","block_context":{"text":"Article similaire","link":""},"img":{"alt_text":"","src":"https:\/\/i0.wp.com\/artstella-elixirs-floraux.com\/wp-content\/uploads\/2025\/03\/wp-image1348.png?resize=350%2C200&ssl=1","width":350,"height":200},"classes":[]},{"id":6095,"url":"https:\/\/artstella-elixirs-floraux.com\/fr_fr\/produit\/collier-beauty\/","url_meta":{"origin":3066,"position":4},"title":"COLLIER \u00ab\u00a0BEAUTY\u00a0\u00bb","author":"eveapprill","date":"9 mars 2025","format":false,"excerpt":"La \u00ab beaut\u00e9 de la cr\u00e9ation \u00bb Le grand Tout se b\u00e2tit \u00e0 partir de la plus petite structure. Tout advient selon le plan divin. La Formation nous rappelle l\u2019\u00e9tincelle divine en nous et que tout est reli\u00e9. La Lumi\u00e8re rayonne \u00e0 partir du c\u0153ur dans chaque cellule. Avec une\u2026","rel":"","context":"Article similaire","block_context":{"text":"Article similaire","link":""},"img":{"alt_text":"","src":"https:\/\/i0.wp.com\/artstella-elixirs-floraux.com\/wp-content\/uploads\/2025\/03\/wp-image2129.png?resize=350%2C200&ssl=1","width":350,"height":200,"srcset":"https:\/\/i0.wp.com\/artstella-elixirs-floraux.com\/wp-content\/uploads\/2025\/03\/wp-image2129.png?resize=350%2C200&ssl=1 1x, https:\/\/i0.wp.com\/artstella-elixirs-floraux.com\/wp-content\/uploads\/2025\/03\/wp-image2129.png?resize=525%2C300&ssl=1 1.5x, https:\/\/i0.wp.com\/artstella-elixirs-floraux.com\/wp-content\/uploads\/2025\/03\/wp-image2129.png?resize=700%2C400&ssl=1 2x"},"classes":[]},{"id":5518,"url":"https:\/\/artstella-elixirs-floraux.com\/fr_fr\/produit\/orque\/","url_meta":{"origin":3066,"position":5},"title":"ORQUE","author":"eveapprill","date":"9 mars 2025","format":false,"excerpt":"ORQUE - Orca (Orcinus Orca) Cet \u00e9lixir a une forte action au niveau du chakra du c\u0153ur et nous relie \u00e0 la cinqui\u00e8me dimension. Il nous relie \u00e0 notre force int\u00e9rieure et nous permet de puiser dans notre potentiel de cr\u00e9ation, pour nous relier \u00e0 la lumi\u00e8re. Dans cette dimension,\u2026","rel":"","context":"Article similaire","block_context":{"text":"Article similaire","link":""},"img":{"alt_text":"","src":"https:\/\/i0.wp.com\/artstella-elixirs-floraux.com\/wp-content\/uploads\/2025\/03\/wp-image1754.png?resize=350%2C200&ssl=1","width":350,"height":200},"classes":[]}],"_links":{"self":[{"href":"https:\/\/artstella-elixirs-floraux.com\/fr_fr\/wp-json\/wp\/v2\/product\/3066","targetHints":{"allow":["GET"]}}],"collection":[{"href":"https:\/\/artstella-elixirs-floraux.com\/fr_fr\/wp-json\/wp\/v2\/product"}],"about":[{"href":"https:\/\/artstella-elixirs-floraux.com\/fr_fr\/wp-json\/wp\/v2\/types\/product"}],"version-history":[{"count":0,"href":"https:\/\/artstella-elixirs-floraux.com\/fr_fr\/wp-json\/wp\/v2\/product\/3066\/revisions"}],"wp:featuredmedia":[{"embeddable":true,"href":"https:\/\/artstella-elixirs-floraux.com\/fr_fr\/wp-json\/wp\/v2\/media\/3067"}],"wp:attachment":[{"href":"https:\/\/artstella-elixirs-floraux.com\/fr_fr\/wp-json\/wp\/v2\/media?parent=3066"}],"wp:term":[{"taxonomy":"product_brand","embeddable":true,"href":"https:\/\/artstella-elixirs-floraux.com\/fr_fr\/wp-json\/wp\/v2\/product_brand?post=3066"},{"taxonomy":"product_cat","embeddable":true,"href":"https:\/\/artstella-elixirs-floraux.com\/fr_fr\/wp-json\/wp\/v2\/product_cat?post=3066"},{"taxonomy":"product_tag","embeddable":true,"href":"https:\/\/artstella-elixirs-floraux.com\/fr_fr\/wp-json\/wp\/v2\/product_tag?post=3066"}],"curies":[{"name":"wp","href":"https:\/\/api.w.org\/{rel}","templated":true}]}}