{"id":3070,"date":"2025-03-09T13:05:53","date_gmt":"2025-03-09T13:05:53","guid":{"rendered":"https:\/\/artstella-elixirs-floraux.com\/product\/mercure-planete-phi-15-ml\/"},"modified":"2025-04-25T12:56:00","modified_gmt":"2025-04-25T12:56:00","slug":"mercure-planete-phi-15-ml","status":"publish","type":"product","link":"https:\/\/artstella-elixirs-floraux.com\/fr_fr\/produit\/mercure-planete-phi-15-ml\/","title":{"rendered":"MERCURE PLANETE PHI 15 ML"},"content":{"rendered":"","protected":false},"excerpt":{"rendered":"<p><strong><em><span style=\"color: #008000\">Mercure<\/span><br \/> <\/em><\/strong>Nous aide \u00e0 reconna\u00eetre la v\u00e9rit\u00e9 cosmique et \u00e0 nous situer au-del\u00e0 de notre vie personnelle. Favorise aussi notre capacit\u00e9 \u00e0 communiquer et notre aptitude \u00e0 apprendre, par exemple avant les examens.<\/p>\n","protected":false},"featured_media":3071,"template":"","meta":[],"product_brand":[],"product_cat":[128],"product_tag":[],"class_list":{"0":"post-3070","1":"product","2":"type-product","3":"status-publish","4":"has-post-thumbnail","6":"product_cat-les-elixirs-de-planetes","8":"first","9":"instock","10":"taxable","11":"shipping-taxable","12":"purchasable","13":"product-type-simple"},"etheme_brands":{"errors":{"invalid_taxonomy":["Taxonomie non valide."]},"error_data":[]},"jetpack_sharing_enabled":true,"jetpack-related-posts":[{"id":4544,"url":"https:\/\/artstella-elixirs-floraux.com\/fr_fr\/produit\/coffret-elixirs-de-planetes-phi-15-ml\/","url_meta":{"origin":3070,"position":0},"title":"COFFRET \u00e9lixirs de PLANETES PHI 15 ML","author":"eveapprill","date":"9 mars 2025","format":false,"excerpt":"Contient les 11 flacons des \u00e9lixirs de plan\u00e8tes Jupiter, Lune, Mars, Mercure, Neptune, Pluton, Saturne, Soleil, Uranus, Venus, Chiron.","rel":"","context":"Article similaire","block_context":{"text":"Article similaire","link":""},"img":{"alt_text":"","src":"https:\/\/i0.wp.com\/artstella-elixirs-floraux.com\/wp-content\/uploads\/2025\/03\/wp-image2486.png?resize=350%2C200&ssl=1","width":350,"height":200,"srcset":"https:\/\/i0.wp.com\/artstella-elixirs-floraux.com\/wp-content\/uploads\/2025\/03\/wp-image2486.png?resize=350%2C200&ssl=1 1x, https:\/\/i0.wp.com\/artstella-elixirs-floraux.com\/wp-content\/uploads\/2025\/03\/wp-image2486.png?resize=525%2C300&ssl=1 1.5x, https:\/\/i0.wp.com\/artstella-elixirs-floraux.com\/wp-content\/uploads\/2025\/03\/wp-image2486.png?resize=700%2C400&ssl=1 2x"},"classes":[]},{"id":5462,"url":"https:\/\/artstella-elixirs-floraux.com\/fr_fr\/produit\/strophaire-a-anneau-rugueux-10ml-bl\/","url_meta":{"origin":3070,"position":1},"title":"Strophaire \u00e0 anneau rugueux 10ml BL","author":"eveapprill","date":"9 mars 2025","format":false,"excerpt":"Strophaire \u00e0 anneau rugueux \/ Stropharia rugoso annulata\u00a0\u00a0\u00a0\u00a0\u00a0\u00a0\u00a0\u00a0\u00a0\u00a0\u00a0\u00a0\u00a0\u00a0 Peut atteindre 40 \u00e0 50 cm de circonf\u00e9rence. Pour trouver de nouvelles intuitions dans ses activit\u00e9s.","rel":"","context":"Article similaire","block_context":{"text":"Article similaire","link":""},"img":{"alt_text":"","src":"","width":0,"height":0},"classes":[]},{"id":2186,"url":"https:\/\/artstella-elixirs-floraux.com\/fr_fr\/produit\/harebell-alaskan\/","url_meta":{"origin":3070,"position":2},"title":"Harebell Alaskan","author":"eveapprill","date":"9 mars 2025","format":false,"excerpt":"Harebell. Campanula lasiocarpa. Campanule Ne se sent pas aim\u00e9 et coup\u00e9 de la Source ; \u00e0 la recherche de l\u2019amour \u00e0 l'ext\u00e9rieur.","rel":"","context":"Article similaire","block_context":{"text":"Article similaire","link":""},"img":{"alt_text":"","src":"https:\/\/i0.wp.com\/artstella-elixirs-floraux.com\/wp-content\/uploads\/2025\/03\/wp-image542.png?resize=350%2C200&ssl=1","width":350,"height":200},"classes":[]},{"id":5840,"url":"https:\/\/artstella-elixirs-floraux.com\/fr_fr\/produit\/paresseux-a-deux-doigts-15-ml-phi\/","url_meta":{"origin":3070,"position":3},"title":"Paresseux \u00e0 deux doigts 15 ml PHI","author":"eveapprill","date":"9 mars 2025","format":false,"excerpt":"Paresseux \u00e0 deux doigts - Southern two toed Sloth (Choloepus didactylus) Cet animal nous aide \u00e0 d\u00e9velopper une meilleure relation au temps et \u00e0 la relaxation. Il nous aide \u00e0 mieux g\u00e9rer des situations de stress, en prenant les choses plus l\u00e9g\u00e8rement et de fa\u00e7on plus d\u00e9tendue. Il nous aide\u2026","rel":"","context":"Article similaire","block_context":{"text":"Article similaire","link":""},"img":{"alt_text":"","src":"","width":0,"height":0},"classes":[]},{"id":5852,"url":"https:\/\/artstella-elixirs-floraux.com\/fr_fr\/produit\/la-baleine-a-bosse-humpbackwhale-15ml-phi\/","url_meta":{"origin":3070,"position":4},"title":"La baleine \u00e0 bosse (Humpbackwhale) 15ml PHI","author":"eveapprill","date":"9 mars 2025","format":false,"excerpt":"La baleine \u00e0 bosse (Humpbackwhale)\u00a0 Cette baleine ouvre notre conscience \u00e0 la 5\u00e8me dimension. Nous pouvons nous connecter au-del\u00e0 de l\u2019espace et du temps \u00e0 l\u2019exp\u00e9rience int\u00e9rieure de la matrice et du son. Favorable aux exp\u00e9riences transpersonnelles et \u00e0 la m\u00e9ditation. Il est important que la personne soit bien enracin\u00e9e.","rel":"","context":"Article similaire","block_context":{"text":"Article similaire","link":""},"img":{"alt_text":"","src":"","width":0,"height":0},"classes":[]},{"id":4412,"url":"https:\/\/artstella-elixirs-floraux.com\/fr_fr\/produit\/loving-child-lamour-enfantin\/","url_meta":{"origin":3070,"position":5},"title":"Loving Child &#8211; L&rsquo;amour enfantin WEAE 30ml","author":"eveapprill","date":"9 mars 2025","format":false,"excerpt":"Loving Child (l'amour enfantin) L'amour Enfantin est une ressource unique con\u00e7ue pour aider les enfants \u00e0 ressentir et \u00e0 exprimer l'amour dans tous les aspects de leur vie.","rel":"","context":"Article similaire","block_context":{"text":"Article similaire","link":""},"img":{"alt_text":"","src":"https:\/\/i0.wp.com\/artstella-elixirs-floraux.com\/wp-content\/uploads\/2025\/03\/092b058c-0517-4bc8-8049-d757b3d14f3e.webp?resize=350%2C200&ssl=1","width":350,"height":200,"srcset":"https:\/\/i0.wp.com\/artstella-elixirs-floraux.com\/wp-content\/uploads\/2025\/03\/092b058c-0517-4bc8-8049-d757b3d14f3e.webp?resize=350%2C200&ssl=1 1x, https:\/\/i0.wp.com\/artstella-elixirs-floraux.com\/wp-content\/uploads\/2025\/03\/092b058c-0517-4bc8-8049-d757b3d14f3e.webp?resize=525%2C300&ssl=1 1.5x, https:\/\/i0.wp.com\/artstella-elixirs-floraux.com\/wp-content\/uploads\/2025\/03\/092b058c-0517-4bc8-8049-d757b3d14f3e.webp?resize=700%2C400&ssl=1 2x"},"classes":[]}],"_links":{"self":[{"href":"https:\/\/artstella-elixirs-floraux.com\/fr_fr\/wp-json\/wp\/v2\/product\/3070","targetHints":{"allow":["GET"]}}],"collection":[{"href":"https:\/\/artstella-elixirs-floraux.com\/fr_fr\/wp-json\/wp\/v2\/product"}],"about":[{"href":"https:\/\/artstella-elixirs-floraux.com\/fr_fr\/wp-json\/wp\/v2\/types\/product"}],"version-history":[{"count":0,"href":"https:\/\/artstella-elixirs-floraux.com\/fr_fr\/wp-json\/wp\/v2\/product\/3070\/revisions"}],"wp:featuredmedia":[{"embeddable":true,"href":"https:\/\/artstella-elixirs-floraux.com\/fr_fr\/wp-json\/wp\/v2\/media\/3071"}],"wp:attachment":[{"href":"https:\/\/artstella-elixirs-floraux.com\/fr_fr\/wp-json\/wp\/v2\/media?parent=3070"}],"wp:term":[{"taxonomy":"product_brand","embeddable":true,"href":"https:\/\/artstella-elixirs-floraux.com\/fr_fr\/wp-json\/wp\/v2\/product_brand?post=3070"},{"taxonomy":"product_cat","embeddable":true,"href":"https:\/\/artstella-elixirs-floraux.com\/fr_fr\/wp-json\/wp\/v2\/product_cat?post=3070"},{"taxonomy":"product_tag","embeddable":true,"href":"https:\/\/artstella-elixirs-floraux.com\/fr_fr\/wp-json\/wp\/v2\/product_tag?post=3070"}],"curies":[{"name":"wp","href":"https:\/\/api.w.org\/{rel}","templated":true}]}}