{"id":3076,"date":"2025-03-09T13:05:57","date_gmt":"2025-03-09T13:05:57","guid":{"rendered":"https:\/\/artstella-elixirs-floraux.com\/product\/saturne-planete-phi-15-ml\/"},"modified":"2025-04-25T12:55:59","modified_gmt":"2025-04-25T12:55:59","slug":"saturne-planete-phi-15-ml","status":"publish","type":"product","link":"https:\/\/artstella-elixirs-floraux.com\/fr_fr\/produit\/saturne-planete-phi-15-ml\/","title":{"rendered":"SATURNE PLANETE PHI 15 ML"},"content":{"rendered":"","protected":false},"excerpt":{"rendered":"<p><strong><em><span style=\"color: #008000\">Saturne<\/span><br \/> <\/em><\/strong>Exerce une action lib\u00e9ratrice et aide \u00e0 comprendre en profondeur la mani\u00e8re dont agit le Karma. Nous apprenons \u00e0 en devenir conscients et, par la compr\u00e9hension et l&rsquo;amour, \u00e0 nous en lib\u00e9rer pour pouvoir vivre ici et maintenant consciemment.<strong><em><\/em><\/strong><\/p>\n","protected":false},"featured_media":3077,"template":"","meta":[],"product_brand":[],"product_cat":[128],"product_tag":[],"class_list":{"0":"post-3076","1":"product","2":"type-product","3":"status-publish","4":"has-post-thumbnail","6":"product_cat-les-elixirs-de-planetes","8":"first","9":"instock","10":"taxable","11":"shipping-taxable","12":"purchasable","13":"product-type-simple"},"etheme_brands":{"errors":{"invalid_taxonomy":["Taxonomie non valide."]},"error_data":[]},"jetpack_sharing_enabled":true,"jetpack-related-posts":[{"id":3336,"url":"https:\/\/artstella-elixirs-floraux.com\/fr_fr\/produit\/shadow-cactus-15ml-phi\/","url_meta":{"origin":3076,"position":0},"title":"SHADOW CACTUS 15ML PHI","author":"eveapprill","date":"9 mars 2025","format":false,"excerpt":"Shadow cactus (Caalluma russelliana) Lib\u00e8re les tensions du plexus solaire. Nous prenons conscience des processus int\u00e9rieurs et pouvons ainsi nous en lib\u00e9rer. Nous pouvons nous s\u00e9parer de nos \u00ab\u00a0ombres\u00a0\u00bb et apprendre \u00e0 accepter la \u00ab\u00a0mort\u00a0\u00bb pour vivre une vie plus consciente.","rel":"","context":"Article similaire","block_context":{"text":"Article similaire","link":""},"img":{"alt_text":"","src":"https:\/\/i0.wp.com\/artstella-elixirs-floraux.com\/wp-content\/uploads\/2025\/03\/wp-image355.png?resize=350%2C200&ssl=1","width":350,"height":200},"classes":[]},{"id":4544,"url":"https:\/\/artstella-elixirs-floraux.com\/fr_fr\/produit\/coffret-elixirs-de-planetes-phi-15-ml\/","url_meta":{"origin":3076,"position":1},"title":"COFFRET \u00e9lixirs de PLANETES PHI 15 ML","author":"eveapprill","date":"9 mars 2025","format":false,"excerpt":"Contient les 11 flacons des \u00e9lixirs de plan\u00e8tes Jupiter, Lune, Mars, Mercure, Neptune, Pluton, Saturne, Soleil, Uranus, Venus, Chiron.","rel":"","context":"Article similaire","block_context":{"text":"Article similaire","link":""},"img":{"alt_text":"","src":"https:\/\/i0.wp.com\/artstella-elixirs-floraux.com\/wp-content\/uploads\/2025\/03\/wp-image2486.png?resize=350%2C200&ssl=1","width":350,"height":200,"srcset":"https:\/\/i0.wp.com\/artstella-elixirs-floraux.com\/wp-content\/uploads\/2025\/03\/wp-image2486.png?resize=350%2C200&ssl=1 1x, https:\/\/i0.wp.com\/artstella-elixirs-floraux.com\/wp-content\/uploads\/2025\/03\/wp-image2486.png?resize=525%2C300&ssl=1 1.5x, https:\/\/i0.wp.com\/artstella-elixirs-floraux.com\/wp-content\/uploads\/2025\/03\/wp-image2486.png?resize=700%2C400&ssl=1 2x"},"classes":[]},{"id":5460,"url":"https:\/\/artstella-elixirs-floraux.com\/fr_fr\/produit\/menthe-poivree-pepermint-10ml\/","url_meta":{"origin":3076,"position":2},"title":"Menthe poivr\u00e9e &#8211; Pepermint 10ML","author":"eveapprill","date":"9 mars 2025","format":false,"excerpt":"Menthe poivr\u00e9e \/ Mentha piperita (Peppermint) Pour \u00eatre \u00e9veill\u00e9 et alerte Accompagne les moments difficiles et les d\u00e9fis. L\u2019\u00e9lixir de menthe poivr\u00e9e aide \u00e0 dig\u00e9rer tout ce qui est difficile dans notre vie actuelle mais aussi par rapport \u00e0 ce qui nous entoure.","rel":"","context":"Article similaire","block_context":{"text":"Article similaire","link":""},"img":{"alt_text":"","src":"","width":0,"height":0},"classes":[]},{"id":6233,"url":"https:\/\/artstella-elixirs-floraux.com\/fr_fr\/produit\/liberte-animale-animal-freedom-10-m\/","url_meta":{"origin":3076,"position":3},"title":"LIBERTE ANIMALE  &#8211; Animal freedom","author":"eveapprill","date":"9 mars 2025","format":false,"excerpt":"Ce compos\u00e9 contribue \u00e0 lib\u00e9rer l\u2019\u00e2me de l\u2019animal et \u00e0 le d\u00e9livrer des probl\u00e8mes et souffrances de son ma\u00eetre dont il s\u2019est charg\u00e9. Il soulage \u00e9galement des probl\u00e8mes et souffrances dont l\u2019animal peut \u00eatre victime des \u00eatres humains sur un niveau conscient ou inconscient","rel":"","context":"Article similaire","block_context":{"text":"Article similaire","link":""},"img":{"alt_text":"","src":"","width":0,"height":0},"classes":[]},{"id":6066,"url":"https:\/\/artstella-elixirs-floraux.com\/fr_fr\/produit\/elixir-ocean-n19-phi-15ml\/","url_meta":{"origin":3076,"position":4},"title":"ELIXIR OCEAN N\u00b019 PHI 15ML","author":"eveapprill","date":"9 mars 2025","format":false,"excerpt":"L\u2019\u00e9lixir stimule \u00e9nerg\u00e9tiquement le m\u00e9tabolisme et les processus internes. Sur le plan \u00e9motionnel, l\u2019\u00e9lixir apporte une lib\u00e9ration int\u00e9rieure, il aide \u00e0 l\u00e2cher consciemment l\u2019ancien et des \u00e9motions de fa\u00e7on \u00e0 laisser la place \u00e0 de nouvelles id\u00e9es et suggestions.","rel":"","context":"Article similaire","block_context":{"text":"Article similaire","link":""},"img":{"alt_text":"","src":"https:\/\/i0.wp.com\/artstella-elixirs-floraux.com\/wp-content\/uploads\/2025\/03\/wp-image2057.png?resize=350%2C200&ssl=1","width":350,"height":200},"classes":[]},{"id":6068,"url":"https:\/\/artstella-elixirs-floraux.com\/fr_fr\/produit\/elixir-ocean-n20-phi-15ml\/","url_meta":{"origin":3076,"position":5},"title":"ELIXIR OCEAN N\u00b020 PHI 15ML","author":"eveapprill","date":"9 mars 2025","format":false,"excerpt":"L\u2019\u00e9lixir relie avec les profondeurs de l\u2019inconscient, permettant la lib\u00e9ration d\u2019anciens blocages et sch\u00e9mas. Son action lib\u00e8re int\u00e9rieurement, nous rendant plus conscients des blocages encore pr\u00e9sents, en apportant de la clart\u00e9.","rel":"","context":"Article similaire","block_context":{"text":"Article similaire","link":""},"img":{"alt_text":"","src":"https:\/\/i0.wp.com\/artstella-elixirs-floraux.com\/wp-content\/uploads\/2025\/03\/wp-image2058.png?resize=350%2C200&ssl=1","width":350,"height":200},"classes":[]}],"_links":{"self":[{"href":"https:\/\/artstella-elixirs-floraux.com\/fr_fr\/wp-json\/wp\/v2\/product\/3076","targetHints":{"allow":["GET"]}}],"collection":[{"href":"https:\/\/artstella-elixirs-floraux.com\/fr_fr\/wp-json\/wp\/v2\/product"}],"about":[{"href":"https:\/\/artstella-elixirs-floraux.com\/fr_fr\/wp-json\/wp\/v2\/types\/product"}],"version-history":[{"count":0,"href":"https:\/\/artstella-elixirs-floraux.com\/fr_fr\/wp-json\/wp\/v2\/product\/3076\/revisions"}],"wp:featuredmedia":[{"embeddable":true,"href":"https:\/\/artstella-elixirs-floraux.com\/fr_fr\/wp-json\/wp\/v2\/media\/3077"}],"wp:attachment":[{"href":"https:\/\/artstella-elixirs-floraux.com\/fr_fr\/wp-json\/wp\/v2\/media?parent=3076"}],"wp:term":[{"taxonomy":"product_brand","embeddable":true,"href":"https:\/\/artstella-elixirs-floraux.com\/fr_fr\/wp-json\/wp\/v2\/product_brand?post=3076"},{"taxonomy":"product_cat","embeddable":true,"href":"https:\/\/artstella-elixirs-floraux.com\/fr_fr\/wp-json\/wp\/v2\/product_cat?post=3076"},{"taxonomy":"product_tag","embeddable":true,"href":"https:\/\/artstella-elixirs-floraux.com\/fr_fr\/wp-json\/wp\/v2\/product_tag?post=3076"}],"curies":[{"name":"wp","href":"https:\/\/api.w.org\/{rel}","templated":true}]}}