{"id":3078,"date":"2025-03-09T13:05:58","date_gmt":"2025-03-09T13:05:58","guid":{"rendered":"https:\/\/artstella-elixirs-floraux.com\/product\/soleil-planete-phi-15-ml\/"},"modified":"2025-06-08T12:52:15","modified_gmt":"2025-06-08T12:52:15","slug":"soleil-planete-phi-15-ml","status":"publish","type":"product","link":"https:\/\/artstella-elixirs-floraux.com\/fr_fr\/produit\/soleil-planete-phi-15-ml\/","title":{"rendered":"SOLEIL PLANETE PHI 15 ML"},"content":{"rendered":"","protected":false},"excerpt":{"rendered":"<p><strong><em><span style=\"color: #008000\">Soleil<\/span><br \/> <\/em><\/strong>Il correspond au principe masculin et paternel. Il favorise et renforce la lumi\u00e8re et la lucidit\u00e9 spirituelle, nous relie \u00e0 la source cosmique.<strong><em><\/em><\/strong><\/p>\n","protected":false},"featured_media":3079,"template":"","meta":[],"product_brand":[],"product_cat":[128],"product_tag":[],"class_list":{"0":"post-3078","1":"product","2":"type-product","3":"status-publish","4":"has-post-thumbnail","6":"product_cat-les-elixirs-de-planetes","8":"first","9":"instock","10":"taxable","11":"shipping-taxable","12":"purchasable","13":"product-type-simple"},"etheme_brands":{"errors":{"invalid_taxonomy":["Taxonomie non valide."]},"error_data":[]},"jetpack_sharing_enabled":true,"jetpack-related-posts":[{"id":5142,"url":"https:\/\/artstella-elixirs-floraux.com\/fr_fr\/produit\/puerta-del-sol-porte-du-soleil\/","url_meta":{"origin":3078,"position":0},"title":"PUERTA DEL SOL \/ PORTE DU SOLEIL","author":"eveapprill","date":"9 mars 2025","format":false,"excerpt":"PUERTA DEL SOL \/ PORTE DU SOLEIL\u00a0 15 ML Un \u00e9lixir pour accompagner le processus de l\u2019initiation spirituelle et de l\u2019\u00e9veil des \u00e9nergies Kundalini. Permet de retrouver nos facult\u00e9s suprasensibles. Il nous permet d\u2019arriver ou d\u2019envisager notre sommet, un couronnement int\u00e9rieur, envers nous-m\u00eames et la nature.","rel":"","context":"Article similaire","block_context":{"text":"Article similaire","link":""},"img":{"alt_text":"","src":"","width":0,"height":0},"classes":[]},{"id":12366,"url":"https:\/\/artstella-elixirs-floraux.com\/fr_fr\/produit\/pierre-de-soleil-piedra-sol-15ml-sylfos\/","url_meta":{"origin":3078,"position":1},"title":"PIERRE DE SOLEIL &#8211; PIEDRA SOL 15ml Sylfos","author":"eveapprill","date":"16 mars 2026","format":false,"excerpt":"Elle nous apporte la joie de vivre, nous rend de bonne humeur, aide \u00e0 combattre les \u00e9tats d\u00e9pressifs et \u00e0 faire dispara\u00eetre le sentiment d'\u00eatre d\u00e9favoris\u00e9. Elle renforce notre estime de soi et notre confiance en nous. Elle favorise l'optimisme et le besoin d'agir. Elle stimule les forces d'auto-gu\u00e9rison et\u2026","rel":"","context":"Article similaire","block_context":{"text":"Article similaire","link":""},"img":{"alt_text":"","src":"https:\/\/i0.wp.com\/artstella-elixirs-floraux.com\/wp-content\/uploads\/2026\/03\/PiedraSol_1.png?resize=350%2C200&ssl=1","width":350,"height":200},"classes":[]},{"id":2410,"url":"https:\/\/artstella-elixirs-floraux.com\/fr_fr\/produit\/solstice-sun\/","url_meta":{"origin":3078,"position":2},"title":"SOLSTICE SUN","author":"eveapprill","date":"9 mars 2025","format":false,"excerpt":"SOLSTICE SUN. SOLEIL DU SOLSTICE Cet \u00e9lixir a \u00e9t\u00e9 r\u00e9alis\u00e9 dans la nuit du 21 au 22 juin, alors que le soleil de minuit dansait avec les Pics de Brooks Range dans la r\u00e9gion int\u00e9rieure du centre de l'Alaska. Solstice Sun catalyse les capacit\u00e9s pour d'acc\u00e9der et faire circuler un\u2026","rel":"","context":"Article similaire","block_context":{"text":"Article similaire","link":""},"img":{"alt_text":"","src":"https:\/\/i0.wp.com\/artstella-elixirs-floraux.com\/wp-content\/uploads\/2025\/03\/f6ae4c68-611f-4b0c-8c27-b0577fb451c7.jpg?resize=350%2C200&ssl=1","width":350,"height":200,"srcset":"https:\/\/i0.wp.com\/artstella-elixirs-floraux.com\/wp-content\/uploads\/2025\/03\/f6ae4c68-611f-4b0c-8c27-b0577fb451c7.jpg?resize=350%2C200&ssl=1 1x, https:\/\/i0.wp.com\/artstella-elixirs-floraux.com\/wp-content\/uploads\/2025\/03\/f6ae4c68-611f-4b0c-8c27-b0577fb451c7.jpg?resize=525%2C300&ssl=1 1.5x, https:\/\/i0.wp.com\/artstella-elixirs-floraux.com\/wp-content\/uploads\/2025\/03\/f6ae4c68-611f-4b0c-8c27-b0577fb451c7.jpg?resize=700%2C400&ssl=1 2x"},"classes":[]},{"id":4437,"url":"https:\/\/artstella-elixirs-floraux.com\/fr_fr\/produit\/mulla-mulla-15-ml-bush\/","url_meta":{"origin":3078,"position":3},"title":"MULLA MULLA 15 ML BUSH","author":"eveapprill","date":"9 mars 2025","format":false,"excerpt":"Mulla Mulla D\u00e9tresse associ\u00e9e au feu, \u00e0 la chaleur et au soleil. R\u00e9duction des effets n\u00e9faste de ces traumatismes.","rel":"","context":"Article similaire","block_context":{"text":"Article similaire","link":""},"img":{"alt_text":"","src":"https:\/\/i0.wp.com\/artstella-elixirs-floraux.com\/wp-content\/uploads\/2025\/03\/wp-image1047.png?resize=350%2C200&ssl=1","width":350,"height":200},"classes":[]},{"id":2743,"url":"https:\/\/artstella-elixirs-floraux.com\/fr_fr\/produit\/solaris-bush-30ml\/","url_meta":{"origin":3078,"position":4},"title":"SOLARIS BUSH 30ml","author":"eveapprill","date":"9 mars 2025","format":false,"excerpt":"Solaris Contribue largement \u00e0 att\u00e9nuer la peur et le d\u00e9sarroi provoqu\u00e9s par l'incendie, le feu, la chaleur et le soleil en combattant les effets des ultra- violets et des radiations. Compos\u00e9 de Mulla Mulla, She oak et Spinifex.","rel":"","context":"Article similaire","block_context":{"text":"Article similaire","link":""},"img":{"alt_text":"","src":"https:\/\/i0.wp.com\/artstella-elixirs-floraux.com\/wp-content\/uploads\/2025\/03\/67fe5512-b4ff-4518-9255-d7d644ec8b3b.jpg?resize=350%2C200&ssl=1","width":350,"height":200,"srcset":"https:\/\/i0.wp.com\/artstella-elixirs-floraux.com\/wp-content\/uploads\/2025\/03\/67fe5512-b4ff-4518-9255-d7d644ec8b3b.jpg?resize=350%2C200&ssl=1 1x, https:\/\/i0.wp.com\/artstella-elixirs-floraux.com\/wp-content\/uploads\/2025\/03\/67fe5512-b4ff-4518-9255-d7d644ec8b3b.jpg?resize=525%2C300&ssl=1 1.5x, https:\/\/i0.wp.com\/artstella-elixirs-floraux.com\/wp-content\/uploads\/2025\/03\/67fe5512-b4ff-4518-9255-d7d644ec8b3b.jpg?resize=700%2C400&ssl=1 2x"},"classes":[]},{"id":4544,"url":"https:\/\/artstella-elixirs-floraux.com\/fr_fr\/produit\/coffret-elixirs-de-planetes-phi-15-ml\/","url_meta":{"origin":3078,"position":5},"title":"COFFRET \u00e9lixirs de PLANETES PHI 15 ML","author":"eveapprill","date":"9 mars 2025","format":false,"excerpt":"Contient les 11 flacons des \u00e9lixirs de plan\u00e8tes Jupiter, Lune, Mars, Mercure, Neptune, Pluton, Saturne, Soleil, Uranus, Venus, Chiron.","rel":"","context":"Article similaire","block_context":{"text":"Article similaire","link":""},"img":{"alt_text":"","src":"https:\/\/i0.wp.com\/artstella-elixirs-floraux.com\/wp-content\/uploads\/2025\/03\/wp-image2486.png?resize=350%2C200&ssl=1","width":350,"height":200,"srcset":"https:\/\/i0.wp.com\/artstella-elixirs-floraux.com\/wp-content\/uploads\/2025\/03\/wp-image2486.png?resize=350%2C200&ssl=1 1x, https:\/\/i0.wp.com\/artstella-elixirs-floraux.com\/wp-content\/uploads\/2025\/03\/wp-image2486.png?resize=525%2C300&ssl=1 1.5x, https:\/\/i0.wp.com\/artstella-elixirs-floraux.com\/wp-content\/uploads\/2025\/03\/wp-image2486.png?resize=700%2C400&ssl=1 2x"},"classes":[]}],"_links":{"self":[{"href":"https:\/\/artstella-elixirs-floraux.com\/fr_fr\/wp-json\/wp\/v2\/product\/3078","targetHints":{"allow":["GET"]}}],"collection":[{"href":"https:\/\/artstella-elixirs-floraux.com\/fr_fr\/wp-json\/wp\/v2\/product"}],"about":[{"href":"https:\/\/artstella-elixirs-floraux.com\/fr_fr\/wp-json\/wp\/v2\/types\/product"}],"version-history":[{"count":0,"href":"https:\/\/artstella-elixirs-floraux.com\/fr_fr\/wp-json\/wp\/v2\/product\/3078\/revisions"}],"wp:featuredmedia":[{"embeddable":true,"href":"https:\/\/artstella-elixirs-floraux.com\/fr_fr\/wp-json\/wp\/v2\/media\/3079"}],"wp:attachment":[{"href":"https:\/\/artstella-elixirs-floraux.com\/fr_fr\/wp-json\/wp\/v2\/media?parent=3078"}],"wp:term":[{"taxonomy":"product_brand","embeddable":true,"href":"https:\/\/artstella-elixirs-floraux.com\/fr_fr\/wp-json\/wp\/v2\/product_brand?post=3078"},{"taxonomy":"product_cat","embeddable":true,"href":"https:\/\/artstella-elixirs-floraux.com\/fr_fr\/wp-json\/wp\/v2\/product_cat?post=3078"},{"taxonomy":"product_tag","embeddable":true,"href":"https:\/\/artstella-elixirs-floraux.com\/fr_fr\/wp-json\/wp\/v2\/product_tag?post=3078"}],"curies":[{"name":"wp","href":"https:\/\/api.w.org\/{rel}","templated":true}]}}