{"id":3080,"date":"2025-03-09T13:05:59","date_gmt":"2025-03-09T13:05:59","guid":{"rendered":"https:\/\/artstella-elixirs-floraux.com\/product\/uranus-planete-15-ml-phi\/"},"modified":"2025-06-08T12:52:14","modified_gmt":"2025-06-08T12:52:14","slug":"uranus-planete-15-ml-phi","status":"publish","type":"product","link":"https:\/\/artstella-elixirs-floraux.com\/fr_fr\/produit\/uranus-planete-15-ml-phi\/","title":{"rendered":"URANUS PLANETE 15 ML PHI"},"content":{"rendered":"","protected":false},"excerpt":{"rendered":"<p><strong><em><span style=\"color: #008000\">Uranus<\/span><br \/><\/em><\/strong>Cet \u00e9lixir nous relie au principe d&rsquo;origine et nous aide \u00e0 reconna\u00eetre le lien entre tous les \u00eatres humains. Il ne convient ni aux animaux ni aux plantes.<strong><em><\/em><\/strong><\/p>\n","protected":false},"featured_media":3081,"template":"","meta":[],"product_brand":[],"product_cat":[128],"product_tag":[],"class_list":{"0":"post-3080","1":"product","2":"type-product","3":"status-publish","4":"has-post-thumbnail","6":"product_cat-les-elixirs-de-planetes","8":"first","9":"instock","10":"taxable","11":"shipping-taxable","12":"purchasable","13":"product-type-simple"},"etheme_brands":{"errors":{"invalid_taxonomy":["Taxonomie non valide."]},"error_data":[]},"jetpack_sharing_enabled":true,"jetpack-related-posts":[{"id":5974,"url":"https:\/\/artstella-elixirs-floraux.com\/fr_fr\/produit\/living-star-ligth-bloesem-10ml\/","url_meta":{"origin":3080,"position":0},"title":"LIVING STAR LIGTH BLOESEM 10ML","author":"eveapprill","date":"9 mars 2025","format":false,"excerpt":"LIVING STAR LIGHT Cet \u00e9lixir n\u2019est ni un compos\u00e9 ni une essence florale, mais une essence cosmique. Elle nous met en contact avec notre \u00eatre naturel terrien et avec les \u00e9toiles. Elle a \u00e9t\u00e9 pr\u00e9par\u00e9e \u00e0 partir d\u2019une \u00e9toile \u00e0 cinq branches, avec trois sur le plan horizontal, une autre\u2026","rel":"","context":"Article similaire","block_context":{"text":"Article similaire","link":""},"img":{"alt_text":"","src":"","width":0,"height":0},"classes":[]},{"id":3752,"url":"https:\/\/artstella-elixirs-floraux.com\/fr_fr\/produit\/power-orchid-cuba-15ml-phi\/","url_meta":{"origin":3080,"position":1},"title":"POWER ORCHID (CUBA) 15ML PHI","author":"eveapprill","date":"9 mars 2025","format":false,"excerpt":"POWER ORCHID Cirrhopetalum ornatissimum\u00a0\u00ab\u00a0Orchid\u00e9e de pouvoir\u00a0\u00bb\u00a0Cette orchid\u00e9e est originaire d\u2019Asie. L\u2019\u00e9lixir\u00a0: quand dans notre vie, nous sommes arriv\u00e9s \u00e0 un point o\u00f9 nous d\u00e9sirons nous d\u00e9velopper int\u00e9rieurement.","rel":"","context":"Article similaire","block_context":{"text":"Article similaire","link":""},"img":{"alt_text":"","src":"","width":0,"height":0},"classes":[]},{"id":5680,"url":"https:\/\/artstella-elixirs-floraux.com\/fr_fr\/produit\/epicea-10-ml-deva\/","url_meta":{"origin":3080,"position":2},"title":"Epic\u00e9a 10 ml DEVA","author":"eveapprill","date":"9 mars 2025","format":false,"excerpt":"L'\u00e9lixir floral d'Epic\u00e9a d\u00e9veloppe la sensibilit\u00e9 et la compassion. Il Apporte cordialit\u00e9, droiture et perfection sans duret\u00e9 ni rigidit\u00e9. Il est conseill\u00e9 \u00e0 ceux qui sont rigoureux, froid, aust\u00e8res, \u00e0 la recherche d'un id\u00e9al de perfection mais qui n'acceptent pas les compromis et qui refusent de se remettre en cause.","rel":"","context":"Article similaire","block_context":{"text":"Article similaire","link":""},"img":{"alt_text":"","src":"https:\/\/i0.wp.com\/artstella-elixirs-floraux.com\/wp-content\/uploads\/2025\/03\/wp-image2397.png?resize=350%2C200&ssl=1","width":350,"height":200},"classes":[]},{"id":5938,"url":"https:\/\/artstella-elixirs-floraux.com\/fr_fr\/produit\/mimulus-15-ml-bach-deva\/","url_meta":{"origin":3080,"position":3},"title":"Mimulus 15 ml Bach DEVA","author":"eveapprill","date":"9 mars 2025","format":false,"excerpt":"Mimulus jaune - Mimulus Mimulus guttatus Courage Pour faire face aux \u00e9v\u00e9nements et aux challenges de la vie quotidienne, sans inqui\u00e9tude ni appr\u00e9hension. Pour surmonter toutes les peurs connues de la vie quotidienne\u00a0 : peur des animaux, de la maladie, du noir, des autres personnes.","rel":"","context":"Article similaire","block_context":{"text":"Article similaire","link":""},"img":{"alt_text":"elixirs deva les \u00e9motions","src":"https:\/\/i0.wp.com\/artstella-elixirs-floraux.com\/wp-content\/uploads\/2025\/03\/wp-image2425-e1748372128900.png?resize=350%2C200&ssl=1","width":350,"height":200},"classes":[]},{"id":12323,"url":"https:\/\/artstella-elixirs-floraux.com\/fr_fr\/produit\/aigue-marine-agua-marina-15ml\/","url_meta":{"origin":3080,"position":4},"title":"AIGUE MARINE &#8211; AGUA MARINA 15ML","author":"eveapprill","date":"16 mars 2026","format":false,"excerpt":"L'aigue-marine apporte calme et clart\u00e9 \u00e0 la communication \u00e9motionnelle, aidant \u00e0 exprimer ce que l'on ressent sans anxi\u00e9t\u00e9 ni blocage. Elle met de l'ordre dans les pens\u00e9es et les \u00e9motions, facilitant une expression authentique et coh\u00e9rente. Elle est particuli\u00e8rement utile en cas de peur de parler ou de difficult\u00e9 \u00e0\u2026","rel":"","context":"Article similaire","block_context":{"text":"Article similaire","link":""},"img":{"alt_text":"","src":"https:\/\/i0.wp.com\/artstella-elixirs-floraux.com\/wp-content\/uploads\/2026\/03\/AguaMarina_1.png?resize=350%2C200&ssl=1","width":350,"height":200},"classes":[]},{"id":4150,"url":"https:\/\/artstella-elixirs-floraux.com\/fr_fr\/produit\/verde-pequena-sylfos-15ml-pap\/","url_meta":{"origin":3080,"position":5},"title":"VERDE PEQUENA SYLFOS 15ML PAP","author":"eveapprill","date":"9 mars 2025","format":false,"excerpt":"VERDE PEQUE\u00d1A Callophrys rubi Abondance - prosp\u00e9rit\u00e9 Afin d\u2019atteindre les situations de prosp\u00e9rit\u00e9 et d\u2019abondance. Cet \u00e9lixir permet que cette \u00e9nergie nous arrive au lieu de ressentir que nous devons la poursuivre lorsque nous pensons qu\u2019elle essaye de nous \u00e9chapper...","rel":"","context":"Article similaire","block_context":{"text":"Article similaire","link":""},"img":{"alt_text":"","src":"https:\/\/i0.wp.com\/artstella-elixirs-floraux.com\/wp-content\/uploads\/2025\/03\/verde-pequena-.jpg?resize=350%2C200&ssl=1","width":350,"height":200},"classes":[]}],"_links":{"self":[{"href":"https:\/\/artstella-elixirs-floraux.com\/fr_fr\/wp-json\/wp\/v2\/product\/3080","targetHints":{"allow":["GET"]}}],"collection":[{"href":"https:\/\/artstella-elixirs-floraux.com\/fr_fr\/wp-json\/wp\/v2\/product"}],"about":[{"href":"https:\/\/artstella-elixirs-floraux.com\/fr_fr\/wp-json\/wp\/v2\/types\/product"}],"version-history":[{"count":0,"href":"https:\/\/artstella-elixirs-floraux.com\/fr_fr\/wp-json\/wp\/v2\/product\/3080\/revisions"}],"wp:featuredmedia":[{"embeddable":true,"href":"https:\/\/artstella-elixirs-floraux.com\/fr_fr\/wp-json\/wp\/v2\/media\/3081"}],"wp:attachment":[{"href":"https:\/\/artstella-elixirs-floraux.com\/fr_fr\/wp-json\/wp\/v2\/media?parent=3080"}],"wp:term":[{"taxonomy":"product_brand","embeddable":true,"href":"https:\/\/artstella-elixirs-floraux.com\/fr_fr\/wp-json\/wp\/v2\/product_brand?post=3080"},{"taxonomy":"product_cat","embeddable":true,"href":"https:\/\/artstella-elixirs-floraux.com\/fr_fr\/wp-json\/wp\/v2\/product_cat?post=3080"},{"taxonomy":"product_tag","embeddable":true,"href":"https:\/\/artstella-elixirs-floraux.com\/fr_fr\/wp-json\/wp\/v2\/product_tag?post=3080"}],"curies":[{"name":"wp","href":"https:\/\/api.w.org\/{rel}","templated":true}]}}