{"id":3088,"date":"2025-03-09T13:06:05","date_gmt":"2025-03-09T13:06:05","guid":{"rendered":"https:\/\/artstella-elixirs-floraux.com\/product\/pyramide-cheops-15-ml-phi\/"},"modified":"2025-04-25T13:22:38","modified_gmt":"2025-04-25T13:22:38","slug":"pyramide-cheops-15-ml-phi","status":"publish","type":"product","link":"https:\/\/artstella-elixirs-floraux.com\/fr_fr\/produit\/pyramide-cheops-15-ml-phi\/","title":{"rendered":"PYRAMIDE CHEOPS 15 ML PHI"},"content":{"rendered":"<p><span>Elle est la plus grande et probablement aussi la plus \u00e9tudi\u00e9e des pyramides dans le monde. Elle fait partie des sept merveilles du monde. Aucune autre construction au monde ne peut se mesurer \u00e0 elle. Les mesures du b\u00e2timent sont d\u2019une perfection math\u00e9matique. Sa hauteur correspond au milliardi\u00e8me de la distance moyenne entre la terre et le soleil.<\/span><\/p>\n","protected":false},"excerpt":{"rendered":"<p><strong>PYRAMIDE CHEOPS 15 ML PHI<\/strong><\/p>\n<p><em>Favorise l\u2018enracinement. Puissant \u00e9lixir de protection<\/em><em><\/em><\/p>\n","protected":false},"featured_media":3089,"template":"","meta":[],"product_brand":[],"product_cat":[86],"product_tag":[],"class_list":{"0":"post-3088","1":"product","2":"type-product","3":"status-publish","4":"has-post-thumbnail","6":"product_cat-les-elixirs-environnementaux","8":"first","9":"instock","10":"taxable","11":"shipping-taxable","12":"purchasable","13":"product-type-simple"},"etheme_brands":{"errors":{"invalid_taxonomy":["Taxonomie non valide."]},"error_data":[]},"jetpack_sharing_enabled":true,"jetpack-related-posts":[{"id":6167,"url":"https:\/\/artstella-elixirs-floraux.com\/fr_fr\/produit\/coffret-11-elixirs-phi-pyramides-15-ml\/","url_meta":{"origin":3088,"position":0},"title":"COFFRET 11 ELIXIRS PHI PYRAMIDES 15 ML","author":"eveapprill","date":"9 mars 2025","format":false,"excerpt":"Ce coffret contient les 11 \u00e9lixirs de pyramides PHI en 15ml","rel":"","context":"Article similaire","block_context":{"text":"Article similaire","link":""},"img":{"alt_text":"","src":"","width":0,"height":0},"classes":[]},{"id":5588,"url":"https:\/\/artstella-elixirs-floraux.com\/fr_fr\/produit\/pyramide-kephren-phi-15-ml\/","url_meta":{"origin":3088,"position":1},"title":"PYRAMIDE Kephren PHI 15 ML","author":"eveapprill","date":"9 mars 2025","format":false,"excerpt":"Pyramide de Kh\u00e9phren En partant du chakra du c\u0153ur, cette \u00e9nergie monte et communique avec le corps mental et les chakras sup\u00e9rieurs. L\u2019\u00e9lixir active \u00e9nergiquement le cerveau. Pour \u00e9quilibrer \u00e9nergiquement\u00a0 notre \u00e9volution.","rel":"","context":"Article similaire","block_context":{"text":"Article similaire","link":""},"img":{"alt_text":"","src":"https:\/\/i0.wp.com\/artstella-elixirs-floraux.com\/wp-content\/uploads\/2025\/03\/wp-image2169.png?resize=350%2C200&ssl=1","width":350,"height":200,"srcset":"https:\/\/i0.wp.com\/artstella-elixirs-floraux.com\/wp-content\/uploads\/2025\/03\/wp-image2169.png?resize=350%2C200&ssl=1 1x, https:\/\/i0.wp.com\/artstella-elixirs-floraux.com\/wp-content\/uploads\/2025\/03\/wp-image2169.png?resize=525%2C300&ssl=1 1.5x, https:\/\/i0.wp.com\/artstella-elixirs-floraux.com\/wp-content\/uploads\/2025\/03\/wp-image2169.png?resize=700%2C400&ssl=1 2x"},"classes":[]},{"id":3095,"url":"https:\/\/artstella-elixirs-floraux.com\/fr_fr\/produit\/pyramide-mykerinos-phi-15-ml\/","url_meta":{"origin":3088,"position":2},"title":"PYRAMIDE MYKERINOS PHI 15 ML","author":"eveapprill","date":"9 mars 2025","format":false,"excerpt":"Pyramide de Myk\u00e9rinos Activation \u00e9nerg\u00e9tique du cerveau, des c\u00f4t\u00e9s et vers l'avant. Aide \u00e0 surmonter nos limitations. Pour apprendre \u00e0 se lib\u00e9rer int\u00e9rieurement, \u00e0 dissoudre les vieux blocages et sch\u00e9mas. Aide \u00e0 reconna\u00eetre son v\u00e9ritable potentiel et \u00e0 avancer. Il renforce le sentiment de s\u00e9curit\u00e9 int\u00e9rieure, et nous soutient donc\u2026","rel":"","context":"Article similaire","block_context":{"text":"Article similaire","link":""},"img":{"alt_text":"","src":"https:\/\/i0.wp.com\/artstella-elixirs-floraux.com\/wp-content\/uploads\/2025\/03\/wp-image2170.png?resize=350%2C200&ssl=1","width":350,"height":200},"classes":[]},{"id":3097,"url":"https:\/\/artstella-elixirs-floraux.com\/fr_fr\/produit\/pyramide-chichenitza-15ml-phi\/","url_meta":{"origin":3088,"position":3},"title":"PYRAMIDE CHICHENITZA 15ML PHI","author":"eveapprill","date":"9 mars 2025","format":false,"excerpt":"Soutient l\u2019ancrage et la protection","rel":"","context":"Article similaire","block_context":{"text":"Article similaire","link":""},"img":{"alt_text":"","src":"","width":0,"height":0},"classes":[]},{"id":3101,"url":"https:\/\/artstella-elixirs-floraux.com\/fr_fr\/produit\/pyramide-rouge-de-dahshur15-ml-phi\/","url_meta":{"origin":3088,"position":4},"title":"PYRAMIDE ROUGE DE DAHSHUR15 ML PHI","author":"eveapprill","date":"9 mars 2025","format":false,"excerpt":"Pyramide rouge de Dahshur C'est l\u2019\u00e9lixir de l'initiation \u00e0 un nouvel \u00e9tat de conscience. Cela fonctionne en activant \u00e9nergiquement le cerveau. Il favorise une nouvelle conscience et \u00e9l\u00e8ve les vibrations du corps nous aidant ainsi \u00e0 nous adapter \u00e0 de nouveaux plans \u00e9nerg\u00e9tiques.","rel":"","context":"Article similaire","block_context":{"text":"Article similaire","link":""},"img":{"alt_text":"","src":"https:\/\/i0.wp.com\/artstella-elixirs-floraux.com\/wp-content\/uploads\/2025\/03\/wp-image2172.png?resize=350%2C200&ssl=1","width":350,"height":200,"srcset":"https:\/\/i0.wp.com\/artstella-elixirs-floraux.com\/wp-content\/uploads\/2025\/03\/wp-image2172.png?resize=350%2C200&ssl=1 1x, https:\/\/i0.wp.com\/artstella-elixirs-floraux.com\/wp-content\/uploads\/2025\/03\/wp-image2172.png?resize=525%2C300&ssl=1 1.5x, https:\/\/i0.wp.com\/artstella-elixirs-floraux.com\/wp-content\/uploads\/2025\/03\/wp-image2172.png?resize=700%2C400&ssl=1 2x"},"classes":[]},{"id":6165,"url":"https:\/\/artstella-elixirs-floraux.com\/fr_fr\/produit\/pyramide-saqqarah-phi-15ml\/","url_meta":{"origin":3088,"position":5},"title":"PYRAMIDE SAQQARAH PHI 15ML","author":"eveapprill","date":"9 mars 2025","format":false,"excerpt":"Pyramide Saqqarah La plus ancienne pyramide, a \u00e9t\u00e9 utilis\u00e9e pour l'initiation. L\u2019\u00e9lixir renforce \u00e9nerg\u00e9tiquement et aide \u00e0 lib\u00e9rer des anciennes informations sur la douleur. Agit comme un tonique \u00e9nerg\u00e9tique, l\u2019estime de soi est augment\u00e9e","rel":"","context":"Article similaire","block_context":{"text":"Article similaire","link":""},"img":{"alt_text":"","src":"https:\/\/i0.wp.com\/artstella-elixirs-floraux.com\/wp-content\/uploads\/2025\/03\/wp-image2168.png?resize=350%2C200&ssl=1","width":350,"height":200,"srcset":"https:\/\/i0.wp.com\/artstella-elixirs-floraux.com\/wp-content\/uploads\/2025\/03\/wp-image2168.png?resize=350%2C200&ssl=1 1x, https:\/\/i0.wp.com\/artstella-elixirs-floraux.com\/wp-content\/uploads\/2025\/03\/wp-image2168.png?resize=525%2C300&ssl=1 1.5x, https:\/\/i0.wp.com\/artstella-elixirs-floraux.com\/wp-content\/uploads\/2025\/03\/wp-image2168.png?resize=700%2C400&ssl=1 2x"},"classes":[]}],"_links":{"self":[{"href":"https:\/\/artstella-elixirs-floraux.com\/fr_fr\/wp-json\/wp\/v2\/product\/3088","targetHints":{"allow":["GET"]}}],"collection":[{"href":"https:\/\/artstella-elixirs-floraux.com\/fr_fr\/wp-json\/wp\/v2\/product"}],"about":[{"href":"https:\/\/artstella-elixirs-floraux.com\/fr_fr\/wp-json\/wp\/v2\/types\/product"}],"version-history":[{"count":0,"href":"https:\/\/artstella-elixirs-floraux.com\/fr_fr\/wp-json\/wp\/v2\/product\/3088\/revisions"}],"wp:featuredmedia":[{"embeddable":true,"href":"https:\/\/artstella-elixirs-floraux.com\/fr_fr\/wp-json\/wp\/v2\/media\/3089"}],"wp:attachment":[{"href":"https:\/\/artstella-elixirs-floraux.com\/fr_fr\/wp-json\/wp\/v2\/media?parent=3088"}],"wp:term":[{"taxonomy":"product_brand","embeddable":true,"href":"https:\/\/artstella-elixirs-floraux.com\/fr_fr\/wp-json\/wp\/v2\/product_brand?post=3088"},{"taxonomy":"product_cat","embeddable":true,"href":"https:\/\/artstella-elixirs-floraux.com\/fr_fr\/wp-json\/wp\/v2\/product_cat?post=3088"},{"taxonomy":"product_tag","embeddable":true,"href":"https:\/\/artstella-elixirs-floraux.com\/fr_fr\/wp-json\/wp\/v2\/product_tag?post=3088"}],"curies":[{"name":"wp","href":"https:\/\/api.w.org\/{rel}","templated":true}]}}