{"id":3092,"date":"2025-03-09T13:06:08","date_gmt":"2025-03-09T13:06:08","guid":{"rendered":"https:\/\/artstella-elixirs-floraux.com\/product\/teide-phi-15-ml\/"},"modified":"2025-06-08T12:52:14","modified_gmt":"2025-06-08T12:52:14","slug":"teide-phi-15-ml","status":"publish","type":"product","link":"https:\/\/artstella-elixirs-floraux.com\/fr_fr\/produit\/teide-phi-15-ml\/","title":{"rendered":"TEIDE PHI 15 ML"},"content":{"rendered":"<p><span style=\"color: #008000;\"><strong>\u00c9lixir du volcan Te\u00efde<\/strong> <\/span><br \/>\nCet \u00e9lixir environnemental a \u00e9t\u00e9 r\u00e9alis\u00e9 sur le volcan du Te\u00efde ( 3 718 m) qui domine l\u2019\u00eele de T\u00e9n\u00e9riffe aux Canaries. Son action\u00a0: l\u2019\u00e9lixir permet \u00e0 la conscience de descendre au plan cellulaire, jusqu\u2019aux plus petites structures. Elle apporte la conscience micro et macroscopique. donne une \u00e9nergie de la terre, alli\u00e9e \u00e0 la force du feu, pouvant aller jusqu\u2019\u00e0 l\u2019 ADN. Il permet de r\u00e9soudre des blocages profonds.<\/p>\n<p>Il est toujours pr\u00e9f\u00e9rable de proc\u00e9der \u00e0 des tests avant utilisation.<\/p>\n","protected":false},"excerpt":{"rendered":"<p><strong><span style=\"color: #008000;\">\u00c9lixir du volcan Te\u00efde<\/span><\/strong><br \/>\nCet \u00e9lixir environnemental a \u00e9t\u00e9 r\u00e9alis\u00e9 sur le volcan du Te\u00efde ( 3 718 m) qui domine l\u2019\u00eele de T\u00e9n\u00e9riffe aux Canaries. Son action\u00a0: l\u2019\u00e9lixir permet \u00e0 la conscience de descendre au plan cellulaire, jusqu\u2019aux plus petites structures.<\/p>\n","protected":false},"featured_media":3093,"template":"","meta":[],"product_brand":[],"product_cat":[86],"product_tag":[],"class_list":{"0":"post-3092","1":"product","2":"type-product","3":"status-publish","4":"has-post-thumbnail","6":"product_cat-les-elixirs-environnementaux","8":"first","9":"instock","10":"taxable","11":"shipping-taxable","12":"purchasable","13":"product-type-simple"},"etheme_brands":{"errors":{"invalid_taxonomy":["Taxonomie non valide."]},"error_data":[]},"jetpack_sharing_enabled":true,"jetpack-related-posts":[{"id":5144,"url":"https:\/\/artstella-elixirs-floraux.com\/fr_fr\/produit\/volcan-llaima\/","url_meta":{"origin":3092,"position":0},"title":"VOLCAN LLAIMA","author":"eveapprill","date":"9 mars 2025","format":false,"excerpt":"Cet \u00e9lixir est un catalyseur de conscience de notre cheminement spirituel. La seule connaissance qui vaille vraiment est celle qui est au dedans. Il va permettre de prendre conscience et d'entrer en relation intime avec la vie qui est en toute chose. \u00a0","rel":"","context":"Article similaire","block_context":{"text":"Article similaire","link":""},"img":{"alt_text":"","src":"","width":0,"height":0},"classes":[]},{"id":2440,"url":"https:\/\/artstella-elixirs-floraux.com\/fr_fr\/produit\/volcan-redoubt\/","url_meta":{"origin":3092,"position":1},"title":"VOLCAN REDOUBT &#8211; Volcan Redoubt","author":"eveapprill","date":"9 mars 2025","format":false,"excerpt":"VOLCAN REDOUBT Cet \u00e9lixir a \u00e9t\u00e9 r\u00e9alis\u00e9 en Mars 2009 pendant l'\u00e9ruption du volcan Redoubt dans le centre de l'Alaska. Il calme et apaise les doutes, anxi\u00e9t\u00e9s et peurs qui apparaissent quand nous sommes confront\u00e9s aux changements in\u00e9vitables.","rel":"","context":"Article similaire","block_context":{"text":"Article similaire","link":""},"img":{"alt_text":"","src":"","width":0,"height":0},"classes":[]},{"id":2418,"url":"https:\/\/artstella-elixirs-floraux.com\/fr_fr\/produit\/augustine-volcano\/","url_meta":{"origin":3092,"position":2},"title":"AUGUSTINE VOLCANO &#8211; Volcan Augustine","author":"eveapprill","date":"9 mars 2025","format":false,"excerpt":"AUGUSTINE VOLCANO - Volcan Augustine L\u2019\u00e9lixir nous aide \u00e0 lib\u00e9rer de fa\u00e7on positive nos \u00e9nergies bloqu\u00e9es ainsi que nos \u00e9motions non exprim\u00e9es.\u00a0 Il peut nous aider \u00e0 prendre contact avec ce qui n\u2019est pas encore r\u00e9solu en nous afin de l\u2019exprimer. La principale le\u00e7on de cette essence est de consid\u00e9rer\u2026","rel":"","context":"Article similaire","block_context":{"text":"Article similaire","link":""},"img":{"alt_text":"","src":"https:\/\/i0.wp.com\/artstella-elixirs-floraux.com\/wp-content\/uploads\/2025\/03\/Augustine_Volcano_1024x1024.jpg?resize=350%2C200&ssl=1","width":350,"height":200},"classes":[]},{"id":6030,"url":"https:\/\/artstella-elixirs-floraux.com\/fr_fr\/produit\/elixir-ocean-n01-phi15ml\/","url_meta":{"origin":3092,"position":3},"title":"ELIXIR OCEAN N\u00b001 PHI15ML","author":"eveapprill","date":"9 mars 2025","format":false,"excerpt":"L\u2019action \u00e9nerg\u00e9tique de l\u2019\u00e9lixir va directement aux cellules. L\u2019information des cellules retrouve son \u00e9tat originel inchang\u00e9. Agit \u00e9nerg\u00e9tiquement sur l\u2019\u00e9change cellulaire et l\u2019oxyg\u00e9nation. L\u2019information de l\u2019ADN est \u00ab\u00a0nettoy\u00e9e\u00a0\u00bb \u00e9nerg\u00e9tiquement.","rel":"","context":"Article similaire","block_context":{"text":"Article similaire","link":""},"img":{"alt_text":"","src":"","width":0,"height":0},"classes":[]},{"id":6042,"url":"https:\/\/artstella-elixirs-floraux.com\/fr_fr\/produit\/elixir-ocean-n07-phi-15ml\/","url_meta":{"origin":3092,"position":4},"title":"ELIXIR OCEAN N\u00b007 PHI 15ML","author":"eveapprill","date":"9 mars 2025","format":false,"excerpt":"L\u2018\u00e9lixir soutient les processus d\u2019\u00e9volution. Apporte un soutien \u00e9nerg\u00e9tique au d\u00e9veloppement cellulaire, \u00e0 leur formation et transformation.\u00a0A l\u2019image de la chenille qui forme un cocon et du cocon sort un papillon, il nous aide \u00e0 murir et \u00e0 poursuivre notre d\u00e9veloppement. Pour atteindre nos buts dans la vie.","rel":"","context":"Article similaire","block_context":{"text":"Article similaire","link":""},"img":{"alt_text":"","src":"https:\/\/i0.wp.com\/artstella-elixirs-floraux.com\/wp-content\/uploads\/2025\/03\/wp-image2045.png?resize=350%2C200&ssl=1","width":350,"height":200},"classes":[]},{"id":6253,"url":"https:\/\/artstella-elixirs-floraux.com\/fr_fr\/produit\/elixir-ocean-n36-phi\/","url_meta":{"origin":3092,"position":5},"title":"ELIXIR OCEAN N\u00b036 PHI","author":"eveapprill","date":"9 mars 2025","format":false,"excerpt":"L\u2019\u00e9lixir montre une analogie avec le cerveau et la colonne vert\u00e9brale. Il a une action \u00e9nerg\u00e9tique\u00a0 sur la t\u00eate et le syst\u00e8me nerveux.\u00a0 Des blocages profonds de l\u2019inconscient peuvent appara\u00eetre \u00e0 la conscience et peuvent ainsi \u00eatre transform\u00e9s.","rel":"","context":"Article similaire","block_context":{"text":"Article similaire","link":""},"img":{"alt_text":"","src":"https:\/\/i0.wp.com\/artstella-elixirs-floraux.com\/wp-content\/uploads\/2025\/03\/wp-image2217.png?resize=350%2C200&ssl=1","width":350,"height":200},"classes":[]}],"_links":{"self":[{"href":"https:\/\/artstella-elixirs-floraux.com\/fr_fr\/wp-json\/wp\/v2\/product\/3092","targetHints":{"allow":["GET"]}}],"collection":[{"href":"https:\/\/artstella-elixirs-floraux.com\/fr_fr\/wp-json\/wp\/v2\/product"}],"about":[{"href":"https:\/\/artstella-elixirs-floraux.com\/fr_fr\/wp-json\/wp\/v2\/types\/product"}],"version-history":[{"count":0,"href":"https:\/\/artstella-elixirs-floraux.com\/fr_fr\/wp-json\/wp\/v2\/product\/3092\/revisions"}],"wp:featuredmedia":[{"embeddable":true,"href":"https:\/\/artstella-elixirs-floraux.com\/fr_fr\/wp-json\/wp\/v2\/media\/3093"}],"wp:attachment":[{"href":"https:\/\/artstella-elixirs-floraux.com\/fr_fr\/wp-json\/wp\/v2\/media?parent=3092"}],"wp:term":[{"taxonomy":"product_brand","embeddable":true,"href":"https:\/\/artstella-elixirs-floraux.com\/fr_fr\/wp-json\/wp\/v2\/product_brand?post=3092"},{"taxonomy":"product_cat","embeddable":true,"href":"https:\/\/artstella-elixirs-floraux.com\/fr_fr\/wp-json\/wp\/v2\/product_cat?post=3092"},{"taxonomy":"product_tag","embeddable":true,"href":"https:\/\/artstella-elixirs-floraux.com\/fr_fr\/wp-json\/wp\/v2\/product_tag?post=3092"}],"curies":[{"name":"wp","href":"https:\/\/api.w.org\/{rel}","templated":true}]}}