{"id":3097,"date":"2025-03-09T13:06:13","date_gmt":"2025-03-09T13:06:13","guid":{"rendered":"https:\/\/artstella-elixirs-floraux.com\/product\/pyramide-chichenitza-15ml-phi\/"},"modified":"2025-06-08T12:52:14","modified_gmt":"2025-06-08T12:52:14","slug":"pyramide-chichenitza-15ml-phi","status":"publish","type":"product","link":"https:\/\/artstella-elixirs-floraux.com\/fr_fr\/produit\/pyramide-chichenitza-15ml-phi\/","title":{"rendered":"PYRAMIDE CHICHENITZA 15ML PHI"},"content":{"rendered":"<p>Cette pyramide <span>mesure 24 m\u00e8tres de haut et repr\u00e9sente un calendrier. Le calendrier et les changements de saisons donnaient la mesure du temps pour cette civilisation agraire.<\/span><\/p>\n","protected":false},"excerpt":{"rendered":"<p><em>Soutient l\u2019ancrage et la protection<\/em><\/p>\n","protected":false},"featured_media":3098,"template":"","meta":[],"product_brand":[],"product_cat":[86],"product_tag":[],"class_list":{"0":"post-3097","1":"product","2":"type-product","3":"status-publish","4":"has-post-thumbnail","6":"product_cat-les-elixirs-environnementaux","8":"first","9":"instock","10":"taxable","11":"shipping-taxable","12":"purchasable","13":"product-type-simple"},"etheme_brands":{"errors":{"invalid_taxonomy":["Taxonomie non valide."]},"error_data":[]},"jetpack_sharing_enabled":true,"jetpack-related-posts":[{"id":3088,"url":"https:\/\/artstella-elixirs-floraux.com\/fr_fr\/produit\/pyramide-cheops-15-ml-phi\/","url_meta":{"origin":3097,"position":0},"title":"PYRAMIDE CHEOPS 15 ML PHI","author":"eveapprill","date":"9 mars 2025","format":false,"excerpt":"PYRAMIDE CHEOPS 15 ML PHI Favorise l\u2018enracinement. Puissant \u00e9lixir de protection","rel":"","context":"Article similaire","block_context":{"text":"Article similaire","link":""},"img":{"alt_text":"","src":"","width":0,"height":0},"classes":[]},{"id":4581,"url":"https:\/\/artstella-elixirs-floraux.com\/fr_fr\/produit\/coffret-pyramide-white-light\/","url_meta":{"origin":3097,"position":1},"title":"COFFRET PYRAMIDE WHITE LIGHT","author":"eveapprill","date":"9 mars 2025","format":false,"excerpt":"Le COFFRET PYRAMIDE WHITE LIGHT contient les 7 \u00e9lixirs White Light, Lumi\u00e8re Blanche, soit Water \/ Eau, Earth \/ Terre, Fire \/ feu, Air, Devic, Higher self \/ moi sup\u00e9rieur et Angelic \/ Ang\u00e9lique, un livret en anglais et 1 CD Le livret en fran\u00e7ais est offert dans la mesure\u2026","rel":"","context":"Article similaire","block_context":{"text":"Article similaire","link":""},"img":{"alt_text":"","src":"","width":0,"height":0},"classes":[]},{"id":6165,"url":"https:\/\/artstella-elixirs-floraux.com\/fr_fr\/produit\/pyramide-saqqarah-phi-15ml\/","url_meta":{"origin":3097,"position":2},"title":"PYRAMIDE SAQQARAH PHI 15ML","author":"eveapprill","date":"9 mars 2025","format":false,"excerpt":"Pyramide Saqqarah La plus ancienne pyramide, a \u00e9t\u00e9 utilis\u00e9e pour l'initiation. L\u2019\u00e9lixir renforce \u00e9nerg\u00e9tiquement et aide \u00e0 lib\u00e9rer des anciennes informations sur la douleur. Agit comme un tonique \u00e9nerg\u00e9tique, l\u2019estime de soi est augment\u00e9e","rel":"","context":"Article similaire","block_context":{"text":"Article similaire","link":""},"img":{"alt_text":"","src":"https:\/\/i0.wp.com\/artstella-elixirs-floraux.com\/wp-content\/uploads\/2025\/03\/wp-image2168.png?resize=350%2C200&ssl=1","width":350,"height":200,"srcset":"https:\/\/i0.wp.com\/artstella-elixirs-floraux.com\/wp-content\/uploads\/2025\/03\/wp-image2168.png?resize=350%2C200&ssl=1 1x, https:\/\/i0.wp.com\/artstella-elixirs-floraux.com\/wp-content\/uploads\/2025\/03\/wp-image2168.png?resize=525%2C300&ssl=1 1.5x, https:\/\/i0.wp.com\/artstella-elixirs-floraux.com\/wp-content\/uploads\/2025\/03\/wp-image2168.png?resize=700%2C400&ssl=1 2x"},"classes":[]},{"id":3090,"url":"https:\/\/artstella-elixirs-floraux.com\/fr_fr\/produit\/pyramide-guimar-15ml-phi\/","url_meta":{"origin":3097,"position":3},"title":"PYRAMIDE GUIMAR 15ML PHI","author":"eveapprill","date":"9 mars 2025","format":false,"excerpt":"Apporte un ancrage en douceur","rel":"","context":"Article similaire","block_context":{"text":"Article similaire","link":""},"img":{"alt_text":"","src":"","width":0,"height":0},"classes":[]},{"id":6167,"url":"https:\/\/artstella-elixirs-floraux.com\/fr_fr\/produit\/coffret-11-elixirs-phi-pyramides-15-ml\/","url_meta":{"origin":3097,"position":4},"title":"COFFRET 11 ELIXIRS PHI PYRAMIDES 15 ML","author":"eveapprill","date":"9 mars 2025","format":false,"excerpt":"Ce coffret contient les 11 \u00e9lixirs de pyramides PHI en 15ml","rel":"","context":"Article similaire","block_context":{"text":"Article similaire","link":""},"img":{"alt_text":"","src":"","width":0,"height":0},"classes":[]},{"id":5588,"url":"https:\/\/artstella-elixirs-floraux.com\/fr_fr\/produit\/pyramide-kephren-phi-15-ml\/","url_meta":{"origin":3097,"position":5},"title":"PYRAMIDE Kephren PHI 15 ML","author":"eveapprill","date":"9 mars 2025","format":false,"excerpt":"Pyramide de Kh\u00e9phren En partant du chakra du c\u0153ur, cette \u00e9nergie monte et communique avec le corps mental et les chakras sup\u00e9rieurs. L\u2019\u00e9lixir active \u00e9nergiquement le cerveau. Pour \u00e9quilibrer \u00e9nergiquement\u00a0 notre \u00e9volution.","rel":"","context":"Article similaire","block_context":{"text":"Article similaire","link":""},"img":{"alt_text":"","src":"https:\/\/i0.wp.com\/artstella-elixirs-floraux.com\/wp-content\/uploads\/2025\/03\/wp-image2169.png?resize=350%2C200&ssl=1","width":350,"height":200,"srcset":"https:\/\/i0.wp.com\/artstella-elixirs-floraux.com\/wp-content\/uploads\/2025\/03\/wp-image2169.png?resize=350%2C200&ssl=1 1x, https:\/\/i0.wp.com\/artstella-elixirs-floraux.com\/wp-content\/uploads\/2025\/03\/wp-image2169.png?resize=525%2C300&ssl=1 1.5x, https:\/\/i0.wp.com\/artstella-elixirs-floraux.com\/wp-content\/uploads\/2025\/03\/wp-image2169.png?resize=700%2C400&ssl=1 2x"},"classes":[]}],"_links":{"self":[{"href":"https:\/\/artstella-elixirs-floraux.com\/fr_fr\/wp-json\/wp\/v2\/product\/3097","targetHints":{"allow":["GET"]}}],"collection":[{"href":"https:\/\/artstella-elixirs-floraux.com\/fr_fr\/wp-json\/wp\/v2\/product"}],"about":[{"href":"https:\/\/artstella-elixirs-floraux.com\/fr_fr\/wp-json\/wp\/v2\/types\/product"}],"version-history":[{"count":0,"href":"https:\/\/artstella-elixirs-floraux.com\/fr_fr\/wp-json\/wp\/v2\/product\/3097\/revisions"}],"wp:featuredmedia":[{"embeddable":true,"href":"https:\/\/artstella-elixirs-floraux.com\/fr_fr\/wp-json\/wp\/v2\/media\/3098"}],"wp:attachment":[{"href":"https:\/\/artstella-elixirs-floraux.com\/fr_fr\/wp-json\/wp\/v2\/media?parent=3097"}],"wp:term":[{"taxonomy":"product_brand","embeddable":true,"href":"https:\/\/artstella-elixirs-floraux.com\/fr_fr\/wp-json\/wp\/v2\/product_brand?post=3097"},{"taxonomy":"product_cat","embeddable":true,"href":"https:\/\/artstella-elixirs-floraux.com\/fr_fr\/wp-json\/wp\/v2\/product_cat?post=3097"},{"taxonomy":"product_tag","embeddable":true,"href":"https:\/\/artstella-elixirs-floraux.com\/fr_fr\/wp-json\/wp\/v2\/product_tag?post=3097"}],"curies":[{"name":"wp","href":"https:\/\/api.w.org\/{rel}","templated":true}]}}