{"id":3099,"date":"2025-03-09T13:06:14","date_gmt":"2025-03-09T13:06:14","guid":{"rendered":"https:\/\/artstella-elixirs-floraux.com\/product\/pyramide-rhomboidale-dashur-15ml\/"},"modified":"2025-04-25T13:22:37","modified_gmt":"2025-04-25T13:22:37","slug":"pyramide-rhomboidale-dashur-15ml","status":"publish","type":"product","link":"https:\/\/artstella-elixirs-floraux.com\/fr_fr\/produit\/pyramide-rhomboidale-dashur-15ml\/","title":{"rendered":"PYRAMIDE RHOMBOIDALE DASHUR 15ML"},"content":{"rendered":"","protected":false},"excerpt":{"rendered":"<p><strong>Pyramide rhombo\u00efdale Dahshur<\/strong><\/p>\n<p>Un lieu d&rsquo;initiation favorisant l&rsquo;ouverture de conscience \u00e0 de nouveaux niveaux et \u00e0 d&rsquo;autres dimensions. L\u2019\u00e9lixir fonctionne en stimulant \u00e9nergiquement la conscience. Activation \u00e9nerg\u00e9tique du cerveau.<\/p>\n","protected":false},"featured_media":3100,"template":"","meta":[],"product_brand":[],"product_cat":[86],"product_tag":[],"class_list":{"0":"post-3099","1":"product","2":"type-product","3":"status-publish","4":"has-post-thumbnail","6":"product_cat-les-elixirs-environnementaux","8":"first","9":"instock","10":"taxable","11":"shipping-taxable","12":"purchasable","13":"product-type-simple"},"etheme_brands":{"errors":{"invalid_taxonomy":["Taxonomie non valide."]},"error_data":[]},"jetpack_sharing_enabled":true,"jetpack-related-posts":[{"id":3101,"url":"https:\/\/artstella-elixirs-floraux.com\/fr_fr\/produit\/pyramide-rouge-de-dahshur15-ml-phi\/","url_meta":{"origin":3099,"position":0},"title":"PYRAMIDE ROUGE DE DAHSHUR15 ML PHI","author":"eveapprill","date":"9 mars 2025","format":false,"excerpt":"Pyramide rouge de Dahshur C'est l\u2019\u00e9lixir de l'initiation \u00e0 un nouvel \u00e9tat de conscience. Cela fonctionne en activant \u00e9nergiquement le cerveau. Il favorise une nouvelle conscience et \u00e9l\u00e8ve les vibrations du corps nous aidant ainsi \u00e0 nous adapter \u00e0 de nouveaux plans \u00e9nerg\u00e9tiques.","rel":"","context":"Article similaire","block_context":{"text":"Article similaire","link":""},"img":{"alt_text":"","src":"https:\/\/i0.wp.com\/artstella-elixirs-floraux.com\/wp-content\/uploads\/2025\/03\/wp-image2172.png?resize=350%2C200&ssl=1","width":350,"height":200,"srcset":"https:\/\/i0.wp.com\/artstella-elixirs-floraux.com\/wp-content\/uploads\/2025\/03\/wp-image2172.png?resize=350%2C200&ssl=1 1x, https:\/\/i0.wp.com\/artstella-elixirs-floraux.com\/wp-content\/uploads\/2025\/03\/wp-image2172.png?resize=525%2C300&ssl=1 1.5x, https:\/\/i0.wp.com\/artstella-elixirs-floraux.com\/wp-content\/uploads\/2025\/03\/wp-image2172.png?resize=700%2C400&ssl=1 2x"},"classes":[]},{"id":6165,"url":"https:\/\/artstella-elixirs-floraux.com\/fr_fr\/produit\/pyramide-saqqarah-phi-15ml\/","url_meta":{"origin":3099,"position":1},"title":"PYRAMIDE SAQQARAH PHI 15ML","author":"eveapprill","date":"9 mars 2025","format":false,"excerpt":"Pyramide Saqqarah La plus ancienne pyramide, a \u00e9t\u00e9 utilis\u00e9e pour l'initiation. L\u2019\u00e9lixir renforce \u00e9nerg\u00e9tiquement et aide \u00e0 lib\u00e9rer des anciennes informations sur la douleur. Agit comme un tonique \u00e9nerg\u00e9tique, l\u2019estime de soi est augment\u00e9e","rel":"","context":"Article similaire","block_context":{"text":"Article similaire","link":""},"img":{"alt_text":"","src":"https:\/\/i0.wp.com\/artstella-elixirs-floraux.com\/wp-content\/uploads\/2025\/03\/wp-image2168.png?resize=350%2C200&ssl=1","width":350,"height":200,"srcset":"https:\/\/i0.wp.com\/artstella-elixirs-floraux.com\/wp-content\/uploads\/2025\/03\/wp-image2168.png?resize=350%2C200&ssl=1 1x, https:\/\/i0.wp.com\/artstella-elixirs-floraux.com\/wp-content\/uploads\/2025\/03\/wp-image2168.png?resize=525%2C300&ssl=1 1.5x, https:\/\/i0.wp.com\/artstella-elixirs-floraux.com\/wp-content\/uploads\/2025\/03\/wp-image2168.png?resize=700%2C400&ssl=1 2x"},"classes":[]},{"id":3090,"url":"https:\/\/artstella-elixirs-floraux.com\/fr_fr\/produit\/pyramide-guimar-15ml-phi\/","url_meta":{"origin":3099,"position":2},"title":"PYRAMIDE GUIMAR 15ML PHI","author":"eveapprill","date":"9 mars 2025","format":false,"excerpt":"Apporte un ancrage en douceur","rel":"","context":"Article similaire","block_context":{"text":"Article similaire","link":""},"img":{"alt_text":"","src":"","width":0,"height":0},"classes":[]},{"id":3095,"url":"https:\/\/artstella-elixirs-floraux.com\/fr_fr\/produit\/pyramide-mykerinos-phi-15-ml\/","url_meta":{"origin":3099,"position":3},"title":"PYRAMIDE MYKERINOS PHI 15 ML","author":"eveapprill","date":"9 mars 2025","format":false,"excerpt":"Pyramide de Myk\u00e9rinos Activation \u00e9nerg\u00e9tique du cerveau, des c\u00f4t\u00e9s et vers l'avant. Aide \u00e0 surmonter nos limitations. Pour apprendre \u00e0 se lib\u00e9rer int\u00e9rieurement, \u00e0 dissoudre les vieux blocages et sch\u00e9mas. Aide \u00e0 reconna\u00eetre son v\u00e9ritable potentiel et \u00e0 avancer. Il renforce le sentiment de s\u00e9curit\u00e9 int\u00e9rieure, et nous soutient donc\u2026","rel":"","context":"Article similaire","block_context":{"text":"Article similaire","link":""},"img":{"alt_text":"","src":"https:\/\/i0.wp.com\/artstella-elixirs-floraux.com\/wp-content\/uploads\/2025\/03\/wp-image2170.png?resize=350%2C200&ssl=1","width":350,"height":200},"classes":[]},{"id":3088,"url":"https:\/\/artstella-elixirs-floraux.com\/fr_fr\/produit\/pyramide-cheops-15-ml-phi\/","url_meta":{"origin":3099,"position":4},"title":"PYRAMIDE CHEOPS 15 ML PHI","author":"eveapprill","date":"9 mars 2025","format":false,"excerpt":"PYRAMIDE CHEOPS 15 ML PHI Favorise l\u2018enracinement. Puissant \u00e9lixir de protection","rel":"","context":"Article similaire","block_context":{"text":"Article similaire","link":""},"img":{"alt_text":"","src":"","width":0,"height":0},"classes":[]},{"id":5594,"url":"https:\/\/artstella-elixirs-floraux.com\/fr_fr\/produit\/pyramide-teotihuacan-phi-15ml\/","url_meta":{"origin":3099,"position":5},"title":"PYRAMIDE TEOTIHUACAN PHI 15ML","author":"eveapprill","date":"9 mars 2025","format":false,"excerpt":"L\u2019\u00e9lixir nous relie \u00e0 la terre, la lumi\u00e8re int\u00e9rieure. Il ouvre notre chakra coronal et renforce nos corps de lumi\u00e8re","rel":"","context":"Article similaire","block_context":{"text":"Article similaire","link":""},"img":{"alt_text":"","src":"https:\/\/i0.wp.com\/artstella-elixirs-floraux.com\/wp-content\/uploads\/2025\/03\/wp-image1799.png?resize=350%2C200&ssl=1","width":350,"height":200},"classes":[]}],"_links":{"self":[{"href":"https:\/\/artstella-elixirs-floraux.com\/fr_fr\/wp-json\/wp\/v2\/product\/3099","targetHints":{"allow":["GET"]}}],"collection":[{"href":"https:\/\/artstella-elixirs-floraux.com\/fr_fr\/wp-json\/wp\/v2\/product"}],"about":[{"href":"https:\/\/artstella-elixirs-floraux.com\/fr_fr\/wp-json\/wp\/v2\/types\/product"}],"version-history":[{"count":0,"href":"https:\/\/artstella-elixirs-floraux.com\/fr_fr\/wp-json\/wp\/v2\/product\/3099\/revisions"}],"wp:featuredmedia":[{"embeddable":true,"href":"https:\/\/artstella-elixirs-floraux.com\/fr_fr\/wp-json\/wp\/v2\/media\/3100"}],"wp:attachment":[{"href":"https:\/\/artstella-elixirs-floraux.com\/fr_fr\/wp-json\/wp\/v2\/media?parent=3099"}],"wp:term":[{"taxonomy":"product_brand","embeddable":true,"href":"https:\/\/artstella-elixirs-floraux.com\/fr_fr\/wp-json\/wp\/v2\/product_brand?post=3099"},{"taxonomy":"product_cat","embeddable":true,"href":"https:\/\/artstella-elixirs-floraux.com\/fr_fr\/wp-json\/wp\/v2\/product_cat?post=3099"},{"taxonomy":"product_tag","embeddable":true,"href":"https:\/\/artstella-elixirs-floraux.com\/fr_fr\/wp-json\/wp\/v2\/product_tag?post=3099"}],"curies":[{"name":"wp","href":"https:\/\/api.w.org\/{rel}","templated":true}]}}